{"id":1033,"date":"2020-07-10T17:19:45","date_gmt":"2020-07-10T20:19:45","guid":{"rendered":"http:\/\/www.padrelascasas.cl\/newplc\/?page_id=1033"},"modified":"2021-06-30T17:17:05","modified_gmt":"2021-06-30T20:17:05","slug":"alcalde","status":"publish","type":"page","link":"https:\/\/padrelascasas.cl\/newplc\/alcalde\/","title":{"rendered":"Alcalde"},"content":{"rendered":"\n<div class=\"wp-block-group\"><div class=\"wp-block-group__inner-container is-layout-flow wp-block-group-is-layout-flow\">\n<div class=\"wp-block-columns is-layout-flex wp-container-core-columns-is-layout-1 wp-block-columns-is-layout-flex\">\n<div class=\"wp-block-column is-layout-flow wp-block-column-is-layout-flow\">\n<p><strong>Alcalde<\/strong> Sr. Mario Gonz\u00e1lez Rebolledo<\/p>\n\n\n\n<i class=\"fa fa-envelope \" ><\/i> : <a href=\"mailto:mgonzalez@padrelascasas.cl\" class=\"ek-link\">mgonzalez@padrelascasas.cl<\/a><\/p>\n<\/div>\n\n\n\n<div class=\"wp-block-column is-layout-flow wp-block-column-is-layout-flow\">\n<p><strong>Jefe de Gabinete<\/strong> Sr. Jorge Fuentes<\/p>\n\n\n\n<i class=\"fa fa-envelope \" ><\/i> : <a href=\"mailto:jfuentesc@padrelascasas.cl\" class=\"ek-link\">jfuentesc@padrelascasas.cl<\/a><\/p>\n<\/div>\n<\/div>\n<\/div><\/div>\n\n\n\n<p class=\"has-white-color has-vivid-cyan-blue-background-color has-text-color has-background\">Biograf\u00eda<\/p>\n\n\n\n<p>Qu\u00edmico farmac\u00e9utico de profesi\u00f3n, titulado de la Universidad de Chile, due\u00f1o hace 25 a\u00f1os de la primera farmacia de Padre Las Casas \u201cf\u00e1rmax\u201d, Ex Seremi de Gobierno, destacado deportista y padre de 3 hijos.<\/p>\n\n\n\n<p>Actualmente se desempe\u00f1a como alcalde de la Comuna de Padre Las Casas, siendo \u00e9ste su primer per\u00edodo como m\u00e1xima autoridad comunal. Con anterioridad ejerci\u00f3 el cargo de concejal en la misma comuna.<\/p>\n\n\n\n<p>Agosto 1996&nbsp;&nbsp;&nbsp;&nbsp;&nbsp; Inaugura primera farmacia de Padre las Casas \u201cFARMAX\u201d<\/p>\n\n\n\n<p>2000-2008&nbsp;&nbsp;&nbsp;&nbsp;&nbsp;&nbsp;&nbsp;&nbsp; Dos per\u00edodos como concejal de la comuna de Padre las Casas<\/p>\n\n\n\n<p>2014-2017&nbsp;&nbsp;&nbsp;&nbsp;&nbsp;&nbsp;&nbsp;&nbsp; Asume como Seremi de Gobierno<\/p>\n\n\n\n<p>2018-2020&nbsp;&nbsp;&nbsp;&nbsp;&nbsp;&nbsp;&nbsp;&nbsp; Encargado farmacia municipal de Padre Las Casas<\/p>\n\n\n\n<p>2021-2024&nbsp;&nbsp;&nbsp;&nbsp;&nbsp;&nbsp;&nbsp;&nbsp; Primer Per\u00edodo como alcalde de Padre Las Casas&nbsp;&nbsp;&nbsp;&nbsp;&nbsp;&nbsp;&nbsp;<\/p>\n\n\n\n<p>Oriundo de Talca, Mario Gonz\u00e1lez, adem\u00e1s de contar con una gran vocaci\u00f3n de servicio p\u00fablico, es un destacado deportista, demostrando sus habilidades a temprana edad en el b\u00e1squetbol, actividad que le permiti\u00f3 viajar por diversos lugares del mundo y obtener una beca para estudiar en la Universidad de Chile. Actualmente contin\u00faa practicando este deporte de equipo, esta vez en la selecci\u00f3n senior de la comuna de Temuco.<\/p>\n\n\n\n<p>La administraci\u00f3n del alcalde, Mario Gonz\u00e1lez, busca acercar la municipalidad a la comunidad a trav\u00e9s de proyectos participativos, donde sean los propios vecinos quienes escriban la nueva historia de la comuna. Uno de sus principales sellos, ser\u00e1 la incorporaci\u00f3n y fortalecimiento de la identidad local, potenciando la cultura mapuche, etnia que predomina en el territorio. Uno de sus objetivos ser\u00e1 convertir la comuna de Padre las Casas, en el centro hortalicero del sur de Chile, lugar donde converger\u00e1n peque\u00f1os agricultores de diversos puntos de la Araucan\u00eda.<\/p>\n\n\n\n<p>Mejorar la atenci\u00f3n primaria en salud, dar acceso a la vivienda, mejorar la conectividad y escuchar los requerimientos de los vecinos, ser\u00e1n los ejes primordiales durante su administraci\u00f3n.<\/p>\n\n\n\n<p><\/p>\n","protected":false},"excerpt":{"rendered":"<p>Alcalde Sr. Mario Gonz\u00e1lez Rebolledo : mgonzalez@padrelascasas.cl Jefe de Gabinete Sr. Jorge Fuentes : jfuentesc@padrelascasas.cl Biograf\u00eda Qu\u00edmico farmac\u00e9utico de profesi\u00f3n, titulado de la Universidad de Chile, due\u00f1o hace 25 a\u00f1os de la primera farmacia de Padre Las Casas \u201cf\u00e1rmax\u201d, Ex Seremi de Gobierno, destacado deportista y padre de 3 hijos. Actualmente se desempe\u00f1a como alcalde [&hellip;]<\/p>\n","protected":false},"author":1,"featured_media":2465,"parent":0,"menu_order":0,"comment_status":"closed","ping_status":"closed","template":"page-direcciones.php","meta":{"pgc_sgb_lightbox_settings":"","footnotes":""},"class_list":["post-1033","page","type-page","status-publish","has-post-thumbnail","hentry"],"_links":{"self":[{"href":"https:\/\/padrelascasas.cl\/newplc\/wp-json\/wp\/v2\/pages\/1033","targetHints":{"allow":["GET"]}}],"collection":[{"href":"https:\/\/padrelascasas.cl\/newplc\/wp-json\/wp\/v2\/pages"}],"about":[{"href":"https:\/\/padrelascasas.cl\/newplc\/wp-json\/wp\/v2\/types\/page"}],"author":[{"embeddable":true,"href":"https:\/\/padrelascasas.cl\/newplc\/wp-json\/wp\/v2\/users\/1"}],"replies":[{"embeddable":true,"href":"https:\/\/padrelascasas.cl\/newplc\/wp-json\/wp\/v2\/comments?post=1033"}],"version-history":[{"count":0,"href":"https:\/\/padrelascasas.cl\/newplc\/wp-json\/wp\/v2\/pages\/1033\/revisions"}],"wp:featuredmedia":[{"embeddable":true,"href":"https:\/\/padrelascasas.cl\/newplc\/wp-json\/wp\/v2\/media\/2465"}],"wp:attachment":[{"href":"https:\/\/padrelascasas.cl\/newplc\/wp-json\/wp\/v2\/media?parent=1033"}],"curies":[{"name":"wp","href":"https:\/\/api.w.org\/{rel}","templated":true}]}}