{"id":104,"date":"2020-06-03T03:28:02","date_gmt":"2020-06-03T06:28:02","guid":{"rendered":"http:\/\/www.padrelascasas.cl\/newplc\/?page_id=104"},"modified":"2023-03-17T12:35:44","modified_gmt":"2023-03-17T15:35:44","slug":"mision-y-vision","status":"publish","type":"page","link":"https:\/\/padrelascasas.cl\/newplc\/mision-y-vision\/","title":{"rendered":"Misi\u00f3n y visi\u00f3n"},"content":{"rendered":"\n<p class=\"has-very-light-gray-color has-vivid-cyan-blue-background-color has-text-color has-background\"><strong>MISI\u00d3N DE LA MUNICIPALIDAD<\/strong><\/p>\n\n\n\n<p class=\"has-text-align-justify\">Promover el bienestar integral de los habitantes de la comuna, por medio de una gesti\u00f3n eficiente de sus diferentes servicios municipales, teniendo en consideraci\u00f3n los principios corporativos que inspiran su accionar y hacen posible llevar a la pr\u00e1ctica un modelo de gesti\u00f3n de excelencia, cuyos procesos se enfocan hac\u00eda la satisfacci\u00f3n de las personas.<\/p>\n\n\n\n<hr class=\"wp-block-separator has-css-opacity is-style-wide\"\/>\n\n\n\n<p class=\"has-very-light-gray-color has-vivid-cyan-blue-background-color has-text-color has-background\"><strong>VISI\u00d3N DE LA MUNICIPALIDAD<\/strong><\/p>\n\n\n\n<p class=\"has-text-align-justify\">&#8220;Seremos referente nacional por nuestra excelencia en la gesti\u00f3n de los servicios ciudadanos \u2013 percibida por la comunidad como una organizaci\u00f3n con un alto nivel de eficiencia, respaldada sobre un modelo de gesti\u00f3n trascendente y sustentable. El personal de la municipalidad encuentra aqu\u00ed un espacio para su desarrollo, identific\u00e1ndose plenamente con su visi\u00f3n, misi\u00f3n y objetivos estrat\u00e9gicos. La Municipalidad de Padre Las Casas es reconocida en el mundo profesional nacional como uno de los mejores lugares para trabajar.&#8221;<\/p>\n","protected":false},"excerpt":{"rendered":"<p>MISI\u00d3N DE LA MUNICIPALIDAD Promover el bienestar integral de los habitantes de la comuna, por medio de una gesti\u00f3n eficiente de sus diferentes servicios municipales, teniendo en consideraci\u00f3n los principios corporativos que inspiran su accionar y hacen posible llevar a la pr\u00e1ctica un modelo de gesti\u00f3n de excelencia, cuyos procesos se enfocan hac\u00eda la satisfacci\u00f3n [&hellip;]<\/p>\n","protected":false},"author":1,"featured_media":1025,"parent":0,"menu_order":0,"comment_status":"closed","ping_status":"closed","template":"page-direcciones.php","meta":{"pgc_sgb_lightbox_settings":"","footnotes":""},"class_list":["post-104","page","type-page","status-publish","has-post-thumbnail","hentry"],"_links":{"self":[{"href":"https:\/\/padrelascasas.cl\/newplc\/wp-json\/wp\/v2\/pages\/104","targetHints":{"allow":["GET"]}}],"collection":[{"href":"https:\/\/padrelascasas.cl\/newplc\/wp-json\/wp\/v2\/pages"}],"about":[{"href":"https:\/\/padrelascasas.cl\/newplc\/wp-json\/wp\/v2\/types\/page"}],"author":[{"embeddable":true,"href":"https:\/\/padrelascasas.cl\/newplc\/wp-json\/wp\/v2\/users\/1"}],"replies":[{"embeddable":true,"href":"https:\/\/padrelascasas.cl\/newplc\/wp-json\/wp\/v2\/comments?post=104"}],"version-history":[{"count":0,"href":"https:\/\/padrelascasas.cl\/newplc\/wp-json\/wp\/v2\/pages\/104\/revisions"}],"wp:featuredmedia":[{"embeddable":true,"href":"https:\/\/padrelascasas.cl\/newplc\/wp-json\/wp\/v2\/media\/1025"}],"wp:attachment":[{"href":"https:\/\/padrelascasas.cl\/newplc\/wp-json\/wp\/v2\/media?parent=104"}],"curies":[{"name":"wp","href":"https:\/\/api.w.org\/{rel}","templated":true}]}}