{"id":108,"date":"2020-06-03T03:28:20","date_gmt":"2020-06-03T06:28:20","guid":{"rendered":"http:\/\/www.padrelascasas.cl\/newplc\/?page_id=108"},"modified":"2026-01-22T12:21:44","modified_gmt":"2026-01-22T15:21:44","slug":"ccosoc","status":"publish","type":"page","link":"https:\/\/padrelascasas.cl\/newplc\/ccosoc\/","title":{"rendered":"COSOC"},"content":{"rendered":"\n<figure class=\"wp-block-table is-style-stripes\"><table><tbody><tr><td><a href=\"http:\/\/www.padrelascasas.cl\/transparencia_activa_plc\/Otros%20Antecedentes\/COSOC\/ACTA%20ASAMBLEA%20CONSTITUTIVA%20COSOC%202022-2026.pdf\" target=\"_blank\" aria-label=\" (opens in a new tab)\" rel=\"noreferrer noopener\" class=\"ek-link\"><strong>ACTA CONSTITUTIVA COSOC 2022-2026<\/strong><\/a><\/td><\/tr><\/tbody><\/table><\/figure>\n\n\n\n<hr class=\"wp-block-separator has-alpha-channel-opacity\"\/>\n\n\n\n<p class=\"has-white-color has-vivid-cyan-blue-background-color has-text-color has-background has-link-color wp-elements-ce127d399759a08c849b65c6b84d261b\"><a aria-label=\" (opens in a new tab)\" href=\"https:\/\/www.padrelascasas.cl\/transparencia_activa_plc\/Otros%20Antecedentes\/COSOC\/cosoc_actas.html\" target=\"_blank\" rel=\"noreferrer noopener\" class=\"ek-link\"><strong>ACTAS COSOC<\/strong><\/a><\/p>\n\n\n\n<hr class=\"wp-block-separator has-alpha-channel-opacity\"\/>\n\n\n\n<figure class=\"wp-block-image size-large is-resized\"><img loading=\"lazy\" decoding=\"async\" width=\"771\" height=\"1024\" src=\"https:\/\/www.padrelascasas.cl\/newplc\/wp-content\/uploads\/2023\/09\/CONSEJERA-AMELIA-BAIER-771x1024.jpg\" alt=\"\" class=\"wp-image-8372\" style=\"width:291px;height:386px\" srcset=\"https:\/\/padrelascasas.cl\/newplc\/wp-content\/uploads\/2023\/09\/CONSEJERA-AMELIA-BAIER-771x1024.jpg 771w, https:\/\/padrelascasas.cl\/newplc\/wp-content\/uploads\/2023\/09\/CONSEJERA-AMELIA-BAIER-226x300.jpg 226w, https:\/\/padrelascasas.cl\/newplc\/wp-content\/uploads\/2023\/09\/CONSEJERA-AMELIA-BAIER-768x1021.jpg 768w, https:\/\/padrelascasas.cl\/newplc\/wp-content\/uploads\/2023\/09\/CONSEJERA-AMELIA-BAIER-1156x1536.jpg 1156w, https:\/\/padrelascasas.cl\/newplc\/wp-content\/uploads\/2023\/09\/CONSEJERA-AMELIA-BAIER.jpg 1204w\" sizes=\"auto, (max-width: 771px) 100vw, 771px\" \/><\/figure>\n\n\n\n<p><strong>Consejera<\/strong>: Amelia Baier Inzunza<br><strong>Organizaci\u00f3n que representa<\/strong>: Uni\u00f3n Comunal de Adultos Mayores<br><strong>Estamento<\/strong>: Funcionales<\/p>\n\n\n\n<figure class=\"wp-block-image size-large is-resized\"><img loading=\"lazy\" decoding=\"async\" width=\"1350\" height=\"1917\" src=\"https:\/\/www.padrelascasas.cl\/newplc\/wp-content\/uploads\/2023\/04\/soniacuripanjara-large-1-edited.jpeg\" alt=\"\" class=\"wp-image-7672\" style=\"width:293px;height:undefinedpx\" srcset=\"https:\/\/padrelascasas.cl\/newplc\/wp-content\/uploads\/2023\/04\/soniacuripanjara-large-1-edited.jpeg 1350w, https:\/\/padrelascasas.cl\/newplc\/wp-content\/uploads\/2023\/04\/soniacuripanjara-large-1-edited-211x300.jpeg 211w, https:\/\/padrelascasas.cl\/newplc\/wp-content\/uploads\/2023\/04\/soniacuripanjara-large-1-edited-721x1024.jpeg 721w, https:\/\/padrelascasas.cl\/newplc\/wp-content\/uploads\/2023\/04\/soniacuripanjara-large-1-edited-768x1091.jpeg 768w, https:\/\/padrelascasas.cl\/newplc\/wp-content\/uploads\/2023\/04\/soniacuripanjara-large-1-edited-1082x1536.jpeg 1082w\" sizes=\"auto, (max-width: 1350px) 100vw, 1350px\" \/><\/figure>\n\n\n\n<p><strong>Consejera<\/strong>: Sonia Curipan Jara (vicepresidenta)&nbsp;<\/p>\n\n\n\n<p><strong>Organizaci\u00f3n que representa<\/strong>: Uni\u00f3n Comunal de Junta de Vecinos<\/p>\n\n\n\n<p><strong>Estamento<\/strong>: Territoriales<\/p>\n\n\n\n<hr class=\"wp-block-separator has-alpha-channel-opacity\"\/>\n\n\n\n<figure class=\"wp-block-image size-large is-resized\"><img loading=\"lazy\" decoding=\"async\" width=\"1024\" height=\"683\" src=\"https:\/\/www.padrelascasas.cl\/newplc\/wp-content\/uploads\/2023\/04\/susanapalmaparra-large-1024x683.jpeg\" alt=\"\" class=\"wp-image-7673\" style=\"width:406px;height:271px\" srcset=\"https:\/\/padrelascasas.cl\/newplc\/wp-content\/uploads\/2023\/04\/susanapalmaparra-large-1024x683.jpeg 1024w, https:\/\/padrelascasas.cl\/newplc\/wp-content\/uploads\/2023\/04\/susanapalmaparra-large-300x200.jpeg 300w, https:\/\/padrelascasas.cl\/newplc\/wp-content\/uploads\/2023\/04\/susanapalmaparra-large-768x512.jpeg 768w, https:\/\/padrelascasas.cl\/newplc\/wp-content\/uploads\/2023\/04\/susanapalmaparra-large-1536x1024.jpeg 1536w, https:\/\/padrelascasas.cl\/newplc\/wp-content\/uploads\/2023\/04\/susanapalmaparra-large.jpeg 1600w\" sizes=\"auto, (max-width: 1024px) 100vw, 1024px\" \/><\/figure>\n\n\n\n<p><strong>Consejera<\/strong>: Susana Palma Parra<\/p>\n\n\n\n<p><strong>Organizaci\u00f3n que representa<\/strong>: Comunidad Ind\u00edgena Pedro Parra<\/p>\n\n\n\n<p><strong>Estamento<\/strong>: Asociaciones y Comunidades Ind\u00edgenas<\/p>\n\n\n\n<hr class=\"wp-block-separator has-alpha-channel-opacity\"\/>\n\n\n\n<figure class=\"wp-block-image size-large is-resized\"><img loading=\"lazy\" decoding=\"async\" width=\"1024\" height=\"683\" src=\"https:\/\/www.padrelascasas.cl\/newplc\/wp-content\/uploads\/2023\/04\/lilianagonzalezsalgado-large-1024x683.jpeg\" alt=\"\" class=\"wp-image-7674\" style=\"width:425px;height:283px\" srcset=\"https:\/\/padrelascasas.cl\/newplc\/wp-content\/uploads\/2023\/04\/lilianagonzalezsalgado-large-1024x683.jpeg 1024w, https:\/\/padrelascasas.cl\/newplc\/wp-content\/uploads\/2023\/04\/lilianagonzalezsalgado-large-300x200.jpeg 300w, https:\/\/padrelascasas.cl\/newplc\/wp-content\/uploads\/2023\/04\/lilianagonzalezsalgado-large-768x512.jpeg 768w, https:\/\/padrelascasas.cl\/newplc\/wp-content\/uploads\/2023\/04\/lilianagonzalezsalgado-large-1536x1024.jpeg 1536w, https:\/\/padrelascasas.cl\/newplc\/wp-content\/uploads\/2023\/04\/lilianagonzalezsalgado-large.jpeg 1600w\" sizes=\"auto, (max-width: 1024px) 100vw, 1024px\" \/><\/figure>\n\n\n\n<p><strong>Consejera<\/strong>: Liliana Gonz\u00e1lez Salgado<\/p>\n\n\n\n<p><strong>Organizaci\u00f3n que representa<\/strong>: Junta de Vecinos Pablo Neruda<\/p>\n\n\n\n<p><strong>Estamento<\/strong>: Territoriales&nbsp;<\/p>\n\n\n\n<hr class=\"wp-block-separator has-alpha-channel-opacity\"\/>\n\n\n\n<figure class=\"wp-block-image size-full is-resized\"><img loading=\"lazy\" decoding=\"async\" width=\"500\" height=\"619\" src=\"https:\/\/www.padrelascasas.cl\/newplc\/wp-content\/uploads\/2023\/09\/CONSEJERA-JENNY-SALAS.jpg\" alt=\"\" class=\"wp-image-8315\" style=\"width:414px;height:513px\" srcset=\"https:\/\/padrelascasas.cl\/newplc\/wp-content\/uploads\/2023\/09\/CONSEJERA-JENNY-SALAS.jpg 500w, https:\/\/padrelascasas.cl\/newplc\/wp-content\/uploads\/2023\/09\/CONSEJERA-JENNY-SALAS-242x300.jpg 242w\" sizes=\"auto, (max-width: 500px) 100vw, 500px\" \/><\/figure>\n\n\n\n<p><strong>Consejera:<\/strong> Jenny Salas Rubilar<br><strong>Organizaci\u00f3n que representa:<\/strong> Junta de Vecinos Rayen Pulmahue<br><strong>Estamento:<\/strong> Territoriales<\/p>\n\n\n\n<hr class=\"wp-block-separator has-alpha-channel-opacity\"\/>\n\n\n\n<figure class=\"wp-block-image size-full is-resized\"><img loading=\"lazy\" decoding=\"async\" width=\"431\" height=\"619\" src=\"https:\/\/www.padrelascasas.cl\/newplc\/wp-content\/uploads\/2023\/09\/CONSEJERA-LUCILA-VELOZO.jpg\" alt=\"\" class=\"wp-image-8316\" style=\"width:409px;height:587px\" srcset=\"https:\/\/padrelascasas.cl\/newplc\/wp-content\/uploads\/2023\/09\/CONSEJERA-LUCILA-VELOZO.jpg 431w, https:\/\/padrelascasas.cl\/newplc\/wp-content\/uploads\/2023\/09\/CONSEJERA-LUCILA-VELOZO-209x300.jpg 209w\" sizes=\"auto, (max-width: 431px) 100vw, 431px\" \/><\/figure>\n\n\n\n<p><strong>Consejera: <\/strong>Lucila Velozo Contreras<br><strong>Organizaci\u00f3n que representa: <\/strong>Junta de Vecinos Parque Pilmaiqu\u00e9n<br><strong>Estamento:<\/strong> Territoriales<\/p>\n\n\n\n<hr class=\"wp-block-separator has-alpha-channel-opacity\"\/>\n\n\n\n<figure class=\"wp-block-image size-full is-resized\"><img loading=\"lazy\" decoding=\"async\" width=\"464\" height=\"619\" src=\"https:\/\/www.padrelascasas.cl\/newplc\/wp-content\/uploads\/2023\/09\/CONSEJERA-ROSA-MILLAQUEO.jpg\" alt=\"\" class=\"wp-image-8317\" style=\"width:413px;height:551px\" srcset=\"https:\/\/padrelascasas.cl\/newplc\/wp-content\/uploads\/2023\/09\/CONSEJERA-ROSA-MILLAQUEO.jpg 464w, https:\/\/padrelascasas.cl\/newplc\/wp-content\/uploads\/2023\/09\/CONSEJERA-ROSA-MILLAQUEO-225x300.jpg 225w\" sizes=\"auto, (max-width: 464px) 100vw, 464px\" \/><\/figure>\n\n\n\n<p><strong>Consejera: <\/strong>Rosa Millaqueo Curihual<br><strong>Organizaci\u00f3n que representa:<\/strong> Comunidad Ind\u00edgena Manuel Collia<br><strong>Estamento:<\/strong> Asociaciones y Comunidades Ind\u00edgenas<\/p>\n\n\n\n<hr class=\"wp-block-separator has-alpha-channel-opacity\"\/>\n\n\n\n<figure class=\"wp-block-image size-full is-resized\"><img loading=\"lazy\" decoding=\"async\" width=\"619\" height=\"619\" src=\"https:\/\/www.padrelascasas.cl\/newplc\/wp-content\/uploads\/2023\/09\/CONSEJERO-LUIS-SAN-MARTIN.jpg\" alt=\"\" class=\"wp-image-8318\" style=\"width:415px;height:415px\" srcset=\"https:\/\/padrelascasas.cl\/newplc\/wp-content\/uploads\/2023\/09\/CONSEJERO-LUIS-SAN-MARTIN.jpg 619w, https:\/\/padrelascasas.cl\/newplc\/wp-content\/uploads\/2023\/09\/CONSEJERO-LUIS-SAN-MARTIN-300x300.jpg 300w, https:\/\/padrelascasas.cl\/newplc\/wp-content\/uploads\/2023\/09\/CONSEJERO-LUIS-SAN-MARTIN-150x150.jpg 150w\" sizes=\"auto, (max-width: 619px) 100vw, 619px\" \/><\/figure>\n\n\n\n<p><strong>Consejero:<\/strong> Luis San Martin Villagra<br><strong>Organizaci\u00f3n que representa: <\/strong>Consejo de la Sociedad Civil IPS Araucan\u00eda<br><strong>Estamento: <\/strong>Organizaciones Relevantes<\/p>\n\n\n\n<hr class=\"wp-block-separator has-alpha-channel-opacity\"\/>\n\n\n\n<figure class=\"wp-block-image size-full\"><img loading=\"lazy\" decoding=\"async\" width=\"400\" height=\"400\" src=\"https:\/\/www.padrelascasas.cl\/newplc\/wp-content\/uploads\/2023\/09\/CONSEJERO-ALONSO-HERMOSILLA.jpg\" alt=\"\" class=\"wp-image-8319\" srcset=\"https:\/\/padrelascasas.cl\/newplc\/wp-content\/uploads\/2023\/09\/CONSEJERO-ALONSO-HERMOSILLA.jpg 400w, https:\/\/padrelascasas.cl\/newplc\/wp-content\/uploads\/2023\/09\/CONSEJERO-ALONSO-HERMOSILLA-300x300.jpg 300w, https:\/\/padrelascasas.cl\/newplc\/wp-content\/uploads\/2023\/09\/CONSEJERO-ALONSO-HERMOSILLA-150x150.jpg 150w\" sizes=\"auto, (max-width: 400px) 100vw, 400px\" \/><\/figure>\n\n\n\n<p><strong>Consejero:<\/strong> Alonso Hermosilla Hermosilla<br><strong>Organizaci\u00f3n que representa: <\/strong>Junta de Vigilancia Rural Puente Quepe<br><strong>Estamento: <\/strong>Funcionales<\/p>\n","protected":false},"excerpt":{"rendered":"<p>ACTA CONSTITUTIVA COSOC 2022-2026 ACTAS COSOC Consejera: Amelia Baier InzunzaOrganizaci\u00f3n que representa: Uni\u00f3n Comunal de Adultos MayoresEstamento: Funcionales Consejera: Sonia Curipan Jara (vicepresidenta)&nbsp; Organizaci\u00f3n que representa: Uni\u00f3n Comunal de Junta de Vecinos Estamento: Territoriales Consejera: Susana Palma Parra Organizaci\u00f3n que representa: Comunidad Ind\u00edgena Pedro Parra Estamento: Asociaciones y Comunidades Ind\u00edgenas Consejera: Liliana Gonz\u00e1lez Salgado Organizaci\u00f3n [&hellip;]<\/p>\n","protected":false},"author":1,"featured_media":1017,"parent":0,"menu_order":0,"comment_status":"closed","ping_status":"closed","template":"page-direcciones.php","meta":{"pgc_sgb_lightbox_settings":"","footnotes":""},"class_list":["post-108","page","type-page","status-publish","has-post-thumbnail","hentry"],"_links":{"self":[{"href":"https:\/\/padrelascasas.cl\/newplc\/wp-json\/wp\/v2\/pages\/108","targetHints":{"allow":["GET"]}}],"collection":[{"href":"https:\/\/padrelascasas.cl\/newplc\/wp-json\/wp\/v2\/pages"}],"about":[{"href":"https:\/\/padrelascasas.cl\/newplc\/wp-json\/wp\/v2\/types\/page"}],"author":[{"embeddable":true,"href":"https:\/\/padrelascasas.cl\/newplc\/wp-json\/wp\/v2\/users\/1"}],"replies":[{"embeddable":true,"href":"https:\/\/padrelascasas.cl\/newplc\/wp-json\/wp\/v2\/comments?post=108"}],"version-history":[{"count":1,"href":"https:\/\/padrelascasas.cl\/newplc\/wp-json\/wp\/v2\/pages\/108\/revisions"}],"predecessor-version":[{"id":12531,"href":"https:\/\/padrelascasas.cl\/newplc\/wp-json\/wp\/v2\/pages\/108\/revisions\/12531"}],"wp:featuredmedia":[{"embeddable":true,"href":"https:\/\/padrelascasas.cl\/newplc\/wp-json\/wp\/v2\/media\/1017"}],"wp:attachment":[{"href":"https:\/\/padrelascasas.cl\/newplc\/wp-json\/wp\/v2\/media?parent=108"}],"curies":[{"name":"wp","href":"https:\/\/api.w.org\/{rel}","templated":true}]}}