{"id":110,"date":"2020-06-03T03:28:29","date_gmt":"2020-06-03T06:28:29","guid":{"rendered":"http:\/\/www.padrelascasas.cl\/newplc\/?page_id=110"},"modified":"2025-01-15T11:19:43","modified_gmt":"2025-01-15T14:19:43","slug":"concejo-municipal","status":"publish","type":"page","link":"https:\/\/padrelascasas.cl\/newplc\/concejo-municipal\/","title":{"rendered":"Concejo Municipal 2024 &#8211; 2028"},"content":{"rendered":"\n<p class=\"has-text-align-justify\">La Ley N\u00ba 18.695, Org\u00e1nica constitucional de Municipalidades, los define como un concejo de car\u00e1cter normativo, resolutivo y fiscalizador. Encargado de hacer efectiva la participaci\u00f3n de la comunidad y de ejercer las atribuciones que se\u00f1ale la Ley.<br>El Concejo Municipal de Padre Las Casas, esta integrado por seis concejales, m\u00e1s el Alcalde, quien lo preside. En caso que el Sr. Alcalde se ausente, el concejo ser\u00e1 presidido por el concejal que haya obtenido mayor votaci\u00f3n ciudadana en la elecci\u00f3n respectiva.<br>El Concejo Municipal de Padre Las Casas, realizar\u00e1 sus sesiones ordinarias de forma habitual, los tres primeros d\u00edas martes de cada mes, a partir de las 9:00 horas, en el Sal\u00f3n del Edificio Consistorial de Calle Maquehue 1441, primer piso.<\/p>\n\n\n\n<p class=\"has-text-align-justify\"><strong>Secretaria Oficina de Concejales<\/strong><br>Maryory Huilipang Coilla<br>secretaria.concejales@padrelascasas.cl<br>452590016<\/p>\n\n\n\n<hr class=\"wp-block-separator has-alpha-channel-opacity\"\/>\n\n\n\n<p class=\"has-text-align-justify\"><\/p>\n\n\n\n<ul class=\"wp-block-list\">\n<li><a href=\"http:\/\/www.padrelascasas.cl\/transparencia_activa_plc\/Otros%20Antecedentes\/Concejo%20Municipal%202024%20-%202028\/acta%20proclamacion.pdf\">Acta de proclamaci\u00f3n de Alcalde y Concejales electos Comuna de Padre Las Casas<\/a><\/li>\n\n\n\n<li><a href=\"http:\/\/www.padrelascasas.cl\/transparencia_activa_plc\/Otros%20Antecedentes\/Concejo%20Municipal%202024%20-%202028\/DSC_3362.pdf\">Decreto N\u00ba 3362 Aprueba Acta de Sesi\u00f3n de Instalaci\u00f3n y Constituci\u00f3n del Concejo Municipal de La Comuna de Padre Las Casas.<\/a><\/li>\n\n\n\n<li><a href=\"http:\/\/www.padrelascasas.cl\/transparencia_activa_plc\/Otros%20Antecedentes\/Concejo%20Municipal%202024%20-%202028\/acta%20instalacion.pdf\">Acta de la Sesi\u00f3n de Instalaci\u00f3n y Constituci\u00f3n del Concejo Municipal Comuna de Padre Las Casas<\/a><\/li>\n\n\n\n<li><a href=\"http:\/\/www.padrelascasas.cl\/transparencia_activa_plc\/Otros%20Antecedentes\/Concejo%20Municipal%202024%20-%202028\/sentencia.pdf\">Sentencia del Tribunal Electoral Regional de La Araucan\u00eda<\/a><\/li>\n<\/ul>\n\n\n\n<hr class=\"wp-block-separator has-alpha-channel-opacity\"\/>\n\n\n\n<ul class=\"wp-block-list\">\n<li>Actas de Sesiones Ordinarias y Extraordinarias &#8211; <a href=\"https:\/\/www.padrelascasas.cl\/newplc\/actas-de-concejo\/\" class=\"ek-link\">Ingrese Aqu\u00ed<\/a><\/li>\n<\/ul>\n\n\n\n<figure class=\"wp-block-image size-large\"><img loading=\"lazy\" decoding=\"async\" width=\"1024\" height=\"562\" src=\"https:\/\/www.padrelascasas.cl\/newplc\/wp-content\/uploads\/2024\/12\/foto-principal-1-1024x562.jpg\" alt=\"\" class=\"wp-image-10585\" srcset=\"https:\/\/padrelascasas.cl\/newplc\/wp-content\/uploads\/2024\/12\/foto-principal-1-1024x562.jpg 1024w, https:\/\/padrelascasas.cl\/newplc\/wp-content\/uploads\/2024\/12\/foto-principal-1-300x165.jpg 300w, https:\/\/padrelascasas.cl\/newplc\/wp-content\/uploads\/2024\/12\/foto-principal-1-768x421.jpg 768w, https:\/\/padrelascasas.cl\/newplc\/wp-content\/uploads\/2024\/12\/foto-principal-1-1536x843.jpg 1536w, https:\/\/padrelascasas.cl\/newplc\/wp-content\/uploads\/2024\/12\/foto-principal-1-2048x1124.jpg 2048w\" sizes=\"auto, (max-width: 1024px) 100vw, 1024px\" \/><\/figure>\n\n\n\n<hr class=\"wp-block-separator has-css-opacity is-style-wide\"\/>\n\n\n\n<p><strong>Concejales<\/strong><\/p>\n\n\n\n<p><strong>Sra. In\u00e9s Del Carmen Araneda Villagr\u00e1n<\/strong><br>iaraneda@padrelascasas.cl<br>452590013<\/p>\n\n\n\n<p><\/p>\n\n\n\n<p><strong>Sr. Pedro Javier Vergara Manr\u00edquez<\/strong><br>pvergaram@padrelascasas.cl<br>452590009<\/p>\n\n\n\n<p><strong>Sr. Jos\u00e9 Luis Hidalgo Pino<\/strong><br>jhidalgo@padrelascasas.cl<br>452590012<\/p>\n\n\n\n<p><\/p>\n\n\n\n<p><strong>Sr. Miguel Arnoldo Santana Carmona<\/strong><br>msantana@padrelascasas.cl<br>452590011<\/p>\n\n\n\n<p><strong>Sr. Ra\u00fal Roberto Henr\u00edquez Burgos<\/strong><br>rhenriquez@padrelascasas.cl<br>452590010<\/p>\n\n\n\n<p><strong>Sr. Guillermo Harry Rosales Velozo<\/strong><br>grosales@padrelascasas.cl<br>452590008<\/p>\n","protected":false},"excerpt":{"rendered":"<p>La Ley N\u00ba 18.695, Org\u00e1nica constitucional de Municipalidades, los define como un concejo de car\u00e1cter normativo, resolutivo y fiscalizador. Encargado de hacer efectiva la participaci\u00f3n de la comunidad y de ejercer las atribuciones que se\u00f1ale la Ley.El Concejo Municipal de Padre Las Casas, esta integrado por seis concejales, m\u00e1s el Alcalde, quien lo preside. En [&hellip;]<\/p>\n","protected":false},"author":1,"featured_media":0,"parent":0,"menu_order":0,"comment_status":"closed","ping_status":"closed","template":"","meta":{"pgc_sgb_lightbox_settings":"","footnotes":""},"class_list":["post-110","page","type-page","status-publish","hentry"],"_links":{"self":[{"href":"https:\/\/padrelascasas.cl\/newplc\/wp-json\/wp\/v2\/pages\/110","targetHints":{"allow":["GET"]}}],"collection":[{"href":"https:\/\/padrelascasas.cl\/newplc\/wp-json\/wp\/v2\/pages"}],"about":[{"href":"https:\/\/padrelascasas.cl\/newplc\/wp-json\/wp\/v2\/types\/page"}],"author":[{"embeddable":true,"href":"https:\/\/padrelascasas.cl\/newplc\/wp-json\/wp\/v2\/users\/1"}],"replies":[{"embeddable":true,"href":"https:\/\/padrelascasas.cl\/newplc\/wp-json\/wp\/v2\/comments?post=110"}],"version-history":[{"count":13,"href":"https:\/\/padrelascasas.cl\/newplc\/wp-json\/wp\/v2\/pages\/110\/revisions"}],"predecessor-version":[{"id":10968,"href":"https:\/\/padrelascasas.cl\/newplc\/wp-json\/wp\/v2\/pages\/110\/revisions\/10968"}],"wp:attachment":[{"href":"https:\/\/padrelascasas.cl\/newplc\/wp-json\/wp\/v2\/media?parent=110"}],"curies":[{"name":"wp","href":"https:\/\/api.w.org\/{rel}","templated":true}]}}