{"id":11131,"date":"2025-03-06T11:57:27","date_gmt":"2025-03-06T14:57:27","guid":{"rendered":"https:\/\/padrelascasas.cl\/newplc\/?page_id=11131"},"modified":"2026-01-14T20:29:25","modified_gmt":"2026-01-14T23:29:25","slug":"acta-de-sesion-ordinaria-del-concejo-municipal-2025","status":"publish","type":"page","link":"https:\/\/padrelascasas.cl\/newplc\/acta-de-sesion-ordinaria-del-concejo-municipal-2025\/","title":{"rendered":"ACTA DE SESI\u00d3N ORDINARIA DEL CONCEJO MUNICIPAL \u2013 2025"},"content":{"rendered":"\n<figure class=\"wp-block-table has-small-font-size\"><table class=\"has-fixed-layout\"><thead><tr><th class=\"has-text-align-left\" data-align=\"left\">A\u00f1o<\/th><th class=\"has-text-align-left\" data-align=\"left\">Mes<\/th><th class=\"has-text-align-left\" data-align=\"left\">Tipolog\u00eda del Acto<\/th><th class=\"has-text-align-left\" data-align=\"left\">Tipo de acto<\/th><th class=\"has-text-align-left\" data-align=\"left\">Denominaci\u00f3n del acto<\/th><th class=\"has-text-align-left\" data-align=\"left\">N\u00famero del acto<\/th><th class=\"has-text-align-left\" data-align=\"left\">Fecha<\/th><th class=\"has-text-align-left\" data-align=\"left\">Fecha de publicaci\u00f3n en el DO o Fecha de Publicidad (seg\u00fan Art.45 y siguientes Ley 19.880)<\/th><th class=\"has-text-align-left\" data-align=\"left\">Indicaci\u00f3n del medio y forma de publicidad (seg\u00fan Art.45 y siguientes Ley 19.880)<\/th><th class=\"has-text-align-left\" data-align=\"left\">Tiene efectos generales<\/th><th class=\"has-text-align-left\" data-align=\"left\">Fecha \u00faltima actualizaci\u00f3n (dd\/mm\/aaaa), si corresponde a actos y resoluciones con efectos generales<\/th><th class=\"has-text-align-left\" data-align=\"left\">Breve descripci\u00f3n del objeto del acto<\/th><th class=\"has-text-align-left\" data-align=\"left\">V\u00ednculo al texto \u00edntegro y actualizado<\/th><\/tr><\/thead><tbody><tr><td>2025<\/td><td>Noviembre<\/td><td>Actas Concejo Municipal<\/td><td>Acta<\/td><td>Acta de Sesi\u00f3n Ordinaria del Concejo Municipal<\/td><td>35<\/td><td>11\/11\/2025<\/td><td>11\/11\/2025<\/td><td>Portal Transparencia<\/td><td>No<\/td><td>No Aplica<\/td><td>Acta de sesi\u00f3n ordinaria N\u00b035 del Concejo Municipal y resumen de acuerdo.<\/td><td><a href=\"http:\/\/www.padrelascasas.cl\/transparencia_activa_plc\/2025\/contenido_diciembre_2025\/actas\/ACTA%20SESION%20ORD.%20N35%20DEL%2011.11.25.pdf\" target=\"_blank\" rel=\"noreferrer noopener\">Enlace<\/a><\/td><\/tr><tr><td>2025<\/td><td>Noviembre<\/td><td>Actas Concejo Municipal<\/td><td>Acta<\/td><td>Acta de Sesi\u00f3n Ordinaria del Concejo Municipal<\/td><td>34<\/td><td>04\/11\/2025<\/td><td>04\/11\/2025<\/td><td>Portal Transparencia<\/td><td>No<\/td><td>No Aplica<\/td><td>Acta de sesi\u00f3n ordinaria N\u00b034 del Concejo Municipal y resumen de acuerdo.<\/td><td><a href=\"http:\/\/www.padrelascasas.cl\/transparencia_activa_plc\/2025\/contenido_diciembre_2025\/actas\/ACTA%20SESION%20ORD.%20N34%20DEL%2004.11.25.pdf\" target=\"_blank\" rel=\"noreferrer noopener\">Enlace<\/a><\/td><\/tr><tr><td>2025<\/td><td>Octubre<\/td><td>Actas Concejo Municipal<\/td><td>Acta<\/td><td>Acta de Sesi\u00f3n Ordinaria del Concejo Municipal<\/td><td>33<\/td><td>21\/10\/2025<\/td><td>21\/10\/2025<\/td><td>Portal Transparencia<\/td><td>No<\/td><td>No Aplica<\/td><td>Acta de sesi\u00f3n ordinaria N\u00b033 del Concejo Municipal y resumen de acuerdo.<\/td><td><a href=\"http:\/\/www.padrelascasas.cl\/transparencia_activa_plc\/2025\/contenido_diciembre_2025\/actas\/ACTA%20SESION%20ORD.%20N33%20DEL%2021.10.25.pdf\" target=\"_blank\" rel=\"noreferrer noopener\">Enlace<\/a><\/td><\/tr><tr><td>2025<\/td><td>Octubre<\/td><td>Actas Concejo Municipal<\/td><td>Acta<\/td><td>Acta de Sesi\u00f3n Ordinaria del Concejo Municipal<\/td><td>32<\/td><td>14\/10\/2025<\/td><td>14\/10\/2025<\/td><td>Portal Transparencia<\/td><td>No<\/td><td>No Aplica<\/td><td>Acta de sesi\u00f3n ordinaria N\u00b032 del Concejo Municipal y resumen de acuerdo.<\/td><td><a href=\"http:\/\/www.padrelascasas.cl\/transparencia_activa_plc\/2025\/contenido_diciembre_2025\/actas\/ACTA%20SESION%20ORD.%20N32%20DEL%2014.10.25.pdf\" target=\"_blank\" rel=\"noreferrer noopener\">Enlace<\/a><\/td><\/tr><tr><td>2025<\/td><td>Octubre<\/td><td>Actas Concejo Municipal<\/td><td>Acta<\/td><td>Acta de Sesi\u00f3n Ordinaria del Concejo Municipal<\/td><td>31<\/td><td>07\/10\/2025<\/td><td>07\/10\/2025<\/td><td>Portal Transparencia<\/td><td>No<\/td><td>No Aplica<\/td><td>Acta de sesi\u00f3n ordinaria N\u00b031 del Concejo Municipal y resumen de acuerdo.<\/td><td><a href=\"http:\/\/www.padrelascasas.cl\/transparencia_activa_plc\/2025\/contenido_noviembre_2025\/actas\/ord\/ACTA%20SESION%20ORD.%20N31%20DEL%2007.10.25.pdf\" target=\"_blank\" rel=\"noreferrer noopener\">Enlace<\/a><\/td><\/tr><tr><td>2025<\/td><td>Septiembre<\/td><td>Actas Concejo Municipal<\/td><td>Acta<\/td><td>Acta de Sesi\u00f3n Ordinaria del Concejo Municipal<\/td><td>30<\/td><td>16\/09\/2025<\/td><td>16\/09\/2025<\/td><td>Portal Transparencia<\/td><td>No<\/td><td>No Aplica<\/td><td>Acta de sesi\u00f3n ordinaria N\u00b030 del Concejo Municipal y resumen de acuerdo.<\/td><td><a href=\"http:\/\/www.padrelascasas.cl\/transparencia_activa_plc\/2025\/contenido_noviembre_2025\/actas\/ord\/ACTA%20SESION%20ORD.%20N30%20DEL%2016.09.25.pdf\" target=\"_blank\" rel=\"noreferrer noopener\">Enlace<\/a><\/td><\/tr><tr><td>2025<\/td><td>Septiembre<\/td><td>Actas Concejo Municipal<\/td><td>Acta<\/td><td>Acta de Sesi\u00f3n Ordinaria del Concejo Municipal<\/td><td>29<\/td><td>09\/09\/2025<\/td><td>09\/09\/2025<\/td><td>Portal Transparencia<\/td><td>No<\/td><td>No Aplica<\/td><td>Acta de sesi\u00f3n ordinaria N\u00b029 del Concejo Municipal y resumen de acuerdo.<\/td><td><a href=\"http:\/\/www.padrelascasas.cl\/transparencia_activa_plc\/2025\/contenido_noviembre_2025\/actas\/ord\/ACTA%20SESION%20ORD.%20N29%20DEL%2009.09.25.pdf\" target=\"_blank\" rel=\"noreferrer noopener\">Enlace<\/a><\/td><\/tr><tr><td>2025<\/td><td>Septiembre<\/td><td>Actas Concejo Municipal<\/td><td>Acta<\/td><td>Acta de Sesi\u00f3n Ordinaria del Concejo Municipal<\/td><td>28<\/td><td>02\/09\/2025<\/td><td>02\/09\/2025<\/td><td>Portal Transparencia<\/td><td>No<\/td><td>No Aplica<\/td><td>Acta de sesi\u00f3n ordinaria N\u00b028 del Concejo Municipal y resumen de acuerdo.<\/td><td><a href=\"http:\/\/www.padrelascasas.cl\/transparencia_activa_plc\/2025\/contenido_noviembre_2025\/actas\/ord\/ACTA%20SESION%20ORD.%20N28%20DEL%2002.09.25.pdf\" target=\"_blank\" rel=\"noreferrer noopener\">Enlace<\/a><\/td><\/tr><tr><td>2025<\/td><td>Agosto<\/td><td>Actas Concejo Municipal<\/td><td>Acta<\/td><td>Acta de Sesi\u00f3n Ordinaria del Concejo Municipal<\/td><td>27<\/td><td>19\/08\/2025<\/td><td>19\/08\/2025<\/td><td>Portal Transparencia<\/td><td>No<\/td><td>No Aplica<\/td><td>Acta de sesi\u00f3n ordinaria N\u00b027 del Concejo Municipal y resumen de acuerdo.<\/td><td><a href=\"http:\/\/www.padrelascasas.cl\/transparencia_activa_plc\/2025\/contenido_noviembre_2025\/actas\/ord\/ACTA%20SESION%20ORD.%20N27%20DEL%2019.08.25.pdf\" target=\"_blank\" rel=\"noreferrer noopener\">Enlace<\/a><\/td><\/tr><tr><td>2025<\/td><td>Agosto<\/td><td>Actas Concejo Municipal<\/td><td>Acta<\/td><td>Acta de Sesi\u00f3n Ordinaria del Concejo Municipal<\/td><td>26<\/td><td>12\/08\/2025<\/td><td>12\/08\/2025<\/td><td>Portal Transparencia<\/td><td>No<\/td><td>No Aplica<\/td><td>Acta de sesi\u00f3n ordinaria N\u00b026 del Concejo Municipal y resumen de acuerdo.<\/td><td><a href=\"http:\/\/www.padrelascasas.cl\/transparencia_activa_plc\/2025\/contenido_noviembre_2025\/actas\/ord\/ACTA%20SESION%20ORD.%20N26%20DEL%2012.08.25.pdf\" target=\"_blank\" rel=\"noreferrer noopener\">Enlace<\/a><\/td><\/tr><tr><td>2025<\/td><td>Agosto<\/td><td>Actas Concejo Municipal<\/td><td>Acta<\/td><td>Acta de Sesi\u00f3n Ordinaria del Concejo Municipal<\/td><td>25<\/td><td>05\/08\/2025<\/td><td>05\/08\/2025<\/td><td>Portal Transparencia<\/td><td>No<\/td><td>No Aplica<\/td><td>Acta de sesi\u00f3n ordinaria N\u00b025 del Concejo Municipal y resumen de acuerdo.<\/td><td><a href=\"http:\/\/www.padrelascasas.cl\/transparencia_activa_plc\/2025\/contenido_septiembre_2025\/actas\/ACTA%20SESION%20ORD.%20N25%20DEL%2005.08.2025.pdf\" target=\"_blank\" rel=\"noreferrer noopener\">Enlace<\/a><\/td><\/tr><tr><td>2025<\/td><td>Julio<\/td><td>Actas Concejo Municipal<\/td><td>Acta<\/td><td>Acta de Sesi\u00f3n Ordinaria del Concejo Municipal<\/td><td>24<\/td><td>15\/07\/2025<\/td><td>15\/07\/2025<\/td><td>Portal Transparencia<\/td><td>No<\/td><td>No Aplica<\/td><td>Acta de sesi\u00f3n ordinaria N\u00b024 del Concejo Municipal y resumen de acuerdo.<\/td><td><a href=\"http:\/\/www.padrelascasas.cl\/transparencia_activa_plc\/2025\/contenido_septiembre_2025\/actas\/ACTA%20SESION%20ORD.%20N24%20DEL%2015.07.2025.pdf\" target=\"_blank\" rel=\"noreferrer noopener\">Enlace<\/a><\/td><\/tr><tr><td>2025<\/td><td>Julio<\/td><td>Actas Concejo Municipal<\/td><td>Acta<\/td><td>Acta de Sesi\u00f3n Ordinaria del Concejo Municipal<\/td><td>23<\/td><td>08\/07\/2025<\/td><td>08\/07\/2025<\/td><td>Portal Transparencia<\/td><td>No<\/td><td>No Aplica<\/td><td>Acta de sesi\u00f3n ordinaria N\u00b023 del Concejo Municipal y resumen de acuerdo.<\/td><td><a href=\"http:\/\/www.padrelascasas.cl\/transparencia_activa_plc\/2025\/contenido_julio_2025\/actas\/ACTA%20SESION%20ORD.%20N23%20DEL%2008.07.2025.pdf\" target=\"_blank\" rel=\"noreferrer noopener\">Enlace<\/a><\/td><\/tr><tr><td>2025<\/td><td>Julio<\/td><td>Actas Concejo Municipal<\/td><td>Acta<\/td><td>Acta de Sesi\u00f3n Ordinaria del Concejo Municipal<\/td><td>22<\/td><td>01\/07\/2025<\/td><td>01\/07\/2025<\/td><td>Portal Transparencia<\/td><td>No<\/td><td>No Aplica<\/td><td>Acta de sesi\u00f3n ordinaria N\u00b022 del Concejo Municipal y resumen de acuerdo.<\/td><td><a href=\"http:\/\/www.padrelascasas.cl\/transparencia_activa_plc\/2025\/contenido_julio_2025\/actas\/ACTA%20SESION%20ORD.%20N22%20DEL%2001.07.2025.pdf\" target=\"_blank\" rel=\"noreferrer noopener\">Enlace<\/a><\/td><\/tr><tr><td>2025<\/td><td>Junio<\/td><td>Actas Concejo Municipal<\/td><td>Acta<\/td><td>Acta de Sesi\u00f3n Ordinaria del Concejo Municipal<\/td><td>21<\/td><td>17\/06\/2025<\/td><td>17\/06\/2025<\/td><td>Portal Transparencia<\/td><td>No<\/td><td>No Aplica<\/td><td>Acta de sesi\u00f3n ordinaria N\u00b021 del Concejo Municipal y resumen de acuerdo.<\/td><td><a href=\"http:\/\/www.padrelascasas.cl\/transparencia_activa_plc\/2025\/contenido_julio_2025\/actas\/ACTA%20SESION%20ORD.%20N21%20DEL%2017.06.2025.pdf\" target=\"_blank\" rel=\"noreferrer noopener\">Enlace<\/a><\/td><\/tr><tr><td>2025<\/td><td>Junio<\/td><td>Actas Concejo Municipal<\/td><td>Acta<\/td><td>Acta de Sesi\u00f3n Ordinaria del Concejo Municipal<\/td><td>20<\/td><td>10\/06\/2025<\/td><td>10\/06\/2025<\/td><td>Portal Transparencia<\/td><td>No<\/td><td>No Aplica<\/td><td>Acta de sesi\u00f3n ordinaria N\u00b020 del Concejo Municipal y resumen de acuerdo.<\/td><td><a href=\"http:\/\/www.padrelascasas.cl\/transparencia_activa_plc\/2025\/contenido_julio_2025\/actas\/ACTA%20SESION%20ORD.%20N20%20DEL%2010.06.2025.pdf\" target=\"_blank\" rel=\"noreferrer noopener\">Enlace<\/a><\/td><\/tr><tr><td>2025<\/td><td>Junio<\/td><td>Actas Concejo Municipal<\/td><td>Acta<\/td><td>Acta de Sesi\u00f3n Ordinaria del Concejo Municipal<\/td><td>19<\/td><td>03\/06\/2025<\/td><td>03\/06\/2025<\/td><td>Portal Transparencia<\/td><td>No<\/td><td>No Aplica<\/td><td>Acta de sesi\u00f3n ordinaria N\u00b019 del Concejo Municipal y resumen de acuerdo.<\/td><td><a href=\"http:\/\/www.padrelascasas.cl\/transparencia_activa_plc\/2025\/contenido_julio_2025\/actas\/ACTA%20SESION%20ORD.%20N19%20DEL%2003.06.2025.pdf\" target=\"_blank\" rel=\"noreferrer noopener\">Enlace<\/a><\/td><\/tr><tr><td>2025<\/td><td>Mayo<\/td><td>Actas Concejo Municipal<\/td><td>Acta<\/td><td>Acta de Sesi\u00f3n Ordinaria del Concejo Municipal<\/td><td>18<\/td><td>20\/05\/2025<\/td><td>20\/05\/2025<\/td><td>Portal Transparencia<\/td><td>No<\/td><td>No Aplica<\/td><td>Acta de sesi\u00f3n ordinaria N\u00b018 del Concejo Municipal y resumen de acuerdo.<\/td><td><a href=\"http:\/\/www.padrelascasas.cl\/transparencia_activa_plc\/2025\/contenido_julio_2025\/actas\/ACTA%20SESION%20ORD.%20N%2018%20DEL%2020.05.2025.pdf\" target=\"_blank\" rel=\"noreferrer noopener\">Enlace<\/a><\/td><\/tr><tr><td>2025<\/td><td>Mayo<\/td><td>Actas Concejo Municipal<\/td><td>Acta<\/td><td>Acta de Sesi\u00f3n Ordinaria del Concejo Municipal<\/td><td>17<\/td><td>13\/05\/2025<\/td><td>13\/05\/2025<\/td><td>Portal Transparencia<\/td><td>No<\/td><td>No Aplica<\/td><td>Acta de sesi\u00f3n ordinaria N\u00b017 del Concejo Municipal y resumen de acuerdo.<\/td><td><a href=\"http:\/\/www.padrelascasas.cl\/transparencia_activa_plc\/2025\/contenido_junio_2025\/actas\/ACTA%20SESION%20ORDINARIA%20N%2017%20DEL%2013.05.2025.pdf\" target=\"_blank\" rel=\"noreferrer noopener\">Enlace<\/a><\/td><\/tr><tr><td>2025<\/td><td>Mayo<\/td><td>Actas Concejo Municipal<\/td><td>Acta<\/td><td>Acta de Sesi\u00f3n Ordinaria del Concejo Municipal<\/td><td>16<\/td><td>01\/05\/2025<\/td><td>01\/05\/2025<\/td><td>Portal Transparencia<\/td><td>No<\/td><td>No Aplica<\/td><td>Acta de sesi\u00f3n ordinaria N\u00b016 del Concejo Municipal y resumen de acuerdo.<\/td><td><a href=\"http:\/\/www.padrelascasas.cl\/transparencia_activa_plc\/2025\/contenido_mayo_2025\/actas_concejo\/12_junio_2025\/ACTA_SESION_ORD__N__16_DEL_01_05_25.pdf\" target=\"_blank\" rel=\"noreferrer noopener\">Enlace<\/a><\/td><\/tr><tr><td>2025<\/td><td>Abril<\/td><td>Actas Concejo Municipal<\/td><td>Acta<\/td><td>Acta de Sesi\u00f3n Ordinaria del Concejo Municipal<\/td><td>15<\/td><td>15\/04\/2025<\/td><td>15\/04\/2025<\/td><td>Portal Transparencia<\/td><td>No<\/td><td>No Aplica<\/td><td>Acta de sesi\u00f3n ordinaria N\u00b015 del Concejo Municipal y resumen de acuerdo.<\/td><td><a href=\"http:\/\/www.padrelascasas.cl\/transparencia_activa_plc\/2025\/contenido_mayo_2025\/actas_concejo\/6_junio_2025\/ACTA_SESION_ORDINARIA_N__15_DEL_15_04_2025.pdf\" target=\"_blank\" rel=\"noreferrer noopener\">Enlace<\/a><\/td><\/tr><tr><td>2025<\/td><td>Abril<\/td><td>Actas Concejo Municipal<\/td><td>Acta<\/td><td>Acta de Sesi\u00f3n Ordinaria del Concejo Municipal<\/td><td>14<\/td><td>08\/04\/2025<\/td><td>08\/04\/2025<\/td><td>Portal Transparencia<\/td><td>No<\/td><td>No Aplica<\/td><td>Acta de sesi\u00f3n ordinaria N\u00b014 del Concejo Municipal y resumen de acuerdo.<\/td><td><a href=\"http:\/\/www.padrelascasas.cl\/transparencia_activa_plc\/2025\/contenido_mayo_2025\/actas_concejo\/ACTA_SESION_ORDINARIA_N__14_DEL_08_04_2025__Aprobada_en_SO_N__18_del_20_05_2025_.pdf\" target=\"_blank\" rel=\"noreferrer noopener\">Enlace<\/a><\/td><\/tr><tr><td>2025<\/td><td>Abril<\/td><td>Actas Concejo Municipal<\/td><td>Acta<\/td><td>Acta de Sesi\u00f3n Ordinaria del Concejo Municipal<\/td><td>13<\/td><td>01\/04\/2025<\/td><td>01\/04\/2025<\/td><td>Portal Transparencia<\/td><td>No<\/td><td>No Aplica<\/td><td>Acta de sesi\u00f3n ordinaria N\u00b013 del Concejo Municipal y resumen de acuerdo.<\/td><td><a href=\"http:\/\/www.padrelascasas.cl\/transparencia_activa_plc\/2025\/contenido_mayo_2025\/actas_concejo\/ACTA_SESION_ORDINARIA_N__13_DEL_01_04_2025__Aprobada_en_SO_N__17_del_13_05_2025_.pdf\" target=\"_blank\" rel=\"noreferrer noopener\">Enlace<\/a><\/td><\/tr><tr><td>2025<\/td><td>Marzo<\/td><td>Actas Concejo Municipal<\/td><td>Acta<\/td><td>Acta de Sesi\u00f3n Ordinaria del Concejo Municipal<\/td><td>12<\/td><td>18\/03\/2025<\/td><td>18\/03\/2025<\/td><td>Portal Transparencia<\/td><td>No<\/td><td>No Aplica<\/td><td>Acta de sesi\u00f3n ordinaria N\u00b012 del Concejo Municipal y resumen de acuerdo.<\/td><td><a href=\"http:\/\/www.padrelascasas.cl\/transparencia_activa_plc\/2025\/contenido_mayo_2025\/actas_concejo\/6_junio_2025\/ACTA_SESION_ORDINARIA_N__12_DEL_18_03_2025.pdf\" target=\"_blank\" rel=\"noreferrer noopener\">Enlace<\/a><\/td><\/tr><tr><td>2025<\/td><td>Marzo<\/td><td>Actas Concejo Municipal<\/td><td>Acta<\/td><td>Acta de Sesi\u00f3n Ordinaria del Concejo Municipal<\/td><td>11<\/td><td>11\/03\/2025<\/td><td>11\/03\/2025<\/td><td>Portal Transparencia<\/td><td>No<\/td><td>No Aplica<\/td><td>Acta de sesi\u00f3n ordinaria N\u00b011 del Concejo Municipal y resumen de acuerdo.<\/td><td><a href=\"http:\/\/www.padrelascasas.cl\/transparencia_activa_plc\/2025\/contenido_mayo_2025\/actas_concejo\/ACTA_SESION_ORDINARIA_N__11_DEL_11_03_2025__Aprobada_en_SO_N__17_del_13_05_2025_.pdf\" target=\"_blank\" rel=\"noreferrer noopener\">Enlace<\/a><\/td><\/tr><tr><td>2025<\/td><td>Marzo<\/td><td>Actas Concejo Municipal<\/td><td>Acta<\/td><td>Acta de Sesi\u00f3n Ordinaria del Concejo Municipal<\/td><td>10<\/td><td>04\/03\/2025<\/td><td>04\/03\/2025<\/td><td>Portal Transparencia<\/td><td>No<\/td><td>No Aplica<\/td><td>Acta de sesi\u00f3n ordinaria N\u00b010 del Concejo Municipal y resumen de acuerdo.<\/td><td><a href=\"http:\/\/www.padrelascasas.cl\/transparencia_activa_plc\/2025\/contenido_mayo_2025\/actas_concejo\/ACTA_SESION_ORDINARIA_N__10_DEL_04_03_2025__Aprobada_en_SO_N__14_del_08_04_2025_.pdf\" target=\"_blank\" rel=\"noreferrer noopener\">Enlace<\/a><\/td><\/tr><tr><td>2025<\/td><td>Febrero<\/td><td>Actas Concejo Municipal<\/td><td>Acta<\/td><td>Acta de Sesi\u00f3n Ordinaria del Concejo Municipal<\/td><td>09<\/td><td>25\/02\/2025<\/td><td>25\/02\/2025<\/td><td>Portal Transparencia<\/td><td>No<\/td><td>No Aplica<\/td><td>Acta de sesi\u00f3n ordinaria N\u00b009 del Concejo Municipal y resumen de acuerdo.<\/td><td><a href=\"http:\/\/www.padrelascasas.cl\/transparencia_activa_plc\/2025\/contenido_abril_2025\/actas_concejo\/28_abril_2025\/ACTA_SESION_ORDINARIA_N_09_DEL_25_02_2025.pdf\" target=\"_blank\" rel=\"noreferrer noopener\">Enlace<\/a><\/td><\/tr><tr><td>2025<\/td><td>Febrero<\/td><td>Actas Concejo Municipal<\/td><td>Acta<\/td><td>Acta de Sesi\u00f3n Ordinaria del Concejo Municipal<\/td><td>08<\/td><td>06\/02\/2025<\/td><td>06\/02\/2025<\/td><td>Portal Transparencia<\/td><td>No<\/td><td>No Aplica<\/td><td>Acta de sesi\u00f3n ordinaria N\u00b008 del Concejo Municipal y resumen de acuerdo.<\/td><td><a href=\"http:\/\/www.padrelascasas.cl\/transparencia_activa_plc\/2025\/contenido_abril_2025\/actas_concejo\/28_abril_2025\/ACTA_SESION_ORDINARIA_N_08_DEL_06_02_2025.pdf\" target=\"_blank\" rel=\"noreferrer noopener\">Enlace<\/a><\/td><\/tr><tr><td>2025<\/td><td>Febrero<\/td><td>Actas Concejo Municipal<\/td><td>Acta<\/td><td>Acta de Sesi\u00f3n Ordinaria del Concejo Municipal<\/td><td>07<\/td><td>04\/02\/2025<\/td><td>04\/02\/2025<\/td><td>Portal Transparencia<\/td><td>No<\/td><td>No Aplica<\/td><td>Acta de sesi\u00f3n ordinaria N\u00b007 del Concejo Municipal y resumen de acuerdo.<\/td><td><a href=\"http:\/\/www.padrelascasas.cl\/transparencia_activa_plc\/2025\/contenido_abril_2025\/actas_concejo\/28_abril_2025\/ACTA_SESION_ORDINARIA_N_07_DEL_04_02_2025.pdf\" target=\"_blank\" rel=\"noreferrer noopener\">Enlace<\/a><\/td><\/tr><tr><td>2025<\/td><td>Enero<\/td><td>Actas Concejo Municipal<\/td><td>Acta<\/td><td>Acta de Sesi\u00f3n Ordinaria del Concejo Municipal<\/td><td>06<\/td><td>21\/01\/2025<\/td><td>21\/01\/2025<\/td><td>Portal Transparencia<\/td><td>No<\/td><td>No Aplica<\/td><td>Acta de sesi\u00f3n ordinaria N\u00b006 del Concejo Municipal y resumen de acuerdo.<\/td><td><a href=\"http:\/\/www.padrelascasas.cl\/transparencia_activa_plc\/2025\/contenido_enero_2025\/actas_concejo\/ACTA%20SESION%20ORDINARIA%20N06%20DEL%2021.01.2025.pdf\" target=\"_blank\" rel=\"noreferrer noopener\">Enlace<\/a><\/td><\/tr><tr><td>2025<\/td><td>Enero<\/td><td>Actas Concejo Municipal<\/td><td>Acta<\/td><td>Acta de Sesi\u00f3n Ordinaria del Concejo Municipal<\/td><td>05<\/td><td>14\/01\/2025<\/td><td>14\/01\/2025<\/td><td>Portal Transparencia<\/td><td>No<\/td><td>No Aplica<\/td><td>Acta de sesi\u00f3n ordinaria N\u00b005 del Concejo Municipal y resumen de acuerdo.<\/td><td><a href=\"http:\/\/www.padrelascasas.cl\/transparencia_activa_plc\/2025\/contenido_enero_2025\/actas_concejo\/ACTA%20SESION%20ORDINARIA%20N05%20DEL%2014.01.2025.pdf\" target=\"_blank\" rel=\"noreferrer noopener\">Enlace<\/a><\/td><\/tr><tr><td>2025<\/td><td>Enero<\/td><td>Actas Concejo Municipal<\/td><td>Acta<\/td><td>Acta de Sesi\u00f3n Ordinaria del Concejo Municipal<\/td><td>04<\/td><td>07\/01\/2025<\/td><td>07\/01\/2025<\/td><td>Portal Transparencia<\/td><td>No<\/td><td>No Aplica<\/td><td>Acta de sesi\u00f3n ordinaria N\u00b004 del Concejo Municipal y resumen de acuerdo.<\/td><td><a href=\"http:\/\/www.padrelascasas.cl\/transparencia_activa_plc\/2025\/contenido_enero_2025\/actas_concejo\/ACTA%20SESION%20ORDINARIA%20N04%20DEL%2007.01.2025.pdf\" target=\"_blank\" rel=\"noreferrer noopener\">Enlace<\/a><\/td><\/tr><\/tbody><\/table><\/figure>\n","protected":false},"excerpt":{"rendered":"<p>A\u00f1o Mes Tipolog\u00eda del Acto Tipo de acto Denominaci\u00f3n del acto N\u00famero del acto Fecha Fecha de publicaci\u00f3n en el DO o Fecha de Publicidad (seg\u00fan Art.45 y siguientes Ley 19.880) Indicaci\u00f3n del medio y forma de publicidad (seg\u00fan Art.45 y siguientes Ley 19.880) Tiene efectos generales Fecha \u00faltima actualizaci\u00f3n (dd\/mm\/aaaa), si corresponde a actos [&hellip;]<\/p>\n","protected":false},"author":1,"featured_media":0,"parent":0,"menu_order":0,"comment_status":"closed","ping_status":"closed","template":"","meta":{"pgc_sgb_lightbox_settings":"","footnotes":""},"class_list":["post-11131","page","type-page","status-publish","hentry"],"_links":{"self":[{"href":"https:\/\/padrelascasas.cl\/newplc\/wp-json\/wp\/v2\/pages\/11131","targetHints":{"allow":["GET"]}}],"collection":[{"href":"https:\/\/padrelascasas.cl\/newplc\/wp-json\/wp\/v2\/pages"}],"about":[{"href":"https:\/\/padrelascasas.cl\/newplc\/wp-json\/wp\/v2\/types\/page"}],"author":[{"embeddable":true,"href":"https:\/\/padrelascasas.cl\/newplc\/wp-json\/wp\/v2\/users\/1"}],"replies":[{"embeddable":true,"href":"https:\/\/padrelascasas.cl\/newplc\/wp-json\/wp\/v2\/comments?post=11131"}],"version-history":[{"count":11,"href":"https:\/\/padrelascasas.cl\/newplc\/wp-json\/wp\/v2\/pages\/11131\/revisions"}],"predecessor-version":[{"id":12502,"href":"https:\/\/padrelascasas.cl\/newplc\/wp-json\/wp\/v2\/pages\/11131\/revisions\/12502"}],"wp:attachment":[{"href":"https:\/\/padrelascasas.cl\/newplc\/wp-json\/wp\/v2\/media?parent=11131"}],"curies":[{"name":"wp","href":"https:\/\/api.w.org\/{rel}","templated":true}]}}