{"id":116,"date":"2020-06-03T03:28:56","date_gmt":"2020-06-03T06:28:56","guid":{"rendered":"http:\/\/www.padrelascasas.cl\/newplc\/?page_id=116"},"modified":"2025-04-25T10:22:17","modified_gmt":"2025-04-25T13:22:17","slug":"direccion-de-administracion-y-finanzas","status":"publish","type":"page","link":"https:\/\/padrelascasas.cl\/newplc\/direccion-de-administracion-y-finanzas\/","title":{"rendered":"Direcci\u00f3n de Administraci\u00f3n y Finanzas"},"content":{"rendered":"\n<div class=\"wp-block-columns is-layout-flex wp-container-core-columns-is-layout-1 wp-block-columns-is-layout-flex\">\n<div class=\"wp-block-column is-layout-flow wp-block-column-is-layout-flow\">\n<p><strong>Director<\/strong> Rigoberto Valderrama Chaper\u00f3n<\/p>\n\n\n\n<p><strong>Profesi\u00f3n<\/strong> Ingeniero Comercial<\/p>\n\n\n\n<i class=\"fa fa-envelope \" ><\/i>  <a href=\"mailto:RVALDERRAMA@PADRELASCASAS.CL\">rvalderrama@padrelascasas.cl<\/a><\/p>\n\n\n\n<i class=\"fa fa-phone \" ><\/i>  452590170<\/p>\n<\/div>\n\n\n\n<div class=\"wp-block-column is-layout-flow wp-block-column-is-layout-flow\">\n<p><strong>Secretaria<\/strong> Andrea Guti\u00e9rrez Ortiz<\/p>\n\n\n\n<i class=\"fa fa-envelope \" ><\/i>  <a href=\"mailto:SECRETARIA.FINANZAS@PADRELASCASAS.CL\">secretaria.finanzas@padrelascasas.cl<\/a><\/p>\n\n\n\n<i class=\"fa fa-phone \" ><\/i> 452590171<\/p>\n<\/div>\n<\/div>\n\n\n\n<div class=\"su-spoiler su-spoiler-style-default su-spoiler-icon-plus su-spoiler-closed\" data-scroll-offset=\"0\" data-anchor-in-url=\"no\"><div class=\"su-spoiler-title\" tabindex=\"0\" role=\"button\"><span class=\"su-spoiler-icon\"><\/span>Funciones Generales<\/div><div class=\"su-spoiler-content su-u-clearfix su-u-trim\">\n\n\n\n<p>Asesorar al Alcalde en la administraci\u00f3n del personal de la Municipalidad, de acuerdo a las normas de la ley N\u00b0 18.883 y sus modificaciones posteriores, para lo cual, deber\u00e1 cumplir con la siguiente funci\u00f3n:<\/p>\n\n\n\n<ol class=\"wp-block-list\" type=\"a\"><li>informar trimestralmente al concejo municipal sobre las contrataciones de personal realizadas en el trimestre anterior, individualizando al personal, su calidad jur\u00eddica, estamento, grado de remuneraci\u00f3n y respecto del personal a honorarios contratado con cargo al subt\u00edtulo 21, \u00edtem 03, del presupuesto municipal, el detalle de los servicios prestados. Tambi\u00e9n, en la primera sesi\u00f3n de cada a\u00f1o del concejo, deber\u00e1 informar a \u00e9ste sobre el escalaf\u00f3n de m\u00e9rito del personal municipal y un reporte sobre el registro del personal enviado y tramitado en la Contralor\u00eda General de la Rep\u00fablica en el a\u00f1o inmediatamente anterior.<\/li><\/ol>\n\n\n\n<p><strong>2.-<\/strong> Asesorar al Alcalde en la administraci\u00f3n financiera de los bienes municipales. Para el cumplimiento de esta funci\u00f3n deber\u00e1:<\/p>\n\n\n\n<ol class=\"wp-block-list\" type=\"a\"><li>Estudiar, calcular, proponer y regular la percepci\u00f3n de cualquier tipo de ingresos municipales. Los ingresos relacionados a la Direcci\u00f3n de Obras Municipales, Departamento de Servicios a la Comunidad y otras Unidades de naturaleza espec\u00edfica ser\u00e1n de responsabilidad de cada direcci\u00f3n conforme a las normas que las regulen y en coordinaci\u00f3n con esta Direcci\u00f3n.<\/li><li>Colaborar con la Secretar\u00eda Comunal de Planificaci\u00f3n en la elaboraci\u00f3n del Presupuesto Municipal.<\/li><li>Visar los decretos de pago generados por este Departamento<strong>.<\/strong><\/li><li>Llevar la contabilidad municipal en conformidad con las normas de la contabilidad nacional y con las instrucciones que al respecto imparta la Contralor\u00eda General de la Rep\u00fablica.<\/li><li>Controlar la gesti\u00f3n financiera de los recintos y\/o empresas municipales.<\/li><li>Efectuar los pagos municipales, manejar las cuentas corrientes bancarias respectivas y rendir cuentas a la Contralor\u00eda General de la Rep\u00fablica.<\/li><li>Recaudar y percibir los ingresos municipales y fiscales que correspondan.<\/li><\/ol>\n\n\n\n<p><strong>3.-<\/strong> Informar trimestralmente al Concejo sobre el detalle mensual de los pasivos acumulados, desglosando las cuentas por pagar por el municipio y las corporaciones municipales. Al efecto, dichas corporaciones deber\u00e1n informar a este Departamento acerca de su situaci\u00f3n financiera, desglosando las cuentas por pagar.<\/p>\n\n\n\n<p><strong>4.-<\/strong> Mantener un registro mensual, el que estar\u00e1 disponible para el conocimiento p\u00fablico sobre el desglose de los gastos del municipio. En todo caso, cada concejal tendr\u00e1 acceso permanente a todos los gastos efectuados por la municipalidad.<\/p>\n\n\n\n<p><strong>5.-<\/strong> Remitir a la Subsecretaria de Desarrollo Regional y Administrativo del Ministerio del Interior en el formato y por los medios que \u00e9sta determine y proporcione los antecedentes a que se refieren los n\u00fameros 3 y 4.<\/p>\n\n\n\n<p><strong>6.-<\/strong> El informe trimestral y el registro mensual a que se refiere los numerales 3 y 4 deber\u00e1n estar disponibles en la p\u00e1gina Web de la Municipalidad (www.padrelascasas.cl).<\/p>\n\n\n\n<p><strong>7.-<\/strong> Otras funciones que la ley le asigne a las Unidades de Finanzas, se entender\u00e1n incorporadas a este reglamento de pleno derecho, sin necesidad de modificaci\u00f3n del mismo.<\/div><\/div>\n\n\n\n<div class=\"su-accordion su-u-trim\"><\/div><div class=\"su-spoiler su-spoiler-style-default su-spoiler-icon-plus su-spoiler-closed\" data-scroll-offset=\"0\" data-anchor-in-url=\"no\"><div class=\"su-spoiler-title\" tabindex=\"0\" role=\"button\"><span class=\"su-spoiler-icon\"><\/span>Oficinas o Departamentos<\/div><div class=\"su-spoiler-content su-u-clearfix su-u-trim\"><\/div><\/div>\n\n\n\n<p class=\"has-text-color has-background has-very-light-gray-color has-vivid-cyan-blue-background-color\"><strong>Departamento de Contabilidad y Presupuesto<\/strong><\/p>\n\n\n\n<p><strong>Funciones<\/strong><\/p>\n\n\n\n<ol class=\"wp-block-list\" type=\"a\"><li>Llevar la contabilidad del municipio y los registros presupuestarios en conformidad a las normas vigentes para el sector municipal y con las instrucciones que la Contralor\u00eda General de la Rep\u00fablica imparta al respecto, emitiendo los informes requeridos.<\/li><li>Confeccionar el balance presupuestario y patrimonial anual de la Municipalidad, proporcionando los estados e informes contables que se requieran.<\/li><li>Mantener actualizado el valor contable de los activos y pasivos de la Municipalidad, en conformidad a los inventarios del patrimonio municipal, como igualmente el ajuste anual por revalorizaciones y depreciaciones del mismo.<\/li><li>Controlar los ingresos y egresos de fondos municipales, en conformidad con las normas presupuestarias vigentes.<\/li><li>Mantener el registro de todos los documentos que den origen a obligaciones de car\u00e1cter financiero de la Municipalidad con terceros.<\/li><li>Colaborar con la Secretar\u00eda Comunal de Planificaci\u00f3n, en la elaboraci\u00f3n del proyecto de presupuesto anual de la Municipalidad.<\/li><li>Confeccionar mensualmente, los estados de caja de las necesidades de las diferentes unidades de la Municipalidad, en cuanto se hayan proporcionado por las Unidades ejecutoras previamente los antecedentes para ello.<\/li><li>Preparar informes peri\u00f3dicos en materia de inversiones, de programas y\/o proyectos, coordinando su acci\u00f3n con la Secretar\u00eda Comunal de Planificaci\u00f3n para las modificaciones y ajustes que corresponda.<\/li><li>Preparar las rendiciones de cuenta a las entidades externas, por fondos recibidos y destinados a fines espec\u00edficos, en coordinaci\u00f3n con las unidades ejecutoras.<\/li><li>Registrar y mantener bajo su custodia los expedientes de rendiciones de subvenciones, fondos rendidos y otras similares, en cuanto no se integren como respaldo para posteriores decretos de pago.<\/li><li>Refrendar internamente, imputando a los \u00edtems presupuestarios que corresponda, todas las solicitudes de pedido de bienes o servicios que signifiquen pagos posteriores, as\u00ed como tambi\u00e9n imputar los ingresos.<\/li><li>Ingresar a la contabilidad municipal todo tipo de garant\u00edas de terceros que resguardan los intereses del municipio.<\/li><li>Otras funciones que le asigne el Alcalde, Administrador Municipal y\/o el Director de Administraci\u00f3n y Finanzas.<\/li><\/ol>\n\n\n\n<p><strong>Ubicaci\u00f3n<\/strong><\/p>\n\n\n\n<p>Av. Maquehue N\u00b01441<\/p>\n\n\n\n<p><strong>Horario de Atenci\u00f3n<\/strong><\/p>\n\n\n\n<p>Lunes a viernes de 08:30 a 13:00 hrs.<\/p>\n\n\n\n<hr class=\"wp-block-separator is-style-wide\"\/>\n\n\n\n<p><strong>Encargado(a) <\/strong>Luis  Ulloa Sep\u00falveda<\/p>\n\n\n\n<i class=\"fa fa-envelope \" ><\/i> <a href=\"mailto:LULLOA@PADRELASCASAS.CL\">lulloa@padrelascasas.cl<\/a><\/p>\n\n\n\n<i class=\"fa fa-phone \" ><\/i> 452590172<\/p>\n\n\n\n<hr class=\"wp-block-separator is-style-wide\"\/>\n\n\n\n<p class=\"has-text-color has-background has-very-light-gray-color has-vivid-cyan-blue-background-color\"><strong>Departamento de Tesorer\u00eda Municipal<\/strong><\/p>\n\n\n\n<p><strong>Funciones<\/strong><\/p>\n\n\n\n<ol class=\"wp-block-list\" type=\"a\"><li>Recaudar los tributos y otros ingresos municipales.<\/li><li>Conservar y custodiar los fondos recaudados, las especies valoradas y dem\u00e1s valores municipales.<\/li><li>Proponer las medidas de seguridad pertinentes para el resguardo de valores.<\/li><li>Recibir y conservar toda clase de instrumentos de garant\u00eda, extendidos a favor de la Municipalidad, sin perjuicio de las normas sobre responsabilidades vigentes.<\/li><li>Efectuar el pago de las obligaciones municipales, previamente autorizados por el decreto de pago respectivo.<\/li><li>Depositar en las cuentas corrientes autorizadas los fondos recaudados.<\/li><li>Mantener un sistema de recaudaci\u00f3n que permita una atenci\u00f3n expedita y eficaz a los usuarios y usuarias, con respeto de las normas de seguridad y cautela del patrimonio municipal.<\/li><li>Efectuar las conciliaciones bancarias en los per\u00edodos que la ley indique y cuando sea necesario para fines de informaci\u00f3n y control de la gesti\u00f3n municipal.<\/li><li>Administrar un archivo de Tesorer\u00eda con la documentaci\u00f3n financiera de respaldo.<\/li><li>Actuar como Martillero en los remates municipales.<\/li><li>Informar oportunamente a la unidad t\u00e9cnica encargada de los diferentes proyectos y\/o contratos, sobre la vigencia de las garant\u00edas debidamente identificadas para su renovaci\u00f3n o procedencia, sin perjuicio de la responsabilidad que le compete al Director de la cual depende la unidad t\u00e9cnica respectiva.<\/li><li>Efectuar los tr\u00e1mites pertinentes al ingreso de los recursos financieros que se asignan a la municipalidad y que se depositan directamente en alguna de sus cuentas corrientes, conforme a la informaci\u00f3n recibida desde las diferentes direcciones. Lo anterior, a objeto de poder efectuar el giro de la orden de ingreso respectiva por la Unidad de Rentas Municipales.<\/li><li>Manejar las cuentas corrientes bancarias que el municipio mantenga vigente.<\/li><li>Archivar y custodiar los expedientes de ingresos y gastos que deban mantenerse a disposici\u00f3n de la Contralor\u00eda General de la Rep\u00fablica.<\/li><li>Otras funciones que le asigne el Alcalde, Administrador Municipal y\/o el Director de Administraci\u00f3n y Finanzas.<\/li><\/ol>\n\n\n\n<p><strong>Ubicaci\u00f3n<\/strong><\/p>\n\n\n\n<p>Av. Maquehue N\u00b01441<\/p>\n\n\n\n<p><strong>Horario de Atenci\u00f3n<\/strong><\/p>\n\n\n\n<p>Lunes a viernes de 08:30 a 13:00 hrs.<\/p>\n\n\n\n<hr class=\"wp-block-separator is-style-wide\"\/>\n\n\n\n<p><strong>Encargado(a) <\/strong>Yaznna Llanquileo Ramos<\/p>\n\n\n\n<i class=\"fa fa-envelope \" ><\/i> <a href=\"mailto:TESORERIA@PADRELASCASAS.CL\">tesoreria@padrelascasas.cl<\/a> <i class=\"fa fa-envelope \" ><\/i> <a href=\"mailto:YAZNNALLANQUILEO@PADRELASCASAS.CL\">yaznnallanquileo@padrelascasas.cl<\/a><\/p>\n\n\n\n<i class=\"fa fa-phone \" ><\/i> 452590182<\/p>\n\n\n\n<hr class=\"wp-block-separator is-style-wide\"\/>\n","protected":false},"excerpt":{"rendered":"<p>Director Rigoberto Valderrama Chaper\u00f3n Profesi\u00f3n Ingeniero Comercial rvalderrama@padrelascasas.cl 452590170 Secretaria Andrea Guti\u00e9rrez Ortiz secretaria.finanzas@padrelascasas.cl 452590171 Departamento de Contabilidad y Presupuesto Funciones Llevar la contabilidad del municipio y los registros presupuestarios en conformidad a las normas vigentes para el sector municipal y con las instrucciones que la Contralor\u00eda General de la Rep\u00fablica imparta al respecto, emitiendo [&hellip;]<\/p>\n","protected":false},"author":1,"featured_media":11304,"parent":0,"menu_order":0,"comment_status":"closed","ping_status":"closed","template":"page-direcciones.php","meta":{"pgc_sgb_lightbox_settings":"","footnotes":""},"class_list":["post-116","page","type-page","status-publish","has-post-thumbnail","hentry"],"_links":{"self":[{"href":"https:\/\/padrelascasas.cl\/newplc\/wp-json\/wp\/v2\/pages\/116","targetHints":{"allow":["GET"]}}],"collection":[{"href":"https:\/\/padrelascasas.cl\/newplc\/wp-json\/wp\/v2\/pages"}],"about":[{"href":"https:\/\/padrelascasas.cl\/newplc\/wp-json\/wp\/v2\/types\/page"}],"author":[{"embeddable":true,"href":"https:\/\/padrelascasas.cl\/newplc\/wp-json\/wp\/v2\/users\/1"}],"replies":[{"embeddable":true,"href":"https:\/\/padrelascasas.cl\/newplc\/wp-json\/wp\/v2\/comments?post=116"}],"version-history":[{"count":1,"href":"https:\/\/padrelascasas.cl\/newplc\/wp-json\/wp\/v2\/pages\/116\/revisions"}],"predecessor-version":[{"id":11305,"href":"https:\/\/padrelascasas.cl\/newplc\/wp-json\/wp\/v2\/pages\/116\/revisions\/11305"}],"wp:featuredmedia":[{"embeddable":true,"href":"https:\/\/padrelascasas.cl\/newplc\/wp-json\/wp\/v2\/media\/11304"}],"wp:attachment":[{"href":"https:\/\/padrelascasas.cl\/newplc\/wp-json\/wp\/v2\/media?parent=116"}],"curies":[{"name":"wp","href":"https:\/\/api.w.org\/{rel}","templated":true}]}}