{"id":118,"date":"2020-06-03T03:29:04","date_gmt":"2020-06-03T06:29:04","guid":{"rendered":"http:\/\/www.padrelascasas.cl\/newplc\/?page_id=118"},"modified":"2023-09-27T14:12:13","modified_gmt":"2023-09-27T17:12:13","slug":"secretaria-municipal","status":"publish","type":"page","link":"https:\/\/padrelascasas.cl\/newplc\/secretaria-municipal\/","title":{"rendered":"Secretar\u00eda Municipal"},"content":{"rendered":"\n<div class=\"wp-block-columns is-layout-flex wp-container-core-columns-is-layout-1 wp-block-columns-is-layout-flex\">\n<div class=\"wp-block-column is-layout-flow wp-block-column-is-layout-flow\">\n<p><strong>Director<\/strong> Sr. Oscar Albornoz Torres<\/p>\n\n\n\n<p><strong>Profesi\u00f3n<\/strong> Abogado<\/p>\n\n\n\n<i class=\"fa fa-envelope \" ><\/i>  <a href=\"mailto:oalbornoz@padrelascasas.cl\" class=\"ek-link\">oalbornoz@padrelascasas.cl<\/a><\/p>\n\n\n\n<i class=\"fa fa-phone \" ><\/i>  452590003<\/p>\n<\/div>\n\n\n\n<div class=\"wp-block-column is-layout-flow wp-block-column-is-layout-flow\">\n<p><strong>Secretaria<\/strong> Ver\u00f3nica Cay\u00fan Gonz\u00e1lez<\/p>\n\n\n\n<i class=\"fa fa-envelope \" ><\/i>  <a href=\"mailto:secretaria.secretariamunicipal@padrelascasas.c\">secretaria.secretariamunicipal@padrelascasas.c<\/a>l<\/p>\n\n\n\n<i class=\"fa fa-phone \" ><\/i> 452590004<\/p>\n<\/div>\n<\/div>\n\n\n\n<p class=\"has-very-light-gray-color has-vivid-cyan-blue-background-color has-text-color has-background\"><strong>Descripci\u00f3n Direcci\u00f3n<\/strong><\/p>\n\n\n\n<p class=\"has-text-align-justify\">La Secretar\u00eda Municipal est\u00e1 a cargo del Sr. Oscar Albornoz Torres, Abogado quien dirige las actividades de Secretaria Administrativa del alcalde, del Concejo Municipal y del Consejo Comunal de Organizaciones de la Sociedad Civil; se desempe\u00f1a tambi\u00e9n como Ministro de Fe en todas las actuaciones municipales.<\/p>\n\n\n\n<div class=\"su-accordion su-u-trim\"><\/div><div class=\"su-spoiler su-spoiler-style-default su-spoiler-icon-plus su-spoiler-closed\" data-scroll-offset=\"0\" data-anchor-in-url=\"no\"><div class=\"su-spoiler-title\" tabindex=\"0\" role=\"button\"><span class=\"su-spoiler-icon\"><\/span>Funciones Generales<\/div><div class=\"su-spoiler-content su-u-clearfix su-u-trim\">\n\n\n\n<ul class=\"wp-block-list\">\n<li>Dirigir las actividades de Secretar\u00eda Administrativa del Alcalde y del Concejo y del Consejo Comunal de Organizaciones de la Sociedad Civil<\/li>\n\n\n\n<li>Desempe\u00f1arse como Ministro de Fe en todas las actuaciones municipales<\/li>\n\n\n\n<li>Recibir, mantener y tramitar cuando corresponda, la declaraci\u00f3n de intereses establecida por la Ley N\u00ba 18.575.<\/li>\n\n\n\n<li>Llevar el Registro Municipal a que se refiere el art\u00edculo 6 de la ley N\u00b0 19.418 sobre Juntas de Vecinos y dem\u00e1s organizaciones comunitarias.<\/li>\n\n\n\n<li>Cumplir las funciones que le asigna la Ley 20.500 sobre asociaciones y participaci\u00f3n de la ciudadan\u00eda en la gesti\u00f3n p\u00fablica<\/li>\n\n\n\n<li>Desarrollar las funciones espec\u00edficas que le asigna la Ley 19.537 Sobre Copropiedad inmobiliaria (Art\u00edculo 35)<\/li>\n\n\n\n<li>Cumplir las funciones de Ministro de Fe en las Comisiones Calificadoras de Concursos de Ley 19.070 Estatuto de los Profesionales de la Educaci\u00f3n (Art\u00edculo N\u00b0 15 Ley 20.501 Calidad y Equidad de la Educaci\u00f3n)<\/li>\n\n\n\n<li>Cumplir las funciones que le asigna la Ley N\u00ba 19.253, sobre Comunidades y Asociaciones Ind\u00edgenas.<\/li>\n\n\n\n<li>Otros cometidos que le encomiende el Alcalde, que sean atingentes de acuerdo a la legislaci\u00f3n vigente, las que no deber\u00e1n interferir las funciones de otras unidades.<\/li>\n\n\n\n<li>Otras funciones que se le asigne por ley.<\/div><\/div><\/li>\n<\/ul>\n\n\n\n<div class=\"wp-block-group\"><div class=\"wp-block-group__inner-container is-layout-flow wp-block-group-is-layout-flow\"><\/div><\/div>\n\n\n\n<div class=\"su-accordion su-u-trim\"><\/div> <div class=\"su-spoiler su-spoiler-style-default su-spoiler-icon-plus su-spoiler-closed\" data-scroll-offset=\"0\" data-anchor-in-url=\"no\"><div class=\"su-spoiler-title\" tabindex=\"0\" role=\"button\"><span class=\"su-spoiler-icon\"><\/span>Oficinas o Departamentos<\/div><div class=\"su-spoiler-content su-u-clearfix su-u-trim\">\n\n\n\n<p class=\"has-very-light-gray-color has-vivid-cyan-blue-background-color has-text-color has-background\"><strong>Oficina de Transparencia Municipal<\/strong><\/p>\n\n\n\n<p><strong>Descripci\u00f3n<\/strong><\/p>\n\n\n\n<p class=\"has-text-align-justify\">La Oficina de Transparencia tiene como funci\u00f3n requerir a las Direcciones Municipales de forma mensual, la documentaci\u00f3n para su publicaci\u00f3n en la P\u00e1gina Web Municipal, Transparencia Activa Ley de Transparencia, de conformidad con el Reglamento para la Aplicaci\u00f3n de la Ley N\u00b020.285 Sobre Acceso a la Informaci\u00f3n P\u00fablica.<\/p>\n\n\n\n<p class=\"has-text-align-justify\">Adem\u00e1s, gestionar las Solicitudes de Informaci\u00f3n ingresadas al Portal de Transparencia del Estado de Chile.<\/p>\n\n\n\n<p><strong>Funciones<\/strong><\/p>\n\n\n\n<ol class=\"wp-block-list\" type=\"a\">\n<li>Requerir a las Direcciones Municipales la informaci\u00f3n que se publica mensualmente en Transparencia Activa.<\/li>\n\n\n\n<li>Gestionar Solicitudes de Acceso de Informaci\u00f3n.<\/li>\n\n\n\n<li>Notificar a los terceros cuando se solicite informaci\u00f3n que pueda afectar sus derechos y recibir y registrar las oposiciones presentadas por terceros.<\/li>\n\n\n\n<li>Llevar registro de solicitudes y entrega de informaci\u00f3n.<\/li>\n\n\n\n<li>Informar al Concejo Municipal semestralmente la n\u00f3mina de solicitudes de acceso a la informaci\u00f3n con sus respectivas respuestas.<\/li>\n<\/ol>\n\n\n\n<p><strong>Ubicaci\u00f3n<\/strong><\/p>\n\n\n\n<p>Av. Maquehue N\u00b01441<\/p>\n\n\n\n<p><strong>Horario de Atenci\u00f3n<\/strong><\/p>\n\n\n\n<p>Lunes a viernes de 08:30 a 13:00 hrs.<\/p>\n\n\n\n<hr class=\"wp-block-separator has-css-opacity is-style-wide\"\/>\n\n\n\n<p><strong>Encargado(a) <\/strong>Fabiola Henr\u00edquez Castro<\/p>\n\n\n\n<i class=\"fa fa-envelope \" ><\/i> <a href=\"mailto:transparenciamunicipal@padrelascasas.cl\">transparenciamunicipal@padrelascasas.cl<\/a><\/p>\n\n\n\n<i class=\"fa fa-phone \" ><\/i> 452590005<\/p>\n\n\n\n<p class=\"has-very-light-gray-color has-vivid-cyan-blue-background-color has-text-color has-background\"><strong>Oficina de Registro de Personas Jur\u00eddicas<\/strong><\/p>\n\n\n\n<p><strong>Descripci\u00f3n<\/strong><\/p>\n\n\n\n<p class=\"has-text-align-justify\">Orientar, legalizar, constituir a toda organizaci\u00f3n de la Comuna de Padre Las Casas. de manera oportuna y eficaz, regulada por la Ley N\u00b019.418 de Organizaciones Funcionales, Territoriales; Fundaciones, Corporaciones, ONG, regidas por Ley N\u00b020.500.<\/p>\n\n\n\n<p><strong>Funciones<\/strong><\/p>\n\n\n\n<ol class=\"wp-block-list\" type=\"a\">\n<li>Actuar como Ministro de Fe.<\/li>\n\n\n\n<li>Tramitaci\u00f3n de personalidad Jur\u00eddica.<\/li>\n\n\n\n<li>Revisi\u00f3n y legalizaci\u00f3n de estatutos. Ley N\u00b020.500.<\/li>\n\n\n\n<li>Inscripci\u00f3n de las Organizaciones de la Comuna de Padre Las Casas ante el Servicio del Registro Civil.<\/li>\n\n\n\n<li>Llevar un Registro P\u00fablico de las Organizaciones Comunitarias, constituidas en la Comuna<\/li>\n<\/ol>\n\n\n\n<p><strong>Ubicaci\u00f3n<\/strong><\/p>\n\n\n\n<p>Av. Maquehue N\u00b01441<\/p>\n\n\n\n<p><strong>Horario de Atenci\u00f3n<\/strong><\/p>\n\n\n\n<p>Lunes a viernes de 08:30 a 13:00 hrs.<\/p>\n\n\n\n<hr class=\"wp-block-separator has-css-opacity is-style-wide\"\/>\n\n\n\n<p><strong>Encargado(a) <\/strong>Claudia Figueroa Rainao<\/p>\n\n\n\n<i class=\"fa fa-envelope \" ><\/i> <a href=\"mailto:cfigueroa@padrelascasas.cl\">cfigueroa@padrelascasas.cl<\/a><\/p>\n\n\n\n<i class=\"fa fa-phone \" ><\/i> 452590007<\/p>\n\n\n\n<p class=\"has-very-light-gray-color has-vivid-cyan-blue-background-color has-text-color has-background\"><strong>Oficina de Partes y Archivos<\/strong><\/p>\n\n\n\n<p><strong>Descripci\u00f3n<\/strong><\/p>\n\n\n\n<p class=\"has-text-align-justify\">La Oficina de Partes y Archivos depende directamente de la Secretar\u00eda Municipal y tiene por objeto recepcionar, ingresar, registrar, tramitar, despachar y archivar en forma ordenada y expedita toda la documentaci\u00f3n del Municipio<\/p>\n\n\n\n<p><strong>Funciones<\/strong><\/p>\n\n\n\n<ol class=\"wp-block-list\" type=\"a\">\n<li>Llevar un registro integral de toda la correspondencia oficial del Municipio, que ingresa y egresa del organismo, acorde con las disposiciones legales e instrucciones que le imparta directamente la Secretar\u00eda.<\/li>\n\n\n\n<li>Registrar los actos administrativos que emanen de la Alcald\u00eda, tales como: Decretos Alcaldicios afectos a Registro o Toma de Conocimiento, de Personal y otras materias, sobre Patentes Comerciales y de Alcoholes, registro de Oficios Ordinarios, Circulares, Reglamentos, registrar y tramitar las solicitudes y autorizaciones que incidan sobre el uso de veh\u00edculos municipales en d\u00edas inh\u00e1biles.<\/li>\n\n\n\n<li>Ingresar al sistema documental los documentos enumerados precedentemente y despachar sus copias seg\u00fan proceda, a la Unidad que corresponda.<\/li>\n\n\n\n<li>Mantener y custodiar los documentos enumerados precedentemente.<\/li>\n\n\n\n<li>Remitir, mediante un sistema de registro, toda la documentaci\u00f3n que sale a trav\u00e9s de la Oficina de Partes a los distintos organismos, instituciones y usuarios de la Municipalidad, sea a trav\u00e9s de sistema de Correos, como entrega personal por medio de estafeta, tanto urbano como rural.<\/li>\n\n\n\n<li>Visar formulario de franqueo convenido con Empresa Correos de Chile (Gu\u00eda de entrega de Empresa), revisando el n\u00famero de piezas despachadas.<\/li>\n<\/ol>\n\n\n\n<p><strong>Ubicaci\u00f3n<\/strong><\/p>\n\n\n\n<p>Av. Maquehue N\u00b01441<\/p>\n\n\n\n<p><strong>Horario de Atenci\u00f3n<\/strong><\/p>\n\n\n\n<p>Lunes a viernes de 08:30 a 13:00 hrs.<\/p>\n\n\n\n<hr class=\"wp-block-separator has-css-opacity is-style-wide\"\/>\n\n\n\n<p><strong>Encargado(a) <\/strong><\/p>\n\n\n\n<p>Nury G\u00f3mez Seguel<\/p>\n\n\n\n<p>Lilian Inostroza Salazar<\/p>\n\n\n\n<i class=\"fa fa-envelope \" ><\/i> <a href=\"mailto:Secretaria.oficinadepartes@padrelascasas.cl\" class=\"ek-link\">secretaria.oficinadepartes@padrelascasas.cl<\/a><\/p>\n\n\n\n<i class=\"fa fa-phone \" ><\/i> 45-2590001 &#8211; <i class=\"fa fa-phone \" ><\/i> 45-2590002<\/p>\n\n\n\n<p class=\"has-very-light-gray-color has-vivid-cyan-blue-background-color has-text-color has-background\"><strong>Oficina de Informaciones, Reclamos y Sugerencias<\/strong><\/p>\n\n\n\n<p><strong>Descripci\u00f3n<\/strong><\/p>\n\n\n\n<p class=\"has-text-align-justify\">Es un mecanismo de participaci\u00f3n ciudadana que permite a los vecinos entrar en contacto con la Municipalidad, la que tendr\u00e1 por objeto entregar informaci\u00f3n, atender y procurar dar soluci\u00f3n a las solicitudes presentadas y reclamos efectuados por la comunidad.<\/p>\n\n\n\n<p><strong>Funciones<\/strong><\/p>\n\n\n\n<ol class=\"wp-block-list\" type=\"a\">\n<li>Informar al usuario acerca de los diversos aspectos de su consulta (plazos, requerimientos, etc.).<\/li>\n\n\n\n<li>Coordinar la atenci\u00f3n al usuario (a) al interior de la Municipalidad y entidades p\u00fablicas relacionadas con la situaci\u00f3n planteada.<\/li>\n\n\n\n<li>Recibir e ingresar los formularios de Informaci\u00f3n, reclamos y sugerencias y distribuirlos a las distintas Direcciones para su respuesta, sean en soporte papel o a trav\u00e9s de la OIRS virtual de la P\u00e1gina <a href=\"http:\/\/www.padrelascasas.cl\">www.padrelascasas.cl<\/a><\/li>\n\n\n\n<li>Atenci\u00f3n del p\u00fablico que concurra a la Municipalidad en demanda de cualquier tipo de informaci\u00f3n que ata\u00f1a a sus intereses particulares y que guarden relaci\u00f3n con los fines institucionales.<\/li>\n\n\n\n<li>Atenci\u00f3n de la Central telef\u00f3nica del Municipio.<\/li>\n\n\n\n<li>Recibir e ingresar al Sistema Documental diariamente todas las comunicaciones y documentos que lleguen desde el exterior a la Municipalidad, para la revisi\u00f3n y distribuci\u00f3n que efect\u00faa la Secretaria Municipal.<\/li>\n\n\n\n<li>Distribuir f\u00edsicamente a las distintas Direcciones toda la correspondencia externa, quedando archivado en forma cronol\u00f3gica la planilla de distribuci\u00f3n de correspondencia. Para el caso de las Boletas de Garant\u00eda de Fiel Cumplimiento de Contrato, deber\u00e1n ser enviadas debidamente identificadas a Tesorer\u00eda Municipal.<\/li>\n<\/ol>\n\n\n\n<p><strong>Ubicaci\u00f3n<\/strong><\/p>\n\n\n\n<p>Av. Maquehue N\u00b01441<\/p>\n\n\n\n<p><strong>Horario de Atenci\u00f3n<\/strong><\/p>\n\n\n\n<p>Lunes a viernes de 08:30 a 13:00 hrs.<\/p>\n\n\n\n<hr class=\"wp-block-separator has-css-opacity is-style-wide\"\/>\n\n\n\n<p><strong>Encargado(a) <\/strong>Patricio Koening Guerrero<\/p>\n\n\n\n<i class=\"fa fa-envelope \" ><\/i> <a href=\"mailto:oirs@padrelascasas.cl\">oirs@padrelascasas.cl<\/a><\/p>\n\n\n\n<i class=\"fa fa-phone \" ><\/i> 452590000<\/p>\n\n\n\n<p class=\"has-very-light-gray-color has-vivid-cyan-blue-background-color has-text-color has-background\"><strong>Secretar\u00eda Administrativa del Concejo Municipal y del Consejo Comunal de Organizaciones de la Sociedad Civil<\/strong><\/p>\n\n\n\n<p><strong>Descripci\u00f3n<\/strong><\/p>\n\n\n\n<p>Encargada de realizar las tareas propias de Secretar\u00eda, de acuerdo a las instrucciones que imparta la Secretaria Municipal, el Concejo Municipal y del Consejo Comunal de Organizaciones de la Sociedad Civil, de acuerdo a lo que disponen los Reglamentos Internos de funcionamiento de cada Concejo.<\/p>\n\n\n\n<p><strong>Funciones<\/strong><\/p>\n\n\n\n<ol class=\"wp-block-list\" type=\"a\">\n<li>Confeccionar las Actas de las sesiones, mantenerlas archivadas y registrar toda correspondencia que sea dirigida a cada Concejo.<\/li>\n\n\n\n<li>Redactar y despachar todo tipo de oficios y citaciones.<\/li>\n\n\n\n<li>Comunicar, o transcribir los acuerdos del <strong>Concejo Municipal y del Consejo Comunal de Organizaciones de la Sociedad Civil<\/strong> a las unidades internas del Municipio o a quienes as\u00ed se disponga.<\/li>\n\n\n\n<li>Atender p\u00fablico en general, para dar debida satisfacci\u00f3n a sus requerimientos, y realizar las funciones que propendan al mejor manejo o cumplimiento de los objetivos de dicha Unidad.<\/li>\n\n\n\n<li>Remitir a la oficina de inform\u00e1tica, las actas del <strong>Concejo Municipal y del Consejo Comunal de Organizaciones de la Sociedad Civil<\/strong> debidamente aprobadas, para su publicaci\u00f3n en la P\u00e1gina Web de la Municipalidad.<\/li>\n\n\n\n<li>Solicitar y obtener dentro de los plazos legales, de las Direcciones Municipales, los informes requeridos por el <strong>Concejo Municipal y del Consejo Comunal de Organizaciones de la Sociedad Civil<\/strong>.<\/li>\n\n\n\n<li>Levar registro de asistencia de los Concejales a reuniones de comisiones.<\/li>\n\n\n\n<li>Cumplir las dem\u00e1s funciones que la Ley o la Autoridad Administrativa le se\u00f1ale, en conformidad con la Normativa Legal.<\/li>\n<\/ol>\n\n\n\n<p><strong>Ubicaci\u00f3n<\/strong><\/p>\n\n\n\n<p>Av. Maquehue N\u00b01441<\/p>\n\n\n\n<p><strong>Horario de Atenci\u00f3n<\/strong><\/p>\n\n\n\n<p>Lunes a viernes de 08:30 a 13:00 hrs.<\/p>\n\n\n\n<hr class=\"wp-block-separator has-css-opacity is-style-wide\"\/>\n\n\n\n<p><strong>Encargado(a) <\/strong>Ver\u00f3nica Cay\u00fan Gonz\u00e1lez<\/p>\n\n\n\n<i class=\"fa fa-envelope \" ><\/i> <a href=\"mailto:vcayun@padrelascasas.cl\">vcayun@padrelascasas.cl<\/a><\/p>\n\n\n\n<i class=\"fa fa-phone \" ><\/i> 452590004 &#8211; <i class=\"fa fa-phone \" ><\/i> 452590005<\/div><\/div>\n\n\n\n<p><\/p>\n","protected":false},"excerpt":{"rendered":"<p>Director Sr. Oscar Albornoz Torres Profesi\u00f3n Abogado oalbornoz@padrelascasas.cl 452590003 Secretaria Ver\u00f3nica Cay\u00fan Gonz\u00e1lez secretaria.secretariamunicipal@padrelascasas.cl 452590004 Descripci\u00f3n Direcci\u00f3n La Secretar\u00eda Municipal est\u00e1 a cargo del Sr. Oscar Albornoz Torres, Abogado quien dirige las actividades de Secretaria Administrativa del alcalde, del Concejo Municipal y del Consejo Comunal de Organizaciones de la Sociedad Civil; se desempe\u00f1a tambi\u00e9n como [&hellip;]<\/p>\n","protected":false},"author":1,"featured_media":8360,"parent":0,"menu_order":0,"comment_status":"closed","ping_status":"closed","template":"page-direcciones.php","meta":{"pgc_sgb_lightbox_settings":"","footnotes":""},"class_list":["post-118","page","type-page","status-publish","has-post-thumbnail","hentry"],"_links":{"self":[{"href":"https:\/\/padrelascasas.cl\/newplc\/wp-json\/wp\/v2\/pages\/118","targetHints":{"allow":["GET"]}}],"collection":[{"href":"https:\/\/padrelascasas.cl\/newplc\/wp-json\/wp\/v2\/pages"}],"about":[{"href":"https:\/\/padrelascasas.cl\/newplc\/wp-json\/wp\/v2\/types\/page"}],"author":[{"embeddable":true,"href":"https:\/\/padrelascasas.cl\/newplc\/wp-json\/wp\/v2\/users\/1"}],"replies":[{"embeddable":true,"href":"https:\/\/padrelascasas.cl\/newplc\/wp-json\/wp\/v2\/comments?post=118"}],"version-history":[{"count":0,"href":"https:\/\/padrelascasas.cl\/newplc\/wp-json\/wp\/v2\/pages\/118\/revisions"}],"wp:featuredmedia":[{"embeddable":true,"href":"https:\/\/padrelascasas.cl\/newplc\/wp-json\/wp\/v2\/media\/8360"}],"wp:attachment":[{"href":"https:\/\/padrelascasas.cl\/newplc\/wp-json\/wp\/v2\/media?parent=118"}],"curies":[{"name":"wp","href":"https:\/\/api.w.org\/{rel}","templated":true}]}}