{"id":122,"date":"2020-06-03T03:29:27","date_gmt":"2020-06-03T06:29:27","guid":{"rendered":"http:\/\/www.padrelascasas.cl\/newplc\/?page_id=122"},"modified":"2025-04-25T10:23:51","modified_gmt":"2025-04-25T13:23:51","slug":"secretaria-comunal-de-planificacion","status":"publish","type":"page","link":"https:\/\/padrelascasas.cl\/newplc\/secretaria-comunal-de-planificacion\/","title":{"rendered":"Secretar\u00eda Comunal de Planificaci\u00f3n"},"content":{"rendered":"\n<div class=\"wp-block-columns is-layout-flex wp-container-core-columns-is-layout-1 wp-block-columns-is-layout-flex\">\n<div class=\"wp-block-column is-layout-flow wp-block-column-is-layout-flow\">\n<p><strong>Director<\/strong> Wilson Ceballos Vega<\/p>\n\n\n\n<p><strong>Profesi\u00f3n<\/strong> Ingeniero en Administraci\u00f3n de Empresas<\/p>\n\n\n\n<i class=\"fa fa-envelope \" ><\/i>  <a href=\"mailto:wceballos@padrelascasas.cl\" class=\"ek-link\">wceballos@padrelascasas.cl<\/a><\/p>\n\n\n\n<i class=\"fa fa-phone \" ><\/i>  452590060<\/p>\n<\/div>\n\n\n\n<div class=\"wp-block-column is-layout-flow wp-block-column-is-layout-flow\">\n<p><strong>Secretaria<\/strong> Elizabeth Rosales Lincoleo<\/p>\n\n\n\n<i class=\"fa fa-envelope \" ><\/i>  erosalesl@padrelascasas.cl<\/p>\n\n\n\n<i class=\"fa fa-phone \" ><\/i> 452590061<\/p>\n<\/div>\n<\/div>\n\n\n\n<p class=\"has-very-light-gray-color has-vivid-cyan-blue-background-color has-text-color has-background\"><strong>Descripci\u00f3n Direcci\u00f3n<\/strong><\/p>\n\n\n\n<p>Su objetivo es planificar la gesti\u00f3n interna relacionada con el desarrollo de la comuna y programar las actividades financieras de la Corporaci\u00f3n, basada en los instrumentos de Planificaci\u00f3n de car\u00e1cter normativo y propositivo de la Municipalidad.<\/p>\n\n\n\n<p>Sus funciones gen\u00e9ricas son:<\/p>\n\n\n\n<p>Desempe\u00f1ar funciones de asesor\u00eda del Alcalde y del Concejo, en materias de estudios y evaluaciones, propias de las competencias de ambos \u00f3rganos municipales. En tal car\u00e1cter, le corresponder\u00e1n las siguientes funciones:<\/p>\n\n\n\n<ol class=\"wp-block-list\"><li>Servir de Secretar\u00eda t\u00e9cnica permanente del Alcalde y del Concejo en la formulaci\u00f3n de la estrategia municipal; como asimismo de las pol\u00edticas, planes, programas y proyectos de desarrollo de la comuna.<\/li><li>Asesorar al Alcalde en la elaboraci\u00f3n de los proyectos del Plan&nbsp; de Desarrollo Comunal, Presupuesto Municipal y de Servicios Incorporados a la Gesti\u00f3n Municipal, Plan Regulador y otros, que la Autoridad estime pertinente.<\/li><li>Evaluar el cumplimiento de los planes, programas, proyectos, inversiones y el presupuesto municipal, e informar sobre estas materias al Concejo, a lo menos semestralmente.<\/li><li>Efectuar an\u00e1lisis y evaluaciones permanentes de la situaci\u00f3n de desarrollo de la comuna, con \u00e9nfasis en los aspectos sociales y territoriales.<\/li><li>Elaborar las bases Administrativas, Especiales y Generales seg\u00fan corresponda, para los llamados a licitaci\u00f3n previo informe de la unidad competente, de conformidad con los criterios e instrucciones establecidos en el Reglamento Municipal respectivo.<\/li><li>Presentar al Concejo Municipal las modificaciones a los Presupuestos Municipal, Salud, Educaci\u00f3n y Cementerio, cuando corresponda, y elaborar los decretos pertinentes que aprueban dichas modificaciones.<\/li><li>Fomentar vinculaciones de car\u00e1cter t\u00e9cnico con las distintas direcciones municipales, los servicios p\u00fablicos y con el sector privado de la comuna.&nbsp;<\/li><li>Servir de unidad t\u00e9cnica permanente ante la Asociaci\u00f3n de Municipalidades de la Precordillera, u otras en que el Municipio participe.<\/li><li>Recopilar y mantener la informaci\u00f3n comunal y regional atingente a sus funciones.<\/li><\/ol>\n\n\n\n<p>La Secretar\u00eda Comunal de Planificaci\u00f3n estar\u00e1 a cargo de un Secretario Comunal, que tiene por imperativo legal, la calidad de funcionario de la exclusiva confianza del Alcalde, del cual depender\u00e1n los siguientes departamentos:<\/p>\n\n\n\n<ol class=\"wp-block-list\"><li>Departamento de Planificaci\u00f3n Econ\u00f3mica &#8211; Financiera<\/li><li>Departamento de Planificaci\u00f3n Social y Territorial<\/li><li>Departamento de Proyectos.<\/li><li>Departamento de Asesor\u00eda Urbana e Infraestructura.<\/li><\/ol>\n\n\n\n<p><br>Direcci\u00f3n: Lord Cochrane N\u00ba 1595 \u2013 Padre Las Casas<\/p>\n","protected":false},"excerpt":{"rendered":"<p>Director Wilson Ceballos Vega Profesi\u00f3n Ingeniero en Administraci\u00f3n de Empresas wceballos@padrelascasas.cl 452590060 Secretaria Elizabeth Rosales Lincoleo erosalesl@padrelascasas.cl 452590061 Descripci\u00f3n Direcci\u00f3n Su objetivo es planificar la gesti\u00f3n interna relacionada con el desarrollo de la comuna y programar las actividades financieras de la Corporaci\u00f3n, basada en los instrumentos de Planificaci\u00f3n de car\u00e1cter normativo y propositivo de la [&hellip;]<\/p>\n","protected":false},"author":1,"featured_media":11308,"parent":0,"menu_order":0,"comment_status":"closed","ping_status":"closed","template":"page-direcciones.php","meta":{"pgc_sgb_lightbox_settings":"","footnotes":""},"class_list":["post-122","page","type-page","status-publish","has-post-thumbnail","hentry"],"_links":{"self":[{"href":"https:\/\/padrelascasas.cl\/newplc\/wp-json\/wp\/v2\/pages\/122","targetHints":{"allow":["GET"]}}],"collection":[{"href":"https:\/\/padrelascasas.cl\/newplc\/wp-json\/wp\/v2\/pages"}],"about":[{"href":"https:\/\/padrelascasas.cl\/newplc\/wp-json\/wp\/v2\/types\/page"}],"author":[{"embeddable":true,"href":"https:\/\/padrelascasas.cl\/newplc\/wp-json\/wp\/v2\/users\/1"}],"replies":[{"embeddable":true,"href":"https:\/\/padrelascasas.cl\/newplc\/wp-json\/wp\/v2\/comments?post=122"}],"version-history":[{"count":1,"href":"https:\/\/padrelascasas.cl\/newplc\/wp-json\/wp\/v2\/pages\/122\/revisions"}],"predecessor-version":[{"id":11309,"href":"https:\/\/padrelascasas.cl\/newplc\/wp-json\/wp\/v2\/pages\/122\/revisions\/11309"}],"wp:featuredmedia":[{"embeddable":true,"href":"https:\/\/padrelascasas.cl\/newplc\/wp-json\/wp\/v2\/media\/11308"}],"wp:attachment":[{"href":"https:\/\/padrelascasas.cl\/newplc\/wp-json\/wp\/v2\/media?parent=122"}],"curies":[{"name":"wp","href":"https:\/\/api.w.org\/{rel}","templated":true}]}}