{"id":124,"date":"2020-06-03T03:29:35","date_gmt":"2020-06-03T06:29:35","guid":{"rendered":"http:\/\/www.padrelascasas.cl\/newplc\/?page_id=124"},"modified":"2023-09-27T13:12:16","modified_gmt":"2023-09-27T16:12:16","slug":"direccion-de-desarrollo-comunitario","status":"publish","type":"page","link":"https:\/\/padrelascasas.cl\/newplc\/direccion-de-desarrollo-comunitario\/","title":{"rendered":"Direcci\u00f3n de Desarrollo Comunitario"},"content":{"rendered":"\n<div class=\"wp-block-columns is-layout-flex wp-container-core-columns-is-layout-1 wp-block-columns-is-layout-flex\">\n<div class=\"wp-block-column is-layout-flow wp-block-column-is-layout-flow\">\n<p><strong>Director<\/strong> Sergio Sandoval Benavente<\/p>\n\n\n\n<p><strong>Profesi\u00f3n<\/strong> Asistente Social<\/p>\n\n\n\n<i class=\"fa fa-envelope \" ><\/i>  <a href=\"mailto:ssandovalb@padrelascasas.cl\" class=\"ek-link\">ssandovalb@padrelascasas.cl<\/a><\/p>\n\n\n\n<i class=\"fa fa-phone \" ><\/i>  452590231<\/p>\n<\/div>\n\n\n\n<div class=\"wp-block-column is-layout-flow wp-block-column-is-layout-flow\">\n<p><strong>Secretaria<\/strong> Marina Sep\u00falveda<\/p>\n\n\n\n<i class=\"fa fa-envelope \" ><\/i>  msepulveda@padrelascasas.cl<\/p>\n\n\n\n<i class=\"fa fa-phone \" ><\/i> 452590231<\/p>\n<\/div>\n<\/div>\n\n\n\n<p class=\"has-very-light-gray-color has-vivid-cyan-blue-background-color has-text-color has-background\"><strong>Descripci\u00f3n Direcci\u00f3n<\/strong><\/p>\n\n\n\n<p>El objeto de la Direcci\u00f3n de Desarrollo Comunitario es asesorar al Alcalde y al concejo municipal en la promoci\u00f3n del desarrollo comunitario, en los \u00e1mbitos social, econ\u00f3mico, cultural y deportivo, considerando especialmente la integraci\u00f3n y participaci\u00f3n de los residentes de la comuna.<\/p>\n\n\n\n<div class=\"su-spoiler su-spoiler-style-default su-spoiler-icon-plus su-spoiler-closed\" data-scroll-offset=\"0\" data-anchor-in-url=\"no\"><div class=\"su-spoiler-title\" tabindex=\"0\" role=\"button\"><span class=\"su-spoiler-icon\"><\/span>Funciones Generales<\/div><div class=\"su-spoiler-content su-u-clearfix su-u-trim\">\n\n\n\n<ol class=\"wp-block-list\" type=\"a\">\n<li>Asesorar al alcalde y al concejo municipal en la promoci\u00f3n del desarrollo comunitario.<br><\/li>\n\n\n\n<li>Prestar asesor\u00eda t\u00e9cnica a las organizaciones comunitarias, fomentar su desarrollo y legalizaci\u00f3n, y promover su efectiva<br>participaci\u00f3n en el municipio.<br><\/li>\n\n\n\n<li>Proponer y ejecutar, dentro de su \u00e1mbito y cuando corresponda, medidas tendientes a materializar acciones relacionadas con salud p\u00fablica, protecci\u00f3n del medio ambiente, educaci\u00f3n y cultura, capacitaci\u00f3n laboral, deporte y recreaci\u00f3n, promoci\u00f3n del empleo, fomento productivo local y turismo.<\/div><\/div><\/li>\n<\/ol>\n\n\n\n<div class=\"su-spoiler su-spoiler-style-default su-spoiler-icon-plus su-spoiler-closed\" data-scroll-offset=\"0\" data-anchor-in-url=\"no\"><div class=\"su-spoiler-title\" tabindex=\"0\" role=\"button\"><span class=\"su-spoiler-icon\"><\/span>Oficinas o Departamentos<\/div><div class=\"su-spoiler-content su-u-clearfix su-u-trim\"><\/div><\/div>\n\n\n\n<p class=\"has-very-light-gray-color has-vivid-cyan-blue-background-color has-text-color has-background\"><strong>APOYO E INCENTIVO A LA EDUCACI\u00d3N Y POSTULACI\u00d3N Y RENOVACI\u00d3N BECAS PRESIDENTE DE LA REP\u00daBLICA E IND\u00cdGENA<\/strong><\/p>\n\n\n\n<p><strong>Descripci\u00f3n<\/strong><\/p>\n\n\n\n<p>Fortalecer la educaci\u00f3n formal en la Comuna de Padre Las Casas. El programa se encuentra enfocado para estudiantes de ense\u00f1anza preescolar, b\u00e1sica, media y superior, pertenecientes a un contexto socio econ\u00f3mico vulnerable, buscando con ello, una gesti\u00f3n integral orientada en el \u00e1mbito educativo.<\/p>\n\n\n\n<hr class=\"wp-block-separator has-css-opacity is-style-wide\"\/>\n\n\n\n<p><strong>Funciones<\/strong><\/p>\n\n\n\n<p>La oportuna atenci\u00f3n de usuarios para orientar, recepcionar y evaluar, los antecedentes presentados por los estudiantes para la postulaci\u00f3n y renovaci\u00f3n de la Beca Ind\u00edgena, Beca Presidente de La Rep\u00fablica y la Beca Residencia Ind\u00edgena, en el per\u00edodo establecido por la Junta Nacional de Auxilio Escolar y Becas, adem\u00e1s de la tramitaci\u00f3n en la obtenci\u00f3n del incentivo municipal a la educaci\u00f3n consistente en un aporte econ\u00f3mico a estudiantes pertenecientes a familias vulnerables, siempre y cuando cumplan los siguientes requisitos:<\/p>\n\n\n\n<ul class=\"wp-block-list\">\n<li>Encontrarse matriculado o tener calidad de alumno regular en alg\u00fan establecimiento educacional,<\/li>\n\n\n\n<li>Promedio de notas igual o superior a 6.0<\/li>\n\n\n\n<li>Tramo del Registro Social de Hogares hasta el 60%.<\/li>\n<\/ul>\n\n\n\n<p><strong>Beca presidente de la Rep\u00fablica:<\/strong>Busca apoyar econ\u00f3micamente a estudiantes de escasos recursos econ\u00f3micos y de un rendimiento acad\u00e9mico sobresaliente para que realicen sus estudios de educaci\u00f3n media. Este beneficio es tramitado en La Municipalidad, sin embargo, la selecci\u00f3n de los beneficiarios est\u00e1 a cargo de JUNAEB. Consiste en un subsidio mensual de 0. 62 UTM y se paga en 10 cuotas dentro del a\u00f1o, siempre y cuando los postulantes cumplan los requisitos establecidos por la JUNAEB.<\/p>\n\n\n\n<p><strong>Beca Ind\u00edgena<\/strong>: Est\u00e1 destinada a estudiantes de ascendencia ind\u00edgena de educaci\u00f3n b\u00e1sica, media y superior que presentan buen rendimiento acad\u00e9mico y una situaci\u00f3n socio econ\u00f3mica vulnerable. Este beneficio es tramitado en La Municipalidad, sin embargo, la selecci\u00f3n de los beneficiarios est\u00e1 a cargo de JUNAEB, siempre y cuando los postulantes cumplan con requisitos establecidos por esta instituci\u00f3n.<\/p>\n\n\n\n<hr class=\"wp-block-separator has-css-opacity is-style-wide\"\/>\n\n\n\n<div class=\"wp-block-columns is-layout-flex wp-container-core-columns-is-layout-2 wp-block-columns-is-layout-flex\">\n<div class=\"wp-block-column is-layout-flow wp-block-column-is-layout-flow\">\n<figure class=\"wp-block-table\"><table><tbody><tr><td>Ubicaci\u00f3n<\/td><td>Pleiteado N\u00b0 682 (Biblioteca Municipal)<\/td><\/tr><tr><td>Horario de Atenci\u00f3n<\/td><td>Lunes a viernes de 08:30 a 13:00 hrs.<\/td><\/tr><\/tbody><\/table><\/figure>\n<\/div>\n\n\n\n<div class=\"wp-block-column is-layout-flow wp-block-column-is-layout-flow\">\n<figure class=\"wp-block-table\"><table><tbody><tr><td>Encargado(a)<\/td><td>Milton Garrido Henr\u00edquez<\/td><\/tr><tr><td><i class=\"fa fa-envelope \" ><\/i><\/td><td>mgarrido@padrelascasas.cl<\/td><\/tr><tr><td><i class=\"fa fa-phone \" ><\/i><\/td><td>452590805<\/td><\/tr><\/tbody><\/table><\/figure>\n<\/div>\n<\/div>\n\n\n\n<p class=\"has-very-light-gray-color has-vivid-cyan-blue-background-color has-text-color has-background\"><strong>APOYO A TALLERES LABORALES<\/strong><\/p>\n\n\n\n<p><strong>Descripci\u00f3n<\/strong><\/p>\n\n\n\n<p>El programa contempla realizar capacitaciones a los distintos Talleres Laborales que solicitan capacitaci\u00f3n tanto urbanos como rurales existentes en la comuna de Padre Las Casas, esto se lleva a cabo en distintas \u00e1reas, con variadas t\u00e9cnicas.<\/p>\n\n\n\n<p><strong>Funciones<\/strong><\/p>\n\n\n\n<p>Realizaci\u00f3n de talleres con organizaciones en los \u00e1mbitos de: manualidades, tejido a telares, crochet, palillo y corte confecciones; bordado ruso, decapare, bordado en cinta, cester\u00eda, corte y confecci\u00f3n, entre otros. Para los cuales se contempla la contrataci\u00f3n de monitoras 4, a fin de dar respuesta a la gran demanda de los Talleres Laborales legalmente constituidos en la Comuna. Todo lo anterior, desde una mirada productiva, es decir, que las beneficiarias a partir de las capacitaciones recibidas, puedan elaborar productos que despu\u00e9s puedan comercializar, y as\u00ed obtener recursos econ\u00f3micos, para ellas y sus familias.<\/p>\n\n\n\n<p>Requisitos de ingreso:<\/p>\n\n\n\n<ul class=\"wp-block-list\">\n<li>Agrupaci\u00f3n de Mujeres Constituidas con Personalidad Jur\u00eddica como Taller Laboral.<\/li>\n\n\n\n<li>No tener deudas de rendiciones anteriores con el Municipio.<\/li>\n\n\n\n<li>Personalidad Jur\u00eddica al d\u00eda.<\/li>\n\n\n\n<li>Solicitud de ingreso al Programa a trav\u00e9s de carta dirigida al Sr. Alcalde.<\/li>\n\n\n\n<li>Comunidades ind\u00edgenas (mujeres) que solicitan capacitaci\u00f3n para mujeres.<\/li>\n<\/ul>\n\n\n\n<hr class=\"wp-block-separator has-css-opacity is-style-wide\"\/>\n\n\n\n<div class=\"wp-block-columns is-layout-flex wp-container-core-columns-is-layout-3 wp-block-columns-is-layout-flex\">\n<div class=\"wp-block-column is-layout-flow wp-block-column-is-layout-flow\">\n<figure class=\"wp-block-table\"><table><tbody><tr><td>Ubicaci\u00f3n<\/td><td>Av. Maquehue N\u00b01441 (Oficina de Organizaciones Comunitarias)<\/td><\/tr><tr><td>Horario de Atenci\u00f3n<\/td><td>Lunes a viernes de 08:30 a 13:00 hrs.<\/td><\/tr><\/tbody><\/table><\/figure>\n<\/div>\n\n\n\n<div class=\"wp-block-column is-layout-flow wp-block-column-is-layout-flow\">\n<figure class=\"wp-block-table\"><table><tbody><tr><td>Encargado(a)<\/td><td>Hassan Sabag Inostroza<\/td><\/tr><tr><td><i class=\"fa fa-envelope \" ><\/i><\/td><td><a href=\"mailto:hsabag@padrelascasas.cl\">hsabag@padrelascasas.cl<\/a><\/td><\/tr><tr><td><i class=\"fa fa-phone \" ><\/i><\/td><td>452590919<\/td><\/tr><\/tbody><\/table><\/figure>\n<\/div>\n<\/div>\n\n\n\n<p class=\"has-very-light-gray-color has-vivid-cyan-blue-background-color has-text-color has-background\"><strong>INCLUSI\u00d3N COMUNAL<\/strong><\/p>\n\n\n\n<p><strong>Descripci\u00f3n<\/strong><\/p>\n\n\n\n<p>El objetivo del programa escontribuir al mejoramiento de la calidad de vida y participaci\u00f3n social de las personas con discapacidad y sus familiares, a trav\u00e9s de la entrega de servicios de apoyo e intermediaci\u00f3n que disminuyan las barreras f\u00edsicas y sociales presentes en el entorno.<\/p>\n\n\n\n<p><strong>Funciones<\/strong><\/p>\n\n\n\n<ol class=\"wp-block-list\">\n<li>Impulsar estrategias inclusivas en los \u00e1mbitos de rehabilitaci\u00f3n con base comunitaria, tr\u00e1nsito a la vida independiente, intermediaci\u00f3n laboral y participaci\u00f3n en la comunidad local.<\/li>\n\n\n\n<li>Apoyo material a personas con discapacidad en situaci\u00f3n de vulnerabilidad social.<\/li>\n\n\n\n<li>Fomentar la articulaci\u00f3n de acciones que se realicen en materia discapacidad en la comuna a trav\u00e9s de la coordinaci\u00f3n intersectorial con los diferentes dispositivos de salud, organizaciones de personas con discapacidad, programas municipales y otras entidades con cobertura comunal y regional.<\/li>\n\n\n\n<li>Entrega de Asistencia Personal en actividades de la vida diaria a personas con discapacidad y sus cuidadores.<\/li>\n\n\n\n<li>Intermediaci\u00f3n para la postulaci\u00f3n a ayudas t\u00e9cnicas de SENADIS en el plazo que la instituci\u00f3n establezca.<\/li>\n\n\n\n<li>Intermediaci\u00f3n en el proceso de obtenci\u00f3n de credencial de discapacidad.<\/li>\n\n\n\n<li>Habilitaci\u00f3n de cinco talleres con asistencia presencial: <\/li>\n<\/ol>\n\n\n\n<ul class=\"wp-block-list\">\n<li>Taller de Folclor<\/li>\n\n\n\n<li>Taller Corte y Confecciones<\/li>\n\n\n\n<li>Taller de Artesan\u00eda en Cuero<\/li>\n\n\n\n<li>Taller de Artesan\u00eda en Papel Reciclado<\/li>\n\n\n\n<li>Taller de Uso de Software Jaws para personas ciegas.<\/li>\n<\/ul>\n\n\n\n<p><strong>Requisitos de Ingreso:<\/strong><\/p>\n\n\n\n<p>Contar con credencial de discapacidad, y documentos que respalden su estado de necesidad manifiesta y vulnerabilidad social.<\/p>\n\n\n\n<hr class=\"wp-block-separator has-css-opacity is-style-wide\"\/>\n\n\n\n<div class=\"wp-block-columns is-layout-flex wp-container-core-columns-is-layout-4 wp-block-columns-is-layout-flex\">\n<div class=\"wp-block-column is-layout-flow wp-block-column-is-layout-flow\">\n<figure class=\"wp-block-table\"><table><tbody><tr><td>Ubicaci\u00f3n<\/td><td>Villa Alegre N\u00b0841.<\/td><\/tr><tr><td>Horario de Atenci\u00f3n<\/td><td>Lunes a viernes de 08:30 a 13:00 hrs.<\/td><\/tr><\/tbody><\/table><\/figure>\n<\/div>\n\n\n\n<div class=\"wp-block-column is-layout-flow wp-block-column-is-layout-flow\">\n<figure class=\"wp-block-table\"><table><tbody><tr><td>Encargado(a)<\/td><td>Juan Pablo Saavedra Mart\u00ednez<\/td><\/tr><tr><td><i class=\"fa fa-envelope \" ><\/i><\/td><td>hsaavedra@padrelascasas.cl<\/td><\/tr><tr><td><i class=\"fa fa-phone \" ><\/i><\/td><td>961251933<\/td><\/tr><\/tbody><\/table><\/figure>\n<\/div>\n<\/div>\n\n\n\n<p class=\"has-very-light-gray-color has-vivid-cyan-blue-background-color has-text-color has-background\"><strong>CENTRO MAPUCHE REMOLINO<\/strong><\/p>\n\n\n\n<p>El Centro Mapuche Remolino, es una iniciativa municipal, que entra en funcionamiento a partir del a\u00f1o 2012.<\/p>\n\n\n\n<p>Est\u00e1 enfocado en prestar asesor\u00eda y apoyo a las personas del sector en cuatro ejes: Productivo, Salud, Social y Cultural, de manera de acercar el municipio a las personas.<\/p>\n\n\n\n<p>Est\u00e1 orientada a atender la demanda de las comunidades, personas naturales, escuelas y diferentes grupos e instituciones que requieran de los espacios f\u00edsicos u atenci\u00f3n de personas del equipo que conforma el Centro Mapuche Remolino.<\/p>\n\n\n\n<p><strong>Funciones<\/strong><\/p>\n\n\n\n<p>Asesoramiento Productivo: se entrega atenci\u00f3n en producci\u00f3n de plantines de hortalizas y asesor\u00eda t\u00e9cnica especializada cuando se requiera.<\/p>\n\n\n\n<p>Asesoramiento en Salud: Atenci\u00f3n de animales, mascotas y gesti\u00f3n para atenci\u00f3n medica mediante cl\u00ednica m\u00f3vil. Examen de triquinosis gratuita y en forma diaria.<\/p>\n\n\n\n<p>Asesoramiento Social: Tramite de ayudas sociales y otro tipo de ayuda seg\u00fan lo requiera la comunidad. Cultural: Apoyo a las comunidades en conmemoraci\u00f3n de celebraciones culturales, tales como el We Tripantu, y otras ceremonias ancestrales.<\/p>\n\n\n\n<hr class=\"wp-block-separator has-css-opacity is-style-wide\"\/>\n\n\n\n<div class=\"wp-block-columns is-layout-flex wp-container-core-columns-is-layout-5 wp-block-columns-is-layout-flex\">\n<div class=\"wp-block-column is-layout-flow wp-block-column-is-layout-flow\">\n<figure class=\"wp-block-table\"><table><tbody><tr><td>Ubicaci\u00f3n<\/td><td>Comunidad Ind\u00edgena Manque\u00f1ir Ladino, Sector Remolino.<\/td><\/tr><tr><td>Horario de Atenci\u00f3n<\/td><td>Lunes a viernes de 08:30 a 13:00 hrs.<\/td><\/tr><\/tbody><\/table><\/figure>\n<\/div>\n\n\n\n<div class=\"wp-block-column is-layout-flow wp-block-column-is-layout-flow\">\n<figure class=\"wp-block-table\"><table><tbody><tr><td>Encargado(a)<\/td><td>Ernestina Ladino Colileo<\/td><\/tr><tr><td><i class=\"fa fa-envelope \" ><\/i><\/td><td>eladino@padrelascasas.cl<\/td><\/tr><tr><td><i class=\"fa fa-phone \" ><\/i><\/td><td>452923374<\/td><\/tr><\/tbody><\/table><\/figure>\n<\/div>\n<\/div>\n\n\n\n<p class=\"has-very-light-gray-color has-vivid-cyan-blue-background-color has-text-color has-background\"><strong>CL\u00cdNICA M\u00d3VIL MEDICO DENTAL<\/strong><\/p>\n\n\n\n<p><\/p>\n","protected":false},"excerpt":{"rendered":"<p>Director Sergio Sandoval Benavente Profesi\u00f3n Asistente Social ssandovalb@padrelascasas.cl 452590231 Secretaria Marina Sep\u00falveda msepulveda@padrelascasas.cl 452590231 Descripci\u00f3n Direcci\u00f3n El objeto de la Direcci\u00f3n de Desarrollo Comunitario es asesorar al Alcalde y al concejo municipal en la promoci\u00f3n del desarrollo comunitario, en los \u00e1mbitos social, econ\u00f3mico, cultural y deportivo, considerando especialmente la integraci\u00f3n y participaci\u00f3n de los residentes [&hellip;]<\/p>\n","protected":false},"author":1,"featured_media":8358,"parent":0,"menu_order":0,"comment_status":"closed","ping_status":"closed","template":"page-direcciones.php","meta":{"pgc_sgb_lightbox_settings":"","footnotes":""},"class_list":["post-124","page","type-page","status-publish","has-post-thumbnail","hentry"],"_links":{"self":[{"href":"https:\/\/padrelascasas.cl\/newplc\/wp-json\/wp\/v2\/pages\/124","targetHints":{"allow":["GET"]}}],"collection":[{"href":"https:\/\/padrelascasas.cl\/newplc\/wp-json\/wp\/v2\/pages"}],"about":[{"href":"https:\/\/padrelascasas.cl\/newplc\/wp-json\/wp\/v2\/types\/page"}],"author":[{"embeddable":true,"href":"https:\/\/padrelascasas.cl\/newplc\/wp-json\/wp\/v2\/users\/1"}],"replies":[{"embeddable":true,"href":"https:\/\/padrelascasas.cl\/newplc\/wp-json\/wp\/v2\/comments?post=124"}],"version-history":[{"count":0,"href":"https:\/\/padrelascasas.cl\/newplc\/wp-json\/wp\/v2\/pages\/124\/revisions"}],"wp:featuredmedia":[{"embeddable":true,"href":"https:\/\/padrelascasas.cl\/newplc\/wp-json\/wp\/v2\/media\/8358"}],"wp:attachment":[{"href":"https:\/\/padrelascasas.cl\/newplc\/wp-json\/wp\/v2\/media?parent=124"}],"curies":[{"name":"wp","href":"https:\/\/api.w.org\/{rel}","templated":true}]}}