{"id":128,"date":"2020-06-03T03:29:50","date_gmt":"2020-06-03T06:29:50","guid":{"rendered":"http:\/\/www.padrelascasas.cl\/newplc\/?page_id=128"},"modified":"2025-04-29T18:45:12","modified_gmt":"2025-04-29T21:45:12","slug":"direccion-de-medio-ambiente-aseo-y-ornato","status":"publish","type":"page","link":"https:\/\/padrelascasas.cl\/newplc\/direccion-de-medio-ambiente-aseo-y-ornato\/","title":{"rendered":"Direcci\u00f3n de Medio Ambiente, Aseo y Ornato"},"content":{"rendered":"\n<div class=\"wp-block-columns is-layout-flex wp-container-core-columns-is-layout-1 wp-block-columns-is-layout-flex\">\n<div class=\"wp-block-column is-layout-flow wp-block-column-is-layout-flow\">\n<p><strong>Director<\/strong> Claudio Quilaqueo Catal\u00e1n<\/p>\n\n\n\n<p><strong>Profesi\u00f3n<\/strong> Ingeniero Civil Industrial<\/p>\n\n\n\n<i class=\"fa fa-envelope \" ><\/i>  <a href=\"mailto:cquilaqueo@padrelascasas.cl\" class=\"ek-link\">cquilaqueo@padrelascasas.cl<\/a><\/p>\n\n\n\n<i class=\"fa fa-phone \" ><\/i>  452590051<\/p>\n<\/div>\n\n\n\n<div class=\"wp-block-column is-layout-flow wp-block-column-is-layout-flow\">\n<p><strong>Secretaria<\/strong> Nelly Flores C.<\/p>\n\n\n\n<i class=\"fa fa-envelope \" ><\/i>  secretaria.medioambienteyaseo@padrelascasas.cl<\/p>\n\n\n\n<i class=\"fa fa-phone \" ><\/i> 452590425<\/p>\n<\/div>\n<\/div>\n\n\n\n<div class=\"su-accordion su-u-trim\"><\/div><div class=\"su-spoiler su-spoiler-style-default su-spoiler-icon-plus su-spoiler-closed\" data-scroll-offset=\"0\" data-anchor-in-url=\"no\"><div class=\"su-spoiler-title\" tabindex=\"0\" role=\"button\"><span class=\"su-spoiler-icon\"><\/span>DESCRIPCI\u00d3N DIRECCI\u00d3N<\/div><div class=\"su-spoiler-content su-u-clearfix su-u-trim\"> La Direcci\u00f3n de Medio Ambiente, Aseo y Ornato es la unidad que tiene a su cargo las siguientes funciones, de conformidad con lo dispuesto en el art\u00edculo 25 de la ley 18.695 Org\u00e1nica Constitucional de Municipalidades:<\/p>\n\n\n\n<ol style=\"list-style-type:1\" class=\"wp-block-list\">\n<li>El aseo y mantenimiento de las \u00e1reas verdes, conservaci\u00f3n de parques, plazas, jardines y en general los bienes nacionales de uso p\u00fablico.<\/li>\n\n\n\n<li>El servicio de recolecci\u00f3n, transporte y disposici\u00f3n final de residuos s\u00f3lidos.<\/li>\n\n\n\n<li>La construcci\u00f3n, conservaci\u00f3n, ornato y administraci\u00f3n de las \u00e1reas verdes de la comuna.<\/li>\n\n\n\n<li>Proponer y ejecutar medidas tendientes a materializar acciones y programas relacionados con el medio ambiente. (Programa MA: Sensibilizaci\u00f3n, educaci\u00f3n y Gesti\u00f3n Ambiental)<\/li>\n\n\n\n<li>Aplicar las normas ambientales a ejecutarse en la comuna que sean de su competencia.<\/li>\n\n\n\n<li>Administrar el Cementerio Municipal.<\/li>\n\n\n\n<li>Colaborar con la Secretar\u00eda Comunal de Planificaci\u00f3n en la elaboraci\u00f3n de las bases administrativas y t\u00e9cnicas relativas a las concesiones de aseo, de \u00e1reas verdes, de ornamentaci\u00f3n y otros contratos relacionados con el aseo y ornato de la comuna.<\/li>\n\n\n\n<li>Otras funciones que la Ley se\u00f1ale o la autoridad superior le asigne, las que ejecutar\u00e1 en coordinaci\u00f3n con la unidad que corresponda, de conformidad a la legislaci\u00f3n vigente.<\/li>\n<\/ol>\n\n\n\n<p>Para el cumplimiento de sus funciones, la Direcci\u00f3n de Medio Ambiente, Aseo y Ornato contar\u00e1 con:<\/p>\n\n\n\n<ol style=\"list-style-type:1\" class=\"wp-block-list\">\n<li>Departamentos de Gesti\u00f3n y Proyectos Ambientales. Compuesto por:<\/li>\n<\/ol>\n\n\n\n<p>&nbsp;a) Oficina de Cambio Clim\u00e1tico y Biodiversidad<\/p>\n\n\n\n<p>Tambi\u00e9n Directamente del Director depender\u00e1n directamente las siguientes oficinas:<\/p>\n\n\n\n<ol style=\"list-style-type:1\" class=\"wp-block-list\">\n<li>Oficina de Aseo.<\/li>\n\n\n\n<li>Oficina de Parques, \u00c1reas Verdes y Ornato.<\/li>\n<\/ol>\n\n\n\n<p>&nbsp;Adem\u00e1s, el Cementerio Municipal tambi\u00e9n depende directamente del Director de Medio Ambiente Aseo y Ornato.<\/div><\/div> <\/p>\n\n\n\n<div class=\"su-accordion su-u-trim\"><\/div><div class=\"su-spoiler su-spoiler-style-default su-spoiler-icon-plus su-spoiler-closed\" data-scroll-offset=\"0\" data-anchor-in-url=\"no\"><div class=\"su-spoiler-title\" tabindex=\"0\" role=\"button\"><span class=\"su-spoiler-icon\"><\/span>DEPARTAMENTO DE GESTI\u00d3N Y PROYECTOS AMBIENTALES<\/div><div class=\"su-spoiler-content su-u-clearfix su-u-trim\"> <\/p>\n\n\n\n<ol style=\"list-style-type:1\" class=\"wp-block-list\">\n<li>Aplicar en el \u00e1mbito comunal las funciones relacionadas a la ley 19.300 y materias relacionadas sobre ases Generales del medioambiente, y su Reglamentaci\u00f3n.<\/li>\n\n\n\n<li>Asesorar profesionalmente a la Direcci\u00f3n de Medioambiente en todos los proyectos, acciones e iniciativas vinculadas al \u00e1rea medioambiental, de acuerdo a las pol\u00edticas nacionales, regionales y comunales en la materia.<\/li>\n\n\n\n<li>Elaborar y desarrollar profesionalmente la Estrategia Local Medioambiental en la comuna, gestionando los indicadores respectivos.<\/li>\n\n\n\n<li>Procurar la protecci\u00f3n y el fomento de la salud p\u00fablica de los habitantes de la comuna, mediante el desarrollo de programas orientados a evitar que las condiciones ambientales modifiquen en forma adversa el bienestar en los diversos \u00e1mbitos de la comuna, en cuanto a su participaci\u00f3n en el Plan de Descontaminaci\u00f3n Atmosf\u00e9rica y en Tenencia Responsable de Mascotas.<\/li>\n\n\n\n<li>Realizar acciones destinadas al saneamiento ambiental y a proteger la salud de la poblaci\u00f3n, de acuerdo a las normas que imparta el organismo competente, referido a la gesti\u00f3n de detecci\u00f3n y control de plagas provenientes de animales dom\u00e9sticos y otros, relativo a la entrega de raticidas, capacitaciones de uso, difusi\u00f3n sobre esta materia.<\/li>\n\n\n\n<li>Velar por el cumplimiento de las normas, planes y programas que haya impartido o imparta el Ministerio de Salud, relacionado con la materia de su competencia.<\/li>\n\n\n\n<li>Coordinar con otras unidades municipales o afines, las acciones extraprogram\u00e1ticas que tengan relaci\u00f3n con la salud p\u00fablica dentro de las normas legales ambientales vigentes.<\/li>\n\n\n\n<li>Ordenar, de acuerdo a prioridades y con criterios epidemiol\u00f3gicos, las \u00e1reas de impacto en el medio ambiente participando para ello en instancias de coordinaci\u00f3n regional y nacional.<\/li>\n\n\n\n<li>Aplicar, en lo que corresponda, las normas de la Ley N\u00ba 19.300 sobre Bases de Medio Ambiente y Ordenanza Local de Medio Ambiente, y otras normas que den competencia a las municipalidades a este respecto.<\/li>\n\n\n\n<li>Recibir y tramitar las denuncias que formulen los particulares y comunidades afectadas ante las entidades pertinentes, ante la superintendencia de medio ambiente, la autoridad sanitaria correspondiente, Conaf, etc.<\/li>\n\n\n\n<li>Colaborar con la educaci\u00f3n ambiental y la difusi\u00f3n de los derechos ambientales.<\/li>\n\n\n\n<li>Colaborar en la formulaci\u00f3n de iniciativas de inversi\u00f3n en el \u00e1rea.<\/li>\n\n\n\n<li>Coordinar con otras unidades municipales, las acciones de su competencia destinadas a la comunidad.<\/li>\n\n\n\n<li>Pronunciarse respecto de estudios e iniciativas ambientales que se presenten a su consideraci\u00f3n.<\/li>\n\n\n\n<li>Otras funciones que el departamento o direcci\u00f3n determine, en conformidad con la Ley y los reglamentos que existan al efecto.<\/div><\/div> <\/li>\n<\/ol>\n\n\n\n<div class=\"su-accordion su-u-trim\"><\/div><div class=\"su-spoiler su-spoiler-style-default su-spoiler-icon-plus su-spoiler-closed\" data-scroll-offset=\"0\" data-anchor-in-url=\"no\"><div class=\"su-spoiler-title\" tabindex=\"0\" role=\"button\"><span class=\"su-spoiler-icon\"><\/span>OFICINA DE CAMBIO CLIMATICO Y BIODIVERSIDAD<\/div><div class=\"su-spoiler-content su-u-clearfix su-u-trim\">\n\n\n\n<p>Es parte del Departamento de Gesti\u00f3n y Proyectos Ambientales le corresponder\u00e1 entre otras funciones, las siguientes:<\/p>\n\n\n\n<ol style=\"list-style-type:1\" class=\"wp-block-list\">\n<li>Asesorar en todas aquellas materias propias de la especialidad vinculadas al Cambio Clim\u00e1tico y la Biodiversidad, participando en las actividades organizadas por el Ministerio y otras autoridades nacionales y regionales.<\/li>\n\n\n\n<li>Elaborar, desarrollar e incentivar la participaci\u00f3n comunal en el Plan Nacional de Cambio Clim\u00e1tico.<\/li>\n\n\n\n<li>Asesorar profesionalmente en todas las materias relacionadas al Servicio de Biodiversidad, e implementando pol\u00edticas comunales que incentiven la participaci\u00f3n de los vecinos.<\/li>\n\n\n\n<li>Diagnosticar y Gestionar los humedales urbanos existentes en la comuna, de acuerdo a la reglamentaci\u00f3n vigente.<\/li>\n\n\n\n<li>Otras tareas relacionadas que se le asignen por su director.<\/div><\/div> <\/li>\n<\/ol>\n\n\n\n<div class=\"su-accordion su-u-trim\"><\/div><div class=\"su-spoiler su-spoiler-style-default su-spoiler-icon-plus su-spoiler-closed\" data-scroll-offset=\"0\" data-anchor-in-url=\"no\"><div class=\"su-spoiler-title\" tabindex=\"0\" role=\"button\"><span class=\"su-spoiler-icon\"><\/span>OFICINA DE ASEO<\/div><div class=\"su-spoiler-content su-u-clearfix su-u-trim\">\n\n\n\n<ol style=\"list-style-type:1\" class=\"wp-block-list\">\n<li>Velar por la mantenci\u00f3n del aseo de las v\u00edas p\u00fablicas, parques, jardines y, en general, de los bienes<\/li>\n\n\n\n<li>nacionales de uso p\u00fablico existentes en la comuna, en coordinaci\u00f3n con el Departamento de \u00c1reas Verdes.<\/li>\n\n\n\n<li>Velar por la prestaci\u00f3n permanente y continua del servicio de extracci\u00f3n y disposici\u00f3n final de la basura, y en su caso, efectuar el control del servicio entregado a terceros.<\/li>\n\n\n\n<li>Colaborar con el Departamento de Finanzas en el c\u00e1lculo de los derechos de aseo domiciliario, de acuerdo con la Ley de Rentas Municipales y la Ordenanza de Derechos respectiva.<\/li>\n\n\n\n<li>Gestionar y supervisar el servicio de recolecci\u00f3n de basura domiciliaria, industrial y comercial encomendado a Contratistas del Municipio.<\/li>\n\n\n\n<li>Desarrollar las actividades e iniciativas que permitan un adecuado funcionamiento del servicio de aseo y limpieza de la ciudad.<\/li>\n\n\n\n<li>Otras tareas relacionadas asignadas por su director de conformidad con la normativa imperante.<\/div><\/div> <\/li>\n<\/ol>\n\n\n\n<div class=\"su-accordion su-u-trim\"><\/div><div class=\"su-spoiler su-spoiler-style-default su-spoiler-icon-plus su-spoiler-closed\" data-scroll-offset=\"0\" data-anchor-in-url=\"no\"><div class=\"su-spoiler-title\" tabindex=\"0\" role=\"button\"><span class=\"su-spoiler-icon\"><\/span>OFICINA DE PARQUES, \u00c1REAS VERDES Y ORNATO<\/div><div class=\"su-spoiler-content su-u-clearfix su-u-trim\">\n\n\n\n<ol style=\"list-style-type:1\" class=\"wp-block-list\">\n<li>Construcci\u00f3n, conservaci\u00f3n y administraci\u00f3n de las \u00e1reas verdes de la comuna, as\u00ed como tambi\u00e9n las relativas al ornato. Anualmente se deber\u00e1 enviar a Secplan un listado de \u00e1reas a intervenir como nuevos proyectos.<\/li>\n\n\n\n<li>Revisar, aprobar y recepcionar los proyectos de \u00c1reas Verdes que se ejecuten en la comuna y\/o que tengan o tuvieren la condici\u00f3n de bien nacional de uso p\u00fablico. Para lo anterior, la DOM proceder\u00e1 a derivar la visaci\u00f3n t\u00e9cnica de los proyectos que se le presenten.<\/li>\n\n\n\n<li>Velar por el aseo de parques, jardines y \u00e1reas verdes de la comuna.<\/li>\n\n\n\n<li>Estudiar y proponer proyectos de construcci\u00f3n, mejoramiento y forestaci\u00f3n de \u00e1reas verdes de la comuna, en conjunto con otras Direcciones Municipales.<\/li>\n\n\n\n<li>Conservar las \u00e1reas verdes y la ornamentaci\u00f3n comunal.<\/li>\n\n\n\n<li>Llevar un catastro actualizado de las plazas y \u00e1reas verdes de la comuna, incluidas las diferentes especies que constituyen el patrimonio bot\u00e1nico, arb\u00f3reo y verde de la comuna.<\/li>\n\n\n\n<li>Realizar programas de mantenci\u00f3n en las \u00e1reas verdes y arbolado urbano.<\/li>\n\n\n\n<li>Coordinar acciones con entes p\u00fablicos y privados para la mantenci\u00f3n y ornato de las \u00e1reas verdes, parques y espacios comunes de la ciudad.<\/li>\n\n\n\n<li>Otras tareas relacionadas que se le asignen por su director.<\/div><\/div> <\/li>\n<\/ol>\n\n\n\n<div class=\"su-accordion su-u-trim\"><\/div><div class=\"su-spoiler su-spoiler-style-default su-spoiler-icon-plus su-spoiler-closed\" data-scroll-offset=\"0\" data-anchor-in-url=\"no\"><div class=\"su-spoiler-title\" tabindex=\"0\" role=\"button\"><span class=\"su-spoiler-icon\"><\/span>SECCI\u00d3N DE CEMENTERIO<\/div><div class=\"su-spoiler-content su-u-clearfix su-u-trim\">\n\n\n\n<p>Le corresponder\u00e1 todas las funciones dispuestas en el Reglamento General de Cementerios establecidas en el C\u00f3digo Sanitario, y lo dispuesto en el DFL 1 sobre Traspaso de Servicios a los Municipios; entre otras:<\/p>\n\n\n\n<ol style=\"list-style-type:1\" class=\"wp-block-list\">\n<li>Ejercer la administraci\u00f3n y la gesti\u00f3n del Cementerio Municipal.<\/li>\n\n\n\n<li>Cumplir con las normas que establecen el C\u00f3digo Sanitario y el Reglamento General de Cementerios, contenido en el Decreto N\u00ba 357, de 1970, del Ministerio de Salud, y sus modificaciones posteriores.<\/li>\n\n\n\n<li>Otras funciones que la direcci\u00f3n determine, en conformidad con la Ley y los reglamentos que existan al efecto.<\/div><\/div> <\/li>\n<\/ol>\n\n\n\n<hr class=\"wp-block-separator has-alpha-channel-opacity\"\/>\n\n\n\n<p>Direcci\u00f3n: Calle Maquehue 1441, Edificio Consistorial, segundo piso, Padre Las Casas.<br>Horario de Atenci\u00f3n de p\u00fablico: lunes a viernes de 8:30 a 13:00 horas.<\/p>\n","protected":false},"excerpt":{"rendered":"<p>Director Claudio Quilaqueo Catal\u00e1n Profesi\u00f3n Ingeniero Civil Industrial cquilaqueo@padrelascasas.cl 452590051 Secretaria Nelly Flores C. secretaria.medioambienteyaseo@padrelascasas.cl 452590425 Direcci\u00f3n: Calle Maquehue 1441, Edificio Consistorial, segundo piso, Padre Las Casas.Horario de Atenci\u00f3n de p\u00fablico: lunes a viernes de 8:30 a 13:00 horas.<\/p>\n","protected":false},"author":1,"featured_media":8359,"parent":0,"menu_order":0,"comment_status":"closed","ping_status":"closed","template":"page-direcciones.php","meta":{"pgc_sgb_lightbox_settings":"","footnotes":""},"class_list":["post-128","page","type-page","status-publish","has-post-thumbnail","hentry"],"_links":{"self":[{"href":"https:\/\/padrelascasas.cl\/newplc\/wp-json\/wp\/v2\/pages\/128","targetHints":{"allow":["GET"]}}],"collection":[{"href":"https:\/\/padrelascasas.cl\/newplc\/wp-json\/wp\/v2\/pages"}],"about":[{"href":"https:\/\/padrelascasas.cl\/newplc\/wp-json\/wp\/v2\/types\/page"}],"author":[{"embeddable":true,"href":"https:\/\/padrelascasas.cl\/newplc\/wp-json\/wp\/v2\/users\/1"}],"replies":[{"embeddable":true,"href":"https:\/\/padrelascasas.cl\/newplc\/wp-json\/wp\/v2\/comments?post=128"}],"version-history":[{"count":1,"href":"https:\/\/padrelascasas.cl\/newplc\/wp-json\/wp\/v2\/pages\/128\/revisions"}],"predecessor-version":[{"id":11329,"href":"https:\/\/padrelascasas.cl\/newplc\/wp-json\/wp\/v2\/pages\/128\/revisions\/11329"}],"wp:featuredmedia":[{"embeddable":true,"href":"https:\/\/padrelascasas.cl\/newplc\/wp-json\/wp\/v2\/media\/8359"}],"wp:attachment":[{"href":"https:\/\/padrelascasas.cl\/newplc\/wp-json\/wp\/v2\/media?parent=128"}],"curies":[{"name":"wp","href":"https:\/\/api.w.org\/{rel}","templated":true}]}}