{"id":132,"date":"2020-06-03T03:30:05","date_gmt":"2020-06-03T06:30:05","guid":{"rendered":"http:\/\/www.padrelascasas.cl\/newplc\/?page_id=132"},"modified":"2025-07-14T17:50:03","modified_gmt":"2025-07-14T20:50:03","slug":"direccion-de-control","status":"publish","type":"page","link":"https:\/\/padrelascasas.cl\/newplc\/direccion-de-control\/","title":{"rendered":"Direcci\u00f3n de Control"},"content":{"rendered":"\n<div class=\"wp-block-columns is-layout-flex wp-container-core-columns-is-layout-1 wp-block-columns-is-layout-flex\">\n<div class=\"wp-block-column is-layout-flow wp-block-column-is-layout-flow\">\n<p><strong>Director (s)<\/strong> Cecilia Elgueta Vallejos<\/p>\n\n\n\n<p><strong>Profesi\u00f3n<\/strong> Contador P\u00fablico y Auditor \/ Ingeniero Comercial<\/p>\n\n\n\n<i class=\"fa fa-envelope \" ><\/i> celgueta@padrelascasas.cl<\/p>\n\n\n\n<i class=\"fa fa-phone \" ><\/i> 452590121<\/p>\n<\/div>\n\n\n\n<div class=\"wp-block-column is-layout-flow wp-block-column-is-layout-flow\">\n<p><strong>Secretaria<\/strong> Andrea Guti\u00e9rrez Ortiz<\/p>\n\n\n\n<i class=\"fa fa-envelope \" ><\/i> secretaria.control@padrelascasas.cl<\/p>\n\n\n\n<i class=\"fa fa-phone \" ><\/i> 452590121<\/p>\n<\/div>\n<\/div>\n\n\n\n<hr class=\"wp-block-separator has-css-opacity is-style-wide\"\/>\n\n\n\n<p class=\"has-text-align-justify\"><div class=\"su-accordion su-u-trim\"><\/div><div class=\"su-spoiler su-spoiler-style-default su-spoiler-icon-plus su-spoiler-closed\" data-scroll-offset=\"0\" data-anchor-in-url=\"no\"><div class=\"su-spoiler-title\" tabindex=\"0\" role=\"button\"><span class=\"su-spoiler-icon\"><\/span>Descripci\u00f3n Direcci\u00f3n<\/div><div class=\"su-spoiler-content su-u-clearfix su-u-trim\"> La Unidad de Control Interno, tiene como objetivo general, brindar apoyo permanente a las funciones de la Municipalidad, velando por la eficacia en el cumplimiento de sus fines y objetivos establecidos, en cuanto a la legalidad y oportunidad de las actuaciones del servicio. <\/div><\/div> <div class=\"su-spoiler su-spoiler-style-default su-spoiler-icon-plus su-spoiler-closed\" data-scroll-offset=\"0\" data-anchor-in-url=\"no\"><div class=\"su-spoiler-title\" tabindex=\"0\" role=\"button\"><span class=\"su-spoiler-icon\"><\/span>Funciones Generales<\/div><div class=\"su-spoiler-content su-u-clearfix su-u-trim\">\n\n\n\n<ol style=\"list-style-type:lower-alpha\" class=\"wp-block-list\">\n<li>Realizar la auditoria operativa interna de la Municipalidad, con el objeto de fiscalizar la legalidad de su actuaci\u00f3n.<\/li>\n\n\n\n<li>Controlar la ejecuci\u00f3n financiera y presupuestaria Municipal<\/li>\n\n\n\n<li>Representar al Alcalde los actos municipales que estime ilegales, informando de ello al Concejo, para cuyo objeto tendr\u00e1 acceso a toda la informaci\u00f3n disponible<\/li>\n\n\n\n<li>Colaborar directamente con el Concejo para el ejercicio de sus funciones fiscalizadoras.<\/li>\n\n\n\n<li>Emitir un informe trimestral para ser presentado al Concejo Municipal, sobre las siguientes materias:<\/li>\n\n\n\n<li>Del estado de avance del ejercicio program\u00e1tico presupuestario<\/li>\n\n\n\n<li>Del estado de cumplimiento de los pagos con concepto de cotizaciones previsionales de los funcionarios municipales y de los trabajadores que se desempe\u00f1an en servicios incorporados a la gesti\u00f3n municipal, administrados directamente por la municipalidad o a trav\u00e9s de corporaciones municipales.<\/li>\n\n\n\n<li>De los aportes que la municipalidad debe efectuar al Fondo Com\u00fan Municipal.<\/li>\n\n\n\n<li>Del estado de cumplimiento de los pagos por concepto de asignaciones de perfeccionamiento docente<\/li>\n\n\n\n<li>Dar respuesta por escrito a las consultas o peticiones de informes que le formule un Concejal a trav\u00e9s del Concejo Municipal<\/li>\n\n\n\n<li>Asesorar al Concejo en la definici\u00f3n y evaluaci\u00f3n de la auditoria externa que aqu\u00e9l puede requerir en virtud de esta ley.<\/li>\n\n\n\n<li>Representar al Concejo municipal, mediante un informe trimestral, los d\u00e9ficit que advierta en el presupuesto municipal, los pasivos contingentes derivados entre otras causas, de demandas judiciales y las deudas con proveedores, empresas de servicio y entidades p\u00fablicas, que puedan no ser servidas en el marco del presupuesto anual.Lo anterior, de acuerdo a lo preceptuado en el art. 81, de la Ley 18.695.<\/li>\n\n\n\n<li>Fiscalizar las corporaciones y fundaciones de participaci\u00f3n municipal regladas por los art\u00edculos 129 y siguientes, de la Ley N\u00ba 18.695, respecto de los aportes municipales que les sean entregados.<\/li>\n\n\n\n<li>Asimismo, sin perjuicio de la fiscalizaci\u00f3n que a la Contralor\u00eda General le corresponde respecto de las Asociaciones Municipales en cuanto al uso y destino de sus recursos; a la unidad de control municipal le corresponder\u00e1 ejercer, en los mismos t\u00e9rminos, la facultad fiscalizadora respecto de dicha asociaciones, cuando proceda.<\/li>\n\n\n\n<li>Velar por la observancia de las normas del T\u00edtulo II de la Ley 20.285 sobre Transparencia de la Funci\u00f3n P\u00fablica y Acceso a la Informaci\u00f3n<\/li>\n\n\n\n<li>Otras funciones que la legislaci\u00f3n vigente o la autoridad superior le encomiende.<\/div><\/div><\/li>\n<\/ol>\n\n\n\n<div class=\"su-accordion su-u-trim\"><\/div><div class=\"su-spoiler su-spoiler-style-default su-spoiler-icon-plus su-spoiler-closed\" data-scroll-offset=\"0\" data-anchor-in-url=\"no\"><div class=\"su-spoiler-title\" tabindex=\"0\" role=\"button\"><span class=\"su-spoiler-icon\"><\/span>Oficinas o Departamentos<\/div><div class=\"su-spoiler-content su-u-clearfix su-u-trim\">\n\n\n\n<p class=\"has-very-light-gray-color has-vivid-cyan-blue-background-color has-text-color has-background\"><strong>Auditor\u00eda Operativa Interna<\/strong><\/p>\n\n\n\n<hr class=\"wp-block-separator has-css-opacity is-style-wide\"\/>\n\n\n\n<p><strong>Descripci\u00f3n<\/strong><\/p>\n\n\n\n<p class=\"has-text-align-justify\">Realizar la auditor\u00eda interna de la Municipalidad, con el objeto de fiscalizar la legalidad de su actuaci\u00f3n.<\/p>\n\n\n\n<p><strong>Funciones<\/strong><\/p>\n\n\n\n<ol style=\"list-style-type:lower-alpha\" class=\"wp-block-list\">\n<li>Evaluar el Sistema de Control Interno establecido por el municipio, relacionado a las materias a auditar.<\/li>\n\n\n\n<li>Efectuar el control presupuestario-financiero, generando los informes que se requieran.<\/li>\n\n\n\n<li>Auditar las cuentas presupuestarias de ingresos y de gastos del Municipio.<\/li>\n\n\n\n<li>Auditar las cuentas extra presupuestarias de ingresos y de gastos que el Municipio administre.<\/li>\n\n\n\n<li>Efectuar auditor\u00edas en materias distintas a ingresos y gastos; como lo son entre otras las \u00e1reas de Personal, de Inventarios, Rendiciones de Cuentas y Veh\u00edculos.<\/li>\n\n\n\n<li>Verificar el cumplimiento entre otras, de las leyes de probidad administrativa, transparencia, de incentivos.<\/li>\n\n\n\n<li>Atender los requerimientos que le formule la Contralor\u00eda General de la Rep\u00fablica, de qui\u00e9n existe dependencia t\u00e9cnica.<\/li>\n\n\n\n<li>Otras funciones que le asigne el Director de la Unidad.<\/li>\n<\/ol>\n\n\n\n<p><strong>Ubicaci\u00f3n<\/strong><\/p>\n\n\n\n<p>Av. Maquehue N\u00b01441<\/p>\n\n\n\n<p><strong>Horario de Atenci\u00f3n<\/strong><\/p>\n\n\n\n<p>Lunes a viernes de 08:30 a 13:00 hrs.<\/p>\n\n\n\n<hr class=\"wp-block-separator has-css-opacity is-style-wide\"\/>\n\n\n\n<p><strong>Encargado(a)<\/strong> Cecilia Yohana Elgueta Vallejos<\/p>\n\n\n\n<i class=\"fa fa-envelope \" ><\/i> celgueta@padrelascasas.cl<\/p>\n\n\n\n<i class=\"fa fa-phone \" ><\/i> 452590124<\/p>\n\n\n\n<hr class=\"wp-block-separator has-css-opacity is-style-wide\"\/>\n\n\n\n<p class=\"has-very-light-gray-color has-vivid-cyan-blue-background-color has-text-color has-background\"><strong>Departamento de Control Administrativo, Presupuestario y Financiero<\/strong><\/p>\n\n\n\n<p><strong>Descripci\u00f3n<\/strong><\/p>\n\n\n\n<p class=\"has-text-align-justify\">Evaluar, revisar, preparar informes y visar seg\u00fan corresponda; el sistema de control interno, Decretos de Pago e informes que le requiera un Concejal y\/o el Concejo Municipal.<\/p>\n\n\n\n<p><strong>Funciones<\/strong><\/p>\n\n\n\n<ol style=\"list-style-type:lower-alpha\" class=\"wp-block-list\">\n<li>Evaluar el Sistema de Control Interno establecido por el municipio, relacionado con las materias de este Departamento<\/li>\n\n\n\n<li>Atender las obligaciones legales vigentes de la Unidad de Control, para con el Concejo; a modo de ejemplo preparar el informe trimestral indicado en la letra d) del art\u00edculo 29 de la Ley 18.695.<\/li>\n\n\n\n<li>Revisi\u00f3n de decretos de pago, que emite el Municipio y los servicios incorporados a su gesti\u00f3n, cuyos montos sean superiores a las 10 UTM, con el prop\u00f3sito de verificar su legalidad.<\/li>\n\n\n\n<li>Revisi\u00f3n a nivel selectivo de los decretos de pago, cuyos montos sean inferiores a las 10 UTM y los relacionados con el pago de los Servicios B\u00e1sicos, con el prop\u00f3sito de verificar su legalidad.<\/li>\n\n\n\n<li>Otras funciones que le asigne el Director de la unidad.<\/li>\n<\/ol>\n\n\n\n<p><strong>Ubicaci\u00f3n<\/strong><\/p>\n\n\n\n<p>Av. Maquehue N\u00b01441<\/p>\n\n\n\n<p><strong>Horario de Atenci\u00f3n<\/strong><\/p>\n\n\n\n<p>Lunes a viernes de 08:30 a 13:00 hrs.<\/p>\n\n\n\n<p><strong>Encargado(a)<\/strong> Celso Alvarez Gomez<\/p>\n\n\n\n<i class=\"fa fa-envelope \" ><\/i> calvarez@padrelascasas.cl<\/p>\n\n\n\n<i class=\"fa fa-phone \" ><\/i> 452590126<\/p>\n\n\n\n<p> <\/div><\/div>\n","protected":false},"excerpt":{"rendered":"<p>Director (s) Cecilia Elgueta Vallejos Profesi\u00f3n Contador P\u00fablico y Auditor \/ Ingeniero Comercial celgueta@padrelascasas.cl 452590121 Secretaria Andrea Guti\u00e9rrez Ortiz secretaria.control@padrelascasas.cl 452590121<\/p>\n","protected":false},"author":1,"featured_media":0,"parent":0,"menu_order":0,"comment_status":"closed","ping_status":"closed","template":"","meta":{"pgc_sgb_lightbox_settings":"","footnotes":""},"class_list":["post-132","page","type-page","status-publish","hentry"],"_links":{"self":[{"href":"https:\/\/padrelascasas.cl\/newplc\/wp-json\/wp\/v2\/pages\/132","targetHints":{"allow":["GET"]}}],"collection":[{"href":"https:\/\/padrelascasas.cl\/newplc\/wp-json\/wp\/v2\/pages"}],"about":[{"href":"https:\/\/padrelascasas.cl\/newplc\/wp-json\/wp\/v2\/types\/page"}],"author":[{"embeddable":true,"href":"https:\/\/padrelascasas.cl\/newplc\/wp-json\/wp\/v2\/users\/1"}],"replies":[{"embeddable":true,"href":"https:\/\/padrelascasas.cl\/newplc\/wp-json\/wp\/v2\/comments?post=132"}],"version-history":[{"count":1,"href":"https:\/\/padrelascasas.cl\/newplc\/wp-json\/wp\/v2\/pages\/132\/revisions"}],"predecessor-version":[{"id":11682,"href":"https:\/\/padrelascasas.cl\/newplc\/wp-json\/wp\/v2\/pages\/132\/revisions\/11682"}],"wp:attachment":[{"href":"https:\/\/padrelascasas.cl\/newplc\/wp-json\/wp\/v2\/media?parent=132"}],"curies":[{"name":"wp","href":"https:\/\/api.w.org\/{rel}","templated":true}]}}