{"id":134,"date":"2020-06-03T03:30:12","date_gmt":"2020-06-03T06:30:12","guid":{"rendered":"http:\/\/www.padrelascasas.cl\/newplc\/?page_id=134"},"modified":"2025-04-25T10:24:47","modified_gmt":"2025-04-25T13:24:47","slug":"seguridad-publica","status":"publish","type":"page","link":"https:\/\/padrelascasas.cl\/newplc\/seguridad-publica\/","title":{"rendered":"Seguridad P\u00fablica"},"content":{"rendered":"\n<div class=\"wp-block-columns is-layout-flex wp-container-core-columns-is-layout-1 wp-block-columns-is-layout-flex\">\n<div class=\"wp-block-column is-layout-flow wp-block-column-is-layout-flow\">\n<p><strong>Director<\/strong> Rodrigo Ya\u00f1ez Salazar<\/p>\n\n\n\n<p><strong>Profesi\u00f3n<\/strong> Ingeniero E. El\u00e9ctrico<\/p>\n\n\n\n<i class=\"fa fa-envelope \" ><\/i>  <a href=\"mailto:ryanez@padrelascasas.cl\">ryanez@padrelascasas.cl<\/a><\/p>\n\n\n\n<i class=\"fa fa-phone \" ><\/i>  452590453<\/p>\n<\/div>\n\n\n\n<div class=\"wp-block-column is-layout-flow wp-block-column-is-layout-flow\">\n<p><strong>Secretari<\/strong>o Nicol\u00e1s Guerra Toro<\/p>\n<\/div>\n<\/div>\n\n\n\n<p class=\"has-very-light-gray-color has-vivid-cyan-blue-background-color has-text-color has-background\"><strong>Descripci\u00f3n Direcci\u00f3n<\/strong><\/p>\n\n\n\n<p class=\"has-text-align-justify\">Direcci\u00f3n de Seguridad P\u00fablica tiene como objetivo la colaboraci\u00f3n en la planificaci\u00f3n y ejecuci\u00f3n de acciones y elaboraci\u00f3n de los instrumentos relacionados con la seguridad en la comuna.<\/p>\n\n\n\n<hr class=\"wp-block-separator has-css-opacity is-style-wide\"\/>\n\n\n\n<div class=\"su-spoiler su-spoiler-style-default su-spoiler-icon-plus su-spoiler-closed\" data-scroll-offset=\"0\" data-anchor-in-url=\"no\"><div class=\"su-spoiler-title\" tabindex=\"0\" role=\"button\"><span class=\"su-spoiler-icon\"><\/span>Funciones Generales<\/div><div class=\"su-spoiler-content su-u-clearfix su-u-trim\">\n\n\n\n<ol class=\"wp-block-list\" type=\"A\">\n<li>Coordinar el funcionamiento del Concejo Comunal de Seguridad Publica en los t\u00e9rminos previstos en la Ley 20.965.<\/li>\n\n\n\n<li>Programar y Dirigir las labores de fiscalizaci\u00f3n en terreno, del cumplimiento de las ordenanzas Municipales y otras disposiciones legales.<\/li>\n\n\n\n<li>Proponer las medidas que sean necesarias para mejorar, en el \u00e1mbito de la funci\u00f3n Municipal, la seguridad vecinal.<\/li>\n\n\n\n<li>Coordinar con las dem\u00e1s unidades una \u00f3ptima y oportuna soluci\u00f3n a los problemas que se detecten en el uso del espacio p\u00fablico, producto de las labores de fiscalizaci\u00f3n que se desarrollen.<\/li>\n\n\n\n<li>Mantener debidamente informado a las unidades Municipales de los principales problemas y necesidades que se detecten en la comandada y proponer dentro del \u00e1mbito que les corresponda, las v\u00edas de soluci\u00f3n si fuera procedente.<\/li>\n\n\n\n<li>Coordinar y dirigir los recursos humanos y materiales con que cuentan la Municipalidad en coordinaci\u00f3n con las unidades municipales competentes, para la superaci\u00f3n de situaciones de riesgo, cat\u00e1strofe, desastre o emergencia comunal<\/li>\n\n\n\n<li>Asesorar en todas las materias tendientes a enfrentar situaciones de calamidades publica dentro del terreno comunal y otras situaciones de emergencia<\/li>\n\n\n\n<li>Velar por el correcto funcionamiento de los sistemas de turno de fiscalizaci\u00f3n y emergencias.<\/li>\n\n\n\n<li>Supervisar y controlar el funcionamiento de los sistemas de telecomunicaciones y televigilancia de sus \u00e1reas.<\/li>\n\n\n\n<li>Elaborar y velar por el cumplimiento del Plan Comunal de Seguridad Publica en los t\u00e9rminos previstos en la Ley 20.965.<\/li>\n\n\n\n<li>Velar por la supervisi\u00f3n de la Mantenci\u00f3n del alumbrado p\u00fablico en la comuna, y su correcto gasto el\u00e9ctrico.<\/div><\/div><\/li>\n<\/ol>\n\n\n\n<div class=\"su-spoiler su-spoiler-style-default su-spoiler-icon-plus su-spoiler-closed\" data-scroll-offset=\"0\" data-anchor-in-url=\"no\"><div class=\"su-spoiler-title\" tabindex=\"0\" role=\"button\"><span class=\"su-spoiler-icon\"><\/span>Oficinas o Departamentos<\/div><div class=\"su-spoiler-content su-u-clearfix su-u-trim\">\n\n\n\n<p class=\"has-very-light-gray-color has-vivid-cyan-blue-background-color has-text-color has-background\"><strong>Alumbrado P\u00fablico<\/strong><\/p>\n\n\n\n<p class=\"has-text-align-justify\">Velar por el correcto funcionamiento del alumbrado p\u00fablico en la comuna de Padre Las Casas y el gasto el\u00e9ctrico respectivo que comprende.<\/p>\n\n\n\n<p class=\"has-very-light-gray-color has-vivid-cyan-blue-background-color has-text-color has-background\"><strong>Funciones<\/strong><\/p>\n\n\n\n<ol class=\"wp-block-list\" type=\"A\">\n<li>Supervisar contrato de servicio de mantenci\u00f3n de alumbrado p\u00fablico.<\/li>\n\n\n\n<li>Supervigilancia sobre reclamos y respuesta en relaci\u00f3n al alumbrado p\u00fablico.<\/li>\n\n\n\n<li>Velar por el correcto gasto en el consumo el\u00e9ctrico del alumbrado p\u00fablico.<\/li>\n\n\n\n<li>Elaborar sistema de control eficiente y eficaz relacionado a los gastos asociados al alumbrado p\u00fablico.<\/li>\n\n\n\n<li>Generar estad\u00edsticas y controlar un catastro actualizado de luminarias.<\/li>\n\n\n\n<li>Permitir la Visibilidad Nocturna en las zonas previstas.<\/li>\n\n\n\n<li>Ofrecer sensaci\u00f3n de Seguridad a los Vecinos y\/o usuarios<\/li>\n\n\n\n<li>Evaluar permanentemente el sistema de costos de las tarifas de alumbrado p\u00fablico<\/li>\n\n\n\n<li>Realizar control v\u00eda ticket del proceso de reclamos<\/li>\n\n\n\n<li>Pagar el servicio el\u00e9ctrico de alumbrado p\u00fablico<\/li>\n<\/ol>\n\n\n\n<p><strong>Ubicaci\u00f3n<\/strong><\/p>\n\n\n\n<p>Tomas Guevara N\u00b0 460<\/p>\n\n\n\n<p><strong>Horario de Atenci\u00f3n<\/strong><\/p>\n\n\n\n<p>Lunes a viernes de 08:30 a 13:00 hrs.<\/p>\n\n\n\n<p><strong>Encargado(a)<\/strong> Lucas Barigelli Suazo<\/p>\n\n\n\n<i class=\"fa fa-envelope \" ><\/i> lbarigelli@padrelascasas.cl<\/p>\n\n\n\n<i class=\"fa fa-phone \" ><\/i> Institucional, Oficina<\/p>\n\n\n\n<hr class=\"wp-block-separator has-css-opacity is-style-wide\"\/>\n\n\n\n<p class=\"has-very-light-gray-color has-vivid-cyan-blue-background-color has-text-color has-background\"><strong>Seguridad Ciudadana<\/strong><\/p>\n\n\n\n<p>Hacer de la Comuna de Padre Las Casas un mejor lugar para vivir.<\/p>\n\n\n\n<p class=\"has-very-light-gray-color has-vivid-cyan-blue-background-color has-text-color has-background\"><strong>Funciones<\/strong><\/p>\n\n\n\n<ol class=\"wp-block-list\" type=\"A\">\n<li>Desarrollar un trabajo permanente en materias de Seguridad Ciudadana con la comunidad, a trav\u00e9s de la participaci\u00f3n directa de los vecinos en el \u00e1mbito de la prevenci\u00f3n social y situacional territorialmente en zona urbana y rural, procurando un trabajo en conjunto con las polic\u00edas y que, sobre todo Carabineros a trav\u00e9s de la Patrulla Comunitaria.<\/li>\n\n\n\n<li>Realizar un trabajo en conjunto y de forma unida junto a los diversos programas de la municipalidad, tomado fuerza el \u00e9nfasis de la prevenci\u00f3n del delito en sectores urbanos y rurales partiendo de la base de la escolaridad, para educar y prevenir a la poblaci\u00f3n joven tomando as\u00ed un protagonismo en sensibilizar los hogares de la comuna.<\/li>\n<\/ol>\n\n\n\n<p><strong>Ubicaci\u00f3n<\/strong><\/p>\n\n\n\n<p>Tomas Guevara N\u00b0 460<\/p>\n\n\n\n<p><strong>Horario de Atenci\u00f3n<\/strong><\/p>\n\n\n\n<p>Lunes a viernes de 08:30 a 13:00 hrs.<\/p>\n\n\n\n<p><strong>Encargado(a) <\/strong>Patricio Rodriguez Torres<\/p>\n\n\n\n<i class=\"fa fa-envelope \" ><\/i> prodriguezt@padrelascasas.cl<\/p>\n\n\n\n<i class=\"fa fa-phone \" ><\/i> Institucional, Oficina<\/p>\n\n\n\n<hr class=\"wp-block-separator has-css-opacity is-style-wide\"\/>\n\n\n\n<p class=\"has-very-light-gray-color has-vivid-cyan-blue-background-color has-text-color has-background\"><strong>Protecci\u00f3n Civil y Emergencias<\/strong><\/p>\n\n\n\n<p class=\"has-text-align-justify\">La Oficina de protecci\u00f3n civil y Emergencia Comunal tiene como objetivo coordinar con instituciones y organizaciones p\u00fablicas y privadas (Ej\u00e9rcito, Carabineros, Bomberos, Defensa Civil, Cruz Roja, Conaf, etc.), la ejecuci\u00f3n de acciones en casos de emergencia, regular las acciones de prevenci\u00f3n de riesgo y prestaci\u00f3n de auxilio en situaciones de emergencia o cat\u00e1strofes.&nbsp;&nbsp; Asesorar al alcalde, en todas las materias y actividades relacionadas con apoyo log\u00edstico y atenci\u00f3n de emergencias de la comuna. Adem\u00e1s, debe velar por el permanente cumplimiento de las disposiciones sobre atenci\u00f3n de emergencia, emanadas del Gobierno Regional y la Oficina Nacional de Emergencia \u2013 ONEMI, las acciones necesarias tendientes a prestar auxilio y atenci\u00f3n a la comunidad en los casos que \u00e9sta indique.<\/p>\n\n\n\n<p class=\"has-very-light-gray-color has-vivid-cyan-blue-background-color has-text-color has-background\"><strong>Funciones<\/strong><\/p>\n\n\n\n<ol class=\"wp-block-list\" type=\"A\">\n<li>Planificar labores de prevenci\u00f3n ante eventos de conmoci\u00f3n publica, ya sea naturales o causadas por el hombre.<\/li>\n\n\n\n<li>Entrega de informaci\u00f3n oportuna a los estamentos de protecci\u00f3n civil regional y provincial ONEMI.<\/li>\n\n\n\n<li>El Comit\u00e9 de Emergencias tiene a su cargo las siguientes funciones:\n<ol class=\"wp-block-list\" type=\"a\">\n<li>Proponer y ejecutar acciones relacionadas con la prevenci\u00f3n de riesgos y prestaci\u00f3n de auxilio en situaciones de emergencia, incluyendo la construcci\u00f3n de viviendas econ\u00f3micas y de infraestructura sanitaria.<\/li>\n\n\n\n<li>Evaluar e implementar las medidas que estime necesarias para resolver situaciones derivadas de cat\u00e1strofes de causas naturales o provocadas, que afecten a la poblaci\u00f3n de la comuna.<\/li>\n<\/ol>\n<\/li>\n<\/ol>\n\n\n\n<p><strong>Ubicaci\u00f3n<\/strong><\/p>\n\n\n\n<p>Tomas Guevara N\u00b0 460<\/p>\n\n\n\n<p><strong>Horario de Atenci\u00f3n<\/strong><\/p>\n\n\n\n<p>Lunes a viernes de 08:30 a 13:00 hrs.<\/p>\n\n\n\n<p><strong>Encargado(a)<\/strong> Jaime Rojas Burgos<\/p>\n\n\n\n<i class=\"fa fa-envelope \" ><\/i> jrojas@padrelascasas.cl<\/p>\n\n\n\n<i class=\"fa fa-phone \" ><\/i> Institucional, Oficina<\/div><\/div>\n\n\n\n<hr class=\"wp-block-separator has-alpha-channel-opacity\"\/>\n\n\n\n<p class=\"has-very-light-gray-color has-vivid-cyan-blue-background-color has-text-color has-background\"><strong>Departamento Inspecci\u00f3n Municipal<\/strong><\/p>\n\n\n\n<p><strong>Descripci\u00f3n<\/strong><\/p>\n\n\n\n<p class=\"has-text-align-justify\">Este departamento tiene como objetivo liderar, coordinar y asegurar el cumplimiento de las leyes vigentes y ordenanzas de competencia municipal dispuestas a mantener el orden del territorio comunal.<\/p>\n\n\n\n<p class=\"has-very-light-gray-color has-vivid-cyan-blue-background-color has-text-color has-background\"><strong>Funciones<\/strong><\/p>\n\n\n\n<ol class=\"wp-block-list\">\n<li>Fiscalizar el cumplimiento de las normas relativas a impuestos y derechos municipales.<\/li>\n\n\n\n<li>Fiscalizar el cumplimiento de la normativa local vigente, en lo referido al aseo y ornato, en los bienes nacionales de uso p\u00fablico en la comuna denunciando las infracciones cuando procedan, al Juzgado de Polic\u00eda Local.<\/li>\n\n\n\n<li>Programar, organizar y coordinar los sistemas de control aplicables a la industria, al comercio establecido y ambulante que opere dentro de los l\u00edmites comunales, creando y manteniendo catastros actualizados para tal efecto.<\/li>\n\n\n\n<li>Planificar y elaborar un calendario de control en materias normativas municipales de lo dispuesto en la Ley de Alcoholes.<\/li>\n\n\n\n<li>Fiscalizar el cumplimiento de la ley N\u00b0 18.290, Ley de Tr\u00e1nsito y toda la normativa asociada a \u00e9sta, en conjunto con la autoridad policial.<\/li>\n\n\n\n<li>Verificar en terreno, el efectivo cumplimiento de la reglamentaci\u00f3n vigente en materias de ferias libres y otros rubros que sean susceptibles de crear.<\/li>\n\n\n\n<li>Realizar controles sobre ruidos molestos y contaminaci\u00f3n ambiental, seg\u00fan la ordenanza municipal vigente.<\/li>\n\n\n\n<li>Fiscalizar el comercio instalado en la v\u00eda p\u00fablica, como asimismo los letreros de propaganda.<\/li>\n\n\n\n<li>Efectuar controles sanitarios dentro del \u00e1mbito de competencia municipal.<\/li>\n\n\n\n<li>Controlar el comercio clandestino.<\/li>\n\n\n\n<li>Atender las denuncias recibidas dentro del \u00e1mbito de su competencia, efectuar el seguimiento y posterior informaci\u00f3n al particular afectado o denunciante.<\/li>\n\n\n\n<li>Hacer efectivas las resoluciones alcaldicias que decreten clausuras en conformidad con el ordenamiento jur\u00eddico vigente.<\/li>\n\n\n\n<li>Apoyar en materia de seguridad comunal a la Unidad competente municipal, y a las instituciones externas vinculadas con el tema.<\/li>\n\n\n\n<li>Elaborar presupuesto anual para asegurar la disponibilidad de recursos para el Departamento.<\/li>\n\n\n\n<li>Elaborar informes de gesti\u00f3n de la unidad.<\/li>\n\n\n\n<li>Sin perjuicio de las funciones y atribuciones de otros organismos p\u00fablicos, la Unidad de Inspecci\u00f3n podr\u00e1 colaborar en la fiscalizaci\u00f3n y en el cumplimiento de las disposiciones legales y reglamentarias correspondientes a la protecci\u00f3n del medio ambiente, dentro de los l\u00edmites comunales.<\/li>\n\n\n\n<li>Cumplir las dem\u00e1s funciones que la Ley o su superior directo le se\u00f1ale.<\/li>\n<\/ol>\n\n\n\n<p><strong>Ubicaci\u00f3n<\/strong><\/p>\n\n\n\n<p>Las \u00c1guilas, casa N\u00b03, Aldeas SOS<\/p>\n\n\n\n<p><strong>Horario de Atenci\u00f3n<\/strong><\/p>\n\n\n\n<p>Lunes a viernes de 08:30 a 13:00 hrs.<\/p>\n\n\n\n<p><strong>Encargado(a) <\/strong>Alejandro Herrera Sep\u00falveda<\/p>\n\n\n\n<i class=\"fa fa-envelope \" ><\/i> aherrera@padrelascasas.cl<\/p>\n\n\n\n<i class=\"fa fa-phone \" ><\/i> 452590399<\/p>\n","protected":false},"excerpt":{"rendered":"<p>Director Rodrigo Ya\u00f1ez Salazar Profesi\u00f3n Ingeniero E. El\u00e9ctrico ryanez@padrelascasas.cl 452590453 Secretario Nicol\u00e1s Guerra Toro Descripci\u00f3n Direcci\u00f3n Direcci\u00f3n de Seguridad P\u00fablica tiene como objetivo la colaboraci\u00f3n en la planificaci\u00f3n y ejecuci\u00f3n de acciones y elaboraci\u00f3n de los instrumentos relacionados con la seguridad en la comuna. Departamento Inspecci\u00f3n Municipal Descripci\u00f3n Este departamento tiene como objetivo liderar, coordinar [&hellip;]<\/p>\n","protected":false},"author":1,"featured_media":11310,"parent":0,"menu_order":0,"comment_status":"closed","ping_status":"closed","template":"page-direcciones.php","meta":{"pgc_sgb_lightbox_settings":"","footnotes":""},"class_list":["post-134","page","type-page","status-publish","has-post-thumbnail","hentry"],"_links":{"self":[{"href":"https:\/\/padrelascasas.cl\/newplc\/wp-json\/wp\/v2\/pages\/134","targetHints":{"allow":["GET"]}}],"collection":[{"href":"https:\/\/padrelascasas.cl\/newplc\/wp-json\/wp\/v2\/pages"}],"about":[{"href":"https:\/\/padrelascasas.cl\/newplc\/wp-json\/wp\/v2\/types\/page"}],"author":[{"embeddable":true,"href":"https:\/\/padrelascasas.cl\/newplc\/wp-json\/wp\/v2\/users\/1"}],"replies":[{"embeddable":true,"href":"https:\/\/padrelascasas.cl\/newplc\/wp-json\/wp\/v2\/comments?post=134"}],"version-history":[{"count":1,"href":"https:\/\/padrelascasas.cl\/newplc\/wp-json\/wp\/v2\/pages\/134\/revisions"}],"predecessor-version":[{"id":11311,"href":"https:\/\/padrelascasas.cl\/newplc\/wp-json\/wp\/v2\/pages\/134\/revisions\/11311"}],"wp:featuredmedia":[{"embeddable":true,"href":"https:\/\/padrelascasas.cl\/newplc\/wp-json\/wp\/v2\/media\/11310"}],"wp:attachment":[{"href":"https:\/\/padrelascasas.cl\/newplc\/wp-json\/wp\/v2\/media?parent=134"}],"curies":[{"name":"wp","href":"https:\/\/api.w.org\/{rel}","templated":true}]}}