{"id":136,"date":"2020-06-03T03:30:19","date_gmt":"2020-06-03T06:30:19","guid":{"rendered":"http:\/\/www.padrelascasas.cl\/newplc\/?page_id=136"},"modified":"2023-10-31T10:51:55","modified_gmt":"2023-10-31T13:51:55","slug":"alcaldia-y-gabinete","status":"publish","type":"page","link":"https:\/\/padrelascasas.cl\/newplc\/alcaldia-y-gabinete\/","title":{"rendered":"Alcald\u00eda"},"content":{"rendered":"\n<div class=\"wp-block-columns is-layout-flex wp-container-core-columns-is-layout-1 wp-block-columns-is-layout-flex\">\n<div class=\"wp-block-column is-layout-flow wp-block-column-is-layout-flow\">\n<div class=\"wp-block-group\"><div class=\"wp-block-group__inner-container is-layout-flow wp-block-group-is-layout-flow\">\n<p><strong>Alcalde<\/strong> Sr. Mario Gonz\u00e1lez Rebolledo<\/p>\n<\/p>\n<\/div><\/div>\n\n\n\n<p><\/p>\n<\/div>\n\n\n\n<div class=\"wp-block-column is-layout-flow wp-block-column-is-layout-flow\">\n<p><strong>Secretaria<\/strong> Marina Sep\u00falveda Bustamante<\/p>\n\n\n\n<i class=\"fa fa-envelope \" ><\/i> : alcaldia@padrelascasas.cl<\/p>\n\n\n\n<i class=\"fa fa-phone \" ><\/i> : 452590031<\/p>\n<\/div>\n<\/div>\n\n\n\n<div class=\"wp-block-group\"><div class=\"wp-block-group__inner-container is-layout-flow wp-block-group-is-layout-flow\">\n<hr class=\"wp-block-separator has-css-opacity is-style-wide\"\/>\n<\/div><\/div>\n\n\n\n<div class=\"su-spoiler su-spoiler-style-default su-spoiler-icon-plus su-spoiler-closed\" data-scroll-offset=\"0\" data-anchor-in-url=\"no\"><div class=\"su-spoiler-title\" tabindex=\"0\" role=\"button\"><span class=\"su-spoiler-icon\"><\/span>ALCALDE<\/div><div class=\"su-spoiler-content su-u-clearfix su-u-trim\">\n\n\n\n<p class=\"has-text-align-justify\">El Alcalde Sr. Mario Gonz\u00e1lez Rebolledo, es la m\u00e1xima autoridad de la Municipalidad de Padre Las Casas, y en tal calidad le corresponde su direcci\u00f3n y administraci\u00f3n superior y la supervigilancia de su funcionamiento.<\/p>\n\n\n\n<p class=\"has-text-align-justify\">Su principal funci\u00f3n es administrar la comuna, para satisfacer las necesidades locales y promover el desarrollo y progreso econ\u00f3mico, social y cultural de la Comuna.<\/p>\n\n\n\n<p class=\"has-text-align-justify\">Adem\u00e1s del Alcalde, el municipio est\u00e1 integrado por el Concejo Municipal, sus integrantes son los concejales, quienes trabajan en conjunto con el Alcalde.<\/p>\n\n\n\n<p class=\"has-text-align-justify\">Por otra parte la Municipalidad de Padre Las Casas, est\u00e1 conformada por diversos departamentos al servicio de toda la comunidad.<\/div><\/div>\n\n\n\n<div class=\"su-spoiler su-spoiler-style-default su-spoiler-icon-plus su-spoiler-closed\" data-scroll-offset=\"0\" data-anchor-in-url=\"no\"><div class=\"su-spoiler-title\" tabindex=\"0\" role=\"button\"><span class=\"su-spoiler-icon\"><\/span>ATRIBUCIONES DEL ALCALDE<\/div><div class=\"su-spoiler-content su-u-clearfix su-u-trim\">\n\n\n\n<ul class=\"wp-block-list\">\n<li>Representar judicial y extrajudicialmente a la municipalidad.<\/li>\n\n\n\n<li>Proponer al Concejo la organizaci\u00f3n interna de la municipalidad.<\/li>\n\n\n\n<li>Nombrar y remover a los funcionarios de su dependencia de acuerdo con las normas estatutarias que los rijan.<\/li>\n\n\n\n<li>Aplicar medidas disciplinarias al personal de su dependencia, en conformidad con las normas estatutarias que los rijan.<\/li>\n\n\n\n<li>Administrar los recursos financieros de la municipalidad, de acuerdo con las normas sobre administraci\u00f3n financiera del Estado.<\/li>\n\n\n\n<li>Administrar los bienes municipales nacionales de uso p\u00fablico de la comuna que corresponda en conformidad a esta Ley.<\/li>\n\n\n\n<li>Otorgar, renovar y poner t\u00e9rmino a permisos municipales.<\/li>\n\n\n\n<li>Adquirir y enajenar bienes muebles. \u2013 Dictar resoluciones obligatorias de car\u00e1cter general a particular.<\/li>\n\n\n\n<li>Delegar la facultad para firmar, bajo la f\u00f3rmula &#8220;Por orden del Alcalde&#8221;, sobre materias espec\u00edficas.<\/li>\n\n\n\n<li>Coordinar el funcionamiento de la municipalidad con los \u00f3rganos de la Administraci\u00f3n del Estado que corresponda.<\/li>\n\n\n\n<li>Coordinar con los servicios p\u00fablicos la acci\u00f3n de estos en el territorio de la comuna.<\/li>\n\n\n\n<li>Ejecutar los actos y celebrar los contratos necesarios para el adecuado cumplimiento de las funciones de la municipalidad y de lo dispuesto en el art\u00edculo 34 de la Ley N\u00ba 18.575.<\/li>\n\n\n\n<li>Convocar y Presidir el Concejo, as\u00ed como el Consejo Econ\u00f3mico y Social comunal.<\/li>\n\n\n\n<li>Someter a plebiscito las materias de administraci\u00f3n local de acuerdo a lo establecido en los art\u00edculos 99 y siguientes de la Ley 18.695.<\/li>\n\n\n\n<li>Autorizar la circulaci\u00f3n de los veh\u00edculos municipales fuera de los d\u00edas y horas de trabajo, para el cumplimiento de las funciones inherentes a la municipalidad.<\/div><\/div><\/li>\n<\/ul>\n\n\n\n<hr class=\"wp-block-separator has-css-opacity is-style-wide\"\/>\n\n\n\n<hr class=\"wp-block-separator has-css-opacity is-style-wide\"\/>\n","protected":false},"excerpt":{"rendered":"<p>Alcalde Sr. Mario Gonz\u00e1lez Rebolledo Secretaria Marina Sep\u00falveda Bustamante : alcaldia@padrelascasas.cl : 452590031<\/p>\n","protected":false},"author":1,"featured_media":2470,"parent":0,"menu_order":0,"comment_status":"closed","ping_status":"closed","template":"page-direcciones.php","meta":{"pgc_sgb_lightbox_settings":"","footnotes":""},"class_list":["post-136","page","type-page","status-publish","has-post-thumbnail","hentry"],"_links":{"self":[{"href":"https:\/\/padrelascasas.cl\/newplc\/wp-json\/wp\/v2\/pages\/136","targetHints":{"allow":["GET"]}}],"collection":[{"href":"https:\/\/padrelascasas.cl\/newplc\/wp-json\/wp\/v2\/pages"}],"about":[{"href":"https:\/\/padrelascasas.cl\/newplc\/wp-json\/wp\/v2\/types\/page"}],"author":[{"embeddable":true,"href":"https:\/\/padrelascasas.cl\/newplc\/wp-json\/wp\/v2\/users\/1"}],"replies":[{"embeddable":true,"href":"https:\/\/padrelascasas.cl\/newplc\/wp-json\/wp\/v2\/comments?post=136"}],"version-history":[{"count":0,"href":"https:\/\/padrelascasas.cl\/newplc\/wp-json\/wp\/v2\/pages\/136\/revisions"}],"wp:featuredmedia":[{"embeddable":true,"href":"https:\/\/padrelascasas.cl\/newplc\/wp-json\/wp\/v2\/media\/2470"}],"wp:attachment":[{"href":"https:\/\/padrelascasas.cl\/newplc\/wp-json\/wp\/v2\/media?parent=136"}],"curies":[{"name":"wp","href":"https:\/\/api.w.org\/{rel}","templated":true}]}}