{"id":138,"date":"2020-06-03T03:30:29","date_gmt":"2020-06-03T06:30:29","guid":{"rendered":"http:\/\/www.padrelascasas.cl\/newplc\/?page_id=138"},"modified":"2024-01-02T15:04:14","modified_gmt":"2024-01-02T18:04:14","slug":"juzgado-de-policia-local","status":"publish","type":"page","link":"https:\/\/padrelascasas.cl\/newplc\/juzgado-de-policia-local\/","title":{"rendered":"Juzgado de Polic\u00eda Local"},"content":{"rendered":"\n<div class=\"wp-block-columns is-layout-flex wp-container-core-columns-is-layout-1 wp-block-columns-is-layout-flex\">\n<div class=\"wp-block-column is-layout-flow wp-block-column-is-layout-flow\">\n<p><strong>Juez Titular Magistrado<\/strong> Lina Jofr\u00e9 Montero<\/p>\n\n\n\n<i class=\"fa fa-envelope \" ><\/i>  <a href=\"mailto:secretaria.juzgado@padrelascasas.cl\" class=\"ek-link\">secretaria.juzgado@padrelascasas.cl<\/a><\/p>\n\n\n\n<p><\/p>\n<\/div>\n\n\n\n<div class=\"wp-block-column is-layout-flow wp-block-column-is-layout-flow\">\n<p><strong>Secretario Abogado Titular<\/strong> Rolando Figueroa Espinosa<\/p>\n\n\n\n<i class=\"fa fa-envelope \" ><\/i>  <a href=\"mailto:secretaria.juzgado@padrelascasas.cl\" class=\"ek-link\">secretaria.juzgado@padrelascasas.cl<\/a><\/p>\n\n\n\n<p><\/p>\n<\/div>\n<\/div>\n\n\n\n<hr class=\"wp-block-separator has-css-opacity is-style-wide\"\/>\n\n\n\n<p class=\"has-text-align-justify has-white-color has-vivid-cyan-blue-background-color has-text-color has-background\">Descripci\u00f3n Direcci\u00f3n<\/p>\n\n\n\n<p class=\"has-text-align-justify\">Los Juzgados de Polic\u00eda Local son Tribunales especiales que administran justicia en conformidad a la competencia establecida en la Ley N\u00ba15.231, sobre Organizaci\u00f3n y Atribuciones de los Juzgados de Polic\u00eda Local, Ley 18.287, sobre Procedimiento ante Los Juzgados de Polic\u00eda Local y en aquellas leyes especiales, ordenanzas y decretos, en los t\u00e9rminos que faculta la Ley.<\/p>\n\n\n\n<ol class=\"wp-block-list\" style=\"list-style-type:lower-alpha\">\n<li>Infracciones a la Ley del Tr\u00e1nsito, Ley N\u00ba18.290<\/li>\n\n\n\n<li>Infracciones a la Ley General de Urbanismo y Construcciones y su Ordenanza General<\/li>\n\n\n\n<li>Infracciones a las Ordenanzas Municipales<\/li>\n\n\n\n<li>Infracciones a la Ley de Rentas Municipales, Decreto Ley N\u00ba3.063<\/li>\n\n\n\n<li>Ley de Alcoholes N\u00ba19.925, consumo alcohol en la v\u00eda p\u00fablica y manifiesto estado de ebriedad<\/li>\n\n\n\n<li>Infracciones a la Ley de Copropiedad Inmobiliaria Ley N\u00ba19.537<\/li>\n\n\n\n<li>Infracciones a la Ley del Consumidor Ley N\u00ba19.496<\/li>\n\n\n\n<li>Infracciones a la Ley de Votaciones y Escrutinios Ley N\u00ba18.700<\/li>\n\n\n\n<li>Infracciones a la Ley de Vigilantes Privados, Decreto Ley N\u00ba3.607 y Decretos Supremos 93 (Defensa) del a\u00f1o 1985 y N\u00b01773 (Interior) del a\u00f1o 1994<\/li>\n\n\n\n<li>Otras especiales<\/li>\n<\/ol>\n\n\n\n<p class=\"has-white-color has-vivid-cyan-blue-background-color has-text-color has-background\"><strong>OBJETO DE LOS FORMULARIOS O PLANTILLAS DE ESCRITOS PROPUESTOS:<\/strong><\/p>\n\n\n\n<p><em><strong>IMPORTANTE: TODO ESCRITO PRESENTADO EN EL TRIBUNAL, DEBE SER FIRMADO POR EL INTERESADO.<\/strong><\/em><\/p>\n\n\n\n<p><strong>1.- Formulario de descargos: &nbsp;<\/strong>En este formulario corresponde exponer los hechos que dieron lugar o provocaron se cursara la infracci\u00f3n, de manera que el Tribunal pueda considerar, de manera m\u00e1s informada, c\u00f3mo ocurrieron los mismos y la participaci\u00f3n responsable o falta de participaci\u00f3n del denunciado, solicitando \u00e9ste al Tribunal, lo que estime pertinente que el Tribunal resuelva o decida. Puede presentarse antes o despu\u00e9s de dictar sentencia. Incorpora la posibilidad de agregar documentaci\u00f3n que justifique lo expuesto.<\/p>\n\n\n\n<p><strong><a href=\"http:\/\/www.padrelascasas.cl\/JPL\/Formato%20solicitud%20de%20descargos.pdf\" class=\"ek-link\">DESCARGAR<\/a><\/strong><\/p>\n\n\n\n<p><\/p>\n\n\n\n<p><strong>2.- Solicitud de rebaja<\/strong>:&nbsp; Este formulario se utiliza luego que el juez ha dictado sentencia y el infractor reconoce su responsabilidad, pero no cuenta con la capacidad econ\u00f3mica para el pago de la multa, tiene la posibilidad de explicar al Tribunal la causa o raz\u00f3n de ello. Con este formulario se solicita rebajar el monto de la sanci\u00f3n expresada en dinero.<\/p>\n\n\n\n<p><strong><a href=\"http:\/\/www.padrelascasas.cl\/JPL\/Formato%20solicitud%20de%20rebaja.pdf\" class=\"ek-link\">DESCARGAR<\/a><\/strong><\/p>\n\n\n\n<p><\/p>\n\n\n\n<p><strong>3.- Acompa\u00f1a documentos:<\/strong>&nbsp;Este formulario es \u00fatil para que el interesado pueda acompa\u00f1ar al proceso los documentos que considere importantes, sea para fundamentar sus solicitudes hechas al Tribunal o para que el Tribunal tenga a su disposici\u00f3n mayores elementos para decidir en la causa. Corresponde al escrito con que el denunciado o denunciante agrega en el expediente de su causa, &nbsp;documentos, tales como <em><strong>boletas, facturas, fotograf\u00edas<\/strong><\/em>, entre otros.<\/p>\n\n\n\n<p><strong><a href=\"http:\/\/www.padrelascasas.cl\/JPL\/Formato%20acompana%20documentos.pdf\" class=\"ek-link\">DESCARGAR<\/a><\/strong><\/p>\n\n\n\n<p><\/p>\n\n\n\n<p><strong>4.- Lista de testigos<\/strong>:&nbsp;Formulario que se utiliza cuando las partes en un juicio requieren probar sus dichos por medio de testigos, es necesario que acompa\u00f1en al Tribunal una lista de los mismos, con su individualizaci\u00f3n, esto es, nombres completos, profesiones, actividades u oficios, domicilios, se puede agregar c\u00e9dula de identidad. Dichas listas deben entregarse al Tribunal antes de iniciar las audiencias donde vayan a declarar y, en los casos de accidentes de tr\u00e1nsito, estas listas deben entregarse a m\u00e1s tardar antes de las 12:00 horas del d\u00eda h\u00e1bil anterior a la fecha de audiencia.<\/p>\n\n\n\n<p><strong><a href=\"http:\/\/www.padrelascasas.cl\/JPL\/Formato%20acompana%20lista%20de%20testigos.pdf\" class=\"ek-link\">DESCARGAR<\/a><\/strong><\/p>\n\n\n\n<p><\/p>\n\n\n\n<p><strong>5.- Solicitud fotocopias<\/strong>:&nbsp;Por medio de este escrito, cualquier parte interesada, podr\u00e1 solicitar fotocopias simples o autorizadas de todo el expediente o una parte del mismo, pagando los derechos correspondientes a la obtenci\u00f3n de fotocopias, como regla general .<\/p>\n\n\n\n<p><strong><a href=\"http:\/\/www.padrelascasas.cl\/JPL\/Formato%20solicitud%20de%20fotocopias.pdf\" class=\"ek-link\">DESCARGAR<\/a><\/strong><\/p>\n\n\n\n<p><\/p>\n\n\n\n<p><strong>6.- Solicitud desarchivo<\/strong>:&nbsp;Formulario que se utiliza cuando una causa se encuentra archivada, es decir, no se est\u00e1 tramitando (y normalmente el expediente se encuentra agrupado en alg\u00fan lugar fuera del inmueble donde funciona el Tribunal) y se requiere realizar tr\u00e1mites en la misma.<\/p>\n\n\n\n<p><strong><a href=\"http:\/\/www.padrelascasas.cl\/JPL\/Formato%20solicitud%20de%20desarchivo.pdf\" class=\"ek-link\">DESCARGAR<\/a><\/strong><\/p>\n\n\n\n<p><\/p>\n\n\n\n<p><strong>7.- Solicitud copia de parte<\/strong>:&nbsp;Este formulario se utiliza cuando alguna de las partes interesadas en la causa espec\u00edfica de que se trata, necesita saber el contenido del Parte \u2013 Denuncia de los funcionarios fiscalizadores que establece la ley, sea para tomar conocimiento m\u00e1s exacto de lo que se denuncia, sea para poder presentarlo a compa\u00f1\u00edas aseguradoras, abogados etc.<\/p>\n\n\n\n<p><strong><a href=\"http:\/\/www.padrelascasas.cl\/JPL\/Solicitud%20copia%20Parte.pdf\" class=\"ek-link\">DESCARGAR<\/a><\/strong><\/p>\n\n\n\n<p><\/p>\n\n\n\n<p><strong>8.- Solicitud copia examen de alcoholemia<\/strong>:&nbsp;Este formulario se utiliza cuando las partes o alguna de ellas, necesita copia del Informe de los resultados de los ex\u00e1menes de alcoholemia que est\u00e9n vinculados con las partes involucradas en la causa.<\/p>\n\n\n\n<p><strong><a href=\"http:\/\/www.padrelascasas.cl\/JPL\/Solicitud%20copia%20examen%20de%20alcoholemia.pdf\" class=\"ek-link\">DESCARGAR<\/a><\/strong><\/p>\n\n\n\n<p><\/p>\n\n\n\n<p><\/p>\n\n\n\n<hr class=\"wp-block-separator has-alpha-channel-opacity\"\/>\n\n\n\n<p class=\"has-white-color has-vivid-cyan-blue-background-color has-text-color has-background\"><strong>Ubicaci\u00f3n<\/strong><\/p>\n\n\n\n<p>Villa Alegre N\u00b01008-B, Padre Las Casas<\/p>\n\n\n\n<p><strong>Horario de Atenci\u00f3n<\/strong><\/p>\n\n\n\n<p>Lunes a viernes de 08:30 a 13:00 horas<\/p>\n\n\n\n<p><strong>Audiencias personales de la Magistrado<\/strong><\/p>\n\n\n\n<p>Lunes a jueves de 08:30 a 10:30 horas<\/p>\n\n\n\n<hr class=\"wp-block-separator has-css-opacity is-style-wide\"\/>\n\n\n\n<i class=\"fa fa-envelope \" ><\/i> <a href=\"mailto:secretaria.juzgado@padrelascasas.cl\">secretaria.juzgado@padrelascasas.cl<\/a><\/p>\n\n\n\n<i class=\"fa fa-phone \" ><\/i> 452590334  <i class=\"fa fa-phone \" ><\/i> 452590333<\/p>\n\n\n\n<p><\/p>\n\n\n<p><iframe src=\"https:\/\/www.google.com\/maps\/embed?pb=!1m18!1m12!1m3!1d3111.2184876729793!2d-72.59924228695343!3d-38.7586924885163!2m3!1f0!2f0!3f0!3m2!1i1024!2i768!4f13.1!3m3!1m2!1s0x9614d1437abb4039%3A0x6f8150a05112b496!2sAvenida%20Villa%20Alegre%201008%2C%20b%2C%204850224%20Padre%20las%20Casas%2C%20Padre%20Las%20Casas%2C%20Araucan%C3%ADa!5e0!3m2!1ses-419!2scl!4v1704218617112!5m2!1ses-419!2scl\" width=\"600\" height=\"450\" style=\"border:0;\" allowfullscreen=\"\" loading=\"lazy\" referrerpolicy=\"no-referrer-when-downgrade\"><\/iframe><\/p>\n","protected":false},"excerpt":{"rendered":"<p>Juez Titular Magistrado Lina Jofr\u00e9 Montero secretaria.juzgado@padrelascasas.cl Secretario Abogado Titular Rolando Figueroa Espinosa secretaria.juzgado@padrelascasas.cl Descripci\u00f3n Direcci\u00f3n Los Juzgados de Polic\u00eda Local son Tribunales especiales que administran justicia en conformidad a la competencia establecida en la Ley N\u00ba15.231, sobre Organizaci\u00f3n y Atribuciones de los Juzgados de Polic\u00eda Local, Ley 18.287, sobre Procedimiento ante Los Juzgados de [&hellip;]<\/p>\n","protected":false},"author":1,"featured_media":897,"parent":0,"menu_order":0,"comment_status":"closed","ping_status":"closed","template":"page-direcciones.php","meta":{"pgc_sgb_lightbox_settings":"","footnotes":""},"class_list":["post-138","page","type-page","status-publish","has-post-thumbnail","hentry"],"_links":{"self":[{"href":"https:\/\/padrelascasas.cl\/newplc\/wp-json\/wp\/v2\/pages\/138","targetHints":{"allow":["GET"]}}],"collection":[{"href":"https:\/\/padrelascasas.cl\/newplc\/wp-json\/wp\/v2\/pages"}],"about":[{"href":"https:\/\/padrelascasas.cl\/newplc\/wp-json\/wp\/v2\/types\/page"}],"author":[{"embeddable":true,"href":"https:\/\/padrelascasas.cl\/newplc\/wp-json\/wp\/v2\/users\/1"}],"replies":[{"embeddable":true,"href":"https:\/\/padrelascasas.cl\/newplc\/wp-json\/wp\/v2\/comments?post=138"}],"version-history":[{"count":0,"href":"https:\/\/padrelascasas.cl\/newplc\/wp-json\/wp\/v2\/pages\/138\/revisions"}],"wp:featuredmedia":[{"embeddable":true,"href":"https:\/\/padrelascasas.cl\/newplc\/wp-json\/wp\/v2\/media\/897"}],"wp:attachment":[{"href":"https:\/\/padrelascasas.cl\/newplc\/wp-json\/wp\/v2\/media?parent=138"}],"curies":[{"name":"wp","href":"https:\/\/api.w.org\/{rel}","templated":true}]}}