{"id":144,"date":"2020-06-03T03:30:58","date_gmt":"2020-06-03T06:30:58","guid":{"rendered":"http:\/\/www.padrelascasas.cl\/newplc\/?page_id=144"},"modified":"2020-08-17T11:09:03","modified_gmt":"2020-08-17T14:09:03","slug":"dom-enlinea","status":"publish","type":"page","link":"https:\/\/padrelascasas.cl\/newplc\/dom-enlinea\/","title":{"rendered":"DOM En Linea"},"content":{"rendered":"\n<h2 class=\"has-vivid-cyan-blue-color has-text-color wp-block-heading\">Informaci\u00f3n<\/h2>\n\n\n\n<p>Servicios prestados a la Comunidad:<\/p>\n\n\n\n<ul style=\"--ek-bullet-color:#0693e3\" class=\"has-list-bullet-color wp-block-list\"><li>Desarchivo de expedientes y digitalizaci\u00f3n de planos<\/li><li>Otorgamiento de certificados<\/li><li>Otorgamiento de permisos de edificaci\u00f3n<\/li><li>Evaluaci\u00f3n de viviendas sociales<\/li><li>Permiso para extracci\u00f3n de \u00e1ridos<\/li><li>Autorizacion para ocupacion y rotura BNUP<\/li><li>Servicios y certificados ortorgados a trav\u00e9s del convenio con el SII<\/li><\/ul>\n\n\n\n<i class=\"fa fa-map-marker \" ><\/i>: Maquehue N\u00b0 1441, 2\u00b0 piso, DOM, <br><i class=\"fa fa-calendar \" ><\/i>: lunes a viernes entre las 8:30 y las 13:00 hrs.<br><i class=\"fa fa-phone \" ><\/i>: 45 2590091 \u2013 45 2590099 \u2013 45 02590100<br><i class=\"fa fa-envelope \" ><\/i>: <a href=\"mailto:secretaria.obras@padrelascasas.cl\" class=\"ek-link\">secretaria.obras@padrelascasas.cl<\/a><\/p>\n\n\n\n<figure class=\"wp-block-image size-large is-resized\"><a href=\"http:\/\/padrelascasas.smartdom.cl\/\"><img loading=\"lazy\" decoding=\"async\" src=\"http:\/\/www.padrelascasas.cl\/newplc\/wp-content\/uploads\/2020\/06\/LOGO-SMARTDOM-01.png\" alt=\"\" class=\"wp-image-305\" width=\"158\" height=\"198\" srcset=\"https:\/\/padrelascasas.cl\/newplc\/wp-content\/uploads\/2020\/06\/LOGO-SMARTDOM-01.png 426w, https:\/\/padrelascasas.cl\/newplc\/wp-content\/uploads\/2020\/06\/LOGO-SMARTDOM-01-239x300.png 239w\" sizes=\"auto, (max-width: 158px) 100vw, 158px\" \/><\/a><\/figure>\n\n\n\n<p>Servicio de tramitaci\u00f3n en l\u00ednea que busca simplificar y agilizar los procesos de la Direcci\u00f3n de Obras.<\/p>\n\n\n\n<p>Si lo desea puede ver <a rel=\"noreferrer noopener\" href=\"http:\/\/www.padrelascasas.cl\/smartdom\/Instructivo PLC.pdf\" target=\"_blank\"><strong>INSTRUCTIVO<\/strong><\/a> antes de <a href=\"http:\/\/padrelascasas.smartdom.cl\/\" target=\"_blank\" rel=\"noreferrer noopener\"><strong>ingresar<\/strong><\/a>.<\/p>\n\n\n\n<hr class=\"wp-block-separator is-style-wide\"\/>\n\n\n\n<p><\/p>\n","protected":false},"excerpt":{"rendered":"<p>Informaci\u00f3n Servicios prestados a la Comunidad: Desarchivo de expedientes y digitalizaci\u00f3n de planos Otorgamiento de certificados Otorgamiento de permisos de edificaci\u00f3n Evaluaci\u00f3n de viviendas sociales Permiso para extracci\u00f3n de \u00e1ridos Autorizacion para ocupacion y rotura BNUP Servicios y certificados ortorgados a trav\u00e9s del convenio con el SII : Maquehue N\u00b0 1441, 2\u00b0 piso, DOM, : [&hellip;]<\/p>\n","protected":false},"author":1,"featured_media":915,"parent":0,"menu_order":0,"comment_status":"closed","ping_status":"closed","template":"page-direcciones.php","meta":{"pgc_sgb_lightbox_settings":"","footnotes":""},"class_list":["post-144","page","type-page","status-publish","has-post-thumbnail","hentry"],"_links":{"self":[{"href":"https:\/\/padrelascasas.cl\/newplc\/wp-json\/wp\/v2\/pages\/144","targetHints":{"allow":["GET"]}}],"collection":[{"href":"https:\/\/padrelascasas.cl\/newplc\/wp-json\/wp\/v2\/pages"}],"about":[{"href":"https:\/\/padrelascasas.cl\/newplc\/wp-json\/wp\/v2\/types\/page"}],"author":[{"embeddable":true,"href":"https:\/\/padrelascasas.cl\/newplc\/wp-json\/wp\/v2\/users\/1"}],"replies":[{"embeddable":true,"href":"https:\/\/padrelascasas.cl\/newplc\/wp-json\/wp\/v2\/comments?post=144"}],"version-history":[{"count":0,"href":"https:\/\/padrelascasas.cl\/newplc\/wp-json\/wp\/v2\/pages\/144\/revisions"}],"wp:featuredmedia":[{"embeddable":true,"href":"https:\/\/padrelascasas.cl\/newplc\/wp-json\/wp\/v2\/media\/915"}],"wp:attachment":[{"href":"https:\/\/padrelascasas.cl\/newplc\/wp-json\/wp\/v2\/media?parent=144"}],"curies":[{"name":"wp","href":"https:\/\/api.w.org\/{rel}","templated":true}]}}