{"id":148,"date":"2020-06-03T03:31:17","date_gmt":"2020-06-03T06:31:17","guid":{"rendered":"http:\/\/www.padrelascasas.cl\/newplc\/?page_id=148"},"modified":"2020-08-07T13:05:31","modified_gmt":"2020-08-07T16:05:31","slug":"oirs-digital","status":"publish","type":"page","link":"https:\/\/padrelascasas.cl\/newplc\/oirs-digital\/","title":{"rendered":"OIRS Digital"},"content":{"rendered":"\n<h2 class=\"has-vivid-cyan-blue-color has-text-color wp-block-heading\">Informaci\u00f3n<\/h2>\n\n\n\n<p class=\"has-text-align-justify\">Bienvenido a la OIRS Digital, Oficina de Informaciones, Reclamos y Sugerencias de la Municipalidad de Padre Las Casas. A trav\u00e9s de este medio. Ucl podr\u00e1 enviar sus inquietudes, solicitudes, consultas o denuncias de modo digital, como tambi\u00e9n; comunicarnos de temas que competan al municipio, ya sea de inter\u00e9s particular o general Adem\u00e1s, podr\u00e1 adjuntar fotos o documentos relacionados con su consulta. Para acceder a este sistema Ud. solo deber\u00e1 llenar el formulario que aparece m\u00e1s abajo, esta solicitud ser\u00e1 respondida en un plazo no superior a 15 d\u00edas h\u00e1biles. Para hacer expedita la respuesta, favor incluir un terna por formulario.<\/p>\n\n\n\n<i class=\"fa fa-map-marker \" ><\/i>: Maquehue N\u00b0 1441<br><i class=\"fa fa-calendar \" ><\/i>: Lunes a Viernes entre las 8:30 y las 13:00 hrs.<br><i class=\"fa fa-phone \" ><\/i>: 45 2590000<br><i class=\"fa fa-envelope \" ><\/i>:&nbsp; <a href=\"mailto:oirs@padrelascasas.cl\" class=\"ek-link\">oirs@padrelascasas.cl<\/a><\/p>\n\n\n\n<p class=\"has-text-color has-background has-very-light-gray-color has-vivid-cyan-blue-background-color\">Formulario OIRS<\/p>\n\n\n\n<div class=\"wpcf7 no-js\" id=\"wpcf7-f467-o1\" lang=\"es-CL\" dir=\"ltr\" data-wpcf7-id=\"467\">\n<div class=\"screen-reader-response\"><p role=\"status\" aria-live=\"polite\" aria-atomic=\"true\"><\/p> <ul><\/ul><\/div>\n<form action=\"\/newplc\/wp-json\/wp\/v2\/pages\/148#wpcf7-f467-o1\" method=\"post\" class=\"wpcf7-form init\" aria-label=\"Formulario de contacto\" novalidate=\"novalidate\" data-status=\"init\">\n<div style=\"display: none;\">\n<input type=\"hidden\" name=\"_wpcf7\" value=\"467\" \/>\n<input type=\"hidden\" name=\"_wpcf7_version\" value=\"6.0.3\" \/>\n<input type=\"hidden\" name=\"_wpcf7_locale\" value=\"es_CL\" \/>\n<input type=\"hidden\" name=\"_wpcf7_unit_tag\" value=\"wpcf7-f467-o1\" \/>\n<input type=\"hidden\" name=\"_wpcf7_container_post\" value=\"0\" \/>\n<input type=\"hidden\" name=\"_wpcf7_posted_data_hash\" value=\"\" \/>\n<\/div>\n<p><label> Tipo de Solicitud<\/label><br \/>\n<span class=\"wpcf7-form-control-wrap\" data-name=\"TipoSolicitud\"><span class=\"wpcf7-form-control wpcf7-radio form-control\" id=\"TipoSolicitud\"><span class=\"wpcf7-list-item first\"><label><input type=\"radio\" name=\"TipoSolicitud\" value=\"Reclamo\" checked=\"checked\" \/><span class=\"wpcf7-list-item-label\">Reclamo<\/span><\/label><\/span><span class=\"wpcf7-list-item\"><label><input type=\"radio\" name=\"TipoSolicitud\" value=\"Sugerencia\" \/><span class=\"wpcf7-list-item-label\">Sugerencia<\/span><\/label><\/span><span class=\"wpcf7-list-item\"><label><input type=\"radio\" name=\"TipoSolicitud\" value=\"Felicitaciones\" \/><span class=\"wpcf7-list-item-label\">Felicitaciones<\/span><\/label><\/span><span class=\"wpcf7-list-item last\"><label><input type=\"radio\" name=\"TipoSolicitud\" value=\"Consulta\" \/><span class=\"wpcf7-list-item-label\">Consulta<\/span><\/label><\/span><\/span><\/span>\n<\/p>\n<p><label> Indique Donde Desea Recibir Respuesta<\/label><br \/>\n<span class=\"wpcf7-form-control-wrap\" data-name=\"SolicitudRespuesta\"><span class=\"wpcf7-form-control wpcf7-radio form-control\" id=\"SolicitudRespuesta\"><span class=\"wpcf7-list-item first\"><label><input type=\"radio\" name=\"SolicitudRespuesta\" value=\"Email\" checked=\"checked\" \/><span class=\"wpcf7-list-item-label\">Email<\/span><\/label><\/span><span class=\"wpcf7-list-item\"><label><input type=\"radio\" name=\"SolicitudRespuesta\" value=\"Carta Certificada\" \/><span class=\"wpcf7-list-item-label\">Carta Certificada<\/span><\/label><\/span><span class=\"wpcf7-list-item last\"><label><input type=\"radio\" name=\"SolicitudRespuesta\" value=\"Retiro en Oficina\" \/><span class=\"wpcf7-list-item-label\">Retiro en Oficina<\/span><\/label><\/span><\/span><\/span>\n<\/p>\n<h3>Informaci\u00f3n Personal\n<\/h3>\n<p><label> Nombre<\/label><br \/>\n<span class=\"wpcf7-form-control-wrap\" data-name=\"nombre\"><input size=\"40\" maxlength=\"400\" class=\"wpcf7-form-control wpcf7-text wpcf7-validates-as-required form-control\" id=\"nombre\" aria-required=\"true\" aria-invalid=\"false\" value=\"\" type=\"text\" name=\"nombre\" \/><\/span>\n<\/p>\n<p><label> RUT<\/label><br \/>\n<span class=\"wpcf7-form-control-wrap\" data-name=\"rut\"><input size=\"40\" maxlength=\"400\" class=\"wpcf7-form-control wpcf7-text wpcf7-validates-as-required form-control\" id=\"rut\" aria-required=\"true\" aria-invalid=\"false\" value=\"\" type=\"text\" name=\"rut\" \/><\/span>\n<\/p>\n<p><label> Tel\u00e9fono<\/label><br \/>\n<span class=\"wpcf7-form-control-wrap\" data-name=\"telefono\"><input size=\"40\" maxlength=\"400\" class=\"wpcf7-form-control wpcf7-text wpcf7-validates-as-required form-control\" id=\"telefono\" aria-required=\"true\" aria-invalid=\"false\" value=\"\" type=\"text\" name=\"telefono\" \/><\/span>\n<\/p>\n<p><label> Direcci\u00f3n<\/label><br \/>\n<span class=\"wpcf7-form-control-wrap\" data-name=\"direccion\"><input size=\"40\" maxlength=\"400\" class=\"wpcf7-form-control wpcf7-text wpcf7-validates-as-required form-control\" id=\"direccion\" aria-required=\"true\" aria-invalid=\"false\" value=\"\" type=\"text\" name=\"direccion\" \/><\/span>\n<\/p>\n<p><label> Email<\/label><br \/>\n<span class=\"wpcf7-form-control-wrap\" data-name=\"email\"><input size=\"40\" maxlength=\"400\" class=\"wpcf7-form-control wpcf7-email wpcf7-validates-as-required wpcf7-text wpcf7-validates-as-email form-control\" id=\"email\" aria-required=\"true\" aria-invalid=\"false\" value=\"\" type=\"email\" name=\"email\" \/><\/span>\n<\/p>\n<p><label> Descripci\u00f3n<\/label><br \/>\n<span class=\"wpcf7-form-control-wrap\" data-name=\"descripcionSolicitud\"><textarea cols=\"40\" rows=\"10\" maxlength=\"2000\" class=\"wpcf7-form-control wpcf7-textarea wpcf7-validates-as-required form-control\" aria-required=\"true\" aria-invalid=\"false\" name=\"descripcionSolicitud\"><\/textarea><\/span>\n<\/p>\n<p><input class=\"wpcf7-form-control wpcf7-submit has-spinner\" type=\"submit\" value=\"Enviar\" \/>\n<\/p><div class=\"wpcf7-response-output\" aria-hidden=\"true\"><\/div>\n<\/form>\n<\/div>\n\n","protected":false},"excerpt":{"rendered":"<p>Informaci\u00f3n Bienvenido a la OIRS Digital, Oficina de Informaciones, Reclamos y Sugerencias de la Municipalidad de Padre Las Casas. A trav\u00e9s de este medio. Ucl podr\u00e1 enviar sus inquietudes, solicitudes, consultas o denuncias de modo digital, como tambi\u00e9n; comunicarnos de temas que competan al municipio, ya sea de inter\u00e9s particular o general Adem\u00e1s, podr\u00e1 adjuntar [&hellip;]<\/p>\n","protected":false},"author":1,"featured_media":917,"parent":0,"menu_order":0,"comment_status":"closed","ping_status":"closed","template":"page-direcciones.php","meta":{"pgc_sgb_lightbox_settings":"","footnotes":""},"class_list":["post-148","page","type-page","status-publish","has-post-thumbnail","hentry"],"_links":{"self":[{"href":"https:\/\/padrelascasas.cl\/newplc\/wp-json\/wp\/v2\/pages\/148","targetHints":{"allow":["GET"]}}],"collection":[{"href":"https:\/\/padrelascasas.cl\/newplc\/wp-json\/wp\/v2\/pages"}],"about":[{"href":"https:\/\/padrelascasas.cl\/newplc\/wp-json\/wp\/v2\/types\/page"}],"author":[{"embeddable":true,"href":"https:\/\/padrelascasas.cl\/newplc\/wp-json\/wp\/v2\/users\/1"}],"replies":[{"embeddable":true,"href":"https:\/\/padrelascasas.cl\/newplc\/wp-json\/wp\/v2\/comments?post=148"}],"version-history":[{"count":0,"href":"https:\/\/padrelascasas.cl\/newplc\/wp-json\/wp\/v2\/pages\/148\/revisions"}],"wp:featuredmedia":[{"embeddable":true,"href":"https:\/\/padrelascasas.cl\/newplc\/wp-json\/wp\/v2\/media\/917"}],"wp:attachment":[{"href":"https:\/\/padrelascasas.cl\/newplc\/wp-json\/wp\/v2\/media?parent=148"}],"curies":[{"name":"wp","href":"https:\/\/api.w.org\/{rel}","templated":true}]}}