{"id":2659,"date":"2021-07-27T20:06:02","date_gmt":"2021-07-27T23:06:02","guid":{"rendered":"https:\/\/www.padrelascasas.cl\/newplc\/?page_id=2659"},"modified":"2025-04-25T10:21:23","modified_gmt":"2025-04-25T13:21:23","slug":"direccion-de-desarrollo-economico-local-didel","status":"publish","type":"page","link":"https:\/\/padrelascasas.cl\/newplc\/direccion-de-desarrollo-economico-local-didel\/","title":{"rendered":"DIRECCI\u00d3N DE DESARROLLO ECON\u00d3MICO LOCAL"},"content":{"rendered":"\n<div class=\"wp-block-columns is-layout-flex wp-container-core-columns-is-layout-1 wp-block-columns-is-layout-flex\">\n<div class=\"wp-block-column is-layout-flow wp-block-column-is-layout-flow\">\n<p><strong>Director<\/strong> Gabriel Mercado Elgueta<\/p>\n\n\n\n<p><strong>Profesi\u00f3n<\/strong> Ingeniero Forestal<\/p>\n\n\n\n<i class=\"fa fa-envelope \" ><\/i>  <a href=\"mailto:gmercado@padrelascasas.cl\">gmercado@padrelascasas.cl<\/a><\/p>\n\n\n\n<i class=\"fa fa-phone \" ><\/i>  452590900<\/p>\n<\/div>\n\n\n\n<div class=\"wp-block-column is-layout-flow wp-block-column-is-layout-flow\">\n<p><strong>Secretaria<\/strong> Ema Ovando Medina <\/p>\n\n\n\n<i class=\"fa fa-envelope \" ><\/i>  <a href=\"mailto:secretaria.didel@padrelascasas.cl\">secretaria.didel@padrelascasas.cl<\/a><\/p>\n\n\n\n<i class=\"fa fa-phone \" ><\/i> 452590901<\/p>\n<\/div>\n<\/div>\n\n\n\n<p><\/p>\n\n\n\n<div class=\"su-accordion su-u-trim\"><\/div><div class=\"su-spoiler su-spoiler-style-default su-spoiler-icon-plus su-spoiler-closed\" data-scroll-offset=\"0\" data-anchor-in-url=\"no\"><div class=\"su-spoiler-title\" tabindex=\"0\" role=\"button\"><span class=\"su-spoiler-icon\"><\/span>Descripci\u00f3n Direcci\u00f3n<\/div><div class=\"su-spoiler-content su-u-clearfix su-u-trim\"> La direcci\u00f3n tiene como misi\u00f3n, articular estrategias de desarrollo que se traduzcan en acciones que beneficien a la comunidad en su conjunto, fomentando la creatividad, innovaci\u00f3n y emprendimiento a nivel de toda la comunidad para lograr ingresos en forma sustentable; generando redes de contacto entre inversionistas, emprendedores e instituciones afines para la generaci\u00f3n de nuevos negocios, fomentando el empleo en la comuna mediante acciones que faciliten la inserci\u00f3n laboral y promuevan la formaci\u00f3n, capacitaci\u00f3n y desarrollo de recursos humanos, adem\u00e1s de fortalecer la microempresa comunal, entreg\u00e1ndoles oportunidades de desarrollo y de competitividad.<\/div><\/div> <div class=\"su-spoiler su-spoiler-style-default su-spoiler-icon-plus su-spoiler-closed\" data-scroll-offset=\"0\" data-anchor-in-url=\"no\"><div class=\"su-spoiler-title\" tabindex=\"0\" role=\"button\"><span class=\"su-spoiler-icon\"><\/span>Funciones Generales<\/div><div class=\"su-spoiler-content su-u-clearfix su-u-trim\">\n\n\n\n<p>a.&nbsp; Promover y articular el desarrollo econ\u00f3mico local.<\/p>\n\n\n\n<p>b.&nbsp; Fomentar la asociatividad productiva al interior de la comuna.<\/p>\n\n\n\n<p>c.&nbsp; Fomentar redes de colaboraci\u00f3n con entidades p\u00fablicas y privadas.<\/p>\n\n\n\n<p>d.&nbsp; Dise\u00f1ar, elaborar y ejecutar iniciativas de car\u00e1cter productivos.<\/p>\n\n\n\n<p>e.&nbsp; Gestionar financiamiento externo para iniciativas productivas.<\/p>\n\n\n\n<p>f.&nbsp; Fomentar la capacitaci\u00f3n, la promoci\u00f3n del empleo y el turismo.<\/p>\n\n\n\n<p>g.&nbsp; Dise\u00f1ar y mantener un registro actualizado de actividades productivas de la comuna.<\/p>\n\n\n\n<p>h.&nbsp; Otras funciones que especialmente se le encomiende, en conformidad a la ley y a las normas de este reglamento.<\/div><\/div>\n\n\n\n<div class=\"su-accordion su-u-trim\"><\/div><div class=\"su-spoiler su-spoiler-style-default su-spoiler-icon-plus su-spoiler-closed\" data-scroll-offset=\"0\" data-anchor-in-url=\"no\"><div class=\"su-spoiler-title\" tabindex=\"0\" role=\"button\"><span class=\"su-spoiler-icon\"><\/span>Oficinas o Departamentos<\/div><div class=\"su-spoiler-content su-u-clearfix su-u-trim\">\n\n\n\n<p><\/p>\n\n\n\n<ol class=\"wp-block-list\" type=\"A\"><li>Oficina Municipal de Informaci\u00f3n Laboral &#8211; OMIL<\/li><li>Centro de Emprendimiento, Comercializaci\u00f3n y Turismo &#8211; Oficina de Desarrollo Empresas y Fomento Productivo.<\/li><\/ol>\n\n\n\n<p>Centro de Emprendimiento, Comercializaci\u00f3n y Turismo &#8211; Oficina Desarrollo Tur\u00edstico.<\/p>\n\n\n\n<ul class=\"wp-block-list\"><li>Oficina de Asuntos Ind\u00edgenas.<\/li><li>Departamento de Desarrollo Econ\u00f3mico Rural.<ul><li>Programa de Desarrollo Econ\u00f3mico Rural Mapuche (PRODERMA)<\/li><\/ul><ul><li>Programa de Desarrollo Territorial Ind\u00edgena (PDTI)<\/li><\/ul><\/li><li><strong>Oficina Municipal de Informaci\u00f3n Laboral &#8211; OMIL<\/strong><\/li><\/ul>\n\n\n\n<p>Ubicaci\u00f3n: Calle Las Ca\u00f1as 1465, Padre Las Casas.<\/p>\n\n\n\n<p>Horarios: Atenci\u00f3n a p\u00fablico, lunes a viernes 08:30 a 13:00 hrs<\/p>\n\n\n\n<p>Encargada: Karina Leal Arriagada<\/p>\n\n\n\n<p>Correo: kleal@padrelascasas.cl<\/p>\n\n\n\n<p>Tel\u00e9fono: 452590924<\/p>\n\n\n\n<p><strong>Descripci\u00f3n<\/strong><\/p>\n\n\n\n<p>La Oficina Municipal de Informaci\u00f3n Laboral (OMIL), tiene por objetivo establecer una coordinaci\u00f3n entre la oferta y demanda de empleo local y regional.<\/p>\n\n\n\n<p>La OMIL a su vez, otorga informaci\u00f3n, orientaci\u00f3n y vinculaci\u00f3n tanto a los empleadores como a las personas que se encuentran buscando trabajo dependiente. Facilita la incorporaci\u00f3n de \u00e9stos a procesos de capacitaci\u00f3n, con el objetivo de mejorar sus capacidades y condiciones de empleabilidad.<\/p>\n\n\n\n<p><strong>Funciones<\/strong><\/p>\n\n\n\n<ol class=\"wp-block-list\" type=\"1\"><li>Recibir las ofertas y solicitudes de capacitaci\u00f3n y de trabajo en la comuna.<\/li><li>Informar, orientar y vincular a los eventuales beneficiarios de Programas de Capacitaci\u00f3n.<\/li><li>Relacionar al oferente y solicitante de trabajo.<\/li><li>Verificar los antecedentes laborales de los oferentes y demandantes, as\u00ed como los requerimientos de los puestos de trabajo, conforme a normas t\u00e9cnicas impartidas por el SENCE.<\/li><li>Entregar peri\u00f3dicamente al SENCE y a los servicios p\u00fablicos que la demanden, la informaci\u00f3n recogida en su oficina en cuanto a la oferta, demandas de trabajo y capacitaci\u00f3n.<\/li><li>Cumplir con las funciones de orientaci\u00f3n laboral, que el SENCE les indique.<\/li><\/ol>\n\n\n\n<ul class=\"wp-block-list\"><li><strong>Centro de Emprendimiento, Comercializaci\u00f3n y Turismo<\/strong><\/li><li>Oficina de Desarrollo Tur\u00edstico,<\/li><\/ul>\n\n\n\n<p>Encargada: Mar\u00eda Ester Ortega Barros<\/p>\n\n\n\n<p>Correo: <a href=\"mailto:mortega@padrelascasas.cl\">mortega@padrelascasas.cl<\/a><\/p>\n\n\n\n<p>Tel\u00e9fono: 452590234<\/p>\n\n\n\n<ul class=\"wp-block-list\"><li>Oficina de Desarrollo Empresas y Fomento Productivo.<\/li><\/ul>\n\n\n\n<p>Encargado: Igor Moraga Cifuentes<\/p>\n\n\n\n<p>Correo: <a href=\"mailto:mortega@padrelascasas.cl\">imoraga@padrelascasas.cl<\/a><\/p>\n\n\n\n<p>Tel\u00e9fono: 452590234<\/p>\n\n\n\n<p>Ubicaci\u00f3n: Calle Las Ca\u00f1as 1465, Padre Las Casas.<\/p>\n\n\n\n<p>Horarios: Atenci\u00f3n a p\u00fablico, lunes a viernes 08:30 a 13:00 hrs<\/p>\n\n\n\n<p><strong>Descripci\u00f3n<\/strong><\/p>\n\n\n\n<p>El programa Centro de Emprendimiento, Comercializaci\u00f3n y Turismo (CECyT) busca apoyar los \u00e1mbitos de comercializaci\u00f3n y turismo sustentable a trav\u00e9s de mejorar los canales de comercializaci\u00f3n incorporando conocimientos espec\u00edficos (desarrollo de cooperativas, empresas en un d\u00eda, formalizaci\u00f3n a trav\u00e9s del servicio de impuestos internos y del servicio de salud), adem\u00e1s de incorporar herramientas tecnol\u00f3gicas enfocadas en el desarrollo del Turismo Inteligente (c\u00f3digo QR).&nbsp; Lo anterior sumado a los esfuerzos y direccionamientos otorgados por el concepto de \u201cComunas m\u00e1gicas\u201d, que ha promovido la actividad tur\u00edstica y artesanal de la comuna, \u00e1reas que en estos \u00faltimos a\u00f1os han logrado un alto nivel de desarrollo y cuenta con el reconocimiento regional y nacional del sello UNESCO, sello Manos Campesinas (INDAP) y Tesoros Humanos Vivos (FONDART), d\u00e1ndole un componente \u00fanico al capital humano Mapuche. Cabe se\u00f1alar que el programa CECyT, trabaja en conjunto con la Direcci\u00f3n de Administraci\u00f3n y Finanzas para el correcto funcionamiento comercial de la feria itinerante \u201cSantana\u201d y programas especiales de ropa usada, otorgando permisos comerciales y provisorios para ejercer actividad econ\u00f3mica en la comuna. Por otra parte, el programa tambi\u00e9n es el encargado de fortalecer las actividades y eventos tur\u00edsticos que van en directo beneficio de emprendedores incipientes (que est\u00e1n desarrollado una idea de negocio), como tambi\u00e9n a artesanos y empresarios tur\u00edsticos de la comuna.<\/p>\n\n\n\n<p><strong>Funciones Oficina de Desarrollo Tur\u00edstico<\/strong><\/p>\n\n\n\n<p>a.&nbsp; Elaborar y mantener un catastro de los atractivos tur\u00edsticos de la comuna.<\/p>\n\n\n\n<p>b.&nbsp; Elaborar y mantener un catastro de iniciativas tur\u00edsticas existentes en la comuna.<\/p>\n\n\n\n<p>c.&nbsp; Promover la asociatividad de microempresarios tur\u00edsticos de la comuna.<\/p>\n\n\n\n<p>d.&nbsp; Elaborar y postular a fuentes de financiamiento (interno o externo) proyectos de inversi\u00f3n, de iniciativa municipal, orientados a la promoci\u00f3n y desarrollo de fomento tur\u00edstico.<\/p>\n\n\n\n<p>e.&nbsp; Elaborar estrategias de difusi\u00f3n de las potencialidades tur\u00edsticas de la comuna.<\/p>\n\n\n\n<p>f.&nbsp; Gestionar capacitaciones a los Microempresarios del turismo.<\/p>\n\n\n\n<p>g.&nbsp; Articular con otras instituciones afines, tanto p\u00fablicas como privadas, iniciativas de desarrollo tur\u00edstico.<\/p>\n\n\n\n<p>h. Otras funciones que el departamento o direcci\u00f3n determine, en conformidad con la Ley y los reglamentos que existan al efecto.<\/p>\n\n\n\n<p><strong>Funciones Oficina de Desarrollo Empresas y Fomento Productivo.<\/strong><\/p>\n\n\n\n<p>a.&nbsp; Colaborar con el encargado del Departamento en la elaboraci\u00f3n de pol\u00edticas y acciones destinadas a promover el aumento y diversificaci\u00f3n de actividades productivas en la comuna.<\/p>\n\n\n\n<p>b.&nbsp; Promover las distintas capacidades de la comunidad local, para lograr su desarrollo econ\u00f3mico y social.<\/p>\n\n\n\n<p>c.&nbsp; Gestionar y ejecutar proyectos de inversi\u00f3n municipal o externos, orientados al desarrollo y promoci\u00f3n del fomento productivo.<\/p>\n\n\n\n<p>d.&nbsp; Otras funciones que la direcci\u00f3n determine, en conformidad con la Ley y los reglamentos que existan al efecto.<\/p>\n\n\n\n<ul class=\"wp-block-list\"><li><strong>Oficina de Asuntos Ind\u00edgenas<\/strong><\/li><\/ul>\n\n\n\n<p>Ubicaci\u00f3n: Calle Pleiteado 652, Padre Las Casas.<\/p>\n\n\n\n<p>Horarios: Atenci\u00f3n a p\u00fablico, lunes a viernes 08:30 a 13:00 hrs<\/p>\n\n\n\n<p>Encargada: Mariela Silva Leal<\/p>\n\n\n\n<p>Correo: <a href=\"mailto:kleal@padrelascasas.cl\">msilva@padrelascasas.cl<\/a><\/p>\n\n\n\n<p>Tel\u00e9fono: 452590916<\/p>\n\n\n\n<p><strong>Descripci\u00f3n<\/strong><\/p>\n\n\n\n<p>Promover el desarrollo local intercultural en la comuna, entregando informaci\u00f3n base relacionada y vinculada al pueblo-naci\u00f3n Mapuche, cuyo objetivo espec\u00edfico es apoyar, difundir informaci\u00f3n administrativa ligada a procesos relacionas con la propiedad de la tierra, calidad ind\u00edgena, proyectos y programas de la CONADI y revitalizar la identidad, cultura, espiritualidad, idioma, cosmovisi\u00f3n y educaci\u00f3n de la poblaci\u00f3n mapuche, informar de los derechos, deberes y beneficios existentes.<\/p>\n\n\n\n<p><strong>Funciones<\/strong><\/p>\n\n\n\n<ol class=\"wp-block-list\" type=\"a\"><li>Entrega de informaci\u00f3n y derivaci\u00f3n responsable de los diferentes estamentos del Municipio.<\/li><li>Apoyo en el llenado de formularios, formatos de proyectos y documentaci\u00f3n necesaria para obtener apoyos estatales, o de ONG (seg\u00fan corresponda), en una amplia gama de instituciones y servicios que est\u00e1n disponibles para los usuarios de origen mapuche.<\/li><li>Vinculaci\u00f3n directa con el Ministerio de Bienes Nacionales y su programa para regularizar peque\u00f1as superficies urbanas y rurales, con el fin de, una vez realizada su tramitaci\u00f3n, estos puedan optar a postulaciones de programas estatales de variada naturaleza (electrificaci\u00f3n, agua potable, proyectos productivos, entre otros).<\/li><li>Promover la cultura mapuche en las diferentes actividades que realiza la institucionalidad municipal, relev\u00e1ndola al \u00e1mbito que permita la integraci\u00f3n del mundo mapuche con el no mapuche, generando una comunidad que se enriquezca de la multiculturalidad de su gente y dentro de ese \u00e1mbito, construir el futuro de la comuna.<\/li><li>Ser un apoyo directo a la Oficina de Promoci\u00f3n e informaci\u00f3n de Derechos Ind\u00edgenas de la CONADI (PIDI), ubicado en la comuna de Padre Las Casas, como tambi\u00e9n con la Subdirecci\u00f3n de conadi en relaci\u00f3n a sus distintas oficinas que se relacionan en materias que demandan las personas naturales mapuches como las propias organizaciones.<\/li><\/ol>\n\n\n\n<p><strong>DEPARTAMENTO DE DESARROLLO ECONOMICO RURAL<\/strong><\/p>\n\n\n\n<p>Ubicaci\u00f3n: Calle Las Ca\u00f1as 1465, Padre Las Casas.<\/p>\n\n\n\n<p>Horarios: Atenci\u00f3n a p\u00fablico, lunes a viernes 08:30 a 13:00 hr<\/p>\n\n\n\n<p>Jefe Departamento: Danae Lavanderos Cerda<\/p>\n\n\n\n<p>Correo: <a href=\"mailto:dlavanderos@padrelascasas.cl\">dlavanderos@padrelascasas.cl<\/a><\/p>\n\n\n\n<p>Tel\u00e9fono: 452590901<\/p>\n\n\n\n<p><strong>Descripci\u00f3n<\/strong><\/p>\n\n\n\n<p>El Departamento debe coordinar iniciativas y programas que tengan como objetivo principal el desarrollo agropecuario de la Comuna, de manera que se promuevan, fomenten y gestionen actividades productivas en su m\u00e1s amplio espectro dentro del \u00e1mbito rural Comunal.<\/p>\n\n\n\n<p><strong>Funciones<\/strong><\/p>\n\n\n\n<ol class=\"wp-block-list\" type=\"a\"><li>Colaborar con el Direcci\u00f3n en la elaboraci\u00f3n de las pol\u00edticas y acciones destinadas a promover y fomentar el aumento de actividades productivas en el sector rural de la comuna.<\/li><li>Promover las capacidades de la comunidad rural, para lograr su desarrollo econ\u00f3mico y social.<\/li><li>Elaborar y postular a fuentes de financiamiento (interno o externo) proyectos de inversi\u00f3n, de iniciativa municipal, orientados a la promoci\u00f3n y desarrollo de fomento productivo rural.<\/li><li>Ejecutar oportunamente los proyectos financiados.<\/li><li>Asesorar en la gesti\u00f3n de iniciativas productivas a los usuarios de la oficina, procurando su correcta y oportuna ejecuci\u00f3n.<\/li><li>Otras funciones que el departamento o direcci\u00f3n determine, en conformidad con la ley y los reglamentos que existan al efecto.<\/li><\/ol>\n\n\n\n<p>El Departamento coordina, los programas PRODERMA y PDTI, los cuales se detallan a continuaci\u00f3n:<\/p>\n\n\n\n<p><strong>Programa de Desarrollo Rural Mapuche \u2013 PRODERMA<\/strong><\/p>\n\n\n\n<p>Encargado: Patricio Salinas Palma<\/p>\n\n\n\n<p>Correo: <a href=\"mailto:dlavanderos@padrelascasas.cl\">psalinas@padrelascasas.cl<\/a><\/p>\n\n\n\n<p>Tel\u00e9fono: 452590919<\/p>\n\n\n\n<p><strong>Descripci\u00f3n<\/strong><\/p>\n\n\n\n<p>Desarrollar y fortalecer el sistema productivo agroalimentario familiar campesino, entregando herramientas te\u00f3rico pr\u00e1cticas a los agricultores insertos en el programa, priorizando dos ejes productivos, como son el plan ganadero que pretende la engorda de animales vacunos a trav\u00e9s de producci\u00f3n de praderas tecnificadas y el plan hort\u00edcola que pretende la producci\u00f3n de plantines de hortalizas propiamente tal, mediante tecnificaci\u00f3n de los procesos de producci\u00f3n. (a 10 o 12 usuarios por plan que cumplan requisitos impuestos por el programa, ya sea en plan ganadero y\/o hort\u00edcola respectivamente). El objetivo del programa permanece para el a\u00f1o 2021 ya que tanto los planes ganadero y hort\u00edcola est\u00e1n en pleno desarrollo y se les debe dar continuidad a estas iniciativas.<\/p>\n\n\n\n<p><strong>Funciones<\/strong><\/p>\n\n\n\n<ol class=\"wp-block-list\" type=\"a\"><li>Prestar asistencia t\u00e9cnica agropecuaria.<\/li><li>Gestionar ante los entes p\u00fablicos y privados recursos y programas.<\/li><li>Velar por la correcta ejecuci\u00f3n del programa (capacitaciones, visitas t\u00e9cnicas, operativos agropecuarios, entre otros).<\/li><li>Apoyo y difusi\u00f3n de las actividades del Dpto. de Desarrollo Econ\u00f3mico Rural y la DIDEL.<\/li><\/ol>\n\n\n\n<p><strong>Programa de Desarrollo Territorial Ind\u00edgena &#8211; PDTI<\/strong><\/p>\n\n\n\n<p>Encargado: Claudio Huaiquil Ellado<\/p>\n\n\n\n<p>Correo: <a href=\"mailto:chuaiquil@padrelascasas.cl\">chuaiquil@padrelascasas.cl<\/a><\/p>\n\n\n\n<p>Tel\u00e9fono: 452590919<\/p>\n\n\n\n<p><strong>Descripci\u00f3n<\/strong><\/p>\n\n\n\n<p>El Programa de Desarrollo Territorial Ind\u00edgena INDAP-CONADI, PDTI, est\u00e1 orientado a fortalecer las distintas estrategias de la econom\u00eda de los pueblos originarios, comprendiendo a sus familias, las comunidades o cualquier otra forma de organizaci\u00f3n, en base a las actividades silvoagropecuarias y conexas, de acuerdo a su propia visi\u00f3n de desarrollo.<\/p>\n\n\n\n<p>Generar condiciones para que los(as) peque\u00f1os(as) productores(as) agr\u00edcolas y\/o campesinos(as), que poseen menor grado de desarrollo productivo, puedan estos desarrollar sus capacidades e incrementen su capital productivo, permitiendo con ello optimizar y desarrollar sus sistemas productivos, aumentando sus ingresos silvoagropecuarios y\/o los generados por actividades conexas, logrando con esto mejorar su calidad de vida.<\/p>\n\n\n\n<p><strong>Funciones<\/strong><\/p>\n\n\n\n<ol class=\"wp-block-list\" type=\"a\"><li>Participaci\u00f3n y empoderamiento. Fomentar un di\u00e1logo amplio y transparente con los usuarios, mediante el impulso del desarrollo del capital social y organizativo de las Comunidades y otras formas organizativas de los pueblos originarios, con el objeto de avanzar hacia una mayor participaci\u00f3n y poder de decisi\u00f3n de los usuarios.<\/li><li>Desarrollo de capacidades productivas. Asesor\u00edas y apoyo destinados a mantener o mejorar el manejo t\u00e9cnico y la gesti\u00f3n de los sistemas productivos orientados al autoconsumo o para incubar y\/o mejorar emprendimientos econ\u00f3micos individuales o asociativos, basados en actividades silvoagropecuarias y\/o conexas.<\/li><li>Facilitar el acceso a financiamiento. Apoyo para resolver las necesidades de financiamiento de los usuarios a trav\u00e9s del Fondo \u00danico de Inversiones del Programa y\/o la articulaci\u00f3n con otros programas de incentivos y\/o cr\u00e9ditos de INDAP.<\/li><li>Facilitar el acceso a un servicio de capacitaci\u00f3n y asesor\u00eda especializada. Apoyo para complementar aquellos \u00e1mbitos tem\u00e1ticos de inter\u00e9s de los usuarios, y que no puedan ser abordadas por los Equipos de Extensi\u00f3n.<\/li><li>Articulaci\u00f3n con la red p\u00fablica y privada. Apoyo para realizar las vinculaciones que permitan abordar necesidades que pueden exceder el \u00e1mbito de acci\u00f3n de INDAP, tanto de fomento como de desarrollo rural, incluyendo aspectos de infraestructura vial, habitabilidad, servicios b\u00e1sicos, subsidios, entre otros.<\/li><li>Promoci\u00f3n de un desarrollo sustentable. Asesor\u00edas y apoyos para sensibilizar y promover el uso sustentable de los recursos naturales, a trav\u00e9s de la implementaci\u00f3n de pr\u00e1cticas de manejo que permitan protegerlos y\/o mejorarlos.<\/li><\/ol>\n\n\n\n<p><strong>Programa Autoconsumo (APFA)<\/strong><\/p>\n\n\n\n<p>Ubicaci\u00f3n: Calle Las Ca\u00f1as 1465, Padre Las Casas.<\/p>\n\n\n\n<p>Horarios: Atenci\u00f3n a p\u00fablico, lunes a viernes 08:30 a 13:00 hrs<\/p>\n\n\n\n<p>Encargada: Ariel Sep\u00falveda R.<\/p>\n\n\n\n<p>Correo: <a href=\"mailto:asepulveda@padrelascasas.cl\">asepulveda@padrelascasas.cl<\/a><\/p>\n\n\n\n<p>Tel\u00e9fono: 452590901<\/p>\n\n\n\n<p><strong>Descripci\u00f3n<\/strong><\/p>\n\n\n\n<p>El Programa Apoyo a las Familias para el Autoconsumo est\u00e1 inserto dentro de la oferta program\u00e1tica del Seguridad y Oportunidades del Ministerio de Desarrollo Social. En \u00e9l, se busca contribuir a aumentar la disponibilidad de alimentos saludables de la poblaci\u00f3n objetivo mediante la educaci\u00f3n y la auto provisi\u00f3n, para as\u00ed complementar sus necesidades alimentarias y mejorar sus condiciones de vida. Este proceso se efect\u00faa mediante un acompa\u00f1amiento con apoyo t\u00e9cnico y social durante un periodo de 9 meses a 33 familias de zonas rurales de la comuna. Para la ejecuci\u00f3n de las diferentes etapas del Programa se desarrollan sesiones educativas en terreno con cada familia y talleres grupales para el intercambio de experiencias. En cada etapa del proceso un elemento vital para el buen desarrollo del Programa es la participaci\u00f3n del grupo familiar.<\/p>\n\n\n\n<p><strong>Funciones<\/strong><\/p>\n\n\n\n<p>Contribuir a aumentar la disponibilidad de alimentos saludables de la poblaci\u00f3n objetivo mediante la educaci\u00f3n y la auto provisi\u00f3n, para as\u00ed complementar sus necesidades alimentarias y mejorar sus condiciones de vida, para las familias beneficiadas a\u00f1o a a\u00f1o.<\/div><\/div>\n","protected":false},"excerpt":{"rendered":"<p>Director Gabriel Mercado Elgueta Profesi\u00f3n Ingeniero Forestal gmercado@padrelascasas.cl 452590900 Secretaria Ema Ovando Medina secretaria.didel@padrelascasas.cl 452590901<\/p>\n","protected":false},"author":1,"featured_media":11302,"parent":0,"menu_order":0,"comment_status":"closed","ping_status":"closed","template":"page-direcciones.php","meta":{"pgc_sgb_lightbox_settings":"","footnotes":""},"class_list":["post-2659","page","type-page","status-publish","has-post-thumbnail","hentry"],"_links":{"self":[{"href":"https:\/\/padrelascasas.cl\/newplc\/wp-json\/wp\/v2\/pages\/2659","targetHints":{"allow":["GET"]}}],"collection":[{"href":"https:\/\/padrelascasas.cl\/newplc\/wp-json\/wp\/v2\/pages"}],"about":[{"href":"https:\/\/padrelascasas.cl\/newplc\/wp-json\/wp\/v2\/types\/page"}],"author":[{"embeddable":true,"href":"https:\/\/padrelascasas.cl\/newplc\/wp-json\/wp\/v2\/users\/1"}],"replies":[{"embeddable":true,"href":"https:\/\/padrelascasas.cl\/newplc\/wp-json\/wp\/v2\/comments?post=2659"}],"version-history":[{"count":1,"href":"https:\/\/padrelascasas.cl\/newplc\/wp-json\/wp\/v2\/pages\/2659\/revisions"}],"predecessor-version":[{"id":11303,"href":"https:\/\/padrelascasas.cl\/newplc\/wp-json\/wp\/v2\/pages\/2659\/revisions\/11303"}],"wp:featuredmedia":[{"embeddable":true,"href":"https:\/\/padrelascasas.cl\/newplc\/wp-json\/wp\/v2\/media\/11302"}],"wp:attachment":[{"href":"https:\/\/padrelascasas.cl\/newplc\/wp-json\/wp\/v2\/media?parent=2659"}],"curies":[{"name":"wp","href":"https:\/\/api.w.org\/{rel}","templated":true}]}}