{"id":2807,"date":"2021-08-16T12:29:33","date_gmt":"2021-08-16T15:29:33","guid":{"rendered":"https:\/\/www.padrelascasas.cl\/newplc\/?page_id=2807"},"modified":"2025-04-25T10:25:28","modified_gmt":"2025-04-25T13:25:28","slug":"direccion-de-transito-y-transporte-publico","status":"publish","type":"page","link":"https:\/\/padrelascasas.cl\/newplc\/direccion-de-transito-y-transporte-publico\/","title":{"rendered":"Direcci\u00f3n de Tr\u00e1nsito y Transporte P\u00fablico"},"content":{"rendered":"\n<div class=\"wp-block-columns is-layout-flex wp-container-core-columns-is-layout-1 wp-block-columns-is-layout-flex\">\n<div class=\"wp-block-column is-layout-flow wp-block-column-is-layout-flow\">\n<p><strong>Director<\/strong> Rodrigo Mercado Acevedo<\/p>\n\n\n\n<p><strong>Profesi\u00f3n<\/strong> <\/p>\n\n\n\n<i class=\"fa fa-envelope \" ><\/i>  <a href=\"mailto:rmercado@padrelascasas.cl\" class=\"ek-link\">rmercado@padrelascasas.cl<\/a><\/p>\n\n\n\n<i class=\"fa fa-phone \" ><\/i> 452590192<\/p>\n<\/div>\n\n\n\n<div class=\"wp-block-column is-layout-flow wp-block-column-is-layout-flow\">\n<p><strong>Secretaria<\/strong><\/p>\n\n\n\n<i class=\"fa fa-envelope \" ><\/i>\n\n\n\n<i class=\"fa fa-phone \" ><\/i>\n<\/div>\n<\/div>\n\n\n\n<p>Avda. Maquehue N\u00ba 1441<\/p>\n","protected":false},"excerpt":{"rendered":"<p>Director Rodrigo Mercado Acevedo Profesi\u00f3n rmercado@padrelascasas.cl 452590192 Secretaria Avda. Maquehue N\u00ba 1441<\/p>\n","protected":false},"author":1,"featured_media":11312,"parent":0,"menu_order":0,"comment_status":"closed","ping_status":"closed","template":"page-direcciones.php","meta":{"pgc_sgb_lightbox_settings":"","footnotes":""},"class_list":["post-2807","page","type-page","status-publish","has-post-thumbnail","hentry"],"_links":{"self":[{"href":"https:\/\/padrelascasas.cl\/newplc\/wp-json\/wp\/v2\/pages\/2807","targetHints":{"allow":["GET"]}}],"collection":[{"href":"https:\/\/padrelascasas.cl\/newplc\/wp-json\/wp\/v2\/pages"}],"about":[{"href":"https:\/\/padrelascasas.cl\/newplc\/wp-json\/wp\/v2\/types\/page"}],"author":[{"embeddable":true,"href":"https:\/\/padrelascasas.cl\/newplc\/wp-json\/wp\/v2\/users\/1"}],"replies":[{"embeddable":true,"href":"https:\/\/padrelascasas.cl\/newplc\/wp-json\/wp\/v2\/comments?post=2807"}],"version-history":[{"count":1,"href":"https:\/\/padrelascasas.cl\/newplc\/wp-json\/wp\/v2\/pages\/2807\/revisions"}],"predecessor-version":[{"id":10103,"href":"https:\/\/padrelascasas.cl\/newplc\/wp-json\/wp\/v2\/pages\/2807\/revisions\/10103"}],"wp:featuredmedia":[{"embeddable":true,"href":"https:\/\/padrelascasas.cl\/newplc\/wp-json\/wp\/v2\/media\/11312"}],"wp:attachment":[{"href":"https:\/\/padrelascasas.cl\/newplc\/wp-json\/wp\/v2\/media?parent=2807"}],"curies":[{"name":"wp","href":"https:\/\/api.w.org\/{rel}","templated":true}]}}