{"id":4241,"date":"2022-01-29T19:55:09","date_gmt":"2022-01-29T22:55:09","guid":{"rendered":"https:\/\/www.padrelascasas.cl\/newplc\/?page_id=4241"},"modified":"2022-01-31T10:25:00","modified_gmt":"2022-01-31T13:25:00","slug":"denuncias-medio-ambiente","status":"publish","type":"page","link":"https:\/\/padrelascasas.cl\/newplc\/denuncias-medio-ambiente\/","title":{"rendered":"DENUNCIAS MEDIO AMBIENTE"},"content":{"rendered":"\n<p>Si deseas realizar una denuncia ambiental, observaci\u00f3n o solicitud, cont\u00e1ctenos v\u00eda:<\/p>\n\n\n\n<p>Correo electr\u00f3nico:&nbsp;<a href=\"mailto:secretaria.medioambiente@padrelascasas.cl\">secretaria.medioambiente@padrelascasas.cl<\/a><\/p>\n\n\n\n<p>Fono Medio Ambiente: 452590425<\/p>\n","protected":false},"excerpt":{"rendered":"<p>Si deseas realizar una denuncia ambiental, observaci\u00f3n o solicitud, cont\u00e1ctenos v\u00eda: Correo electr\u00f3nico:&nbsp;secretaria.medioambiente@padrelascasas.cl Fono Medio Ambiente: 452590425<\/p>\n","protected":false},"author":1,"featured_media":0,"parent":0,"menu_order":0,"comment_status":"closed","ping_status":"closed","template":"","meta":{"pgc_sgb_lightbox_settings":"","footnotes":""},"class_list":["post-4241","page","type-page","status-publish","hentry"],"_links":{"self":[{"href":"https:\/\/padrelascasas.cl\/newplc\/wp-json\/wp\/v2\/pages\/4241","targetHints":{"allow":["GET"]}}],"collection":[{"href":"https:\/\/padrelascasas.cl\/newplc\/wp-json\/wp\/v2\/pages"}],"about":[{"href":"https:\/\/padrelascasas.cl\/newplc\/wp-json\/wp\/v2\/types\/page"}],"author":[{"embeddable":true,"href":"https:\/\/padrelascasas.cl\/newplc\/wp-json\/wp\/v2\/users\/1"}],"replies":[{"embeddable":true,"href":"https:\/\/padrelascasas.cl\/newplc\/wp-json\/wp\/v2\/comments?post=4241"}],"version-history":[{"count":0,"href":"https:\/\/padrelascasas.cl\/newplc\/wp-json\/wp\/v2\/pages\/4241\/revisions"}],"wp:attachment":[{"href":"https:\/\/padrelascasas.cl\/newplc\/wp-json\/wp\/v2\/media?parent=4241"}],"curies":[{"name":"wp","href":"https:\/\/api.w.org\/{rel}","templated":true}]}}