{"id":4255,"date":"2022-01-29T20:07:06","date_gmt":"2022-01-29T23:07:06","guid":{"rendered":"https:\/\/www.padrelascasas.cl\/newplc\/?page_id=4255"},"modified":"2022-01-31T10:36:51","modified_gmt":"2022-01-31T13:36:51","slug":"descontaminacion-atmosferica-medio-ambiente","status":"publish","type":"page","link":"https:\/\/padrelascasas.cl\/newplc\/descontaminacion-atmosferica-medio-ambiente\/","title":{"rendered":"DESCONTAMINACI\u00d3N ATMOSF\u00c9RICA MEDIO AMBIENTE"},"content":{"rendered":"\n<p>La Municipalidad de Padre Las Casas se encuentra comprometida con la salud respiratoria de la poblaci\u00f3n, a trav\u00e9s del Plan de Descontaminaci\u00f3n Atmosf\u00e9rica (PDA). Entre abril y septiembre es la temporada de episodios cr\u00edticos de contaminaci\u00f3n atmosf\u00e9rica, en la cual se realizan fiscalizaciones de humedad de le\u00f1a y a locales de venta de le\u00f1a. Adem\u00e1s, en periodos determinados por el Ministerio del Medio Ambiente, se realiza la postulaci\u00f3n a recambio de calefactores, en la cual el equipo de medio ambiente municipal apoya a los usuarios que lo solicitan.Si deseas revisar en qu\u00e9 consiste el PDA, accede al siguiente <a href=\"https:\/\/www.bcn.cl\/leychile\/navegar?idNorma=1084085\" class=\"ek-link\">LINK<\/a><\/p>\n\n\n\n<p>Actualmente, se est\u00e1 realizando la actualizaci\u00f3n del PDA. Desde el martes 25 de enero hasta el mi\u00e9rcoles 20 de abril de 2022 se estar\u00e1 realizando la consulta ciudadana para el plan.&nbsp;Puedes ingresar tus observaciones en el siguiente <a href=\"https:\/\/consultasciudadanas.mma.gob.cl\/portal\/consulta\/119\" class=\"ek-link\">LINK<\/a><\/p>\n\n\n\n<figure class=\"wp-block-image size-full is-resized\"><img loading=\"lazy\" decoding=\"async\" src=\"https:\/\/www.padrelascasas.cl\/newplc\/wp-content\/uploads\/2022\/01\/logo-certificacion-ma-1.jpg\" alt=\"\" class=\"wp-image-4301\" width=\"129\" height=\"120\" srcset=\"https:\/\/padrelascasas.cl\/newplc\/wp-content\/uploads\/2022\/01\/logo-certificacion-ma-1.jpg 654w, https:\/\/padrelascasas.cl\/newplc\/wp-content\/uploads\/2022\/01\/logo-certificacion-ma-1-300x278.jpg 300w\" sizes=\"auto, (max-width: 129px) 100vw, 129px\" \/><\/figure>\n\n\n\n<p><\/p>\n","protected":false},"excerpt":{"rendered":"<p>La Municipalidad de Padre Las Casas se encuentra comprometida con la salud respiratoria de la poblaci\u00f3n, a trav\u00e9s del Plan de Descontaminaci\u00f3n Atmosf\u00e9rica (PDA). Entre abril y septiembre es la temporada de episodios cr\u00edticos de contaminaci\u00f3n atmosf\u00e9rica, en la cual se realizan fiscalizaciones de humedad de le\u00f1a y a locales de venta de le\u00f1a. Adem\u00e1s, [&hellip;]<\/p>\n","protected":false},"author":1,"featured_media":0,"parent":0,"menu_order":0,"comment_status":"closed","ping_status":"closed","template":"","meta":{"pgc_sgb_lightbox_settings":"","footnotes":""},"class_list":["post-4255","page","type-page","status-publish","hentry"],"_links":{"self":[{"href":"https:\/\/padrelascasas.cl\/newplc\/wp-json\/wp\/v2\/pages\/4255","targetHints":{"allow":["GET"]}}],"collection":[{"href":"https:\/\/padrelascasas.cl\/newplc\/wp-json\/wp\/v2\/pages"}],"about":[{"href":"https:\/\/padrelascasas.cl\/newplc\/wp-json\/wp\/v2\/types\/page"}],"author":[{"embeddable":true,"href":"https:\/\/padrelascasas.cl\/newplc\/wp-json\/wp\/v2\/users\/1"}],"replies":[{"embeddable":true,"href":"https:\/\/padrelascasas.cl\/newplc\/wp-json\/wp\/v2\/comments?post=4255"}],"version-history":[{"count":0,"href":"https:\/\/padrelascasas.cl\/newplc\/wp-json\/wp\/v2\/pages\/4255\/revisions"}],"wp:attachment":[{"href":"https:\/\/padrelascasas.cl\/newplc\/wp-json\/wp\/v2\/media?parent=4255"}],"curies":[{"name":"wp","href":"https:\/\/api.w.org\/{rel}","templated":true}]}}