{"id":4259,"date":"2022-01-29T20:16:04","date_gmt":"2022-01-29T23:16:04","guid":{"rendered":"https:\/\/www.padrelascasas.cl\/newplc\/?page_id=4259"},"modified":"2022-02-18T17:41:39","modified_gmt":"2022-02-18T20:41:39","slug":"links-medio-ambiente","status":"publish","type":"page","link":"https:\/\/padrelascasas.cl\/newplc\/links-medio-ambiente\/","title":{"rendered":"LINKS MEDIO AMBIENTE"},"content":{"rendered":"\n<p>En esta secci\u00f3n, se incluyen links a instituciones y temas asociados a medio ambiente. Puedes revisarlos pinchando los logos a continuaci\u00f3n:<\/p>\n\n\n\n<p><br><strong>Fondo de Protecci\u00f3n Ambiental (FPA)\u00a0<a href=\"https:\/\/fondos.mma.gob.cl\/\" target=\"_blank\" aria-label=\" (opens in a new tab)\" rel=\"noreferrer noopener\" class=\"ek-link\">https:\/\/fondos.mma.gob.cl\/<\/a><\/strong>Este fondo fue creado por la Ley 19.300 sobre Bases Generales del Medio Ambiente, para apoyar iniciativas ciudadanas y financiar total o parcialmente proyectos o actividades orientados a la protecci\u00f3n o reparaci\u00f3n del medio ambiente, el desarrollo sustentable, la preservaci\u00f3n de la naturaleza o la conservaci\u00f3n del patrimonio ambiental. Podr\u00e1n presentarse al concurso personas naturales o jur\u00eddicas, p\u00fablicas o privadas, que cumplan los requisitos espec\u00edficos se\u00f1alados para cada concurso en las bases especiales, los que pueden ser organizaciones sociales e instituciones chilenas sin fines de lucro.<\/p>\n\n\n\n<figure class=\"wp-block-image size-full is-resized\"><a href=\"https:\/\/fondos.mma.gob.cl\/\" target=\"_blank\" rel=\"noopener\"><img loading=\"lazy\" decoding=\"async\" src=\"https:\/\/www.padrelascasas.cl\/newplc\/wp-content\/uploads\/2022\/01\/logo-fpa-mma-2011.png\" alt=\"\" class=\"wp-image-4279\" width=\"154\" height=\"154\" srcset=\"https:\/\/padrelascasas.cl\/newplc\/wp-content\/uploads\/2022\/01\/logo-fpa-mma-2011.png 862w, https:\/\/padrelascasas.cl\/newplc\/wp-content\/uploads\/2022\/01\/logo-fpa-mma-2011-298x300.png 298w, https:\/\/padrelascasas.cl\/newplc\/wp-content\/uploads\/2022\/01\/logo-fpa-mma-2011-150x150.png 150w, https:\/\/padrelascasas.cl\/newplc\/wp-content\/uploads\/2022\/01\/logo-fpa-mma-2011-768x773.png 768w\" sizes=\"auto, (max-width: 154px) 100vw, 154px\" \/><\/a><\/figure>\n\n\n\n<hr class=\"wp-block-separator\"\/>\n\n\n\n<p><br><strong>INaturalist\u00a0<a href=\"https:\/\/inaturalist.mma.gob.cl\/\" target=\"_blank\" aria-label=\" (opens in a new tab)\" rel=\"noreferrer noopener\" class=\"ek-link\">https:\/\/inaturalist.mma.gob.cl\/<\/a><\/strong>Es una plataforma que fomenta la observaci\u00f3n de la naturaleza, as\u00ed como el registro y divulgaci\u00f3n de nuestra biodiversidad. Con esta plataforma se podr\u00e1 conocer m\u00e1s acerca de la distribuci\u00f3n y ciclos de vida de las especies que habitan en nuestro pa\u00eds. \u00a1T\u00fa mismo puedes contribuir con informaci\u00f3n sobre la flora y fauna de nuestra comuna!<\/p>\n\n\n\n<figure class=\"wp-block-image size-large is-resized\"><a href=\"https:\/\/inaturalist.mma.gob.cl\/\" target=\"_blank\" rel=\"noopener\"><img loading=\"lazy\" decoding=\"async\" src=\"https:\/\/www.padrelascasas.cl\/newplc\/wp-content\/uploads\/2022\/01\/imagen-1-1024x194.png\" alt=\"\" class=\"wp-image-4261\" width=\"358\" height=\"68\" srcset=\"https:\/\/padrelascasas.cl\/newplc\/wp-content\/uploads\/2022\/01\/imagen-1-1024x194.png 1024w, https:\/\/padrelascasas.cl\/newplc\/wp-content\/uploads\/2022\/01\/imagen-1-300x57.png 300w, https:\/\/padrelascasas.cl\/newplc\/wp-content\/uploads\/2022\/01\/imagen-1-768x146.png 768w, https:\/\/padrelascasas.cl\/newplc\/wp-content\/uploads\/2022\/01\/imagen-1-1536x291.png 1536w, https:\/\/padrelascasas.cl\/newplc\/wp-content\/uploads\/2022\/01\/imagen-1.png 1805w\" sizes=\"auto, (max-width: 358px) 100vw, 358px\" \/><\/a><\/figure>\n\n\n\n<hr class=\"wp-block-separator\"\/>\n\n\n\n<p><br><strong>Academia de formaci\u00f3n ambiental Adriana Hoffmann\u00a0<a href=\"https:\/\/mma.gob.cl\/academia\/\" target=\"_blank\" aria-label=\" (opens in a new tab)\" rel=\"noreferrer noopener\" class=\"ek-link\">https:\/\/mma.gob.cl\/academia\/<\/a><\/strong><br>Esta oportunidad de formaci\u00f3n permite a la ciudadan\u00eda adentrarse en materias de Educaci\u00f3n Ambiental y Educaci\u00f3n para el Desarrollo Sustentable, garantizando la transmisi\u00f3n de conocimientos y la ense\u00f1anza de conceptos modernos de protecci\u00f3n ambiental, orientados a la comprensi\u00f3n y toma de conciencia de los problemas ambientales.<\/p>\n\n\n\n<figure class=\"wp-block-image size-full is-resized\"><a href=\"https:\/\/mma.gob.cl\/academia\/\" target=\"_blank\" rel=\"noopener\"><img loading=\"lazy\" decoding=\"async\" src=\"https:\/\/www.padrelascasas.cl\/newplc\/wp-content\/uploads\/2022\/01\/250xNxlogo.png.pagespeed.ic_.i2FFX1UN2W.png\" alt=\"\" class=\"wp-image-4262\" width=\"342\" height=\"118\" srcset=\"https:\/\/padrelascasas.cl\/newplc\/wp-content\/uploads\/2022\/01\/250xNxlogo.png.pagespeed.ic_.i2FFX1UN2W.png 500w, https:\/\/padrelascasas.cl\/newplc\/wp-content\/uploads\/2022\/01\/250xNxlogo.png.pagespeed.ic_.i2FFX1UN2W-300x103.png 300w\" sizes=\"auto, (max-width: 342px) 100vw, 342px\" \/><\/a><\/figure>\n\n\n\n<hr class=\"wp-block-separator\"\/>\n\n\n\n<p><strong>Sistema Nacional de Certificaci\u00f3n Ambiental de Establecimientos Educacionales (SNCAE)\u00a0<a href=\"https:\/\/sncae.mma.gob.cl\/portal\" target=\"_blank\" aria-label=\" (opens in a new tab)\" rel=\"noreferrer noopener\" class=\"ek-link\">https:\/\/sncae.mma.gob.cl\/portal<\/a><\/strong>El SNCAE tiene por objetivo la Certificaci\u00f3n Ambiental voluntaria de Establecimientos Educacionales y busca ser una estrategia integral para abordar la educaci\u00f3n ambiental para la sustentabilidad en los establecimientos educacionales del pa\u00eds. Desde la educaci\u00f3n parvularia hasta la educaci\u00f3n media, de cualquier dependencia.<\/p>\n\n\n\n<figure class=\"wp-block-image size-full is-resized\"><a href=\"https:\/\/sncae.mma.gob.cl\/portal\" target=\"_blank\" rel=\"noopener\"><img loading=\"lazy\" decoding=\"async\" src=\"https:\/\/www.padrelascasas.cl\/newplc\/wp-content\/uploads\/2022\/01\/Escuela-sustentable.png\" alt=\"\" class=\"wp-image-4263\" width=\"136\" height=\"136\" srcset=\"https:\/\/padrelascasas.cl\/newplc\/wp-content\/uploads\/2022\/01\/Escuela-sustentable.png 260w, https:\/\/padrelascasas.cl\/newplc\/wp-content\/uploads\/2022\/01\/Escuela-sustentable-150x150.png 150w\" sizes=\"auto, (max-width: 136px) 100vw, 136px\" \/><\/a><\/figure>\n\n\n\n<p><\/p>\n","protected":false},"excerpt":{"rendered":"<p>En esta secci\u00f3n, se incluyen links a instituciones y temas asociados a medio ambiente. Puedes revisarlos pinchando los logos a continuaci\u00f3n: Fondo de Protecci\u00f3n Ambiental (FPA)\u00a0https:\/\/fondos.mma.gob.cl\/Este fondo fue creado por la Ley 19.300 sobre Bases Generales del Medio Ambiente, para apoyar iniciativas ciudadanas y financiar total o parcialmente proyectos o actividades orientados a la protecci\u00f3n [&hellip;]<\/p>\n","protected":false},"author":1,"featured_media":0,"parent":0,"menu_order":0,"comment_status":"closed","ping_status":"closed","template":"","meta":{"pgc_sgb_lightbox_settings":"","footnotes":""},"class_list":["post-4259","page","type-page","status-publish","hentry"],"_links":{"self":[{"href":"https:\/\/padrelascasas.cl\/newplc\/wp-json\/wp\/v2\/pages\/4259","targetHints":{"allow":["GET"]}}],"collection":[{"href":"https:\/\/padrelascasas.cl\/newplc\/wp-json\/wp\/v2\/pages"}],"about":[{"href":"https:\/\/padrelascasas.cl\/newplc\/wp-json\/wp\/v2\/types\/page"}],"author":[{"embeddable":true,"href":"https:\/\/padrelascasas.cl\/newplc\/wp-json\/wp\/v2\/users\/1"}],"replies":[{"embeddable":true,"href":"https:\/\/padrelascasas.cl\/newplc\/wp-json\/wp\/v2\/comments?post=4259"}],"version-history":[{"count":0,"href":"https:\/\/padrelascasas.cl\/newplc\/wp-json\/wp\/v2\/pages\/4259\/revisions"}],"wp:attachment":[{"href":"https:\/\/padrelascasas.cl\/newplc\/wp-json\/wp\/v2\/media?parent=4259"}],"curies":[{"name":"wp","href":"https:\/\/api.w.org\/{rel}","templated":true}]}}