{"id":4339,"date":"2022-01-31T10:57:57","date_gmt":"2022-01-31T13:57:57","guid":{"rendered":"https:\/\/www.padrelascasas.cl\/newplc\/?page_id=4339"},"modified":"2022-01-31T10:57:58","modified_gmt":"2022-01-31T13:57:58","slug":"higiene-y-fiscalizacion-ambiental","status":"publish","type":"page","link":"https:\/\/padrelascasas.cl\/newplc\/higiene-y-fiscalizacion-ambiental\/","title":{"rendered":"HIGIENE Y FISCALIZACI\u00d3N AMBIENTAL"},"content":{"rendered":"\n<p>En la l\u00ednea de higiene se entrega raticidas a petici\u00f3n de las juntas de vecinos, estas solicitudes se realizan a trav\u00e9s de cartas y se ingresa por oficina de parte y llega donde el director el cual deriva al profesional a cargo, este se comunica con las juntas de vecinos y coordina previa entrega. En la l\u00ednea de fiscalizaci\u00f3n se realizan Fiscalizaciones en materia ambiental, Inspeccionar el cumplimiento de la Ordenanza local sobre Medio Ambiente y la Ordenanza Municipal sobre el uso y comercializaci\u00f3n de le\u00f1a, y la nueva ordenanza de Transporte de Residuos.<\/p>\n\n\n<div class=\"pgc-sgb-cb wp-block-pgcsimplygalleryblock-slider \" data-gallery-id=\"cfb45221\" style=\"min-height:400px\"><div class=\"sgb-preloader\" id=\"pr_cfb45221\">\n\t<div class=\"sgb-square\" style=\"background:#d4d4d4\"><\/div>\n\t<div class=\"sgb-square\" style=\"background:#d4d4d4\"><\/div>\n\t<div class=\"sgb-square\" style=\"background:#d4d4d4\"><\/div>\n\t<div class=\"sgb-square\" style=\"background:#d4d4d4\"><\/div><\/div><div class=\"simply-gallery-amp pgc_sgb_slider \" style=\"display: none;\"><div class=\"sgb-gallery\"><div class=\"sgb-item\"><a href=\"https:\/\/www.padrelascasas.cl\/newplc\/?attachment_id=4340\" target=\"_blank\"><img decoding=\"async\" alt=\"\" width=\"300\" height=\"238\" loading=\"lazy\" src=\"https:\/\/www.padrelascasas.cl\/newplc\/wp-content\/uploads\/2022\/01\/19-1-300x238.jpg\" srcset=\"https:\/\/www.padrelascasas.cl\/newplc\/wp-content\/uploads\/2022\/01\/19-1-300x238.jpg 300w,https:\/\/www.padrelascasas.cl\/newplc\/wp-content\/uploads\/2022\/01\/19-1.jpg 439w\" sizes=\"auto, 250px\"\/><\/a><\/div><div class=\"sgb-item\"><a href=\"https:\/\/www.padrelascasas.cl\/newplc\/?attachment_id=4341\" target=\"_blank\"><img decoding=\"async\" alt=\"\" width=\"300\" height=\"220\" loading=\"lazy\" src=\"https:\/\/www.padrelascasas.cl\/newplc\/wp-content\/uploads\/2022\/01\/20-300x220.jpg\" srcset=\"https:\/\/www.padrelascasas.cl\/newplc\/wp-content\/uploads\/2022\/01\/20-300x220.jpg 300w,https:\/\/www.padrelascasas.cl\/newplc\/wp-content\/uploads\/2022\/01\/20.jpg 475w\" sizes=\"auto, 250px\"\/><\/a><\/div><div class=\"sgb-item\"><a href=\"https:\/\/www.padrelascasas.cl\/newplc\/?attachment_id=4342\" target=\"_blank\"><img decoding=\"async\" alt=\"\" width=\"300\" height=\"225\" loading=\"lazy\" src=\"https:\/\/www.padrelascasas.cl\/newplc\/wp-content\/uploads\/2022\/01\/21-1-300x225.jpg\" srcset=\"https:\/\/www.padrelascasas.cl\/newplc\/wp-content\/uploads\/2022\/01\/21-1-300x225.jpg 300w,https:\/\/www.padrelascasas.cl\/newplc\/wp-content\/uploads\/2022\/01\/21-1.jpg 567w\" sizes=\"auto, 250px\"\/><\/a><\/div><div class=\"sgb-item\"><a href=\"https:\/\/www.padrelascasas.cl\/newplc\/?attachment_id=4343\" target=\"_blank\"><img decoding=\"async\" alt=\"\" width=\"300\" height=\"223\" loading=\"lazy\" src=\"https:\/\/www.padrelascasas.cl\/newplc\/wp-content\/uploads\/2022\/01\/22-1-300x223.jpg\" srcset=\"https:\/\/www.padrelascasas.cl\/newplc\/wp-content\/uploads\/2022\/01\/22-1-300x223.jpg 300w,https:\/\/www.padrelascasas.cl\/newplc\/wp-content\/uploads\/2022\/01\/22-1.jpg 567w\" sizes=\"auto, 250px\"\/><\/a><\/div><\/div><\/div><script type=\"application\/json\" class=\"sgb-data\">{\"sliderAdminWidth\":840,\"galleryType\":\"pgc_sgb_slider\",\"galleryId\":\"cfb45221\",\"images\":[{\"id\":4340,\"title\":\"19\",\"url\":\"https:\/\/www.padrelascasas.cl\/newplc\/wp-content\/uploads\/2022\/01\/19-1.jpg\",\"link\":\"https:\/\/www.padrelascasas.cl\/newplc\/?attachment_id=4340\",\"alt\":\"\",\"description\":\"\",\"caption\":\"\",\"mime\":\"image\/jpeg\",\"type\":\"image\",\"width\":439,\"height\":348,\"sizes\":{\"thumbnail\":{\"height\":150,\"width\":150,\"url\":\"https:\/\/www.padrelascasas.cl\/newplc\/wp-content\/uploads\/2022\/01\/19-1-150x150.jpg\",\"orientation\":\"landscape\"},\"medium\":{\"height\":238,\"width\":300,\"url\":\"https:\/\/www.padrelascasas.cl\/newplc\/wp-content\/uploads\/2022\/01\/19-1-300x238.jpg\",\"orientation\":\"landscape\"},\"full\":{\"url\":\"https:\/\/www.padrelascasas.cl\/newplc\/wp-content\/uploads\/2022\/01\/19-1.jpg\",\"height\":348,\"width\":439,\"orientation\":\"landscape\"}},\"meta\":false,\"postlink\":\"https:\/\/www.padrelascasas.cl\/newplc\/?attachment_id=4340\"},{\"id\":4341,\"title\":\"20\",\"url\":\"https:\/\/www.padrelascasas.cl\/newplc\/wp-content\/uploads\/2022\/01\/20.jpg\",\"link\":\"https:\/\/www.padrelascasas.cl\/newplc\/?attachment_id=4341\",\"alt\":\"\",\"description\":\"\",\"caption\":\"\",\"mime\":\"image\/jpeg\",\"type\":\"image\",\"width\":475,\"height\":349,\"sizes\":{\"thumbnail\":{\"height\":150,\"width\":150,\"url\":\"https:\/\/www.padrelascasas.cl\/newplc\/wp-content\/uploads\/2022\/01\/20-150x150.jpg\",\"orientation\":\"landscape\"},\"medium\":{\"height\":220,\"width\":300,\"url\":\"https:\/\/www.padrelascasas.cl\/newplc\/wp-content\/uploads\/2022\/01\/20-300x220.jpg\",\"orientation\":\"landscape\"},\"full\":{\"url\":\"https:\/\/www.padrelascasas.cl\/newplc\/wp-content\/uploads\/2022\/01\/20.jpg\",\"height\":349,\"width\":475,\"orientation\":\"landscape\"}},\"meta\":false,\"postlink\":\"https:\/\/www.padrelascasas.cl\/newplc\/?attachment_id=4341\"},{\"id\":4342,\"title\":\"21\",\"url\":\"https:\/\/www.padrelascasas.cl\/newplc\/wp-content\/uploads\/2022\/01\/21-1.jpg\",\"link\":\"https:\/\/www.padrelascasas.cl\/newplc\/?attachment_id=4342\",\"alt\":\"\",\"description\":\"\",\"caption\":\"\",\"mime\":\"image\/jpeg\",\"type\":\"image\",\"width\":567,\"height\":425,\"sizes\":{\"thumbnail\":{\"height\":150,\"width\":150,\"url\":\"https:\/\/www.padrelascasas.cl\/newplc\/wp-content\/uploads\/2022\/01\/21-1-150x150.jpg\",\"orientation\":\"landscape\"},\"medium\":{\"height\":225,\"width\":300,\"url\":\"https:\/\/www.padrelascasas.cl\/newplc\/wp-content\/uploads\/2022\/01\/21-1-300x225.jpg\",\"orientation\":\"landscape\"},\"full\":{\"url\":\"https:\/\/www.padrelascasas.cl\/newplc\/wp-content\/uploads\/2022\/01\/21-1.jpg\",\"height\":425,\"width\":567,\"orientation\":\"landscape\"}},\"meta\":false,\"postlink\":\"https:\/\/www.padrelascasas.cl\/newplc\/?attachment_id=4342\"},{\"id\":4343,\"title\":\"22\",\"url\":\"https:\/\/www.padrelascasas.cl\/newplc\/wp-content\/uploads\/2022\/01\/22-1.jpg\",\"link\":\"https:\/\/www.padrelascasas.cl\/newplc\/?attachment_id=4343\",\"alt\":\"\",\"description\":\"\",\"caption\":\"\",\"mime\":\"image\/jpeg\",\"type\":\"image\",\"width\":567,\"height\":422,\"sizes\":{\"thumbnail\":{\"height\":150,\"width\":150,\"url\":\"https:\/\/www.padrelascasas.cl\/newplc\/wp-content\/uploads\/2022\/01\/22-1-150x150.jpg\",\"orientation\":\"landscape\"},\"medium\":{\"height\":223,\"width\":300,\"url\":\"https:\/\/www.padrelascasas.cl\/newplc\/wp-content\/uploads\/2022\/01\/22-1-300x223.jpg\",\"orientation\":\"landscape\"},\"full\":{\"url\":\"https:\/\/www.padrelascasas.cl\/newplc\/wp-content\/uploads\/2022\/01\/22-1.jpg\",\"height\":422,\"width\":567,\"orientation\":\"landscape\"}},\"meta\":false,\"postlink\":\"https:\/\/www.padrelascasas.cl\/newplc\/?attachment_id=4343\"}],\"itemsMetaDataCollection\":[],\"galleryData\":\"{\\u0022collectionThumbRecomendedWidth\\u0022:200,\\u0022thumbSpacing\\u0022:5,\\u0022externalLink\\u0022:true,\\u0022externalLinkDefName\\u0022:\\u0022Read More\\u0022,\\u0022externalLinkTextColor\\u0022:\\u0022rgba(0,0,0,1)\\u0022,\\u0022externalLinkBgColor\\u0022:\\u0022rgba(255,255,255,1)\\u0022,\\u0022externalLinkFontSize\\u0022:18,\\u0022captions\\u0022:true,\\u0022captionSrc\\u0022:\\u0022caption\\u0022,\\u0022captionHAlign\\u0022:\\u0022top\\u0022,\\u0022collectionthumbHoverTitleFontSize\\u0022:18,\\u0022collectionthumbRoundedCorners\\u0022:0,\\u0022collectionthumbHoverTitleTextColor\\u0022:\\u0022rgba(255,255,255,1)\\u0022,\\u0022collectionthumbHoverTitleTextBgColor\\u0022:\\u0022rgba(0,0,0,0.8)\\u0022,\\u0022collectionthumbHoverBgColor\\u0022:\\u0022rgba(0,0,0,0.4)\\u0022,\\u0022collectionThumbSubMenuDownload\\u0022:true,\\u0022collectionThumbSubMenuShare\\u0022:true,\\u0022collectionThumbSubMenuBgColor\\u0022:\\u0022rgba(0,0,0,0.4)\\u0022,\\u0022collectionThumbSubMenuBgColorHover\\u0022:\\u0022rgba(255,255,255,1)\\u0022,\\u0022collectionThumbSubMenuIconColor\\u0022:\\u0022rgba(255,255,255,1)\\u0022,\\u0022collectionThumbSubMenuIconColorHover\\u0022:\\u0022rgba(0,0,0,1)\\u0022,\\u0022collectionthumbColorsFilter\\u0022:\\u0022none\\u0022,\\u0022sliderItemBgColor\\u0022:\\u0022rgba(0,0,0,0)\\u0022,\\u0022sliderItemBorderColor\\u0022:\\u0022rgba(255,255,255,1)\\u0022,\\u0022sliderItemBorderWidth\\u0022:0,\\u0022sliderItemFill\\u0022:\\u0022true\\u0022,\\u0022sliderMaxHeight\\u0022:400,\\u0022sliderAdminWidth\\u0022:1,\\u0022responsiveHeight\\u0022:false,\\u0022collectionColumns\\u0022:3,\\u0022sliderAnimation\\u0022:\\u0022animation\\u0022,\\u0022sliderNextPrevNavigation\\u0022:true,\\u0022sliderNextPrevBgColor\\u0022:\\u0022rgba(255,255,255,1)\\u0022,\\u0022sliderNextPrevBgColorHover\\u0022:\\u0022rgba(0,0,0,1)\\u0022,\\u0022sliderNextPrevIconColor\\u0022:\\u0022rgba(0,0,0,1)\\u0022,\\u0022sliderNextPrevIconColorHover\\u0022:\\u0022rgba(255,255,255,1)\\u0022,\\u0022sliderThumbsNavi\\u0022:true,\\u0022sliderThumbsNaviColor\\u0022:\\u0022rgba(255,255,255,1)\\u0022,\\u0022sliderDotNavi\\u0022:false,\\u0022sliderDotNaviBgColor\\u0022:\\u0022rgba(0,0,0,.4)\\u0022,\\u0022sliderDotNaviBgColorHover\\u0022:\\u0022rgba(255,255,255,1)\\u0022,\\u0022autoPlay\\u0022:false,\\u0022autoPlayDelay\\u0022:4,\\u0022autoPlayMouseStoper\\u0022:true,\\u0022galleryType\\u0022:\\u0022\\u0022,\\u0022align\\u0022:\\u0022\\u0022,\\u0022galleryId\\u0022:\\u0022\\u0022,\\u0022tagsListCustomMode\\u0022:false,\\u0022initGalleryByFirstTag\\u0022:false,\\u0022deepLinkingForTag\\u0022:false,\\u0022galleryTagsList\\u0022:[],\\u0022useClobalSettings\\u0022:false,\\u0022orderBy\\u0022:\\u0022custom\\u0022,\\u0022deepLinking\\u0022:false,\\u0022useLightbox\\u0022:true,\\u0022thumbClickAction\\u0022:\\u0022useLightbox\\u0022,\\u0022numItemsDisplayed\\u0022:0,\\u0022lazyLoading\\u0022:true,\\u0022contentNoPadding\\u0022:false,\\u0022galleryPreloaderColor\\u0022:\\u0022rgba(230,230,230,1)\\u0022,\\u0022galleryBgColor\\u0022:\\u0022rgba(0,0,0,0)\\u0022,\\u0022galleryBorderRadius\\u0022:0,\\u0022customCSS\\u0022:\\u0022\\u0022,\\u0022tagsFilter\\u0022:false,\\u0022tagCloudAll\\u0022:\\u0022All\\u0022,\\u0022tagCloudBgColor\\u0022:\\u0022rgba(153,153,153,1)\\u0022,\\u0022tagCloudBgColorOver\\u0022:\\u0022rgba(253,253,253,1)\\u0022,\\u0022tagCloudTextColor\\u0022:\\u0022rgba(253,253,253,1)\\u0022,\\u0022tagCloudTextColorOver\\u0022:\\u0022rgba(153,153,153,1)\\u0022,\\u0022tagCloudFontSize\\u0022:16,\\u0022modaBgColor\\u0022:\\u0022rgba(0,0,0,0.8)\\u0022,\\u0022modalIconColor\\u0022:\\u0022rgba(255,255,255,1)\\u0022,\\u0022modalIconColorHover\\u0022:\\u0022rgba(255,255,255,0.8)\\u0022,\\u0022shareFacebook\\u0022:true,\\u0022shareTwitter\\u0022:true,\\u0022sharePinterest\\u0022:true,\\u0022sliderItemDownload\\u0022:true,\\u0022shareCopyLink\\u0022:true,\\u0022sharePost\\u0022:\\u0022sharelink\\u0022,\\u0022copyRProtection\\u0022:false,\\u0022copyRAlert\\u0022:\\u0022Hello, this photo is mine!\\u0022,\\u0022sliderScrollNavi\\u0022:false,\\u0022sliderNextPrevAnimation\\u0022:\\u0022animation\\u0022,\\u0022galleryScrollPositionControll\\u0022:false,\\u0022sliderVideoAutoPlay\\u0022:false,\\u0022sliderVideoLoop\\u0022:false,\\u0022sliderItemCounterEnable\\u0022:true,\\u0022sliderCaptionSrc\\u0022:\\u0022caption\\u0022,\\u0022sliderItemTitleEnable\\u0022:false,\\u0022sliderItemTitleFontSize\\u0022:18,\\u0022sliderItemTitleTextColor\\u0022:\\u0022rgba(255,255,255,1)\\u0022,\\u0022itemCounterColor\\u0022:\\u0022rgba(255,255,255,1)\\u0022,\\u0022sliderThumbBarEnable\\u0022:true,\\u0022sliderThumbBarHoverColor\\u0022:\\u0022rgba(240,240,240,1)\\u0022,\\u0022sliderBgColor\\u0022:\\u0022rgba(0,0,0,0.8)\\u0022,\\u0022sliderPreloaderColor\\u0022:\\u0022rgba(240,240,240,1)\\u0022,\\u0022sliderHeaderFooterBgColor\\u0022:\\u0022rgba(0,0,0,0.4)\\u0022,\\u0022sliderNavigationColor\\u0022:\\u0022rgba(0,0,0,1)\\u0022,\\u0022sliderNavigationColorOver\\u0022:\\u0022rgba(255,255,255,1)\\u0022,\\u0022sliderNavigationIconColor\\u0022:\\u0022rgba(255,255,255,1)\\u0022,\\u0022sliderNavigationIconColorOver\\u0022:\\u0022rgba(0,0,0,1)\\u0022,\\u0022sliderSlideshow\\u0022:true,\\u0022sliderSlideshowDelay\\u0022:8,\\u0022slideshowIndicatorColor\\u0022:\\u0022rgba(255,255,255,1)\\u0022,\\u0022slideshowIndicatorColorBg\\u0022:\\u0022rgba(255,255,255,0.5)\\u0022,\\u0022sliderThumbSubMenuBackgroundColor\\u0022:\\u0022rgba(255,255,255,0)\\u0022,\\u0022sliderThumbSubMenuBackgroundColorOver\\u0022:\\u0022rgba(255,255,255,1)\\u0022,\\u0022sliderThumbSubMenuIconColor\\u0022:\\u0022rgba(255,255,255,1)\\u0022,\\u0022sliderThumbSubMenuIconHoverColor\\u0022:\\u0022rgba(0,0,0,1)\\u0022,\\u0022sliderSocialShareEnabled\\u0022:true,\\u0022sliderZoomEnable\\u0022:true,\\u0022sliderFullscreenEnabled\\u0022:true,\\u0022editorskit\\u0022:{\\u0022devices\\u0022:false,\\u0022desktop\\u0022:true,\\u0022tablet\\u0022:true,\\u0022mobile\\u0022:true,\\u0022loggedin\\u0022:true,\\u0022loggedout\\u0022:true,\\u0022acf_visibility\\u0022:\\u0022\\u0022,\\u0022acf_field\\u0022:\\u0022\\u0022,\\u0022acf_condition\\u0022:\\u0022\\u0022,\\u0022acf_value\\u0022:\\u0022\\u0022,\\u0022migrated\\u0022:false,\\u0022unit_test\\u0022:false},\\u0022hasAlignmentOption\\u0022:true,\\u0022editorskit_typography\\u0022:{\\u0022name\\u0022:\\u0022\\u0022,\\u0022family\\u0022:\\u0022\\u0022,\\u0022weight\\u0022:\\u0022\\u0022},\\u0022settingsModalIsOpen\\u0022:false}\"}<\/script><script>(function(){if(window.PGC_SGB && window.PGC_SGB.searcher){window.PGC_SGB.searcher.initBlocks()}})()<\/script><\/div>\n\n\n<p><\/p>\n\n\n\n<figure class=\"wp-block-image size-full is-resized\"><img loading=\"lazy\" decoding=\"async\" src=\"https:\/\/www.padrelascasas.cl\/newplc\/wp-content\/uploads\/2022\/01\/logo-certificacion-ma-4.jpg\" alt=\"\" class=\"wp-image-4344\" width=\"131\" height=\"121\" srcset=\"https:\/\/padrelascasas.cl\/newplc\/wp-content\/uploads\/2022\/01\/logo-certificacion-ma-4.jpg 654w, https:\/\/padrelascasas.cl\/newplc\/wp-content\/uploads\/2022\/01\/logo-certificacion-ma-4-300x278.jpg 300w\" sizes=\"auto, (max-width: 131px) 100vw, 131px\" \/><\/figure>\n","protected":false},"excerpt":{"rendered":"<p>En la l\u00ednea de higiene se entrega raticidas a petici\u00f3n de las juntas de vecinos, estas solicitudes se realizan a trav\u00e9s de cartas y se ingresa por oficina de parte y llega donde el director el cual deriva al profesional a cargo, este se comunica con las juntas de vecinos y coordina previa entrega. En [&hellip;]<\/p>\n","protected":false},"author":1,"featured_media":0,"parent":0,"menu_order":0,"comment_status":"closed","ping_status":"closed","template":"","meta":{"pgc_sgb_lightbox_settings":"","footnotes":""},"class_list":["post-4339","page","type-page","status-publish","hentry"],"_links":{"self":[{"href":"https:\/\/padrelascasas.cl\/newplc\/wp-json\/wp\/v2\/pages\/4339","targetHints":{"allow":["GET"]}}],"collection":[{"href":"https:\/\/padrelascasas.cl\/newplc\/wp-json\/wp\/v2\/pages"}],"about":[{"href":"https:\/\/padrelascasas.cl\/newplc\/wp-json\/wp\/v2\/types\/page"}],"author":[{"embeddable":true,"href":"https:\/\/padrelascasas.cl\/newplc\/wp-json\/wp\/v2\/users\/1"}],"replies":[{"embeddable":true,"href":"https:\/\/padrelascasas.cl\/newplc\/wp-json\/wp\/v2\/comments?post=4339"}],"version-history":[{"count":0,"href":"https:\/\/padrelascasas.cl\/newplc\/wp-json\/wp\/v2\/pages\/4339\/revisions"}],"wp:attachment":[{"href":"https:\/\/padrelascasas.cl\/newplc\/wp-json\/wp\/v2\/media?parent=4339"}],"curies":[{"name":"wp","href":"https:\/\/api.w.org\/{rel}","templated":true}]}}