{"id":4510,"date":"2022-03-08T08:04:13","date_gmt":"2022-03-08T11:04:13","guid":{"rendered":"https:\/\/www.padrelascasas.cl\/newplc\/?page_id=4510"},"modified":"2022-03-08T08:07:25","modified_gmt":"2022-03-08T11:07:25","slug":"programa-para-la-mujer","status":"publish","type":"page","link":"https:\/\/padrelascasas.cl\/newplc\/programa-para-la-mujer\/","title":{"rendered":"PROGRAMA PARA LA MUJER"},"content":{"rendered":"\n<p>La Municipalidad de Padre Las Casas tiene programas destinados a la mujer y sus familias, que resumimos ac\u00e1:<\/p>\n\n\n\n<p class=\"has-white-color has-vivid-cyan-blue-background-color has-text-color has-background\"><strong>Centro de la Mujer M\u00f3vil Intercultural<\/strong><\/p>\n\n\n\n<p>El Centro de la Mujer M\u00f3vil Intercultural ofrece orientaci\u00f3n e informaci\u00f3n a mujeres que viven violencia o hayan vivido alg\u00fan tipo de violencia de g\u00e9nero.<\/p>\n\n\n\n<p>Adem\u00e1s brinda atenci\u00f3n social, sicol\u00f3gica, jur\u00eddica e intercultural a mujeres sobrevivientes de violencia en contexto de pareja o ex pareja.<\/p>\n\n\n\n<p><a href=\"http:\/\/www.padrelascasas.cl\/programas_mujer\/FICHA%20CENTRO%20DE%20LA%20MUJER%20MOVIL%20INTERCULTURAL.pdf\" target=\"_blank\" aria-label=\" (opens in a new tab)\" rel=\"noreferrer noopener\" class=\"ek-link\">Link a ficha t\u00e9cnica<\/a><\/p>\n\n\n\n<p class=\"has-white-color has-vivid-cyan-blue-background-color has-text-color has-background\"><strong>Programa 4 a 7<\/strong><\/p>\n\n\n\n<p>El programa 4 a 7 proporciona a mujeres responsables de ni\u00f1os de 6 a 13 a\u00f1os, acceso al servicio de cuidado en apoyo a su participaci\u00f3n en el mercado laboral a trav\u00e9s de dos componentes: apoyos transversales para la autonom\u00eda econ\u00f3mica de las mujeres participantes; y cuidado infantil integral para los ni\u00f1os y ni\u00f1as de entre 6 y 13 a\u00f1os a cargo de las mujeres participantes.<\/p>\n\n\n\n<p><a href=\"http:\/\/www.padrelascasas.cl\/programas_mujer\/FICHA%20PROGRAMA%204%20a%207.pdf\" target=\"_blank\" aria-label=\" (opens in a new tab)\" rel=\"noreferrer noopener\" class=\"ek-link\">Link a ficha t\u00e9cnica<\/a><\/p>\n\n\n\n<p class=\"has-white-color has-vivid-cyan-blue-background-color has-text-color has-background\"><strong>Programa Asuntos de la Mujer<\/strong><\/p>\n\n\n\n<p>El Programa Asuntos de la Mujer tiene como objetivo brindar apoyo jur\u00eddico y social a mujeres v\u00edctimas de violencia intrafamiliar (VIF) de la comuna, a fin de disminuir sus condiciones de vulnerabilidad y riesgo social, tanto de ellas como de su n\u00facleo familiar.<\/p>\n\n\n\n<p><a href=\"http:\/\/www.padrelascasas.cl\/programas_mujer\/FICHA%20PROGRAMA%20ASUNTOS%20DE%20LA%20MUJER.pdf\" target=\"_blank\" aria-label=\" (opens in a new tab)\" rel=\"noreferrer noopener\" class=\"ek-link\">Link a ficha t\u00e9cnica<\/a><\/p>\n\n\n\n<p class=\"has-white-color has-vivid-cyan-blue-background-color has-text-color has-background\"><strong>Programa Mujeres Jefas de Hogar<\/strong><\/p>\n\n\n\n<p>Este programa se crea por un convenio entre el municipio y el Servicio Nacional de la Mujer y la Equidad de G\u00e9nero, que busca promover la autonom\u00eda econ\u00f3mica de las mujeres jefas de hogar, a trav\u00e9s de la entrega de un conjunto de herramientas que les permitan generar, gestionar ingresos y recursos propios a partir del trabajo remunerado, el acceso a la oferta p\u00fablica y de oportunidades de conciliaci\u00f3n entre trabajo remunerado, dom\u00e9stico y de cuidados.<\/p>\n\n\n\n<p><a href=\"http:\/\/www.padrelascasas.cl\/programas_mujer\/FICHA%20PROGRAMA%20MUJERES%20JEFAS%20DE%20HOGAR.pdf\" target=\"_blank\" aria-label=\" (opens in a new tab)\" rel=\"noreferrer noopener\" class=\"ek-link\">Link a ficha t\u00e9cnica<\/a><\/p>\n\n\n\n<p class=\"has-white-color has-vivid-cyan-blue-background-color has-text-color has-background\"><strong>Oficina de Protecci\u00f3n de Derechos de la Infancia, Adolescencia y Familia, OPD<\/strong><strong> <\/strong><strong><\/strong><\/p>\n\n\n\n<p>Es una oficina de atenci\u00f3n ambulatoria que entrega el servicio de protecci\u00f3n de los derechos de ni\u00f1os, ni\u00f1as y adolescentes de la comuna de Padre Las Casas y que se encuentran en situaci\u00f3n de exclusi\u00f3n social y vulneraci\u00f3n. Adem\u00e1s ejecuta acciones que se enfocan en poder brindar protecci\u00f3n de los Derechos, adem\u00e1s de contribuir en la generaci\u00f3n del reconocimiento y respeto de los derechos de la infancia y adolescencia en toda la comuna.<\/p>\n\n\n\n<p><a href=\"http:\/\/www.padrelascasas.cl\/programas_mujer\/FICHA%20PROGRAMA%20OPD.pdf\" target=\"_blank\" aria-label=\" (opens in a new tab)\" rel=\"noreferrer noopener\" class=\"ek-link\">Link a ficha t\u00e9cnica<\/a><\/p>\n\n\n\n<p class=\"has-white-color has-vivid-cyan-blue-background-color has-text-color has-background\"><strong>Programa de Inclusi\u00f3n Comunal<\/strong><\/p>\n\n\n\n<p>Es un programa de promover la participaci\u00f3n social comunal de personas en situaci\u00f3n de discapacidad, familiares autoridades y comunidad en general. Mejorar la calidad de vida por medio de la inclusi\u00f3n integral de personas en situaci\u00f3n de discapacidad y\/o sus familiares.<\/p>\n\n\n\n<p><a href=\"http:\/\/www.padrelascasas.cl\/programas_mujer\/GUIA%20PROGRAMA%20INCLUSION.pdf\" target=\"_blank\" aria-label=\"Link a ficha t\u00e9cnica (opens in a new tab)\" rel=\"noreferrer noopener\" class=\"ek-link\">Link a ficha t\u00e9cnica<\/a><\/p>\n","protected":false},"excerpt":{"rendered":"<p>La Municipalidad de Padre Las Casas tiene programas destinados a la mujer y sus familias, que resumimos ac\u00e1: Centro de la Mujer M\u00f3vil Intercultural El Centro de la Mujer M\u00f3vil Intercultural ofrece orientaci\u00f3n e informaci\u00f3n a mujeres que viven violencia o hayan vivido alg\u00fan tipo de violencia de g\u00e9nero. Adem\u00e1s brinda atenci\u00f3n social, sicol\u00f3gica, jur\u00eddica [&hellip;]<\/p>\n","protected":false},"author":1,"featured_media":0,"parent":0,"menu_order":0,"comment_status":"closed","ping_status":"closed","template":"","meta":{"pgc_sgb_lightbox_settings":"","footnotes":""},"class_list":["post-4510","page","type-page","status-publish","hentry"],"_links":{"self":[{"href":"https:\/\/padrelascasas.cl\/newplc\/wp-json\/wp\/v2\/pages\/4510","targetHints":{"allow":["GET"]}}],"collection":[{"href":"https:\/\/padrelascasas.cl\/newplc\/wp-json\/wp\/v2\/pages"}],"about":[{"href":"https:\/\/padrelascasas.cl\/newplc\/wp-json\/wp\/v2\/types\/page"}],"author":[{"embeddable":true,"href":"https:\/\/padrelascasas.cl\/newplc\/wp-json\/wp\/v2\/users\/1"}],"replies":[{"embeddable":true,"href":"https:\/\/padrelascasas.cl\/newplc\/wp-json\/wp\/v2\/comments?post=4510"}],"version-history":[{"count":0,"href":"https:\/\/padrelascasas.cl\/newplc\/wp-json\/wp\/v2\/pages\/4510\/revisions"}],"wp:attachment":[{"href":"https:\/\/padrelascasas.cl\/newplc\/wp-json\/wp\/v2\/media?parent=4510"}],"curies":[{"name":"wp","href":"https:\/\/api.w.org\/{rel}","templated":true}]}}