{"id":4711,"date":"2022-03-16T17:21:59","date_gmt":"2022-03-16T20:21:59","guid":{"rendered":"https:\/\/www.padrelascasas.cl\/newplc\/?page_id=4711"},"modified":"2022-03-16T17:24:29","modified_gmt":"2022-03-16T20:24:29","slug":"programa-huella-chile-entrega-sello-de-cuantificacion-de-huella-de-carbono-a-municipalidad-de-padre-las-casas","status":"publish","type":"page","link":"https:\/\/padrelascasas.cl\/newplc\/programa-huella-chile-entrega-sello-de-cuantificacion-de-huella-de-carbono-a-municipalidad-de-padre-las-casas\/","title":{"rendered":"Programa &#8220;Huella Chile&#8221; entrega sello de Cuantificaci\u00f3n de Huella de Carbono a Municipalidad de Padre Las Casas"},"content":{"rendered":"\n<p>La huella de carbono de una organizaci\u00f3n se cuantifica durante un periodo de tiempo establecido, normalmente un a\u00f1o calendario, es decir este a\u00f1o nos corresponde cuantificar el a\u00f1o anterior, 2021. Para su apropiada gesti\u00f3n, la huella de carbono corporativa agrupa las emisiones de gases de efecto invernadero en 3 alcances:<\/p>\n\n\n\n<p>* Emisiones directas (Alcance 1): son aquellas emisiones de gases de efecto invernadero que provienen de fuentes que son propiedad o son controladas por la empresa, como por ejemplo, consumo de combustibles f\u00f3siles en fuentes fijas ( calderas) y\/o m\u00f3viles(veh\u00edculos municipales), fugas no intencionadas de los equipos de climatizaci\u00f3n(aire acondicionado), etc.<\/p>\n\n\n\n<p>* Emisiones indirectas por consumo y distribuci\u00f3n de energ\u00eda (Alcance 2): corresponden a las emisiones de gases de efecto invernadero asociadas al consumo de electricidad y\/o vapor generados por terceros.<\/p>\n\n\n\n<p>* Otras emisiones indirectas (Alcance 3): son aquellas emisiones de gases de efecto invernadero que no son de propiedad ni est\u00e1n controladas por la empresa, como por ejemplo, transporte de los funcionarios, consumo de agua, consumo de papel, viajes a\u00e9reos o terrestres por motivos de trabajo, transporte de insumos, generaci\u00f3n y trasporte de residuos, entre otros.<\/p>\n\n\n\n<hr class=\"wp-block-separator\"\/>\n\n\n\n<div class=\"wp-block-image\"><figure class=\"aligncenter size-large is-resized\"><img loading=\"lazy\" decoding=\"async\" src=\"https:\/\/www.padrelascasas.cl\/newplc\/wp-content\/uploads\/2022\/03\/imagen-1024x786.png\" alt=\"\" class=\"wp-image-4715\" width=\"840\" height=\"644\" srcset=\"https:\/\/padrelascasas.cl\/newplc\/wp-content\/uploads\/2022\/03\/imagen-1024x786.png 1024w, https:\/\/padrelascasas.cl\/newplc\/wp-content\/uploads\/2022\/03\/imagen-300x230.png 300w, https:\/\/padrelascasas.cl\/newplc\/wp-content\/uploads\/2022\/03\/imagen-768x590.png 768w, https:\/\/padrelascasas.cl\/newplc\/wp-content\/uploads\/2022\/03\/imagen-1536x1180.png 1536w, https:\/\/padrelascasas.cl\/newplc\/wp-content\/uploads\/2022\/03\/imagen-2048x1573.png 2048w\" sizes=\"auto, (max-width: 840px) 100vw, 840px\" \/><\/figure><\/div>\n\n\n\n<hr class=\"wp-block-separator\"\/>\n\n\n\n<figure class=\"wp-block-image size-large is-resized\"><img loading=\"lazy\" decoding=\"async\" src=\"https:\/\/www.padrelascasas.cl\/newplc\/wp-content\/uploads\/2022\/03\/5113_HuellaChile-Cuantificacio\u0301n_2019-1024x941.png\" alt=\"\" class=\"wp-image-4713\" width=\"175\" height=\"160\" srcset=\"https:\/\/padrelascasas.cl\/newplc\/wp-content\/uploads\/2022\/03\/5113_HuellaChile-Cuantificacio\u0301n_2019-1024x941.png 1024w, https:\/\/padrelascasas.cl\/newplc\/wp-content\/uploads\/2022\/03\/5113_HuellaChile-Cuantificacio\u0301n_2019-300x276.png 300w, https:\/\/padrelascasas.cl\/newplc\/wp-content\/uploads\/2022\/03\/5113_HuellaChile-Cuantificacio\u0301n_2019-768x706.png 768w, https:\/\/padrelascasas.cl\/newplc\/wp-content\/uploads\/2022\/03\/5113_HuellaChile-Cuantificacio\u0301n_2019-1536x1411.png 1536w, https:\/\/padrelascasas.cl\/newplc\/wp-content\/uploads\/2022\/03\/5113_HuellaChile-Cuantificacio\u0301n_2019-2048x1882.png 2048w\" sizes=\"auto, (max-width: 175px) 100vw, 175px\" \/><\/figure>\n","protected":false},"excerpt":{"rendered":"<p>La huella de carbono de una organizaci\u00f3n se cuantifica durante un periodo de tiempo establecido, normalmente un a\u00f1o calendario, es decir este a\u00f1o nos corresponde cuantificar el a\u00f1o anterior, 2021. Para su apropiada gesti\u00f3n, la huella de carbono corporativa agrupa las emisiones de gases de efecto invernadero en 3 alcances: * Emisiones directas (Alcance 1): [&hellip;]<\/p>\n","protected":false},"author":1,"featured_media":0,"parent":0,"menu_order":0,"comment_status":"closed","ping_status":"closed","template":"","meta":{"pgc_sgb_lightbox_settings":"","footnotes":""},"class_list":["post-4711","page","type-page","status-publish","hentry"],"_links":{"self":[{"href":"https:\/\/padrelascasas.cl\/newplc\/wp-json\/wp\/v2\/pages\/4711","targetHints":{"allow":["GET"]}}],"collection":[{"href":"https:\/\/padrelascasas.cl\/newplc\/wp-json\/wp\/v2\/pages"}],"about":[{"href":"https:\/\/padrelascasas.cl\/newplc\/wp-json\/wp\/v2\/types\/page"}],"author":[{"embeddable":true,"href":"https:\/\/padrelascasas.cl\/newplc\/wp-json\/wp\/v2\/users\/1"}],"replies":[{"embeddable":true,"href":"https:\/\/padrelascasas.cl\/newplc\/wp-json\/wp\/v2\/comments?post=4711"}],"version-history":[{"count":0,"href":"https:\/\/padrelascasas.cl\/newplc\/wp-json\/wp\/v2\/pages\/4711\/revisions"}],"wp:attachment":[{"href":"https:\/\/padrelascasas.cl\/newplc\/wp-json\/wp\/v2\/media?parent=4711"}],"curies":[{"name":"wp","href":"https:\/\/api.w.org\/{rel}","templated":true}]}}