{"id":472,"date":"2020-06-18T12:03:07","date_gmt":"2020-06-18T15:03:07","guid":{"rendered":"http:\/\/www.padrelascasas.cl\/newplc\/?page_id=472"},"modified":"2021-02-14T23:54:51","modified_gmt":"2021-02-15T02:54:51","slug":"concursos-publicos-2-2","status":"publish","type":"page","link":"https:\/\/padrelascasas.cl\/newplc\/concursos-publicos-2-2\/","title":{"rendered":"Concursos P\u00fablicos"},"content":{"rendered":"\n<p><\/p>\n\n\n\n<table id=\"tablepress-13\" class=\"tablepress tablepress-id-13\">\n<thead>\n<tr class=\"row-1\">\n\t<th class=\"column-1\"><span style=\"color:#FFFFFF;\"><strong>Tipo de norma<\/strong><\/span><\/th><th class=\"column-2\"><span style=\"color:#FFFFFF;\"><strong>Denominaci\u00f3n norma<\/strong><\/span><\/th><th class=\"column-3\"><span style=\"color:#FFFFFF;\"><strong>N\u00famero norma<\/strong><\/span><\/th><th class=\"column-4\"><span style=\"color:#FFFFFF;\"><strong>Fecha<\/strong><\/span><\/th><th class=\"column-5\"><span style=\"color:#FFFFFF;\"><strong>Medio de publicaci\u00f3n<\/strong><\/span><\/th><th class=\"column-6\"><span style=\"color:#FFFFFF;\"><strong>Breve descripci\u00f3n del objeto del acto<\/strong><\/span><\/th><th class=\"column-7\"><span style=\"color:#FFFFFF;\"><strong>Enlace<\/strong><\/span><\/th>\n<\/tr>\n<\/thead>\n<tbody class=\"row-striping row-hover\">\n<tr class=\"row-2\">\n\t<td class=\"column-1\"><strong>Decreto<\/strong><\/td><td class=\"column-2\">Concurso publico.<\/td><td class=\"column-3\">2780<\/td><td class=\"column-4\">17\/11\/2023<\/td><td class=\"column-5\">Web Institucional<\/td><td class=\"column-6\">LL\u00c1MESE A CONCURSO Y APRU\u00c9BANSE LAS BASES para proveer los cargos vacantes de la Unidad Operativa del Programa de Desarrollo Territorial Ind\u00edgena (PDTI) comuna de Padre Las Casas, como a continuaci\u00f3n se detalla: 01 T\u00c9CNICO EXTENSIONISTA, Unidad Territorial Huichahue, 01 T\u00c9CNICO EXTENSIONISTA, Unidad Territorial Niagara, 01 COORDINADOR(A) COMUNAL, indicadas en el visto N\u00b06 precedente.<\/td><td class=\"column-7\"><a href=\"http:\/\/www.padrelascasas.cl\/con_publicos\/2023\/DEC_2780_.pdf\">ENLACE<\/a><\/td>\n<\/tr>\n<tr class=\"row-3\">\n\t<td class=\"column-1\"><strong>Decreto<\/strong><\/td><td class=\"column-2\">Concurso publico.<\/td><td class=\"column-3\">755<\/td><td class=\"column-4\">13\/10\/2023<\/td><td class=\"column-5\">Web Institucional<\/td><td class=\"column-6\"><strong>DEJASE SIN EFECTO el Decreto Alcaldicio N\u00b0587 de fecha 06 de octubre de 2023, por error en el tipo de documento.<br \/>\n<strong>APRUEBANSE <\/strong>las Bases rectificadas del llamado a Concurso Interno Ley de Alivio a\u00f1o 2023, las cuales han sido modificadas en los numerales 1 \u201cIDENTIFICACI\u00d3N DE LAS VACANTES\u201d, 2 \u201cRECEPCI\u00d3N DE ANTECEDENTES\u201d y 3 \u201cPUBLICIDAD DE LAS BASES CONCURSO INTERNO\u201d, documento que se entiende forma parte integrante de este decreto.<br \/>\n<strong>RECTIFICANSE <\/strong>los numerales 3 y 4 de la parte resolutiva del Decreto Alcaldicio N\u00b0 646 de fecha 13 de septiembre de 2023, que convoca a Concurso Interno para ingreso a la dotaci\u00f3n del Departamento de Salud de la Municipalidad de Padre Las Casas, en calidad de contrato a plazo indefinido y aprueba las Bases del Concurso Interno a\u00f1o 2023<\/strong><\/td><td class=\"column-7\"><a href=\"http:\/\/www.padrelascasas.cl\/con_publicos\/2023\/DEC%20755.pdf\">ENLACE<\/a><\/td>\n<\/tr>\n<tr class=\"row-4\">\n\t<td class=\"column-1\"><strong>Decreto<\/strong><\/td><td class=\"column-2\">Concurso publico.<\/td><td class=\"column-3\">1731<\/td><td class=\"column-4\">30\/07\/2023<\/td><td class=\"column-5\">Web Institucional<\/td><td class=\"column-6\">LLAMESE a Concurso Publico de Antecedentes para proveer cargo de antrop\u00f3logo\/a en el Centro de la Mujer M\u00f3vil Intercultural<\/td><td class=\"column-7\"><a href=\"http:\/\/www.padrelascasas.cl\/con_publicos\/2023\/DEC%201731.pdf\">ENLACE<\/a><\/td>\n<\/tr>\n<tr class=\"row-5\">\n\t<td class=\"column-1\"><strong>Decreto<\/strong><\/td><td class=\"column-2\">Concurso publico.<\/td><td class=\"column-3\">1236<\/td><td class=\"column-4\">07\/06\/2023<\/td><td class=\"column-5\">Web Institucional<\/td><td class=\"column-6\">LLAMESE a Concurso Publico de Antecedentes para proveer el cargo y\/o contrataci\u00f3n de 01 Apoyo<br \/>\nFamiliar Integral a desempe\u00f1arse en \u201cPrograma Familias del Subsistema Seguridades y<br \/>\nOportunidades\u201d .<\/td><td class=\"column-7\"><a href=\"http:\/\/www.padrelascasas.cl\/con_publicos\/2023\/DEC_1236.pdf\">ENLACE<\/a><\/td>\n<\/tr>\n<tr class=\"row-6\">\n\t<td class=\"column-1\"><strong>Decreto<\/strong><\/td><td class=\"column-2\">Concurso publico.<\/td><td class=\"column-3\">832<\/td><td class=\"column-4\">20\/04\/2023<\/td><td class=\"column-5\">Web Institucional<\/td><td class=\"column-6\">APRU\u00c9BESE, el acta de admisibilidad de concurso p\u00fablico para proveer el cargo de psic\u00f3logo(a) en el Centro de la Mujer M\u00f3vil Intercultural, conforme a las bases del mismo, seg\u00fan convenio suscrito entre el Servicio Nacional de la Mujer y la Equidad de G\u00e9nero y la Municipalidad de Padre las Casas.<\/td><td class=\"column-7\"><a href=\"http:\/\/www.padrelascasas.cl\/con_publicos\/2023\/DGM_832.pdf\">ENLACE<\/a><\/td>\n<\/tr>\n<tr class=\"row-7\">\n\t<td class=\"column-1\"><strong>Decreto<\/strong><\/td><td class=\"column-2\">Concurso publico.<\/td><td class=\"column-3\">450<\/td><td class=\"column-4\">06\/03\/2023<\/td><td class=\"column-5\">Web Institucional<\/td><td class=\"column-6\">APRU\u00c9BESE, las Bases del Concurso P\u00fablico para proveer los cargos de Trabajadora\/o Social y Psic\u00f3loga\/o en el Centro de la Mujer M\u00f3vil Intercultural, dispositivo del Servicio Nacional de la Mujer y la Equidad de G\u00e9nero y la Municipalidad de Padre las Casas<\/td><td class=\"column-7\"><a href=\"http:\/\/www.padrelascasas.cl\/con_publicos\/2023\/DEC_450.pdf\"><strong>ENLACE<\/strong><\/a><\/td>\n<\/tr>\n<tr class=\"row-8\">\n\t<td class=\"column-1\"><strong>Decreto<\/strong><\/td><td class=\"column-2\">Concurso publico.<\/td><td class=\"column-3\">283<\/td><td class=\"column-4\">09\/02\/2023<\/td><td class=\"column-5\">Web Institucional<\/td><td class=\"column-6\">LL\u00c1MESE a concurso p\u00fabico de antecedentes para proveer el cargo de vacante: 01 Profesional de Apoyo SENDA Previene <br \/>\npara la comuna de Padre las Casas.<\/td><td class=\"column-7\"><a href=\"http:\/\/www.padrelascasas.cl\/con_publicos\/2023\/DGM_283.pdf\"><strong>ENLACE<\/strong><\/a><\/td>\n<\/tr>\n<tr class=\"row-9\">\n\t<td class=\"column-1\"><strong>Decreto<\/strong><\/td><td class=\"column-2\">Concurso publico.<\/td><td class=\"column-3\">32<\/td><td class=\"column-4\">16\/01\/2023<\/td><td class=\"column-5\">Web Institucional<\/td><td class=\"column-6\">LL\u00c1MESE a concurso p\u00fabico de antecedentes para proveer los cargos de 01 Trabajador (a) Social y de 01 Gestor (a) Comunitario (a) para el proyecto \u201cOPD Padre Las Casas\".<\/td><td class=\"column-7\"><a href=\"http:\/\/www.padrelascasas.cl\/con_publicos\/2023\/DEC%2032.pdf\"><strong>ENLACE<\/strong><\/a><\/td>\n<\/tr>\n<tr class=\"row-10\">\n\t<td class=\"column-1\"><\/td><td class=\"column-2\"><\/td><td class=\"column-3\"><\/td><td class=\"column-4\"><\/td><td class=\"column-5\"><\/td><td class=\"column-6\"><\/td><td class=\"column-7\"><\/td>\n<\/tr>\n<\/tbody>\n<\/table>\n<!-- #tablepress-13 from cache -->\n","protected":false},"excerpt":{"rendered":"","protected":false},"author":1,"featured_media":0,"parent":0,"menu_order":0,"comment_status":"closed","ping_status":"closed","template":"","meta":{"pgc_sgb_lightbox_settings":"","footnotes":""},"class_list":["post-472","page","type-page","status-publish","hentry"],"_links":{"self":[{"href":"https:\/\/padrelascasas.cl\/newplc\/wp-json\/wp\/v2\/pages\/472","targetHints":{"allow":["GET"]}}],"collection":[{"href":"https:\/\/padrelascasas.cl\/newplc\/wp-json\/wp\/v2\/pages"}],"about":[{"href":"https:\/\/padrelascasas.cl\/newplc\/wp-json\/wp\/v2\/types\/page"}],"author":[{"embeddable":true,"href":"https:\/\/padrelascasas.cl\/newplc\/wp-json\/wp\/v2\/users\/1"}],"replies":[{"embeddable":true,"href":"https:\/\/padrelascasas.cl\/newplc\/wp-json\/wp\/v2\/comments?post=472"}],"version-history":[{"count":0,"href":"https:\/\/padrelascasas.cl\/newplc\/wp-json\/wp\/v2\/pages\/472\/revisions"}],"wp:attachment":[{"href":"https:\/\/padrelascasas.cl\/newplc\/wp-json\/wp\/v2\/media?parent=472"}],"curies":[{"name":"wp","href":"https:\/\/api.w.org\/{rel}","templated":true}]}}