{"id":483,"date":"2020-06-18T12:57:27","date_gmt":"2020-06-18T15:57:27","guid":{"rendered":"http:\/\/www.padrelascasas.cl\/newplc\/?page_id=483"},"modified":"2020-08-06T00:27:11","modified_gmt":"2020-08-06T03:27:11","slug":"centro-mapuche-remolino","status":"publish","type":"page","link":"https:\/\/padrelascasas.cl\/newplc\/centro-mapuche-remolino\/","title":{"rendered":"Centro Mapuche Remolino"},"content":{"rendered":"\n<p class=\"has-text-color has-background has-very-light-gray-color has-vivid-cyan-blue-background-color\">QUIENES SOMOS<\/p>\n\n\n\n<p>Producto del cierre obligado de la Escuela Municipal G-514, a fines del a\u00f1o 2010 y como una forma de dar respuesta a las demandas manifestadas por las Familias y Apoderados del sector, el Municipio se plantea el desaf\u00edo de generar una nueva iniciativa de intervenci\u00f3n en el sector rural y en especial con Comunidades Mapuches, con el objetivo de mejorar\/elevar la calidad de vida de las Familias Mapuches, mediante el desarrollo de programas y proyectos integrales, sustentables y participativos, adem\u00e1s de la generaci\u00f3n y fortalecimientos de alianzas y v\u00ednculos estrat\u00e9gicos.<\/p>\n\n\n\n<p>De esta forma surge el Centro Mapuche Remolino, llamado a constituirse en una forma distinta de trabajo municipal que impulse el desarrollo de las Familias del sector rural, donde se reconocen sus caracter\u00edsticas socioecon\u00f3micas, considerando en especial, sus particularidades culturales, todo bajo una metodolog\u00eda de intervenci\u00f3n en que se privilegia la participaci\u00f3n y el respeto mutuo.<\/p>\n\n\n\n<p class=\"has-text-color has-background has-very-light-gray-color has-vivid-cyan-blue-background-color\">QUE BUSCAMOS<\/p>\n\n\n\n<p>-Fortalecer la organizaci\u00f3n funcional y tradicional del sector remolino, que permita revitalizar la cultura, fortalecer los aspectos\/elementos socio-organizacionales y potenciar la asociatividad productiva y comercial.<\/p>\n\n\n\n<p>-Abordar la situaci\u00f3n medioambiental del territorio, desarrollando m\u00f3dulos de capacitaci\u00f3n te\u00f3rico pr\u00e1ctico, recuperando los ecosistemas naturales con el repoblamiento de especies nativas y manejo sustentable de las aguas e implementando sistemas de generaci\u00f3n de energ\u00edas alternativas y manejo de desechos, entre otros.<\/p>\n\n\n\n<p>-Potenciar el desarrollo productivo del sector, fortaleciendo los rubros existentes, incorporando nuevos productos e innovaci\u00f3n en los procesos productivos.<\/p>\n\n\n\n<p>-Fortalecer el proceso de comercializaci\u00f3n del territorio, incorporando valor agregado a los productos, mejorando la asociatividad y apoyando la generaci\u00f3n de nuevos canales de comercializaci\u00f3n.<\/p>\n\n\n\n<p>-Disponer de un espacio para la atenci\u00f3n de p\u00fablico en el territorio, que permita acercar los servicios municipales a las familias del sector.<\/p>\n","protected":false},"excerpt":{"rendered":"<p>QUIENES SOMOS Producto del cierre obligado de la Escuela Municipal G-514, a fines del a\u00f1o 2010 y como una forma de dar respuesta a las demandas manifestadas por las Familias y Apoderados del sector, el Municipio se plantea el desaf\u00edo de generar una nueva iniciativa de intervenci\u00f3n en el sector rural y en especial con [&hellip;]<\/p>\n","protected":false},"author":1,"featured_media":1182,"parent":0,"menu_order":0,"comment_status":"closed","ping_status":"closed","template":"page-direcciones.php","meta":{"pgc_sgb_lightbox_settings":"","footnotes":""},"class_list":["post-483","page","type-page","status-publish","has-post-thumbnail","hentry"],"_links":{"self":[{"href":"https:\/\/padrelascasas.cl\/newplc\/wp-json\/wp\/v2\/pages\/483","targetHints":{"allow":["GET"]}}],"collection":[{"href":"https:\/\/padrelascasas.cl\/newplc\/wp-json\/wp\/v2\/pages"}],"about":[{"href":"https:\/\/padrelascasas.cl\/newplc\/wp-json\/wp\/v2\/types\/page"}],"author":[{"embeddable":true,"href":"https:\/\/padrelascasas.cl\/newplc\/wp-json\/wp\/v2\/users\/1"}],"replies":[{"embeddable":true,"href":"https:\/\/padrelascasas.cl\/newplc\/wp-json\/wp\/v2\/comments?post=483"}],"version-history":[{"count":0,"href":"https:\/\/padrelascasas.cl\/newplc\/wp-json\/wp\/v2\/pages\/483\/revisions"}],"wp:featuredmedia":[{"embeddable":true,"href":"https:\/\/padrelascasas.cl\/newplc\/wp-json\/wp\/v2\/media\/1182"}],"wp:attachment":[{"href":"https:\/\/padrelascasas.cl\/newplc\/wp-json\/wp\/v2\/media?parent=483"}],"curies":[{"name":"wp","href":"https:\/\/api.w.org\/{rel}","templated":true}]}}