{"id":485,"date":"2020-06-18T13:23:39","date_gmt":"2020-06-18T16:23:39","guid":{"rendered":"http:\/\/www.padrelascasas.cl\/newplc\/?page_id=485"},"modified":"2022-03-17T14:06:20","modified_gmt":"2022-03-17T17:06:20","slug":"programa-educacion-sensibilizacion-y-fiscalizacion-ambiental","status":"publish","type":"page","link":"https:\/\/padrelascasas.cl\/newplc\/programa-educacion-sensibilizacion-y-fiscalizacion-ambiental\/","title":{"rendered":"PROGRAMA DE EDUCACI\u00d3N, SENSIBILIZACI\u00d3N Y FISCALIZACI\u00d3N AMBIENTAL"},"content":{"rendered":"\n<div class=\"wp-block-buttons is-layout-flex wp-block-buttons-is-layout-flex\">\n<div class=\"wp-block-button has-custom-font-size has-small-font-size\"><a class=\"wp-block-button__link has-white-color has-vivid-cyan-blue-background-color has-text-color has-background\" href=\"https:\/\/www.padrelascasas.cl\/newplc\/category\/noticias-medioambiente\" target=\"_blank\" rel=\"noreferrer noopener\">NOTICIAS<\/a><\/div>\n\n\n\n<div class=\"wp-block-button has-custom-font-size has-small-font-size\"><a class=\"wp-block-button__link has-white-color has-vivid-cyan-blue-background-color has-text-color has-background\" href=\"https:\/\/www.padrelascasas.cl\/newplc\/reciclaje-medio-ambiente\/\" target=\"_blank\" rel=\"noreferrer noopener\">RECICLAJE<\/a><\/div>\n\n\n\n<div class=\"wp-block-button has-custom-font-size has-small-font-size\"><a class=\"wp-block-button__link has-white-color has-vivid-cyan-blue-background-color has-text-color has-background\" href=\"https:\/\/www.padrelascasas.cl\/newplc\/estrategia-ambiental-comunal\/\" target=\"_blank\" rel=\"noreferrer noopener\">ESTRATEGIA AMBIENTAL COMUNAL<\/a><\/div>\n\n\n\n<div class=\"wp-block-button has-custom-font-size has-small-font-size\"><a class=\"wp-block-button__link has-white-color has-vivid-cyan-blue-background-color has-text-color has-background\" href=\"https:\/\/www.padrelascasas.cl\/newplc\/denuncias-medio-ambiente\/\" target=\"_blank\" rel=\"noreferrer noopener\">DENUNCIAS<\/a><\/div>\n\n\n\n<div class=\"wp-block-button has-custom-font-size has-small-font-size\"><a class=\"wp-block-button__link has-white-color has-vivid-cyan-blue-background-color has-text-color has-background\" href=\"https:\/\/www.padrelascasas.cl\/newplc\/proyectos-medio-ambiente\/\" target=\"_blank\" rel=\"noreferrer noopener\">PROYECTOS<\/a><\/div>\n\n\n\n<div class=\"wp-block-button has-custom-font-size has-small-font-size\"><a class=\"wp-block-button__link has-white-color has-vivid-cyan-blue-background-color has-text-color has-background\" href=\"https:\/\/www.padrelascasas.cl\/newplc\/descontaminacion-atmosferica-medio-ambiente\/\" target=\"_blank\" rel=\"noreferrer noopener\">DESCONTAMINACI\u00d3N ATMOSF\u00c9RICA<\/a><\/div>\n\n\n\n<div class=\"wp-block-button has-custom-font-size has-small-font-size\"><a class=\"wp-block-button__link has-vivid-cyan-blue-background-color has-background\" href=\"https:\/\/www.padrelascasas.cl\/newplc\/programa-huella-chile-entrega-sello-de-cuantificacion-de-huella-de-carbono-a-municipalidad-de-padre-las-casas\/\" target=\"_blank\" rel=\"noreferrer noopener\">SELLO DE CUANTIFICACI\u00d3N DE HUELLA DE CARBONO<\/a><\/div>\n\n\n\n<div class=\"wp-block-button has-custom-font-size has-small-font-size\"><a class=\"wp-block-button__link has-vivid-cyan-blue-background-color has-background\" href=\"https:\/\/www.padrelascasas.cl\/newplc\/links-medio-ambiente\/\">LINKS<\/a><\/div>\n<\/div>\n\n\n\n<p><\/p>\n\n\n\n<p><\/p>\n\n\n\n<p>La Municipalidad de Padre Las Casas desde el a\u00f1o 2012 est\u00e1 inserta en el Sistema de Certificaci\u00f3n Ambiental Municipal (SCAM), proceso integral de car\u00e1cter voluntario, que permite a los municipios instalarse en el territorio como un modelo de gesti\u00f3n ambiental. Actualmente, nos encontramos certificados en la cuarta etapa, de Excelencia Sobresaliente, y cumpliendo los compromisos para la obtenci\u00f3n del siguiente nivel, denominado Gobernanza Ambiental Clim\u00e1tica Comunal, nivel Apresto.<\/p>\n\n\n\n<p><br>El SCAM incluye la conformaci\u00f3n de los Comit\u00e9s Ambientales Municipal y Comunal. El primero est\u00e1 conformado por representantes (directivos o funcionarios) de las diferentes direcciones municipales y su labor&nbsp;es apoyar diligentemente el proceso de certificaci\u00f3n; deliberar sobre las acciones relativas al sistema de certificaci\u00f3n; apoyar t\u00e9cnicamente al pronunciamiento del alcalde sobre las Declaraciones de Impacto Ambiental y\/o Estudios de Impacto Ambiental de proyectos que se pretendan establecer en el territorio.<\/p>\n\n\n\n<p><br>Por su parte, el Comit\u00e9 Ambiental Comunal est\u00e1 compuesto por vecinos de la comuna interesados en el medio ambiente y que en torno a este tema permiten generar un nexo entre la comunidad y el municipio.&nbsp;Sus funciones son realizar propuestas o proyectos ambientales en la comuna, apoyar las l\u00edneas estrat\u00e9gicas y el proceso de implementaci\u00f3n del sistema de certificaci\u00f3n ambiental en la municipalidad.<\/p>\n\n\n\n<div class=\"wp-block-columns is-layout-flex wp-container-core-columns-is-layout-1 wp-block-columns-is-layout-flex\">\n<div class=\"wp-block-column is-layout-flow wp-block-column-is-layout-flow\">\n<figure class=\"wp-block-image size-full is-resized\"><img loading=\"lazy\" decoding=\"async\" src=\"https:\/\/www.padrelascasas.cl\/newplc\/wp-content\/uploads\/2022\/01\/logo-certificacion-ma-2.jpg\" alt=\"\" class=\"wp-image-4325\" width=\"164\" height=\"152\" srcset=\"https:\/\/padrelascasas.cl\/newplc\/wp-content\/uploads\/2022\/01\/logo-certificacion-ma-2.jpg 654w, https:\/\/padrelascasas.cl\/newplc\/wp-content\/uploads\/2022\/01\/logo-certificacion-ma-2-300x278.jpg 300w\" sizes=\"auto, (max-width: 164px) 100vw, 164px\" \/><\/figure>\n<\/div>\n\n\n\n<div class=\"wp-block-column is-layout-flow wp-block-column-is-layout-flow\">\n<figure class=\"wp-block-image size-large is-resized\"><img loading=\"lazy\" decoding=\"async\" src=\"https:\/\/www.padrelascasas.cl\/newplc\/wp-content\/uploads\/2022\/03\/5103_HuellaChile-Cuantificacio\u0301n_2020-1024x940.png\" alt=\"\" class=\"wp-image-4726\" width=\"169\" height=\"155\" srcset=\"https:\/\/padrelascasas.cl\/newplc\/wp-content\/uploads\/2022\/03\/5103_HuellaChile-Cuantificacio\u0301n_2020-1024x940.png 1024w, https:\/\/padrelascasas.cl\/newplc\/wp-content\/uploads\/2022\/03\/5103_HuellaChile-Cuantificacio\u0301n_2020-300x275.png 300w, https:\/\/padrelascasas.cl\/newplc\/wp-content\/uploads\/2022\/03\/5103_HuellaChile-Cuantificacio\u0301n_2020-768x705.png 768w, https:\/\/padrelascasas.cl\/newplc\/wp-content\/uploads\/2022\/03\/5103_HuellaChile-Cuantificacio\u0301n_2020-1536x1410.png 1536w, https:\/\/padrelascasas.cl\/newplc\/wp-content\/uploads\/2022\/03\/5103_HuellaChile-Cuantificacio\u0301n_2020-2048x1880.png 2048w\" sizes=\"auto, (max-width: 169px) 100vw, 169px\" \/><\/figure>\n<\/div>\n<\/div>\n","protected":false},"excerpt":{"rendered":"<p>La Municipalidad de Padre Las Casas desde el a\u00f1o 2012 est\u00e1 inserta en el Sistema de Certificaci\u00f3n Ambiental Municipal (SCAM), proceso integral de car\u00e1cter voluntario, que permite a los municipios instalarse en el territorio como un modelo de gesti\u00f3n ambiental. Actualmente, nos encontramos certificados en la cuarta etapa, de Excelencia Sobresaliente, y cumpliendo los compromisos [&hellip;]<\/p>\n","protected":false},"author":1,"featured_media":0,"parent":0,"menu_order":0,"comment_status":"closed","ping_status":"closed","template":"","meta":{"pgc_sgb_lightbox_settings":"","footnotes":""},"class_list":["post-485","page","type-page","status-publish","hentry"],"_links":{"self":[{"href":"https:\/\/padrelascasas.cl\/newplc\/wp-json\/wp\/v2\/pages\/485","targetHints":{"allow":["GET"]}}],"collection":[{"href":"https:\/\/padrelascasas.cl\/newplc\/wp-json\/wp\/v2\/pages"}],"about":[{"href":"https:\/\/padrelascasas.cl\/newplc\/wp-json\/wp\/v2\/types\/page"}],"author":[{"embeddable":true,"href":"https:\/\/padrelascasas.cl\/newplc\/wp-json\/wp\/v2\/users\/1"}],"replies":[{"embeddable":true,"href":"https:\/\/padrelascasas.cl\/newplc\/wp-json\/wp\/v2\/comments?post=485"}],"version-history":[{"count":0,"href":"https:\/\/padrelascasas.cl\/newplc\/wp-json\/wp\/v2\/pages\/485\/revisions"}],"wp:attachment":[{"href":"https:\/\/padrelascasas.cl\/newplc\/wp-json\/wp\/v2\/media?parent=485"}],"curies":[{"name":"wp","href":"https:\/\/api.w.org\/{rel}","templated":true}]}}