{"id":7132,"date":"2022-12-16T12:15:06","date_gmt":"2022-12-16T15:15:06","guid":{"rendered":"https:\/\/www.padrelascasas.cl\/newplc\/?page_id=7132"},"modified":"2022-12-16T12:19:00","modified_gmt":"2022-12-16T15:19:00","slug":"informacion-becas-de-mantencion-2023-indigena-residencia-indigena-presidente-de-la-republica-pertenecientes-a-junaeb","status":"publish","type":"page","link":"https:\/\/padrelascasas.cl\/newplc\/informacion-becas-de-mantencion-2023-indigena-residencia-indigena-presidente-de-la-republica-pertenecientes-a-junaeb\/","title":{"rendered":"<strong>Informaci\u00f3n Becas de Mantenci\u00f3n 2023 (Ind\u00edgena &#8211; Residencia Ind\u00edgena &#8211; Presidente de La Rep\u00fablica) pertenecientes a JUNAEB.<\/strong>"},"content":{"rendered":"\n<p>El plazo de postulaci\u00f3n comenz\u00f3 el pasado 01 de diciembre 2022 y se extender\u00e1 hasta el pr\u00f3ximo 20 de enero 2023. Si deseas postular debes ingresar al siguiente sitio web:&nbsp;&nbsp;<a rel=\"noreferrer noopener\" href=\"https:\/\/portalbecas.junaeb.cl\/sinabweb\/login\" target=\"_blank\" class=\"ek-link\">https:\/\/portalbecas.junaeb.cl\/sinabweb\/login<\/a>.<\/p>\n\n\n\n<p>APOYO MUNICIPAL<\/p>\n\n\n\n<p>Informar a nuestros usuarios que no cuentan con acceso a un computador con Internet o presenten alguna dificultad para realizar este tr\u00e1mite, que la Municipalidad de Padre Las Casas&nbsp;<strong>dispondr\u00e1 de m\u00f3dulos de atenci\u00f3n&nbsp; a contar del 03 al 19 de enero<\/strong>&nbsp;en&nbsp;<strong>horario de&nbsp;lunes a viernes de 8:45 a 13:00 y de 15:00 a 16:30<\/strong>, en dependencias de la Biblioteca Municipal Pablo Neruda ubicada en Francisco Pleiteado N\u00b0 682 (el tr\u00e1mite es exclusivamente por Internet).<\/p>\n\n\n\n<p class=\"has-white-color has-vivid-cyan-blue-background-color has-text-color has-background has-medium-font-size\"><strong>Beca Ind\u00edgena<\/strong><\/p>\n\n\n\n<h2 class=\"wp-block-heading\">REQUISITOS PARA POSTULAR ENSE\u00d1ANZA B\u00c1SICA Y MEDIA<\/h2>\n\n\n\n<ul class=\"wp-block-list\">\n<li>Ser de origen ind\u00edgena, acreditado por <a href=\"https:\/\/conadi.oficinainternet1.cl\/OficinaInternet2.0\/home.aspx?Type=0\">la Corporaci\u00f3n Nacional de Desarrollo<\/a> <a href=\"https:\/\/conadi.oficinainternet1.cl\/OficinaInternet2.0\/home.aspx?Type=0\">Ind\u00edgena, <\/a><a href=\"https:\/\/conadi.oficinainternet1.cl\/OficinaInternet2.0\/home.aspx?Type=0\">CONAD<\/a><a href=\"https:\/\/conadi.oficinainternet1.cl\/OficinaInternet2.0\/home.aspx?Type=0\">I.<\/a><\/li>\n\n\n\n<li>Ser promovido con promedio m\u00ednimo de 5.0<\/li>\n\n\n\n<li>Contar con tramo del Registro Social de Hogares hasta el 60%.<\/li>\n\n\n\n<li>Ser estudiante de establecimientos educacionales subvencionados por el Ministerio de Educaci\u00f3n, Mineduc.<\/li>\n\n\n\n<li><strong>Estudiantes extranjeros <\/strong>no pueden postular a este beneficio.<\/li>\n<\/ul>\n\n\n\n<h2 class=\"wp-block-heading\">REQUISITOS PARA POSTULAR EDUCACI\u00d3N SUPERIOR<\/h2>\n\n\n\n<ul class=\"wp-block-list\">\n<li>Ser de origen ind\u00edgena, acreditado por <a href=\"https:\/\/conadi.oficinainternet1.cl\/OficinaInternet2.0\/home.aspx?Type=0\">la Corporaci\u00f3n Nacional de Desarrollo<\/a> <a href=\"https:\/\/conadi.oficinainternet1.cl\/OficinaInternet2.0\/home.aspx?Type=0\">Ind\u00edgena, <\/a><a href=\"https:\/\/conadi.oficinainternet1.cl\/OficinaInternet2.0\/home.aspx?Type=0\">CONADI<\/a><a href=\"https:\/\/conadi.oficinainternet1.cl\/OficinaInternet2.0\/home.aspx?Type=0\">.<\/a><\/li>\n\n\n\n<li>Haber pasado de curso con promedio 4.5 m\u00ednimo en educaci\u00f3n superior, y 5.0 para egresados\/as de 4\u00b0 Medio.<\/li>\n\n\n\n<li>Contar con tramo del Registro Social de Hogares hasta el 60%.<\/li>\n\n\n\n<li>Estar matriculado\/a en Instituciones de Educaci\u00f3n Superior reconocidas por el Estado.<\/li>\n\n\n\n<li><strong>Estudiantes extranjeros <\/strong>no pueden postular a este beneficio.<\/li>\n\n\n\n<li><strong>Estudiantes que cursen carreras a distancia y post grados <\/strong>no pueden postular a este beneficio.<\/li>\n\n\n\n<li><strong>Estudiantes con t\u00edtulo t\u00e9cnico y\/o profesional <\/strong>no pueden postular a este beneficio.<\/li>\n<\/ul>\n\n\n\n<h2 class=\"wp-block-heading\">REQUISITOS PARA RENOVAR ENSE\u00d1ANZA B\u00c1SICA Y MEDIA<\/h2>\n\n\n\n<ul class=\"wp-block-list\">\n<li>Haber sido promovido\/a con promedio 5.0 en Ed. B\u00e1sica y Media<\/li>\n\n\n\n<li>Apelaci\u00f3n* para estudiantes con nota 4,0 a 4,9.<\/li>\n\n\n\n<li>Poseer un tramo del Registro Social de Hogares (RSH) hasta el 70%.<\/li>\n\n\n\n<li>Estar estudiando en establecimientos educacionales p\u00fablicos o particulares subvencionados por Ministerio de Educaci\u00f3n, Mineduc.<\/li>\n<\/ul>\n\n\n\n<h2 class=\"wp-block-heading\">REQUISITOS PARA RENOVAR EDUCACI\u00d3N SUPERIOR<\/h2>\n\n\n\n<ul class=\"wp-block-list\">\n<li>Haber sido promovido\/a con promedio de 4.5 m\u00ednimo en Educaci\u00f3n Superior.<\/li>\n\n\n\n<li>Apelaci\u00f3n nota inferior a 4,5 acreditando el 50% de ramos aprobados.<\/li>\n\n\n\n<li>Poseer un tramo del Registro Social de Hogares (RSH) hasta el 70%.<\/li>\n\n\n\n<li>Estar estudiando en alguna instituci\u00f3n de educaci\u00f3n superior reconocida por el Estado.<\/li>\n<\/ul>\n\n\n\n<hr class=\"wp-block-separator has-alpha-channel-opacity\"\/>\n\n\n\n<p class=\"has-white-color has-vivid-cyan-blue-background-color has-text-color has-background has-medium-font-size\"><strong>Beca Residencia Ind\u00edgena<\/strong><\/p>\n\n\n\n<h2 class=\"wp-block-heading\">REQUISITOS PARA POSTULAR EDUCACI\u00d3N SUPERIOR<\/h2>\n\n\n\n<ul class=\"wp-block-list\">\n<li>Acreditar ascendencia ind\u00edgena a trav\u00e9s de la <a href=\"https:\/\/conadi.oficinainternet1.cl\/OficinaInternet2.0\/home.aspx?Type=0\">Corporaci\u00f3n Nacional de Desarrollo<\/a> <a href=\"https:\/\/conadi.oficinainternet1.cl\/OficinaInternet2.0\/home.aspx?Type=0\">Ind\u00edgena,<\/a><\/li>\n\n\n\n<li>Haber sido promovido con promedio de 4,5 m\u00ednimo en educaci\u00f3n superior y 5,0 para egresados de ense\u00f1anza media.<\/li>\n\n\n\n<li>Contar con un tramo del Registro Social de Hogares hasta el 60%.<\/li>\n\n\n\n<li>Estar matriculado en instituciones de educaci\u00f3n superior reconocidas por el Estado.<\/li>\n\n\n\n<li>Provenir de comuna diferente de la comuna donde se ubica la sede de estudio.<\/li>\n\n\n\n<li>Residir en alguna de las siguientes regiones: Arica y Parinacota, Tarapac\u00e1, Antofagasta, Atacama, Valpara\u00edso, Maule, Biob\u00edo, \u00d1uble, La Araucan\u00eda, Los R\u00edos, Los Lagos y Magallanes y Ant\u00e1rtica Chilena.<\/li>\n\n\n\n<li>Estudiantes extranjeros no podr\u00e1n postular a este beneficio.<\/li>\n\n\n\n<li>Estudiantes que cursen carreras a distancia, semi presencial y post grados no podr\u00e1n postular a este beneficio.<\/li>\n\n\n\n<li>Estudiantes con t\u00edtulo t\u00e9cnico y\/o profesional no podr\u00e1n postular a este beneficio.<\/li>\n<\/ul>\n\n\n\n<hr class=\"wp-block-separator has-alpha-channel-opacity\"\/>\n\n\n\n<h1 class=\"has-white-color has-vivid-cyan-blue-background-color has-text-color has-background has-medium-font-size wp-block-heading\">Beca Presidente de La Rep\u00fablica<\/h1>\n\n\n\n<h2 class=\"wp-block-heading\">REQUISITOS PARA POSTULAR EDUCACI\u00d3N MEDIA<\/h2>\n\n\n\n<ul class=\"wp-block-list\">\n<li>Ser promovido con promedio m\u00ednimo 6.0<\/li>\n\n\n\n<li>Contar con tramo del Registro Social de Hogares hasta el 40%<\/li>\n\n\n\n<li>Ser estudiante de establecimientos educacionales reconocidos para el Estado.<\/li>\n<\/ul>\n\n\n\n<h2 class=\"wp-block-heading\">REQUISITOS PARA RENOVAR EDUCACI\u00d3N MEDIA<\/h2>\n\n\n\n<ul class=\"wp-block-list\">\n<li>Haber sido promovido con nota promedio 6.0 como m\u00ednimo.<\/li>\n\n\n\n<li>Poseer un tramo del <a href=\"https:\/\/www.registrosocial.gob.cl\/\">Registro Social de Hogares <\/a>hasta el 70%<\/li>\n\n\n\n<li>Estar matriculado en establecimientos educacionales reconocidos por el Estado.<\/li>\n<\/ul>\n\n\n\n<h2 class=\"wp-block-heading\">REQUISITOS PARA RENOVAR EDUCACI\u00d3N SUPERIOR<\/h2>\n\n\n\n<p><strong>(No existe postulaci\u00f3n a Beca Presidente de La Rep\u00fablica en Educaci\u00f3n Superior, se obtiene durante la ense\u00f1anza media. En educaci\u00f3n superior solo se puede renovar.)<\/strong><\/p>\n\n\n\n<ul class=\"wp-block-list\">\n<li>Haber sido promovido con 6.0 como nota m\u00ednima al egresar de la Ed. Media, o con promedio 5.0 como m\u00ednimo durante Ed. Superior.<\/li>\n\n\n\n<li>Poseer un tramo del RSH hasta el 70%.<\/li>\n\n\n\n<li>Haber obtenido en la Prueba Acceso a Educaci\u00f3n Superior (PAES) un puntaje m\u00ednimo de 485 puntos como promedio de las pruebas de Lenguaje y Matem\u00e1ticas. Requisito para estudiantes que ingresan a carreras profesionales en universidades.<\/li>\n\n\n\n<li>Estar estudiando en alguna Instituci\u00f3n de Educaci\u00f3n Superior reconocida por el Estado.<\/li>\n<\/ul>\n\n\n\n<p><strong>Pueden apelar por nota estudiantes renovantes de Ense\u00f1anza Media siempre y cuando su nota sea entre 5.7 y 5.9.<\/strong><\/p>\n\n\n\n<p><strong>Pueden apelar por nota estudiantes de Educaci\u00f3n Superior siempre y cuando su nota sea entre 4.7 y 4.9.<\/strong><\/p>\n\n\n\n<hr class=\"wp-block-separator has-alpha-channel-opacity\"\/>\n\n\n\n<p class=\"has-white-color has-vivid-cyan-blue-background-color has-text-color has-background\"><strong>Plazo de Postulaci\u00f3n<\/strong><\/p>\n\n\n\n<p><strong>01 de diciembre 2022 al 20 de enero 2023 Sitio Web de postulaci\u00f3n \/ renovaci\u00f3n: <\/strong><a href=\"https:\/\/portalbecas.junaeb.cl\/sinabweb\/login\"><strong><u>https:\/\/portalbecas.junaeb.cl\/sinabweb\/login<\/u><\/strong><\/a><strong><\/strong><\/p>\n\n\n\n<p><\/p>\n\n\n\n<figure class=\"wp-block-image size-large\"><img loading=\"lazy\" decoding=\"async\" width=\"1024\" height=\"1024\" src=\"https:\/\/www.padrelascasas.cl\/newplc\/wp-content\/uploads\/2022\/12\/PHOTO-2022-12-09-13-06-42-1024x1024.jpg\" alt=\"\" class=\"wp-image-7133\" srcset=\"https:\/\/padrelascasas.cl\/newplc\/wp-content\/uploads\/2022\/12\/PHOTO-2022-12-09-13-06-42-1024x1024.jpg 1024w, https:\/\/padrelascasas.cl\/newplc\/wp-content\/uploads\/2022\/12\/PHOTO-2022-12-09-13-06-42-300x300.jpg 300w, https:\/\/padrelascasas.cl\/newplc\/wp-content\/uploads\/2022\/12\/PHOTO-2022-12-09-13-06-42-150x150.jpg 150w, https:\/\/padrelascasas.cl\/newplc\/wp-content\/uploads\/2022\/12\/PHOTO-2022-12-09-13-06-42-768x768.jpg 768w, https:\/\/padrelascasas.cl\/newplc\/wp-content\/uploads\/2022\/12\/PHOTO-2022-12-09-13-06-42.jpg 1280w\" sizes=\"auto, (max-width: 1024px) 100vw, 1024px\" \/><\/figure>\n","protected":false},"excerpt":{"rendered":"<p>El plazo de postulaci\u00f3n comenz\u00f3 el pasado 01 de diciembre 2022 y se extender\u00e1 hasta el pr\u00f3ximo 20 de enero 2023. Si deseas postular debes ingresar al siguiente sitio web:&nbsp;&nbsp;https:\/\/portalbecas.junaeb.cl\/sinabweb\/login. APOYO MUNICIPAL Informar a nuestros usuarios que no cuentan con acceso a un computador con Internet o presenten alguna dificultad para realizar este tr\u00e1mite, que [&hellip;]<\/p>\n","protected":false},"author":1,"featured_media":0,"parent":0,"menu_order":0,"comment_status":"closed","ping_status":"closed","template":"","meta":{"pgc_sgb_lightbox_settings":"","footnotes":""},"class_list":["post-7132","page","type-page","status-publish","hentry"],"_links":{"self":[{"href":"https:\/\/padrelascasas.cl\/newplc\/wp-json\/wp\/v2\/pages\/7132","targetHints":{"allow":["GET"]}}],"collection":[{"href":"https:\/\/padrelascasas.cl\/newplc\/wp-json\/wp\/v2\/pages"}],"about":[{"href":"https:\/\/padrelascasas.cl\/newplc\/wp-json\/wp\/v2\/types\/page"}],"author":[{"embeddable":true,"href":"https:\/\/padrelascasas.cl\/newplc\/wp-json\/wp\/v2\/users\/1"}],"replies":[{"embeddable":true,"href":"https:\/\/padrelascasas.cl\/newplc\/wp-json\/wp\/v2\/comments?post=7132"}],"version-history":[{"count":0,"href":"https:\/\/padrelascasas.cl\/newplc\/wp-json\/wp\/v2\/pages\/7132\/revisions"}],"wp:attachment":[{"href":"https:\/\/padrelascasas.cl\/newplc\/wp-json\/wp\/v2\/media?parent=7132"}],"curies":[{"name":"wp","href":"https:\/\/api.w.org\/{rel}","templated":true}]}}