{"id":7738,"date":"2023-05-05T16:09:34","date_gmt":"2023-05-05T19:09:34","guid":{"rendered":"https:\/\/www.padrelascasas.cl\/newplc\/?page_id=7738"},"modified":"2024-02-20T10:08:35","modified_gmt":"2024-02-20T13:08:35","slug":"actas_2023","status":"publish","type":"page","link":"https:\/\/padrelascasas.cl\/newplc\/actas_2023\/","title":{"rendered":"Acta de sesi\u00f3n ordinaria del Concejo Municipal &#8211; 2023"},"content":{"rendered":"\n<figure class=\"wp-block-table has-small-font-size\"><table><thead><tr><th>A\u00f1o<\/th><th>Mes<\/th><th>Tipolog\u00eda del Acto<\/th><th>Tipo de acto<\/th><th>Denominaci\u00f3n del acto<\/th><th>N\u00famero del acto<\/th><th>Fecha<\/th><th>Fecha de publicaci\u00f3n en el DO o Fecha de Publicidad (seg\u00fan Art.45 y siguientes Ley 19.880)<\/th><th>Indicaci\u00f3n del medio y forma de publicidad (seg\u00fan Art.45 y siguientes Ley 19.880)<\/th><th>Tiene efectos generales<\/th><th>Fecha \u00faltima actualizaci\u00f3n (dd\/mm\/aaaa), si corresponde a actos y resoluciones con efectos generales<\/th><th>Breve descripci\u00f3n del objeto del acto<\/th><th>V\u00ednculo al texto \u00edntegro y actualizado<\/th><\/tr><\/thead><tbody><tr><td>2023<\/td><td>Diciembre<\/td><td>Actas Concejo Municipal<\/td><td>Acta<\/td><td>Acta de Sesi\u00f3n Ordinaria del Concejo Municipal<\/td><td>90<\/td><td>19\/12\/2023<\/td><td>19\/12\/2023<\/td><td>Portal Transparencia<\/td><td>No<\/td><td>No Aplica<\/td><td>Acta de sesi\u00f3n ordinaria N\u00b090 del Concejo Municipal y resumen de acuerdo.<\/td><td><a href=\"http:\/\/www.padrelascasas.cl\/transparencia_activa_plc\/Otros%20Antecedentes\/Actas%20de%20Concejo%20Municipal\/actas_de_sesion\/2023\/ACTA%20SESION%20ORDINARIA%20N90%20DEL%2019.12.2023.pdf\" target=\"_blank\" rel=\"noreferrer noopener\">Enlace<\/a><\/td><\/tr><tr><td>2023<\/td><td>Diciembre<\/td><td>Actas Concejo Municipal<\/td><td>Acta<\/td><td>Acta de Sesi\u00f3n Ordinaria del Concejo Municipal<\/td><td>89<\/td><td>12\/12\/2023<\/td><td>12\/12\/2023<\/td><td>Portal Transparencia<\/td><td>No<\/td><td>No Aplica<\/td><td>Acta de sesi\u00f3n ordinaria N\u00b089 del Concejo Municipal y resumen de acuerdo.<\/td><td><a href=\"http:\/\/www.padrelascasas.cl\/transparencia_activa_plc\/Otros%20Antecedentes\/Actas%20de%20Concejo%20Municipal\/actas_de_sesion\/2023\/ACTA%20SESION%20ORDINARIA%20N89%20DEL%2012.12.2023.pdf\" target=\"_blank\" rel=\"noreferrer noopener\">Enlace<\/a><\/td><\/tr><tr><td>2023<\/td><td>Diciembre<\/td><td>Actas Concejo Municipal<\/td><td>Acta<\/td><td>Acta de Sesi\u00f3n Ordinaria del Concejo Municipal<\/td><td>88<\/td><td>05\/12\/2023<\/td><td>05\/12\/2023<\/td><td>Portal Transparencia<\/td><td>No<\/td><td>No Aplica<\/td><td>Acta de sesi\u00f3n ordinaria N\u00b088 del Concejo Municipal y resumen de acuerdo.<\/td><td><a href=\"http:\/\/www.padrelascasas.cl\/transparencia_activa_plc\/Otros%20Antecedentes\/Actas%20de%20Concejo%20Municipal\/actas_de_sesion\/2023\/ACTA%20SESION%20ORDINARIA%20N88%20DEL%2005.12.2023.pdf\" target=\"_blank\" rel=\"noreferrer noopener\">Enlace<\/a><\/td><\/tr><tr><td>2023<\/td><td>Noviembre<\/td><td>Actas Concejo Municipal<\/td><td>Acta<\/td><td>Acta de Sesi\u00f3n Ordinaria del Concejo Municipal<\/td><td>87<\/td><td>21\/11\/2023<\/td><td>21\/11\/2023<\/td><td>Portal Transparencia<\/td><td>No<\/td><td>No Aplica<\/td><td>Acta de sesi\u00f3n ordinaria N\u00b087 del Concejo Municipal y resumen de acuerdo.<\/td><td><a href=\"http:\/\/www.padrelascasas.cl\/transparencia_activa_plc\/Otros%20Antecedentes\/Actas%20de%20Concejo%20Municipal\/actas_de_sesion\/2023\/ACTA%20SESION%20ORDINARIA%20N87%20DEL%2021.11.2023.pdf\" target=\"_blank\" rel=\"noreferrer noopener\">Enlace<\/a><\/td><\/tr><tr><td>2023<\/td><td>Noviembre<\/td><td>Actas Concejo Municipal<\/td><td>Acta<\/td><td>Acta de Sesi\u00f3n Ordinaria del Concejo Municipal<\/td><td>86<\/td><td>14\/11\/2023<\/td><td>14\/11\/2023<\/td><td>Portal Transparencia<\/td><td>No<\/td><td>No Aplica<\/td><td>Acta de sesi\u00f3n ordinaria N\u00b086 del Concejo Municipal y resumen de acuerdo.<\/td><td><a href=\"http:\/\/www.padrelascasas.cl\/transparencia_activa_plc\/Otros%20Antecedentes\/Actas%20de%20Concejo%20Municipal\/actas_de_sesion\/2023\/ACTA%20SESION%20ORDINARIA%20N86%20DEL%2014.11.2023.pdf\" target=\"_blank\" rel=\"noreferrer noopener\">Enlace<\/a><\/td><\/tr><tr><td>2023<\/td><td>Noviembre<\/td><td>Actas Concejo Municipal<\/td><td>Acta<\/td><td>Acta de Sesi\u00f3n Ordinaria del Concejo Municipal<\/td><td>85<\/td><td>07\/11\/2023<\/td><td>07\/11\/2023<\/td><td>Portal Transparencia<\/td><td>No<\/td><td>No Aplica<\/td><td>Acta de sesi\u00f3n ordinaria N\u00b085 del Concejo Municipal y resumen de acuerdo.<\/td><td><a href=\"http:\/\/www.padrelascasas.cl\/transparencia_activa_plc\/Otros%20Antecedentes\/Actas%20de%20Concejo%20Municipal\/actas_de_sesion\/2023\/ACTA%20SESION%20ORDINARIA%20N85%20DEL%2007.11.2023%20COMPLEMENTADA.pdf\" target=\"_blank\" rel=\"noreferrer noopener\">Enlace<\/a><\/td><\/tr><tr><td>2023<\/td><td>Octubre<\/td><td>Actas Concejo Municipal<\/td><td>Acta<\/td><td>Acta de Sesi\u00f3n Ordinaria del Concejo Municipal<\/td><td>84<\/td><td>17\/10\/2023<\/td><td>17\/10\/2023<\/td><td>Portal Transparencia<\/td><td>No<\/td><td>No Aplica<\/td><td>Acta de sesi\u00f3n ordinaria N\u00b084 del Concejo Municipal y resumen de acuerdo.<\/td><td><a href=\"http:\/\/www.padrelascasas.cl\/transparencia_activa_plc\/07.%20Actos%20y%20resoluciones%20con%20efectos%20sobre%20terceras%20personas\/actas_concejo_municipal\/sesion_ordinaria_2023\/ACTA%20SESION%20ORDINARIA%20N84%20DEL%2017.10.2023.pdf\" target=\"_blank\" rel=\"noreferrer noopener\">Enlace<\/a><\/td><\/tr><tr><td>2023<\/td><td>Octubre<\/td><td>Actas Concejo Municipal<\/td><td>Acta<\/td><td>Acta de Sesi\u00f3n Ordinaria del Concejo Municipal<\/td><td>83<\/td><td>10\/10\/2023<\/td><td>10\/10\/2023<\/td><td>Portal Transparencia<\/td><td>No<\/td><td>No Aplica<\/td><td>Acta de sesi\u00f3n ordinaria N\u00b083 del Concejo Municipal y resumen de acuerdo.<\/td><td><a href=\"http:\/\/www.padrelascasas.cl\/transparencia_activa_plc\/07.%20Actos%20y%20resoluciones%20con%20efectos%20sobre%20terceras%20personas\/actas_concejo_municipal\/sesion_ordinaria_2023\/ACTA%20SESION%20ORDINARIA%20N83%20DEL%2010.10.2023.pdf\" target=\"_blank\" rel=\"noreferrer noopener\">Enlace<\/a><\/td><\/tr><tr><td>2023<\/td><td>Octubre<\/td><td>Actas Concejo Municipal<\/td><td>Acta<\/td><td>Acta de Sesi\u00f3n Ordinaria del Concejo Municipal<\/td><td>82<\/td><td>03\/10\/2023<\/td><td>03\/10\/2023<\/td><td>Portal Transparencia<\/td><td>No<\/td><td>No Aplica<\/td><td>Acta de sesi\u00f3n ordinaria N\u00b082 del Concejo Municipal y resumen de acuerdo.<\/td><td><a href=\"http:\/\/www.padrelascasas.cl\/transparencia_activa_plc\/07.%20Actos%20y%20resoluciones%20con%20efectos%20sobre%20terceras%20personas\/actas_concejo_municipal\/sesion_ordinaria_2023\/ACTA%20SESION%20ORDINARIA%20N82%20DEL%2003.10.2023.pdf\" target=\"_blank\" rel=\"noreferrer noopener\">Enlace<\/a><\/td><\/tr><tr><td>2023<\/td><td>Septiembre<\/td><td>Actas Concejo Municipal<\/td><td>Acta<\/td><td>Acta de Sesi\u00f3n Ordinaria del Concejo Municipal<\/td><td>81<\/td><td>26\/09\/2023<\/td><td>26\/09\/2023<\/td><td>Portal Transparencia<\/td><td>No<\/td><td>No Aplica<\/td><td>Acta de sesi\u00f3n ordinaria N\u00b081 del Concejo Municipal y resumen de acuerdo.<\/td><td><a href=\"http:\/\/www.padrelascasas.cl\/transparencia_activa_plc\/07.%20Actos%20y%20resoluciones%20con%20efectos%20sobre%20terceras%20personas\/actas_concejo_municipal\/sesion_ordinaria_2023\/ACTA%20SESION%20ORDINARIA%20N81%20DEL%2026.09.2023.pdf\" target=\"_blank\" rel=\"noreferrer noopener\">Enlace<\/a><\/td><\/tr><tr><td>2023<\/td><td>Septiembre<\/td><td>Actas Concejo Municipal<\/td><td>Acta<\/td><td>Acta de Sesi\u00f3n Ordinaria del Concejo Municipal<\/td><td>80<\/td><td>12\/09\/2023<\/td><td>12\/09\/2023<\/td><td>Portal Transparencia<\/td><td>No<\/td><td>No Aplica<\/td><td>Acta de sesi\u00f3n ordinaria N\u00b080 del Concejo Municipal y resumen de acuerdo.<\/td><td><a href=\"http:\/\/www.padrelascasas.cl\/transparencia_activa_plc\/07.%20Actos%20y%20resoluciones%20con%20efectos%20sobre%20terceras%20personas\/actas_concejo_municipal\/sesion_ordinaria_2023\/ACTA%20SESION%20ORDINARIA%20N80%20DEL%2012.09.2023.pdf\" target=\"_blank\" rel=\"noreferrer noopener\">Enlace<\/a><\/td><\/tr><tr><td>2023<\/td><td>Septiembre<\/td><td>Actas Concejo Municipal<\/td><td>Acta<\/td><td>Acta de Sesi\u00f3n Ordinaria del Concejo Municipal<\/td><td>79<\/td><td>05\/09\/2023<\/td><td>05\/09\/2023<\/td><td>Portal Transparencia<\/td><td>No<\/td><td>No Aplica<\/td><td>Acta de sesi\u00f3n ordinaria N\u00b079 del Concejo Municipal y resumen de acuerdo.<\/td><td><a href=\"http:\/\/www.padrelascasas.cl\/transparencia_activa_plc\/2023\/Contenido%20Septiembre%202023\/actas\/ACTA%20SESION%20ORDINARIA%20N79%20DEL%2005.09.2023.pdf\" target=\"_blank\" rel=\"noreferrer noopener\">Enlace<\/a><\/td><\/tr><tr><td>2023<\/td><td>Agosto<\/td><td>Actas Concejo Municipal<\/td><td>Acta<\/td><td>Acta de Sesi\u00f3n Ordinaria del Concejo Municipal<\/td><td>78<\/td><td>22\/08\/2023<\/td><td>22\/08\/2023<\/td><td>Portal Transparencia<\/td><td>No<\/td><td>No Aplica<\/td><td>Acta de sesi\u00f3n ordinaria N\u00b078 del Concejo Municipal y resumen de acuerdo.<\/td><td><a href=\"http:\/\/www.padrelascasas.cl\/transparencia_activa_plc\/2023\/Contenido%20Septiembre%202023\/actas\/ACTA%20SESION%20ORDINARIA%20N78%20DEL%2022.08.2023.pdf\" target=\"_blank\" rel=\"noreferrer noopener\">Enlace<\/a><\/td><\/tr><tr><td>2023<\/td><td>Agosto<\/td><td>Actas Concejo Municipal<\/td><td>Acta<\/td><td>Acta de Sesi\u00f3n Ordinaria del Concejo Municipal<\/td><td>77<\/td><td>08\/08\/2023<\/td><td>08\/08\/2023<\/td><td>Portal Transparencia<\/td><td>No<\/td><td>No Aplica<\/td><td>Acta de sesi\u00f3n ordinaria N\u00b077 del Concejo Municipal y resumen de acuerdo.<\/td><td><a href=\"http:\/\/www.padrelascasas.cl\/transparencia_activa_plc\/2023\/Contenido%20Septiembre%202023\/actas\/ACTA%20SESION%20ORDINARIA%20N77%20DEL%2008.08.2023.pdf\" target=\"_blank\" rel=\"noreferrer noopener\">Enlace<\/a><\/td><\/tr><tr><td>2023<\/td><td>Agosto<\/td><td>Actas Concejo Municipal<\/td><td>Acta<\/td><td>Acta de Sesi\u00f3n Ordinaria del Concejo Municipal<\/td><td>76<\/td><td>01\/08\/2023<\/td><td>01\/08\/2023<\/td><td>Portal Transparencia<\/td><td>No<\/td><td>No Aplica<\/td><td>Acta de sesi\u00f3n ordinaria N\u00b076 del Concejo Municipal y resumen de acuerdo.<\/td><td><a href=\"http:\/\/www.padrelascasas.cl\/transparencia_activa_plc\/2023\/Contenido%20Septiembre%202023\/actas\/ACTA%20SESION%20ORDINARIA%20N76%20DEL%2001.08.2023.pdf\" target=\"_blank\" rel=\"noreferrer noopener\">Enlace<\/a><\/td><\/tr><tr><td>2023<\/td><td>Julio<\/td><td>Actas Concejo Municipal<\/td><td>Acta<\/td><td>Acta de Sesi\u00f3n Ordinaria del Concejo Municipal<\/td><td>75<\/td><td>18\/07\/2023<\/td><td>18\/07\/2023<\/td><td>Portal Transparencia<\/td><td>No<\/td><td>No Aplica<\/td><td>Acta de sesi\u00f3n ordinaria N\u00b075 del Concejo Municipal y resumen de acuerdo.<\/td><td><a href=\"http:\/\/www.padrelascasas.cl\/transparencia_activa_plc\/2023\/Contenido%20Septiembre%202023\/actas\/ACTA%20SESION%20ORDINARIA%20N75%20DEL%2018.07.2023.pdf\" target=\"_blank\" rel=\"noreferrer noopener\">Enlace<\/a><\/td><\/tr><tr><td>2023<\/td><td>Julio<\/td><td>Actas Concejo Municipal<\/td><td>Acta<\/td><td>Acta de Sesi\u00f3n Ordinaria del Concejo Municipal<\/td><td>74<\/td><td>11\/07\/2023<\/td><td>11\/07\/2023<\/td><td>Portal Transparencia<\/td><td>No<\/td><td>No Aplica<\/td><td>Acta de sesi\u00f3n ordinaria N\u00b074 del Concejo Municipal y resumen de acuerdo.<\/td><td><a href=\"http:\/\/www.padrelascasas.cl\/transparencia_activa_plc\/2023\/Contenido%20Septiembre%202023\/actas\/ACTA%20SESION%20ORDINARIA%20N74%20DEL%2011.07.2023.pdf\" target=\"_blank\" rel=\"noreferrer noopener\">Enlace<\/a><\/td><\/tr><tr><td>2023<\/td><td>Julio<\/td><td>Actas Concejo Municipal<\/td><td>Acta<\/td><td>Acta de Sesi\u00f3n Ordinaria del Concejo Municipal<\/td><td>73<\/td><td>04\/07\/2023<\/td><td>04\/07\/2023<\/td><td>Portal Transparencia<\/td><td>No<\/td><td>No Aplica<\/td><td>Acta de sesi\u00f3n ordinaria N\u00b073 del Concejo Municipal y resumen de acuerdo.<\/td><td><a href=\"http:\/\/www.padrelascasas.cl\/transparencia_activa_plc\/07.%20Actos%20y%20resoluciones%20con%20efectos%20sobre%20terceras%20personas\/actas_concejo_municipal\/sesion_ordinaria_2023\/ACTA%20SESION%20ORDINARIA%20N73%20DEL%2004.07.2023.pdf\" target=\"_blank\" rel=\"noreferrer noopener\">Enlace<\/a><\/td><\/tr><tr><td>2023<\/td><td>Junio<\/td><td>Actas Concejo Municipal<\/td><td>Acta<\/td><td>Acta de Sesi\u00f3n Ordinaria del Concejo Municipal<\/td><td>72<\/td><td>20\/06\/2023<\/td><td>20\/06\/2023<\/td><td>Portal Transparencia<\/td><td>No<\/td><td>No Aplica<\/td><td>Acta de sesi\u00f3n ordinaria N\u00b072 del Concejo Municipal y resumen de acuerdo.<\/td><td><a href=\"http:\/\/www.padrelascasas.cl\/transparencia_activa_plc\/07.%20Actos%20y%20resoluciones%20con%20efectos%20sobre%20terceras%20personas\/actas_concejo_municipal\/sesion_ordinaria_2023\/ACTA%20SESION%20ORDINARIA%20N72%20DEL%2020.06.2023.pdf\" target=\"_blank\" rel=\"noreferrer noopener\">Enlace<\/a><\/td><\/tr><tr><td>2023<\/td><td>Junio<\/td><td>Actas Concejo Municipal<\/td><td>Acta<\/td><td>Acta de Sesi\u00f3n Ordinaria del Concejo Municipal<\/td><td>71<\/td><td>13\/06\/2023<\/td><td>13\/06\/2023<\/td><td>Portal Transparencia<\/td><td>No<\/td><td>No Aplica<\/td><td>Acta de sesi\u00f3n ordinaria N\u00b071 del Concejo Municipal y resumen de acuerdo.<\/td><td><a href=\"http:\/\/www.padrelascasas.cl\/transparencia_activa_plc\/07.%20Actos%20y%20resoluciones%20con%20efectos%20sobre%20terceras%20personas\/actas_concejo_municipal\/sesion_ordinaria_2023\/ACTA%20SESION%20ORDINARIA%20N71%20DEL%2013.06.2023.pdf\" target=\"_blank\" rel=\"noreferrer noopener\">Enlace<\/a><\/td><\/tr><tr><td>2023<\/td><td>Junio<\/td><td>Actas Concejo Municipal<\/td><td>Acta<\/td><td>Acta de Sesi\u00f3n Ordinaria del Concejo Municipal<\/td><td>70<\/td><td>06\/06\/2023<\/td><td>06\/06\/2023<\/td><td>Portal Transparencia<\/td><td>No<\/td><td>No Aplica<\/td><td>Acta de sesi\u00f3n ordinaria N\u00b070 del Concejo Municipal y resumen de acuerdo.<\/td><td><a href=\"http:\/\/www.padrelascasas.cl\/transparencia_activa_plc\/07.%20Actos%20y%20resoluciones%20con%20efectos%20sobre%20terceras%20personas\/actas_concejo_municipal\/sesion_ordinaria_2023\/ACTA%20SESION%20ORDINARIA%20N70%20DEL%2006.06.2023.pdf\" target=\"_blank\" rel=\"noreferrer noopener\">Enlace<\/a><\/td><\/tr><tr><td>2023<\/td><td>Mayo<\/td><td>Actas Concejo Municipal<\/td><td>Acta<\/td><td>Acta de Sesi\u00f3n Ordinaria del Concejo Municipal<\/td><td>69<\/td><td>16\/05\/2023<\/td><td>16\/05\/2023<\/td><td>Portal Transparencia<\/td><td>No<\/td><td>No Aplica<\/td><td>Acta de sesi\u00f3n ordinaria N\u00b069 del Concejo Municipal y resumen de acuerdo.<\/td><td><a href=\"http:\/\/www.padrelascasas.cl\/transparencia_activa_plc\/07.%20Actos%20y%20resoluciones%20con%20efectos%20sobre%20terceras%20personas\/actas_concejo_municipal\/sesion_ordinaria_2023\/ACTA%20SESION%20ORDINARIA%20N69%20DEL%2016.05.2023.pdf\" target=\"_blank\" rel=\"noreferrer noopener\">Enlace<\/a><\/td><\/tr><tr><td>2023<\/td><td>Mayo<\/td><td>Actas Concejo Municipal<\/td><td>Acta<\/td><td>Acta de Sesi\u00f3n Ordinaria del Concejo Municipal<\/td><td>68<\/td><td>09\/05\/2023<\/td><td>09\/05\/2023<\/td><td>Portal Transparencia<\/td><td>No<\/td><td>No Aplica<\/td><td>Acta de sesi\u00f3n ordinaria N\u00b068 del Concejo Municipal y resumen de acuerdo.<\/td><td><a href=\"http:\/\/www.padrelascasas.cl\/transparencia_activa_plc\/07.%20Actos%20y%20resoluciones%20con%20efectos%20sobre%20terceras%20personas\/actas_concejo_municipal\/sesion_ordinaria_2023\/ACTA%20SESION%20ORDINARIA%20N68%20DEL%2009.05.2023.pdf\" target=\"_blank\" rel=\"noreferrer noopener\">Enlace<\/a><\/td><\/tr><tr><td>2023<\/td><td>Mayo<\/td><td>Actas Concejo Municipal<\/td><td>Acta<\/td><td>Acta de Sesi\u00f3n Ordinaria del Concejo Municipal<\/td><td>67<\/td><td>02\/05\/2023<\/td><td>02\/05\/2023<\/td><td>Portal Transparencia<\/td><td>No<\/td><td>No Aplica<\/td><td>Acta de sesi\u00f3n ordinaria N\u00b067 del Concejo Municipal y resumen de acuerdo.<\/td><td><a href=\"http:\/\/www.padrelascasas.cl\/transparencia_activa_plc\/07.%20Actos%20y%20resoluciones%20con%20efectos%20sobre%20terceras%20personas\/actas_concejo_municipal\/sesion_ordinaria_2023\/ACTA%20SESION%20ORDINARIA%20N67%20DEL%2002.05.2023.pdf\" target=\"_blank\" rel=\"noreferrer noopener\">Enlace<\/a><\/td><\/tr><tr><td>2023<\/td><td>Abril<\/td><td>Actas Concejo Municipal<\/td><td>Acta<\/td><td>Acta de Sesi\u00f3n Ordinaria del Concejo Municipal<\/td><td>66<\/td><td>18\/04\/2023<\/td><td>18\/04\/2023<\/td><td>Portal Transparencia<\/td><td>No<\/td><td>No Aplica<\/td><td>Acta de sesi\u00f3n ordinaria N\u00b066 del Concejo Municipal y resumen de acuerdo.<\/td><td><a href=\"http:\/\/www.padrelascasas.cl\/transparencia_activa_plc\/07.%20Actos%20y%20resoluciones%20con%20efectos%20sobre%20terceras%20personas\/actas_concejo_municipal\/sesion_ordinaria_2023\/ACTA%20SESION%20ORDINARIA%20N66%20DEL%2018.04.2023.pdf\" target=\"_blank\" rel=\"noreferrer noopener\">Enlace<\/a><\/td><\/tr><tr><td>2023<\/td><td>Abril<\/td><td>Actas Concejo Municipal<\/td><td>Acta<\/td><td>Acta de Sesi\u00f3n Ordinaria del Concejo Municipal<\/td><td>65<\/td><td>11\/04\/2023<\/td><td>11\/04\/2023<\/td><td>Portal Transparencia<\/td><td>No<\/td><td>No Aplica<\/td><td>Acta de sesi\u00f3n ordinaria N\u00b065 del Concejo Municipal y resumen de acuerdo.<\/td><td><a href=\"http:\/\/www.padrelascasas.cl\/transparencia_activa_plc\/07.%20Actos%20y%20resoluciones%20con%20efectos%20sobre%20terceras%20personas\/actas_concejo_municipal\/sesion_ordinaria_2023\/ACTA%20SESION%20ORDINARIA%20N65%20del%2011.04.2023.pdf\" target=\"_blank\" rel=\"noreferrer noopener\">Enlace<\/a><\/td><\/tr><tr><td>2023<\/td><td>Abril<\/td><td>Actas Concejo Municipal<\/td><td>Acta<\/td><td>Acta de Sesi\u00f3n Ordinaria del Concejo Municipal<\/td><td>64<\/td><td>04\/04\/2023<\/td><td>04\/04\/2023<\/td><td>Portal Transparencia<\/td><td>No<\/td><td>No Aplica<\/td><td>Acta de sesi\u00f3n ordinaria N\u00b064 del Concejo Municipal y resumen de acuerdo.<\/td><td><a href=\"http:\/\/www.padrelascasas.cl\/transparencia_activa_plc\/07.%20Actos%20y%20resoluciones%20con%20efectos%20sobre%20terceras%20personas\/actas_concejo_municipal\/sesion_ordinaria_2023\/ACTA%20SESION%20ORDINARIA%20N64%20DEL%2004.04.2023.pdf\" target=\"_blank\" rel=\"noreferrer noopener\">Enlace<\/a><\/td><\/tr><tr><td>2023<\/td><td>Marzo<\/td><td>Actas Concejo Municipal<\/td><td>Acta<\/td><td>Acta de Sesi\u00f3n Ordinaria del Concejo Municipal<\/td><td>63<\/td><td>21\/03\/2023<\/td><td>21\/03\/2023<\/td><td>Portal Transparencia<\/td><td>No<\/td><td>No Aplica<\/td><td>Acta de sesi\u00f3n ordinaria N\u00b063 del Concejo Municipal y resumen de acuerdo.<\/td><td><a href=\"http:\/\/www.padrelascasas.cl\/transparencia_activa_plc\/07.%20Actos%20y%20resoluciones%20con%20efectos%20sobre%20terceras%20personas\/actas_concejo_municipal\/sesion_ordinaria_2023\/ACTA%20SESION%20ORDINARIA%20N63%20DEL%2021.03.2023.pdf\" target=\"_blank\" rel=\"noreferrer noopener\">Enlace<\/a><\/td><\/tr><tr><td>2023<\/td><td>Marzo<\/td><td>Actas Concejo Municipal<\/td><td>Acta<\/td><td>Acta de Sesi\u00f3n Ordinaria del Concejo Municipal<\/td><td>62<\/td><td>14\/03\/2023<\/td><td>14\/03\/2023<\/td><td>Portal Transparencia<\/td><td>No<\/td><td>No Aplica<\/td><td>Acta de sesi\u00f3n ordinaria N\u00b062 del Concejo Municipal y resumen de acuerdo.<\/td><td><a href=\"http:\/\/www.padrelascasas.cl\/transparencia_activa_plc\/07.%20Actos%20y%20resoluciones%20con%20efectos%20sobre%20terceras%20personas\/actas_concejo_municipal\/sesion_ordinaria_2023\/ACTA%20SESION%20ORDINARIA%20N62%20DEL%2014.03.2023.pdf\" target=\"_blank\" rel=\"noreferrer noopener\">Enlace<\/a><\/td><\/tr><tr><td>2023<\/td><td>Marzo<\/td><td>Actas Concejo Municipal<\/td><td>Acta<\/td><td>Acta de Sesi\u00f3n Ordinaria del Concejo Municipal<\/td><td>61<\/td><td>07\/03\/2023<\/td><td>07\/03\/2023<\/td><td>Portal Transparencia<\/td><td>No<\/td><td>No Aplica<\/td><td>Acta de sesi\u00f3n ordinaria N\u00b061 del Concejo Municipal y resumen de acuerdo.<\/td><td><a href=\"http:\/\/www.padrelascasas.cl\/transparencia_activa_plc\/07.%20Actos%20y%20resoluciones%20con%20efectos%20sobre%20terceras%20personas\/actas_concejo_municipal\/sesion_ordinaria_2023\/ACTA%20SESION%20ORDINARIA%20N61%20DEL%2007.03.2023.pdf\" target=\"_blank\" rel=\"noreferrer noopener\">Enlace<\/a><\/td><\/tr><tr><td>2023<\/td><td>Febrero<\/td><td>Actas Concejo Municipal<\/td><td>Acta<\/td><td>Acta de Sesi\u00f3n Ordinaria del Concejo Municipal<\/td><td>60<\/td><td>28\/02\/2023<\/td><td>28\/02\/2023<\/td><td>Portal Transparencia<\/td><td>No<\/td><td>No Aplica<\/td><td>Acta de sesi\u00f3n ordinaria N\u00b060 del Concejo Municipal y resumen de acuerdo.<\/td><td><a href=\"http:\/\/www.padrelascasas.cl\/transparencia_activa_plc\/07.%20Actos%20y%20resoluciones%20con%20efectos%20sobre%20terceras%20personas\/actas_concejo_municipal\/sesion_ordinaria_2023\/ACTA%20SESION%20ORDINARIA%20N60%20DEL%2028.02.2023.pdf\" target=\"_blank\" rel=\"noreferrer noopener\">Enlace<\/a><\/td><\/tr><tr><td>2023<\/td><td>Febrero<\/td><td>Actas Concejo Municipal<\/td><td>Acta<\/td><td>Acta de Sesi\u00f3n Ordinaria del Concejo Municipal<\/td><td>59<\/td><td>27\/02\/2023<\/td><td>27\/02\/2023<\/td><td>Portal Transparencia<\/td><td>No<\/td><td>No Aplica<\/td><td>Acta de sesi\u00f3n ordinaria N\u00b059 del Concejo Municipal y resumen de acuerdo.<\/td><td><a href=\"http:\/\/www.padrelascasas.cl\/transparencia_activa_plc\/07.%20Actos%20y%20resoluciones%20con%20efectos%20sobre%20terceras%20personas\/actas_concejo_municipal\/sesion_ordinaria_2023\/ACTA%20SESION%20ORDINARIA%20N59%20DEL%2027.02.2023.pdf\" target=\"_blank\" rel=\"noreferrer noopener\">Enlace<\/a><\/td><\/tr><tr><td>2023<\/td><td>Febrero<\/td><td>Actas Concejo Municipal<\/td><td>Acta<\/td><td>Acta de Sesi\u00f3n Ordinaria del Concejo Municipal<\/td><td>58<\/td><td>03\/02\/2023<\/td><td>03\/02\/2023<\/td><td>Portal Transparencia<\/td><td>No<\/td><td>No Aplica<\/td><td>Acta de sesi\u00f3n ordinaria N\u00b058 del Concejo Municipal y resumen de acuerdo.<\/td><td><a href=\"http:\/\/www.padrelascasas.cl\/transparencia_activa_plc\/07.%20Actos%20y%20resoluciones%20con%20efectos%20sobre%20terceras%20personas\/actas_concejo_municipal\/sesion_ordinaria_2023\/ACTA%20SESION%20ORDINARIA%20N58%20del%2003.02.2023.pdf\" target=\"_blank\" rel=\"noreferrer noopener\">Enlace<\/a><\/td><\/tr><tr><td>2023<\/td><td>Enero<\/td><td>Actas Concejo Municipal<\/td><td>Acta<\/td><td>Acta de Sesi\u00f3n Ordinaria del Concejo Municipal<\/td><td>57<\/td><td>17\/01\/2023<\/td><td>17\/01\/2023<\/td><td>Portal Transparencia<\/td><td>No<\/td><td>No Aplica<\/td><td>Acta de sesi\u00f3n ordinaria N\u00b057 del Concejo Municipal y resumen de acuerdo.<\/td><td><a href=\"http:\/\/www.padrelascasas.cl\/transparencia_activa_plc\/07.%20Actos%20y%20resoluciones%20con%20efectos%20sobre%20terceras%20personas\/actas_concejo_municipal\/sesion_ordinaria_2023\/ACTA%20SESION%20ORDINARIA%20N57%20del%2017.01.2023.pdf\" target=\"_blank\" rel=\"noreferrer noopener\">Enlace<\/a><\/td><\/tr><tr><td>2023<\/td><td>Enero<\/td><td>Actas Concejo Municipal<\/td><td>Acta<\/td><td>Acta de Sesi\u00f3n Ordinaria del Concejo Municipal<\/td><td>56<\/td><td>10\/01\/2023<\/td><td>10\/01\/2023<\/td><td>Portal Transparencia<\/td><td>No<\/td><td>No Aplica<\/td><td>Acta de sesi\u00f3n ordinaria N\u00b056 del Concejo Municipal y resumen de acuerdo.<\/td><td><a href=\"http:\/\/www.padrelascasas.cl\/transparencia_activa_plc\/07.%20Actos%20y%20resoluciones%20con%20efectos%20sobre%20terceras%20personas\/actas_concejo_municipal\/sesion_ordinaria_2023\/ACTA%20SESION%20ORDINARIA%20N56%20DEL%2010.01.2023.pdf\" target=\"_blank\" rel=\"noreferrer noopener\">Enlace<\/a><\/td><\/tr><tr><td>2023<\/td><td>Enero<\/td><td>Actas Concejo Municipal<\/td><td>Acta<\/td><td>Acta de Sesi\u00f3n Ordinaria del Concejo Municipal<\/td><td>55<\/td><td>03\/01\/2023<\/td><td>03\/01\/2023<\/td><td>Portal Transparencia<\/td><td>No<\/td><td>No Aplica<\/td><td>Acta de sesi\u00f3n ordinaria N\u00b055 del Concejo Municipal y resumen de acuerdo.<\/td><td><a href=\"http:\/\/www.padrelascasas.cl\/transparencia_activa_plc\/07.%20Actos%20y%20resoluciones%20con%20efectos%20sobre%20terceras%20personas\/actas_concejo_municipal\/sesion_ordinaria_2023\/ACTA%20SESION%20ORDINARIA%20N55%20DEL%2003.01.2023.pdf\" target=\"_blank\" rel=\"noreferrer noopener\">Enlace<\/a><\/td><\/tr><\/tbody><\/table><\/figure>\n","protected":false},"excerpt":{"rendered":"<p>A\u00f1o Mes Tipolog\u00eda del Acto Tipo de acto Denominaci\u00f3n del acto N\u00famero del acto Fecha Fecha de publicaci\u00f3n en el DO o Fecha de Publicidad (seg\u00fan Art.45 y siguientes Ley 19.880) Indicaci\u00f3n del medio y forma de publicidad (seg\u00fan Art.45 y siguientes Ley 19.880) Tiene efectos generales Fecha \u00faltima actualizaci\u00f3n (dd\/mm\/aaaa), si corresponde a actos [&hellip;]<\/p>\n","protected":false},"author":1,"featured_media":0,"parent":0,"menu_order":0,"comment_status":"closed","ping_status":"closed","template":"","meta":{"pgc_sgb_lightbox_settings":"","footnotes":""},"class_list":["post-7738","page","type-page","status-publish","hentry"],"_links":{"self":[{"href":"https:\/\/padrelascasas.cl\/newplc\/wp-json\/wp\/v2\/pages\/7738","targetHints":{"allow":["GET"]}}],"collection":[{"href":"https:\/\/padrelascasas.cl\/newplc\/wp-json\/wp\/v2\/pages"}],"about":[{"href":"https:\/\/padrelascasas.cl\/newplc\/wp-json\/wp\/v2\/types\/page"}],"author":[{"embeddable":true,"href":"https:\/\/padrelascasas.cl\/newplc\/wp-json\/wp\/v2\/users\/1"}],"replies":[{"embeddable":true,"href":"https:\/\/padrelascasas.cl\/newplc\/wp-json\/wp\/v2\/comments?post=7738"}],"version-history":[{"count":0,"href":"https:\/\/padrelascasas.cl\/newplc\/wp-json\/wp\/v2\/pages\/7738\/revisions"}],"wp:attachment":[{"href":"https:\/\/padrelascasas.cl\/newplc\/wp-json\/wp\/v2\/media?parent=7738"}],"curies":[{"name":"wp","href":"https:\/\/api.w.org\/{rel}","templated":true}]}}