{"id":7764,"date":"2023-05-05T16:53:44","date_gmt":"2023-05-05T19:53:44","guid":{"rendered":"https:\/\/www.padrelascasas.cl\/newplc\/?page_id=7764"},"modified":"2023-05-08T11:38:37","modified_gmt":"2023-05-08T14:38:37","slug":"actas-de-concejo-2020","status":"publish","type":"page","link":"https:\/\/padrelascasas.cl\/newplc\/actas-de-concejo-2020\/","title":{"rendered":"Acta de sesi\u00f3n ordinaria del Concejo Municipal &#8211; 2020"},"content":{"rendered":"\n<figure class=\"wp-block-table has-small-font-size\"><table><thead><tr><th>A\u00f1o<\/th><th>Tipolog\u00eda del Acto<\/th><th>Tipo de acto<\/th><th>Denominaci\u00f3n del acto<\/th><th>N\u00famero del acto<\/th><th>Fecha<\/th><th>Fecha de publicaci\u00f3n en el DO o Fecha de Publicidad (seg\u00fan Art.45 y siguientes Ley 19.880)<\/th><th>Indicaci\u00f3n del medio y forma de publicidad (seg\u00fan Art.45 y siguientes Ley 19.880)<\/th><th>Tiene efectos generales<\/th><th>Fecha \u00faltima actualizaci\u00f3n (dd\/mm\/aaaa), si corresponde a actos y resoluciones con efectos generales<\/th><th>Breve descripci\u00f3n del objeto del acto<\/th><th>Enlace a la publicaci\u00f3n o archivo correspondiente<\/th><th>Enlace a la modificaci\u00f3n o archivo correspondiente<\/th><\/tr><\/thead><tbody><tr><td>2020<\/td><td>Actas Concejo Municipal<\/td><td>Acta<\/td><td>Acta de Sesi\u00f3n Ordinaria del Concejo Municipal<\/td><td>147<\/td><td>22\/12\/2020<\/td><td>22\/12\/2020<\/td><td>Portal Transparencia<\/td><td>No<\/td><td>No Aplica<\/td><td>Acta de sesi\u00f3n ordinaria N\u00b0 147 del Concejo Municipal y resumen de acuerdo.<\/td><td><a href=\"http:\/\/www.padrelascasas.cl\/transparencia_activa_plc\/07.%20Actos%20y%20resoluciones%20con%20efectos%20sobre%20terceras%20personas\/actas_concejo_municipal\/sesion_ordinaria_2020\/ACTA%20SESION%20ORDINARIA%20N%20147%20DEL%2022.12.20.pdf\" target=\"_blank\" rel=\"noreferrer noopener\">Enlace<\/a><\/td><td>No aplica<\/td><\/tr><tr><td>2020<\/td><td>Actas Concejo Municipal<\/td><td>Acta<\/td><td>Acta de Sesi\u00f3n Ordinaria del Concejo Municipal<\/td><td>146<\/td><td>15\/12\/2020<\/td><td>15\/12\/2020<\/td><td>Portal Transparencia<\/td><td>No<\/td><td>No Aplica<\/td><td>Acta de sesi\u00f3n ordinaria N\u00b0 146 del Concejo Municipal y resumen de acuerdo.<\/td><td><a href=\"http:\/\/www.padrelascasas.cl\/transparencia_activa_plc\/07.%20Actos%20y%20resoluciones%20con%20efectos%20sobre%20terceras%20personas\/actas_concejo_municipal\/sesion_ordinaria_2020\/ACTA%20SESION%20ORDINARIA%20N%20146%20DEL%2015.12.20.pdf\" target=\"_blank\" rel=\"noreferrer noopener\">Enlace<\/a><\/td><td>No aplica<\/td><\/tr><tr><td>2020<\/td><td>Actas Concejo Municipal<\/td><td>Acta<\/td><td>Acta de Sesi\u00f3n Ordinaria del Concejo Municipal<\/td><td>145<\/td><td>01\/12\/2020<\/td><td>01\/12\/2020<\/td><td>Portal Transparencia<\/td><td>No<\/td><td>No Aplica<\/td><td>Acta de sesi\u00f3n ordinaria N\u00b0 145 del Concejo Municipal y resumen de acuerdo.<\/td><td><a href=\"http:\/\/www.padrelascasas.cl\/transparencia_activa_plc\/07.%20Actos%20y%20resoluciones%20con%20efectos%20sobre%20terceras%20personas\/actas_concejo_municipal\/sesion_ordinaria_2020\/ACTA%20SESION%20ORDINARIA%20N%20145%20DEL%2001.12.2020.pdf\" target=\"_blank\" rel=\"noreferrer noopener\">Enlace<\/a><\/td><td>No aplica<\/td><\/tr><tr><td>2020<\/td><td>Actas Concejo Municipal<\/td><td>Acta<\/td><td>Acta de Sesi\u00f3n Ordinaria del Concejo Municipal<\/td><td>144<\/td><td>17\/11\/2020<\/td><td>17\/11\/2020<\/td><td>Portal Transparencia<\/td><td>No<\/td><td>No Aplica<\/td><td>Acta de sesi\u00f3n ordinaria N\u00b0 144 del Concejo Municipal y resumen de acuerdo.<\/td><td><a href=\"http:\/\/www.padrelascasas.cl\/transparencia_activa_plc\/07.%20Actos%20y%20resoluciones%20con%20efectos%20sobre%20terceras%20personas\/actas_concejo_municipal\/sesion_ordinaria_2020\/ACTA%20SESION%20ORDINARIA%20N%20144%20DEL%2017.11.2020.pdf\" target=\"_blank\" rel=\"noreferrer noopener\">Enlace<\/a><\/td><td>No aplica<\/td><\/tr><tr><td>2020<\/td><td>Actas Concejo Municipal<\/td><td>Acta<\/td><td>Acta de Sesi\u00f3n Ordinaria del Concejo Municipal<\/td><td>143<\/td><td>10\/11\/2020<\/td><td>10\/11\/2020<\/td><td>Portal Transparencia<\/td><td>No<\/td><td>No Aplica<\/td><td>Acta de sesi\u00f3n ordinaria N\u00b0 143 del Concejo Municipal y resumen de acuerdo.<\/td><td><a href=\"http:\/\/www.padrelascasas.cl\/transparencia_activa_plc\/07.%20Actos%20y%20resoluciones%20con%20efectos%20sobre%20terceras%20personas\/actas_concejo_municipal\/sesion_ordinaria_2020\/ACTA%20SESION%20ORDINARIA%20N%20143%20DEL%2010.11.20.pdf\" target=\"_blank\" rel=\"noreferrer noopener\">Enlace<\/a><\/td><td>No aplica<\/td><\/tr><tr><td>2020<\/td><td>Actas Concejo Municipal<\/td><td>Acta<\/td><td>Acta de Sesi\u00f3n Ordinaria del Concejo Municipal<\/td><td>142<\/td><td>03\/11\/2020<\/td><td>03\/11\/2020<\/td><td>Portal Transparencia<\/td><td>No<\/td><td>No Aplica<\/td><td>Acta de sesi\u00f3n ordinaria N\u00b0 142 del Concejo Municipal y resumen de acuerdo.<\/td><td><a href=\"http:\/\/www.padrelascasas.cl\/transparencia_activa_plc\/07.%20Actos%20y%20resoluciones%20con%20efectos%20sobre%20terceras%20personas\/actas_concejo_municipal\/sesion_ordinaria_2020\/ACTA%20SESION%20ORDINARIA%20N%20142%20DEL%2003.11.20.pdf\" target=\"_blank\" rel=\"noreferrer noopener\">Enlace<\/a><\/td><td>No aplica<\/td><\/tr><tr><td>2020<\/td><td>Actas Concejo Municipal<\/td><td>Acta<\/td><td>Acta de Sesi\u00f3n Ordinaria del Concejo Municipal<\/td><td>141<\/td><td>20\/10\/2020<\/td><td>20\/10\/2020<\/td><td>Portal Transparencia<\/td><td>No<\/td><td>No Aplica<\/td><td>Acta de sesi\u00f3n ordinaria N\u00b0 141 del Concejo Municipal y resumen de acuerdo.<\/td><td><a href=\"http:\/\/www.padrelascasas.cl\/transparencia_activa_plc\/07.%20Actos%20y%20resoluciones%20con%20efectos%20sobre%20terceras%20personas\/actas_concejo_municipal\/sesion_ordinaria_2020\/ACTA%20SESION%20ORDINARIA%20N%20141%20DEL%2020.10.20.pdf\" target=\"_blank\" rel=\"noreferrer noopener\">Enlace<\/a><\/td><td>No aplica<\/td><\/tr><tr><td>2020<\/td><td>Actas Concejo Municipal<\/td><td>Acta<\/td><td>Acta de Sesi\u00f3n Ordinaria del Concejo Municipal<\/td><td>140<\/td><td>13\/10\/2020<\/td><td>13\/10\/2020<\/td><td>Portal Transparencia<\/td><td>No<\/td><td>No Aplica<\/td><td>Acta de sesi\u00f3n ordinaria N\u00b0 140 del Concejo Municipal y resumen de acuerdo.<\/td><td><a href=\"http:\/\/www.padrelascasas.cl\/transparencia_activa_plc\/07.%20Actos%20y%20resoluciones%20con%20efectos%20sobre%20terceras%20personas\/actas_concejo_municipal\/sesion_ordinaria_2020\/ACTA%20SESION%20ORDINARIA%20N%20140%20DEL%2013.10.20.pdf\" target=\"_blank\" rel=\"noreferrer noopener\">Enlace<\/a><\/td><td>No aplica<\/td><\/tr><tr><td>2020<\/td><td>Actas Concejo Municipal<\/td><td>Acta<\/td><td>Acta de Sesi\u00f3n Ordinaria del Concejo Municipal<\/td><td>139<\/td><td>06\/10\/2020<\/td><td>06\/10\/2020<\/td><td>Portal Transparencia<\/td><td>No<\/td><td>No Aplica<\/td><td>Acta de sesi\u00f3n ordinaria N\u00b0 139 del Concejo Municipal y resumen de acuerdo.<\/td><td><a href=\"http:\/\/www.padrelascasas.cl\/transparencia_activa_plc\/07.%20Actos%20y%20resoluciones%20con%20efectos%20sobre%20terceras%20personas\/actas_concejo_municipal\/sesion_ordinaria_2020\/ACTA%20SESION%20ORDINARIA%20N%20139%20DEL%2006.10.20.pdf\" target=\"_blank\" rel=\"noreferrer noopener\">Enlace<\/a><\/td><td>No aplica<\/td><\/tr><tr><td>2020<\/td><td>Actas Concejo Municipal<\/td><td>Acta<\/td><td>Acta de Sesi\u00f3n Ordinaria del Concejo Municipal<\/td><td>138<\/td><td>15\/09\/2020<\/td><td>15\/09\/2020<\/td><td>Portal Transparencia<\/td><td>No<\/td><td>No Aplica<\/td><td>Acta de sesi\u00f3n ordinaria N\u00b0 138 del Concejo Municipal y resumen de acuerdo.<\/td><td><a href=\"http:\/\/www.padrelascasas.cl\/transparencia_activa_plc\/07.%20Actos%20y%20resoluciones%20con%20efectos%20sobre%20terceras%20personas\/actas_concejo_municipal\/sesion_ordinaria_2020\/ACTA%20SESION%20ORDINARIA%20N%20138%20DEL%2015.09.20.pdf\" target=\"_blank\" rel=\"noreferrer noopener\">Enlace<\/a><\/td><td>No aplica<\/td><\/tr><tr><td>2020<\/td><td>Actas Concejo Municipal<\/td><td>Acta<\/td><td>Acta de Sesi\u00f3n Ordinaria del Concejo Municipal<\/td><td>137<\/td><td>08\/09\/2020<\/td><td>08\/09\/2020<\/td><td>Portal Transparencia<\/td><td>No<\/td><td>No Aplica<\/td><td>Acta de sesi\u00f3n ordinaria N\u00b0 137 del Concejo Municipal y resumen de acuerdo.<\/td><td><a href=\"http:\/\/www.padrelascasas.cl\/transparencia_activa_plc\/07.%20Actos%20y%20resoluciones%20con%20efectos%20sobre%20terceras%20personas\/actas_concejo_municipal\/sesion_ordinaria_2020\/ACTA%20SESION%20ORDINARIA%20N%20137%20DEL%2008.09.20.pdf\" target=\"_blank\" rel=\"noreferrer noopener\">Enlace<\/a><\/td><td>No aplica<\/td><\/tr><tr><td>2020<\/td><td>Actas Concejo Municipal<\/td><td>Acta<\/td><td>Acta de Sesi\u00f3n Ordinaria del Concejo Municipal<\/td><td>136<\/td><td>01\/09\/2020<\/td><td>01\/09\/2020<\/td><td>Portal Transparencia<\/td><td>No<\/td><td>No Aplica<\/td><td>Acta de sesi\u00f3n ordinaria N\u00b0 136 del Concejo Municipal y resumen de acuerdo.<\/td><td><a href=\"http:\/\/www.padrelascasas.cl\/transparencia_activa_plc\/07.%20Actos%20y%20resoluciones%20con%20efectos%20sobre%20terceras%20personas\/actas_concejo_municipal\/sesion_ordinaria_2020\/ACTA%20SESION%20ORDINARIA%20N%20136%20DEL%2001.09.20.pdf\" target=\"_blank\" rel=\"noreferrer noopener\">Enlace<\/a><\/td><td>No aplica<\/td><\/tr><tr><td>2020<\/td><td>Actas Concejo Municipal<\/td><td>Acta<\/td><td>Acta de Sesi\u00f3n Ordinaria del Concejo Municipal<\/td><td>135<\/td><td>18\/08\/2020<\/td><td>18\/08\/2020<\/td><td>Portal Transparencia<\/td><td>No<\/td><td>No Aplica<\/td><td>Acta de sesi\u00f3n ordinaria N\u00b0 135 del Concejo Municipal y resumen de acuerdo.<\/td><td><a href=\"http:\/\/www.padrelascasas.cl\/transparencia_activa_plc\/07.%20Actos%20y%20resoluciones%20con%20efectos%20sobre%20terceras%20personas\/actas_concejo_municipal\/sesion_ordinaria_2020\/ACTA%20SESION%20ORDINARIA%20N%20135%20DEL%2018.08.20.pdf\" target=\"_blank\" rel=\"noreferrer noopener\">Enlace<\/a><\/td><td>No aplica<\/td><\/tr><tr><td>2020<\/td><td>Actas Concejo Municipal<\/td><td>Acta<\/td><td>Acta de Sesi\u00f3n Ordinaria del Concejo Municipal<\/td><td>134<\/td><td>11\/08\/2020<\/td><td>11\/08\/2020<\/td><td>Portal Transparencia<\/td><td>No<\/td><td>No Aplica<\/td><td>Acta de sesi\u00f3n ordinaria N\u00b0 134 del Concejo Municipal y resumen de acuerdo.<\/td><td><a href=\"http:\/\/www.padrelascasas.cl\/transparencia_activa_plc\/07.%20Actos%20y%20resoluciones%20con%20efectos%20sobre%20terceras%20personas\/actas_concejo_municipal\/sesion_ordinaria_2020\/ACTA%20SESION%20ORDINARIA%20N%20134%20DEL%2011.08.20.pdf\" target=\"_blank\" rel=\"noreferrer noopener\">Enlace<\/a><\/td><td>No aplica<\/td><\/tr><tr><td>2020<\/td><td>Actas Concejo Municipal<\/td><td>Acta<\/td><td>Acta de Sesi\u00f3n Ordinaria del Concejo Municipal<\/td><td>133<\/td><td>04\/08\/2020<\/td><td>04\/08\/2020<\/td><td>Portal Transparencia<\/td><td>No<\/td><td>No Aplica<\/td><td>Acta de sesi\u00f3n ordinaria N\u00b0 133 del Concejo Municipal y resumen de acuerdo.<\/td><td><a href=\"http:\/\/www.padrelascasas.cl\/transparencia_activa_plc\/07.%20Actos%20y%20resoluciones%20con%20efectos%20sobre%20terceras%20personas\/actas_concejo_municipal\/sesion_ordinaria_2020\/ACTA%20SESION%20ORDINARIA%20N%20133%20DEL%2004.08.20.pdf\" target=\"_blank\" rel=\"noreferrer noopener\">Enlace<\/a><\/td><td>No aplica<\/td><\/tr><tr><td>2020<\/td><td>Actas Concejo Municipal<\/td><td>Acta<\/td><td>Acta de Sesi\u00f3n Ordinaria del Concejo Municipal<\/td><td>132<\/td><td>21\/07\/2020<\/td><td>21\/07\/2020<\/td><td>Portal Transparencia<\/td><td>No<\/td><td>No Aplica<\/td><td>Acta de sesi\u00f3n ordinaria N\u00b0 132 del Concejo Municipal y resumen de acuerdo.<\/td><td><a href=\"http:\/\/www.padrelascasas.cl\/transparencia_activa_plc\/07.%20Actos%20y%20resoluciones%20con%20efectos%20sobre%20terceras%20personas\/actas_concejo_municipal\/sesion_ordinaria_2020\/ACTA%20SESION%20ORDINARIA%20N%20132%20DEL%2021.07.20.pdf\" target=\"_blank\" rel=\"noreferrer noopener\">Enlace<\/a><\/td><td>No aplica<\/td><\/tr><tr><td>2020<\/td><td>Actas Concejo Municipal<\/td><td>Acta<\/td><td>Acta de Sesi\u00f3n Ordinaria del Concejo Municipal<\/td><td>131<\/td><td>14\/07\/2020<\/td><td>14\/07\/2020<\/td><td>Portal Transparencia<\/td><td>No<\/td><td>No Aplica<\/td><td>Acta de sesi\u00f3n ordinaria N\u00b0 131 del Concejo Municipal y resumen de acuerdo.<\/td><td><a href=\"http:\/\/www.padrelascasas.cl\/transparencia_activa_plc\/07.%20Actos%20y%20resoluciones%20con%20efectos%20sobre%20terceras%20personas\/actas_concejo_municipal\/sesion_ordinaria_2020\/ACTA%20SESION%20ORDINARIA%20N%20131%20DEL%2014.07.2020.pdf\" target=\"_blank\" rel=\"noreferrer noopener\">Enlace<\/a><\/td><td>No aplica<\/td><\/tr><tr><td>2020<\/td><td>Actas Concejo Municipal<\/td><td>Acta<\/td><td>Acta de Sesi\u00f3n Ordinaria del Concejo Municipal<\/td><td>130<\/td><td>07\/07\/2020<\/td><td>07\/07\/2020<\/td><td>Portal Transparencia<\/td><td>No<\/td><td>No Aplica<\/td><td>Acta de sesi\u00f3n ordinaria N\u00b0 130 del Concejo Municipal y resumen de acuerdo.<\/td><td><a href=\"http:\/\/www.padrelascasas.cl\/transparencia_activa_plc\/07.%20Actos%20y%20resoluciones%20con%20efectos%20sobre%20terceras%20personas\/actas_concejo_municipal\/sesion_ordinaria_2020\/ACTA%20SESION%20ORDINARIA%20N%20130%20DEL%2007.07.20.pdf\" target=\"_blank\" rel=\"noreferrer noopener\">Enlace<\/a><\/td><td>No aplica<\/td><\/tr><tr><td>2020<\/td><td>Actas Concejo Municipal<\/td><td>Acta<\/td><td>Acta de Sesi\u00f3n Ordinaria del Concejo Municipal<\/td><td>129<\/td><td>16\/06\/2020<\/td><td>16\/06\/2020<\/td><td>Portal Transparencia<\/td><td>No<\/td><td>No Aplica<\/td><td>Acta de sesi\u00f3n ordinaria N\u00b0 129 del Concejo Municipal y resumen de acuerdo.<\/td><td><a href=\"http:\/\/www.padrelascasas.cl\/transparencia_activa_plc\/07.%20Actos%20y%20resoluciones%20con%20efectos%20sobre%20terceras%20personas\/actas_concejo_municipal\/sesion_ordinaria_2020\/ACTA%20SESION%20ORDINARIA%20N%20129%20DEL%2016.06.20.pdf\" target=\"_blank\" rel=\"noreferrer noopener\">Enlace<\/a><\/td><td>No aplica<\/td><\/tr><tr><td>2020<\/td><td>Actas Concejo Municipal<\/td><td>Acta<\/td><td>Acta de Sesi\u00f3n Ordinaria del Concejo Municipal<\/td><td>128<\/td><td>09\/06\/2020<\/td><td>09\/06\/2020<\/td><td>Portal Transparencia<\/td><td>No<\/td><td>No Aplica<\/td><td>Acta de sesi\u00f3n ordinaria N\u00b0 128 del Concejo Municipal y resumen de acuerdo.<\/td><td><a href=\"http:\/\/www.padrelascasas.cl\/transparencia_activa_plc\/07.%20Actos%20y%20resoluciones%20con%20efectos%20sobre%20terceras%20personas\/actas_concejo_municipal\/sesion_ordinaria_2020\/ACTA%20SESION%20ORDINARIA%20N%20128%20DEL%2009.06.20.pdf\" target=\"_blank\" rel=\"noreferrer noopener\">Enlace<\/a><\/td><td>No aplica<\/td><\/tr><tr><td>2020<\/td><td>Actas Concejo Municipal<\/td><td>Acta<\/td><td>Acta de Sesi\u00f3n Ordinaria del Concejo Municipal<\/td><td>127<\/td><td>02\/06\/2020<\/td><td>02\/06\/2020<\/td><td>Portal Transparencia<\/td><td>No<\/td><td>No Aplica<\/td><td>Acta de sesi\u00f3n ordinaria N\u00b0 127 del Concejo Municipal y resumen de acuerdo.<\/td><td><a href=\"http:\/\/www.padrelascasas.cl\/transparencia_activa_plc\/07.%20Actos%20y%20resoluciones%20con%20efectos%20sobre%20terceras%20personas\/actas_concejo_municipal\/sesion_ordinaria_2020\/ACTA%20SESION%20ORDINARIA%20N%20127%20DEL%2002.06.20.pdf\" target=\"_blank\" rel=\"noreferrer noopener\">Enlace<\/a><\/td><td>No aplica<\/td><\/tr><tr><td>2020<\/td><td>Actas Concejo Municipal<\/td><td>Acta<\/td><td>Acta de Sesi\u00f3n Ordinaria del Concejo Municipal<\/td><td>126<\/td><td>19\/05\/2020<\/td><td>19\/05\/2020<\/td><td>Portal Transparencia<\/td><td>No<\/td><td>No Aplica<\/td><td>Acta de sesi\u00f3n ordinaria N\u00b0 126 del Concejo Municipal y resumen de acuerdo.<\/td><td><a href=\"http:\/\/www.padrelascasas.cl\/transparencia_activa_plc\/07.%20Actos%20y%20resoluciones%20con%20efectos%20sobre%20terceras%20personas\/actas_concejo_municipal\/sesion_ordinaria_2020\/ACTA%20SESION%20ORDINARIA%20N%20126%20DEL%2019.05.20.pdf\" target=\"_blank\" rel=\"noreferrer noopener\">Enlace<\/a><\/td><td>No aplica<\/td><\/tr><tr><td>2020<\/td><td>Actas Concejo Municipal<\/td><td>Acta<\/td><td>Acta de Sesi\u00f3n Ordinaria del Concejo Municipal<\/td><td>125<\/td><td>12\/05\/2020<\/td><td>12\/05\/2020<\/td><td>Portal Transparencia<\/td><td>No<\/td><td>No Aplica<\/td><td>Acta de sesi\u00f3n ordinaria N\u00b0 125 del Concejo Municipal y resumen de acuerdo.<\/td><td><a href=\"http:\/\/www.padrelascasas.cl\/transparencia_activa_plc\/07.%20Actos%20y%20resoluciones%20con%20efectos%20sobre%20terceras%20personas\/actas_concejo_municipal\/sesion_ordinaria_2020\/ACTA%20SESION%20ORDINARIA%20N%20125%20DEL%2012.05.20.pdf\" target=\"_blank\" rel=\"noreferrer noopener\">Enlace<\/a><\/td><td>No aplica<\/td><\/tr><tr><td>2020<\/td><td>Actas Concejo Municipal<\/td><td>Acta<\/td><td>Acta de Sesi\u00f3n Ordinaria del Concejo Municipal<\/td><td>124<\/td><td>05\/05\/2020<\/td><td>05\/05\/2020<\/td><td>Portal Transparencia<\/td><td>No<\/td><td>No Aplica<\/td><td>Acta de sesi\u00f3n ordinaria N\u00b0 124 del Concejo Municipal y resumen de acuerdo.<\/td><td><a href=\"http:\/\/www.padrelascasas.cl\/transparencia_activa_plc\/07.%20Actos%20y%20resoluciones%20con%20efectos%20sobre%20terceras%20personas\/actas_concejo_municipal\/sesion_ordinaria_2020\/ACTA%20SESION%20ORDINARIA%20N%20124%20DEL%2005.05.20.pdf\" target=\"_blank\" rel=\"noreferrer noopener\">Enlace<\/a><\/td><td>No aplica<\/td><\/tr><tr><td>2020<\/td><td>Actas Concejo Municipal<\/td><td>Acta<\/td><td>Acta de Sesi\u00f3n Ordinaria del Concejo Municipal<\/td><td>123<\/td><td>21\/04\/2020<\/td><td>21\/04\/2020<\/td><td>Portal Transparencia<\/td><td>No<\/td><td>No Aplica<\/td><td>Acta de sesi\u00f3n ordinaria N\u00b0 123 del Concejo Municipal y resumen de acuerdo.<\/td><td><a href=\"http:\/\/www.padrelascasas.cl\/transparencia_activa_plc\/07.%20Actos%20y%20resoluciones%20con%20efectos%20sobre%20terceras%20personas\/actas_concejo_municipal\/sesion_ordinaria_2020\/ACTA%20SESION%20ORDINARIA%20N%20123%20DEL%2021.04.20.pdf\" target=\"_blank\" rel=\"noreferrer noopener\">Enlace<\/a><\/td><td>No aplica<\/td><\/tr><tr><td>2020<\/td><td>Actas Concejo Municipal<\/td><td>Acta<\/td><td>Acta de Sesi\u00f3n Ordinaria del Concejo Municipal<\/td><td>122<\/td><td>14\/04\/2020<\/td><td>14\/04\/2020<\/td><td>Portal Transparencia<\/td><td>No<\/td><td>No Aplica<\/td><td>Acta de sesi\u00f3n ordinaria N\u00b0 122 del Concejo Municipal y resumen de acuerdo.<\/td><td><a href=\"http:\/\/www.padrelascasas.cl\/transparencia_activa_plc\/07.%20Actos%20y%20resoluciones%20con%20efectos%20sobre%20terceras%20personas\/actas_concejo_municipal\/sesion_ordinaria_2020\/ACTA%20SESION%20ORDINARIA%20N%20122%20DEL%2014.04.20.pdf\" target=\"_blank\" rel=\"noreferrer noopener\">Enlace<\/a><\/td><td>No aplica<\/td><\/tr><tr><td>2020<\/td><td>Actas Concejo Municipal<\/td><td>Acta<\/td><td>Acta de Sesi\u00f3n Ordinaria del Concejo Municipal<\/td><td>121<\/td><td>07\/04\/2020<\/td><td>07\/04\/2020<\/td><td>Portal Transparencia<\/td><td>No<\/td><td>No Aplica<\/td><td>Acta de sesi\u00f3n ordinaria N\u00b0 121 del Concejo Municipal y resumen de acuerdo.<\/td><td><a href=\"http:\/\/www.padrelascasas.cl\/transparencia_activa_plc\/07.%20Actos%20y%20resoluciones%20con%20efectos%20sobre%20terceras%20personas\/actas_concejo_municipal\/sesion_ordinaria_2020\/ACTA%20SESION%20ORDINARIA%20N%20121%20DEL%2007.04.20.pdf\" target=\"_blank\" rel=\"noreferrer noopener\">Enlace<\/a><\/td><td>No aplica<\/td><\/tr><tr><td>2020<\/td><td>Actas Concejo Municipal<\/td><td>Acta<\/td><td>Acta de Sesi\u00f3n Ordinaria del Concejo Municipal<\/td><td>120<\/td><td>17\/03\/2020<\/td><td>17\/03\/2020<\/td><td>Portal Transparencia<\/td><td>No<\/td><td>No Aplica<\/td><td>Acta de sesi\u00f3n ordinaria N\u00b0 120 del Concejo Municipal y resumen de acuerdo.<\/td><td><a href=\"http:\/\/www.padrelascasas.cl\/transparencia_activa_plc\/07.%20Actos%20y%20resoluciones%20con%20efectos%20sobre%20terceras%20personas\/actas_concejo_municipal\/sesion_ordinaria_2020\/ACTA%20SESION%20ORDINARIA%20N%20120%20DEL%2017.03.20.pdf\" target=\"_blank\" rel=\"noreferrer noopener\">Enlace<\/a><\/td><td>No aplica<\/td><\/tr><tr><td>2020<\/td><td>Actas Concejo Municipal<\/td><td>Acta<\/td><td>Acta de Sesi\u00f3n Ordinaria del Concejo Municipal<\/td><td>119<\/td><td>10\/03\/2020<\/td><td>10\/03\/2020<\/td><td>Portal Transparencia<\/td><td>No<\/td><td>No Aplica<\/td><td>Acta de sesi\u00f3n ordinaria N\u00b0 119 del Concejo Municipal y resumen de acuerdo.<\/td><td><a href=\"http:\/\/www.padrelascasas.cl\/transparencia_activa_plc\/07.%20Actos%20y%20resoluciones%20con%20efectos%20sobre%20terceras%20personas\/actas_concejo_municipal\/sesion_ordinaria_2020\/ACTA%20SESION%20ORDINARIA%20N%20119%20DEL%2010.03.20.pdf\" target=\"_blank\" rel=\"noreferrer noopener\">Enlace<\/a><\/td><td>No aplica<\/td><\/tr><tr><td>2020<\/td><td>Actas Concejo Municipal<\/td><td>Acta<\/td><td>Acta de Sesi\u00f3n Ordinaria del Concejo Municipal<\/td><td>118<\/td><td>03\/03\/2020<\/td><td>03\/03\/2020<\/td><td>Portal Transparencia<\/td><td>No<\/td><td>No Aplica<\/td><td>Acta de sesi\u00f3n ordinaria N\u00b0 118 del Concejo Municipal y resumen de acuerdo.<\/td><td><a href=\"http:\/\/www.padrelascasas.cl\/transparencia_activa_plc\/07.%20Actos%20y%20resoluciones%20con%20efectos%20sobre%20terceras%20personas\/actas_concejo_municipal\/sesion_ordinaria_2020\/ACTA%20SESION%20ORDINARIA%20N%20118%20DEL%2003.03.20.pdf\" target=\"_blank\" rel=\"noreferrer noopener\">Enlace<\/a><\/td><td>No aplica<\/td><\/tr><tr><td>2020<\/td><td>Actas Concejo Municipal<\/td><td>Acta<\/td><td>Acta de Sesi\u00f3n Ordinaria del Concejo Municipal<\/td><td>117<\/td><td>27\/02\/2020<\/td><td>27\/02\/2020<\/td><td>Portal Transparencia<\/td><td>No<\/td><td>No Aplica<\/td><td>Acta de sesi\u00f3n ordinaria N\u00b0 117 del Concejo Municipal y resumen de acuerdo.<\/td><td><a href=\"http:\/\/www.padrelascasas.cl\/transparencia_activa_plc\/07.%20Actos%20y%20resoluciones%20con%20efectos%20sobre%20terceras%20personas\/actas_concejo_municipal\/sesion_ordinaria_2020\/ACTA%20SESION%20ORDINARIA%20N%20117%20DEL%2027.02.20.pdf\" target=\"_blank\" rel=\"noreferrer noopener\">Enlace<\/a><\/td><td>No aplica<\/td><\/tr><tr><td>2020<\/td><td>Actas Concejo Municipal<\/td><td>Acta<\/td><td>Acta de Sesi\u00f3n Ordinaria del Concejo Municipal<\/td><td>116<\/td><td>25\/02\/2020<\/td><td>25\/02\/2020<\/td><td>Portal Transparencia<\/td><td>No<\/td><td>No Aplica<\/td><td>Acta de sesi\u00f3n ordinaria N\u00b0 116 del Concejo Municipal y resumen de acuerdo.<\/td><td><a href=\"http:\/\/www.padrelascasas.cl\/transparencia_activa_plc\/07.%20Actos%20y%20resoluciones%20con%20efectos%20sobre%20terceras%20personas\/actas_concejo_municipal\/sesion_ordinaria_2020\/ACTA%20SESION%20ORDINARIA%20N%20116%20DEL%2025.02.20.pdf\" target=\"_blank\" rel=\"noreferrer noopener\">Enlace<\/a><\/td><td>No aplica<\/td><\/tr><tr><td>2020<\/td><td>Actas Concejo Municipal<\/td><td>Acta<\/td><td>Acta de Sesi\u00f3n Ordinaria del Concejo Municipal<\/td><td>115<\/td><td>04\/02\/2020<\/td><td>04\/02\/2020<\/td><td>Portal Transparencia<\/td><td>No<\/td><td>No Aplica<\/td><td>Acta de sesi\u00f3n ordinaria N\u00b0 115 del Concejo Municipal y resumen de acuerdo.<\/td><td><a href=\"http:\/\/www.padrelascasas.cl\/transparencia_activa_plc\/07.%20Actos%20y%20resoluciones%20con%20efectos%20sobre%20terceras%20personas\/actas_concejo_municipal\/sesion_ordinaria_2020\/ACTA%20SESION%20ORDINARIA%20N%20115%20DEL%2004.02.20.pdf\" target=\"_blank\" rel=\"noreferrer noopener\">Enlace<\/a><\/td><td>No aplica<\/td><\/tr><tr><td>2020<\/td><td>Actas Concejo Municipal<\/td><td>Acta<\/td><td>Acta de Sesi\u00f3n Ordinaria del Concejo Municipal<\/td><td>114<\/td><td>21\/01\/2020<\/td><td>21\/01\/2020<\/td><td>Portal Transparencia<\/td><td>No<\/td><td>No Aplica<\/td><td>Acta de sesi\u00f3n ordinaria N\u00b0 114 del Concejo Municipal y resumen de acuerdo.<\/td><td><a href=\"http:\/\/www.padrelascasas.cl\/transparencia_activa_plc\/07.%20Actos%20y%20resoluciones%20con%20efectos%20sobre%20terceras%20personas\/actas_concejo_municipal\/sesion_ordinaria_2020\/ACTA%20SESION%20ORDINARIA%20N%20114%20DEL%2021.01.2020.pdf\" target=\"_blank\" rel=\"noreferrer noopener\">Enlace<\/a><\/td><td>No aplica<\/td><\/tr><tr><td>2020<\/td><td>Actas Concejo Municipal<\/td><td>Acta<\/td><td>Acta de Sesi\u00f3n Ordinaria del Concejo Municipal<\/td><td>113<\/td><td>14\/01\/2020<\/td><td>14\/01\/2020<\/td><td>Portal Transparencia<\/td><td>No<\/td><td>No Aplica<\/td><td>Acta de sesi\u00f3n ordinaria N\u00b0 113 del Concejo Municipal y resumen de acuerdo.<\/td><td><a href=\"http:\/\/www.padrelascasas.cl\/transparencia_activa_plc\/07.%20Actos%20y%20resoluciones%20con%20efectos%20sobre%20terceras%20personas\/actas_concejo_municipal\/sesion_ordinaria_2020\/ACTA%20SESION%20ORDINARIA%20N%20113%20DEL%2014.01.20.pdf\" target=\"_blank\" rel=\"noreferrer noopener\">Enlace<\/a><\/td><td>No aplica<\/td><\/tr><tr><td>2020<\/td><td>Actas Concejo Municipal<\/td><td>Acta<\/td><td>Acta de Sesi\u00f3n Ordinaria del Concejo Municipal<\/td><td>112<\/td><td>07\/01\/2020<\/td><td>07\/01\/2020<\/td><td>Portal Transparencia<\/td><td>No<\/td><td>No Aplica<\/td><td>Acta de sesi\u00f3n ordinaria N\u00b0 112 del Concejo Municipal y resumen de acuerdo.<\/td><td><a href=\"http:\/\/www.padrelascasas.cl\/transparencia_activa_plc\/07.%20Actos%20y%20resoluciones%20con%20efectos%20sobre%20terceras%20personas\/actas_concejo_municipal\/sesion_ordinaria_2020\/ACTA%20SESION%20ORDINARIA%20N%20112%20DEL%2007.01.20.pdf\" target=\"_blank\" rel=\"noreferrer noopener\">Enlace<\/a><\/td><td>No aplica<\/td><\/tr><\/tbody><\/table><\/figure>\n","protected":false},"excerpt":{"rendered":"<p>A\u00f1o Tipolog\u00eda del Acto Tipo de acto Denominaci\u00f3n del acto N\u00famero del acto Fecha Fecha de publicaci\u00f3n en el DO o Fecha de Publicidad (seg\u00fan Art.45 y siguientes Ley 19.880) Indicaci\u00f3n del medio y forma de publicidad (seg\u00fan Art.45 y siguientes Ley 19.880) Tiene efectos generales Fecha \u00faltima actualizaci\u00f3n (dd\/mm\/aaaa), si corresponde a actos y [&hellip;]<\/p>\n","protected":false},"author":1,"featured_media":0,"parent":0,"menu_order":0,"comment_status":"closed","ping_status":"closed","template":"","meta":{"pgc_sgb_lightbox_settings":"","footnotes":""},"class_list":["post-7764","page","type-page","status-publish","hentry"],"_links":{"self":[{"href":"https:\/\/padrelascasas.cl\/newplc\/wp-json\/wp\/v2\/pages\/7764","targetHints":{"allow":["GET"]}}],"collection":[{"href":"https:\/\/padrelascasas.cl\/newplc\/wp-json\/wp\/v2\/pages"}],"about":[{"href":"https:\/\/padrelascasas.cl\/newplc\/wp-json\/wp\/v2\/types\/page"}],"author":[{"embeddable":true,"href":"https:\/\/padrelascasas.cl\/newplc\/wp-json\/wp\/v2\/users\/1"}],"replies":[{"embeddable":true,"href":"https:\/\/padrelascasas.cl\/newplc\/wp-json\/wp\/v2\/comments?post=7764"}],"version-history":[{"count":0,"href":"https:\/\/padrelascasas.cl\/newplc\/wp-json\/wp\/v2\/pages\/7764\/revisions"}],"wp:attachment":[{"href":"https:\/\/padrelascasas.cl\/newplc\/wp-json\/wp\/v2\/media?parent=7764"}],"curies":[{"name":"wp","href":"https:\/\/api.w.org\/{rel}","templated":true}]}}