{"id":7798,"date":"2023-05-05T17:06:26","date_gmt":"2023-05-05T20:06:26","guid":{"rendered":"https:\/\/www.padrelascasas.cl\/newplc\/?page_id=7798"},"modified":"2023-05-08T11:36:35","modified_gmt":"2023-05-08T14:36:35","slug":"actas-de-concejo-2011","status":"publish","type":"page","link":"https:\/\/padrelascasas.cl\/newplc\/actas-de-concejo-2011\/","title":{"rendered":"Acta de sesi\u00f3n ordinaria del Concejo Municipal &#8211; 2011"},"content":{"rendered":"\n<figure class=\"wp-block-table has-small-font-size\"><table><thead><tr><th>A\u00f1o<\/th><th>Tipolog\u00eda del Acto<\/th><th>Tipo de acto<\/th><th>Denominaci\u00f3n del acto<\/th><th>N\u00famero del acto<\/th><th>Fecha<\/th><th>Fecha de publicaci\u00f3n en el DO o Fecha de Publicidad (seg\u00fan Art.45 y siguientes Ley 19.880)<\/th><th>Indicaci\u00f3n del medio y forma de publicidad (seg\u00fan Art.45 y siguientes Ley 19.880)<\/th><th>Tiene efectos generales<\/th><th>Fecha \u00faltima actualizaci\u00f3n (dd\/mm\/aaaa), si corresponde a actos y resoluciones con efectos generales<\/th><th>Breve descripci\u00f3n del objeto del acto<\/th><th>Enlace a la publicaci\u00f3n o archivo correspondiente<\/th><th>Enlace a la modificaci\u00f3n o archivo correspondiente<\/th><\/tr><\/thead><tbody><tr><td>2011<\/td><td>Actas Concejo Municipal<\/td><td>Acta<\/td><td>Acta de Sesi\u00f3n Ordinaria del Concejo Municipal<\/td><td>110<\/td><td>19\/12\/2011<\/td><td>19\/12\/2011<\/td><td>Portal Transparencia<\/td><td>No<\/td><td>No Aplica<\/td><td>Acta de sesi\u00f3n ordinaria N\u00b0 110 del Concejo Municipal y resumen de acuerdo.<\/td><td><a href=\"http:\/\/www.padrelascasas.cl\/transparencia_activa_plc\/07.%20Actos%20y%20resoluciones%20con%20efectos%20sobre%20terceras%20personas\/actas_concejo_municipal\/sesion_ordinaria_2011\/ACTA%20CONCEJO%20110%20DEL%2019.12.pdf\" target=\"_blank\" rel=\"noreferrer noopener\">Enlace<\/a><\/td><td>No aplica<\/td><\/tr><tr><td>2011<\/td><td>Actas Concejo Municipal<\/td><td>Acta<\/td><td>Acta de Sesi\u00f3n Ordinaria del Concejo Municipal<\/td><td>109<\/td><td>12\/12\/2011<\/td><td>12\/12\/2011<\/td><td>Portal Transparencia<\/td><td>No<\/td><td>No Aplica<\/td><td>Acta de sesi\u00f3n ordinaria N\u00b0 109 del Concejo Municipal y resumen de acuerdo.<\/td><td><a href=\"http:\/\/www.padrelascasas.cl\/transparencia_activa_plc\/07.%20Actos%20y%20resoluciones%20con%20efectos%20sobre%20terceras%20personas\/actas_concejo_municipal\/sesion_ordinaria_2011\/ACTA%20CONCEJO%20109%20DEL%2012.12.pdf\" target=\"_blank\" rel=\"noreferrer noopener\">Enlace<\/a><\/td><td>No aplica<\/td><\/tr><tr><td>2011<\/td><td>Actas Concejo Municipal<\/td><td>Acta<\/td><td>Acta de Sesi\u00f3n Ordinaria del Concejo Municipal<\/td><td>108<\/td><td>05\/12\/2011<\/td><td>05\/12\/2011<\/td><td>Portal Transparencia<\/td><td>No<\/td><td>No Aplica<\/td><td>Acta de sesi\u00f3n ordinaria N\u00b0 108 del Concejo Municipal y resumen de acuerdo.<\/td><td><a href=\"http:\/\/www.padrelascasas.cl\/transparencia_activa_plc\/07.%20Actos%20y%20resoluciones%20con%20efectos%20sobre%20terceras%20personas\/actas_concejo_municipal\/sesion_ordinaria_2011\/ACTA%20CONCEJO%20108%20DEL%2005.12.pdf\" target=\"_blank\" rel=\"noreferrer noopener\">Enlace<\/a><\/td><td>No aplica<\/td><\/tr><tr><td>2011<\/td><td>Actas Concejo Municipal<\/td><td>Acta<\/td><td>Acta de Sesi\u00f3n Ordinaria del Concejo Municipal<\/td><td>107<\/td><td>29\/11\/2011<\/td><td>29\/11\/2011<\/td><td>Portal Transparencia<\/td><td>No<\/td><td>No Aplica<\/td><td>Acta de sesi\u00f3n ordinaria N\u00b0 107 del Concejo Municipal y resumen de acuerdo.<\/td><td><a href=\"http:\/\/www.padrelascasas.cl\/transparencia_activa_plc\/07.%20Actos%20y%20resoluciones%20con%20efectos%20sobre%20terceras%20personas\/actas_concejo_municipal\/sesion_ordinaria_2011\/ACTA%20CONCEJO%20107%20DEL%2029.11.11.pdf\" target=\"_blank\" rel=\"noreferrer noopener\">Enlace<\/a><\/td><td>No aplica<\/td><\/tr><tr><td>2011<\/td><td>Actas Concejo Municipal<\/td><td>Acta<\/td><td>Acta de Sesi\u00f3n Ordinaria del Concejo Municipal<\/td><td>106<\/td><td>21\/11\/2011<\/td><td>21\/11\/2011<\/td><td>Portal Transparencia<\/td><td>No<\/td><td>No Aplica<\/td><td>Acta de sesi\u00f3n ordinaria N\u00b0 106 del Concejo Municipal y resumen de acuerdo.<\/td><td><a href=\"http:\/\/www.padrelascasas.cl\/transparencia_activa_plc\/07.%20Actos%20y%20resoluciones%20con%20efectos%20sobre%20terceras%20personas\/actas_concejo_municipal\/sesion_ordinaria_2011\/ACTA%20CONCEJO%20106%20DEL%2021.11.11.pdf\" target=\"_blank\" rel=\"noreferrer noopener\">Enlace<\/a><\/td><td>No aplica<\/td><\/tr><tr><td>2011<\/td><td>Actas Concejo Municipal<\/td><td>Acta<\/td><td>Acta de Sesi\u00f3n Ordinaria del Concejo Municipal<\/td><td>105<\/td><td>07\/11\/2011<\/td><td>07\/11\/2011<\/td><td>Portal Transparencia<\/td><td>No<\/td><td>No Aplica<\/td><td>Acta de sesi\u00f3n ordinaria N\u00b0 105 del Concejo Municipal y resumen de acuerdo.<\/td><td><a href=\"http:\/\/www.padrelascasas.cl\/transparencia_activa_plc\/07.%20Actos%20y%20resoluciones%20con%20efectos%20sobre%20terceras%20personas\/actas_concejo_municipal\/sesion_ordinaria_2011\/ACTA%20CONCEJO%20105%20DEL%2007.11.11.pdf\" target=\"_blank\" rel=\"noreferrer noopener\">Enlace<\/a><\/td><td>No aplica<\/td><\/tr><tr><td>2011<\/td><td>Actas Concejo Municipal<\/td><td>Acta<\/td><td>Acta de Sesi\u00f3n Ordinaria del Concejo Municipal<\/td><td>104<\/td><td>24\/10\/2011<\/td><td>24\/10\/2011<\/td><td>Portal Transparencia<\/td><td>No<\/td><td>No Aplica<\/td><td>Acta de sesi\u00f3n ordinaria N\u00b0 104 del Concejo Municipal y resumen de acuerdo.<\/td><td><a href=\"http:\/\/www.padrelascasas.cl\/transparencia_activa_plc\/07.%20Actos%20y%20resoluciones%20con%20efectos%20sobre%20terceras%20personas\/actas_concejo_municipal\/sesion_ordinaria_2011\/ACTA%20CONCEJO%20104%20DEL%2024.10.11.pdf\" target=\"_blank\" rel=\"noreferrer noopener\">Enlace<\/a><\/td><td>No aplica<\/td><\/tr><tr><td>2011<\/td><td>Actas Concejo Municipal<\/td><td>Acta<\/td><td>Acta de Sesi\u00f3n Ordinaria del Concejo Municipal<\/td><td>103<\/td><td>17\/10\/2011<\/td><td>17\/10\/2011<\/td><td>Portal Transparencia<\/td><td>No<\/td><td>No Aplica<\/td><td>Acta de sesi\u00f3n ordinaria N\u00b0 103 del Concejo Municipal y resumen de acuerdo.<\/td><td><a href=\"http:\/\/www.padrelascasas.cl\/transparencia_activa_plc\/07.%20Actos%20y%20resoluciones%20con%20efectos%20sobre%20terceras%20personas\/actas_concejo_municipal\/sesion_ordinaria_2011\/ACTA%20CONCEJO%20103%20DEL%2017.10.11.pdf\" target=\"_blank\" rel=\"noreferrer noopener\">Enlace<\/a><\/td><td>No aplica<\/td><\/tr><tr><td>2011<\/td><td>Actas Concejo Municipal<\/td><td>Acta<\/td><td>Acta de Sesi\u00f3n Ordinaria del Concejo Municipal<\/td><td>102<\/td><td>03\/10\/2011<\/td><td>03\/10\/2011<\/td><td>Portal Transparencia<\/td><td>No<\/td><td>No Aplica<\/td><td>Acta de sesi\u00f3n ordinaria N\u00b0 102 del Concejo Municipal y resumen de acuerdo.<\/td><td><a href=\"http:\/\/www.padrelascasas.cl\/transparencia_activa_plc\/07.%20Actos%20y%20resoluciones%20con%20efectos%20sobre%20terceras%20personas\/actas_concejo_municipal\/sesion_ordinaria_2011\/ACTA%20CONCEJO%20102%20DEL%2003%2010%2011.pdf\" target=\"_blank\" rel=\"noreferrer noopener\">Enlace<\/a><\/td><td>No aplica<\/td><\/tr><tr><td>2011<\/td><td>Actas Concejo Municipal<\/td><td>Acta<\/td><td>Acta de Sesi\u00f3n Ordinaria del Concejo Municipal<\/td><td>101<\/td><td>26\/09\/2011<\/td><td>26\/09\/2011<\/td><td>Portal Transparencia<\/td><td>No<\/td><td>No Aplica<\/td><td>Acta de sesi\u00f3n ordinaria N\u00b0 101 del Concejo Municipal y resumen de acuerdo.<\/td><td><a href=\"http:\/\/www.padrelascasas.cl\/transparencia_activa_plc\/07.%20Actos%20y%20resoluciones%20con%20efectos%20sobre%20terceras%20personas\/actas_concejo_municipal\/sesion_ordinaria_2011\/ACTA%20CONCEJO%20101%20DEL%2026.09.11.pdf\" target=\"_blank\" rel=\"noreferrer noopener\">Enlace<\/a><\/td><td>No aplica<\/td><\/tr><tr><td>2011<\/td><td>Actas Concejo Municipal<\/td><td>Acta<\/td><td>Acta de Sesi\u00f3n Ordinaria del Concejo Municipal<\/td><td>100<\/td><td>12\/09\/2011<\/td><td>12\/09\/2011<\/td><td>Portal Transparencia<\/td><td>No<\/td><td>No Aplica<\/td><td>Acta de sesi\u00f3n ordinaria N\u00b0 100 del Concejo Municipal y resumen de acuerdo.<\/td><td><a href=\"http:\/\/www.padrelascasas.cl\/transparencia_activa_plc\/07.%20Actos%20y%20resoluciones%20con%20efectos%20sobre%20terceras%20personas\/actas_concejo_municipal\/sesion_ordinaria_2011\/ACTA%20CONCEJO%20100%20DEL%2012.09.11.pdf\" target=\"_blank\" rel=\"noreferrer noopener\">Enlace<\/a><\/td><td>No aplica<\/td><\/tr><tr><td>2011<\/td><td>Actas Concejo Municipal<\/td><td>Acta<\/td><td>Acta de Sesi\u00f3n Ordinaria del Concejo Municipal<\/td><td>99<\/td><td>05\/09\/2011<\/td><td>05\/09\/2011<\/td><td>Portal Transparencia<\/td><td>No<\/td><td>No Aplica<\/td><td>Acta de sesi\u00f3n ordinaria N\u00b0 99 del Concejo Municipal y resumen de acuerdo.<\/td><td><a href=\"http:\/\/www.padrelascasas.cl\/transparencia_activa_plc\/07.%20Actos%20y%20resoluciones%20con%20efectos%20sobre%20terceras%20personas\/actas_concejo_municipal\/sesion_ordinaria_2011\/ACTA%20CONCEJO%2099%20DEL%2005.09.11.pdf\" target=\"_blank\" rel=\"noreferrer noopener\">Enlace<\/a><\/td><td>No aplica<\/td><\/tr><tr><td>2011<\/td><td>Actas Concejo Municipal<\/td><td>Acta<\/td><td>Acta de Sesi\u00f3n Ordinaria del Concejo Municipal<\/td><td>98<\/td><td>23\/08\/2011<\/td><td>23\/08\/2011<\/td><td>Portal Transparencia<\/td><td>No<\/td><td>No Aplica<\/td><td>Acta de sesi\u00f3n ordinaria N\u00b0 98 del Concejo Municipal y resumen de acuerdo.<\/td><td><a href=\"http:\/\/www.padrelascasas.cl\/transparencia_activa_plc\/07.%20Actos%20y%20resoluciones%20con%20efectos%20sobre%20terceras%20personas\/actas_concejo_municipal\/sesion_ordinaria_2011\/ACTA%20CONCEJO%2098%20DEL%2023.08.11.pdf\" target=\"_blank\" rel=\"noreferrer noopener\">Enlace<\/a><\/td><td>No aplica<\/td><\/tr><tr><td>2011<\/td><td>Actas Concejo Municipal<\/td><td>Acta<\/td><td>Acta de Sesi\u00f3n Ordinaria del Concejo Municipal<\/td><td>97<\/td><td>08\/08\/2011<\/td><td>08\/08\/2011<\/td><td>Portal Transparencia<\/td><td>No<\/td><td>No Aplica<\/td><td>Acta de sesi\u00f3n ordinaria N\u00b0 97 del Concejo Municipal y resumen de acuerdo.<\/td><td><a href=\"http:\/\/www.padrelascasas.cl\/transparencia_activa_plc\/07.%20Actos%20y%20resoluciones%20con%20efectos%20sobre%20terceras%20personas\/actas_concejo_municipal\/sesion_ordinaria_2011\/ACTA%20CONCEJO%2097%20DEL%2008.08.11.pdf\" target=\"_blank\" rel=\"noreferrer noopener\">Enlace<\/a><\/td><td>No aplica<\/td><\/tr><tr><td>2011<\/td><td>Actas Concejo Municipal<\/td><td>Acta<\/td><td>Acta de Sesi\u00f3n Ordinaria del Concejo Municipal<\/td><td>96<\/td><td>01\/08\/2011<\/td><td>01\/08\/2011<\/td><td>Portal Transparencia<\/td><td>No<\/td><td>No Aplica<\/td><td>Acta de sesi\u00f3n ordinaria N\u00b0 96 del Concejo Municipal y resumen de acuerdo.<\/td><td><a href=\"http:\/\/www.padrelascasas.cl\/transparencia_activa_plc\/07.%20Actos%20y%20resoluciones%20con%20efectos%20sobre%20terceras%20personas\/actas_concejo_municipal\/sesion_ordinaria_2011\/ACTA%20CONCEJO%2096%20DEL%2001.08.11.pdf\" target=\"_blank\" rel=\"noreferrer noopener\">Enlace<\/a><\/td><td>No aplica<\/td><\/tr><tr><td>2011<\/td><td>Actas Concejo Municipal<\/td><td>Acta<\/td><td>Acta de Sesi\u00f3n Ordinaria del Concejo Municipal<\/td><td>95<\/td><td>18\/07\/2011<\/td><td>18\/07\/2011<\/td><td>Portal Transparencia<\/td><td>No<\/td><td>No Aplica<\/td><td>Acta de sesi\u00f3n ordinaria N\u00b0 95 del Concejo Municipal y resumen de acuerdo.<\/td><td><a href=\"http:\/\/www.padrelascasas.cl\/transparencia_activa_plc\/07.%20Actos%20y%20resoluciones%20con%20efectos%20sobre%20terceras%20personas\/actas_concejo_municipal\/sesion_ordinaria_2011\/ACTA%20CONCEJO%2095%2018.07.11.pdf\" target=\"_blank\" rel=\"noreferrer noopener\">Enlace<\/a><\/td><td>No aplica<\/td><\/tr><tr><td>2011<\/td><td>Actas Concejo Municipal<\/td><td>Acta<\/td><td>Acta de Sesi\u00f3n Ordinaria del Concejo Municipal<\/td><td>94<\/td><td>11\/07\/2011<\/td><td>11\/07\/2011<\/td><td>Portal Transparencia<\/td><td>No<\/td><td>No Aplica<\/td><td>Acta de sesi\u00f3n ordinaria N\u00b0 94 del Concejo Municipal y resumen de acuerdo.<\/td><td><a href=\"http:\/\/www.padrelascasas.cl\/transparencia_activa_plc\/07.%20Actos%20y%20resoluciones%20con%20efectos%20sobre%20terceras%20personas\/actas_concejo_municipal\/sesion_ordinaria_2011\/ACTA%20CONCEJO%2094%20DEL%2011.07.11.pdf\" target=\"_blank\" rel=\"noreferrer noopener\">Enlace<\/a><\/td><td>No aplica<\/td><\/tr><tr><td>2011<\/td><td>Actas Concejo Municipal<\/td><td>Acta<\/td><td>Acta de Sesi\u00f3n Ordinaria del Concejo Municipal<\/td><td>93<\/td><td>04\/07\/2011<\/td><td>04\/07\/2011<\/td><td>Portal Transparencia<\/td><td>No<\/td><td>No Aplica<\/td><td>Acta de sesi\u00f3n ordinaria N\u00b0 93 del Concejo Municipal y resumen de acuerdo.<\/td><td><a href=\"http:\/\/www.padrelascasas.cl\/transparencia_activa_plc\/07.%20Actos%20y%20resoluciones%20con%20efectos%20sobre%20terceras%20personas\/actas_concejo_municipal\/sesion_ordinaria_2011\/ACTA%20CONCEJO%2093%20DEL%2004.07.11.pdf\" target=\"_blank\" rel=\"noreferrer noopener\">Enlace<\/a><\/td><td>No aplica<\/td><\/tr><tr><td>2011<\/td><td>Actas Concejo Municipal<\/td><td>Acta<\/td><td>Acta de Sesi\u00f3n Ordinaria del Concejo Municipal<\/td><td>92<\/td><td>20\/06\/2011<\/td><td>20\/06\/2011<\/td><td>Portal Transparencia<\/td><td>No<\/td><td>No Aplica<\/td><td>Acta de sesi\u00f3n ordinaria N\u00b0 92 del Concejo Municipal y resumen de acuerdo.<\/td><td><a href=\"http:\/\/www.padrelascasas.cl\/transparencia_activa_plc\/07.%20Actos%20y%20resoluciones%20con%20efectos%20sobre%20terceras%20personas\/actas_concejo_municipal\/sesion_ordinaria_2011\/ACTA%20CONCEJO%2092%20DEL%2020.06.11.pdf\" target=\"_blank\" rel=\"noreferrer noopener\">Enlace<\/a><\/td><td>No aplica<\/td><\/tr><tr><td>2011<\/td><td>Actas Concejo Municipal<\/td><td>Acta<\/td><td>Acta de Sesi\u00f3n Ordinaria del Concejo Municipal<\/td><td>91<\/td><td>13\/06\/2011<\/td><td>13\/06\/2011<\/td><td>Portal Transparencia<\/td><td>No<\/td><td>No Aplica<\/td><td>Acta de sesi\u00f3n ordinaria N\u00b0 91 del Concejo Municipal y resumen de acuerdo.<\/td><td><a href=\"http:\/\/www.padrelascasas.cl\/transparencia_activa_plc\/07.%20Actos%20y%20resoluciones%20con%20efectos%20sobre%20terceras%20personas\/actas_concejo_municipal\/sesion_ordinaria_2011\/ACTA%20CONCEJO%2091%20DEL%2013.06.11.pdf\" target=\"_blank\" rel=\"noreferrer noopener\">Enlace<\/a><\/td><td>No aplica<\/td><\/tr><tr><td>2011<\/td><td>Actas Concejo Municipal<\/td><td>Acta<\/td><td>Acta de Sesi\u00f3n Ordinaria del Concejo Municipal<\/td><td>90<\/td><td>06\/06\/2011<\/td><td>06\/06\/2011<\/td><td>Portal Transparencia<\/td><td>No<\/td><td>No Aplica<\/td><td>Acta de sesi\u00f3n ordinaria N\u00b0 90 del Concejo Municipal y resumen de acuerdo.<\/td><td><a href=\"http:\/\/www.padrelascasas.cl\/transparencia_activa_plc\/07.%20Actos%20y%20resoluciones%20con%20efectos%20sobre%20terceras%20personas\/actas_concejo_municipal\/sesion_ordinaria_2011\/ACTA%20CONCEJO%2090%20DEL%2006.06.11.pdf\" target=\"_blank\" rel=\"noreferrer noopener\">Enlace<\/a><\/td><td>No aplica<\/td><\/tr><tr><td>2011<\/td><td>Actas Concejo Municipal<\/td><td>Acta<\/td><td>Acta de Sesi\u00f3n Ordinaria del Concejo Municipal<\/td><td>89<\/td><td>23\/05\/2011<\/td><td>23\/05\/2011<\/td><td>Portal Transparencia<\/td><td>No<\/td><td>No Aplica<\/td><td>Acta de sesi\u00f3n ordinaria N\u00b0 89 del Concejo Municipal y resumen de acuerdo.<\/td><td><a href=\"http:\/\/www.padrelascasas.cl\/transparencia_activa_plc\/07.%20Actos%20y%20resoluciones%20con%20efectos%20sobre%20terceras%20personas\/actas_concejo_municipal\/sesion_ordinaria_2011\/ACTA%20CONCEJO%2089%20DEL%2023.05.11.pdf\" target=\"_blank\" rel=\"noreferrer noopener\">Enlace<\/a><\/td><td>No aplica<\/td><\/tr><tr><td>2011<\/td><td>Actas Concejo Municipal<\/td><td>Acta<\/td><td>Acta de Sesi\u00f3n Ordinaria del Concejo Municipal<\/td><td>88<\/td><td>16\/05\/2011<\/td><td>16\/05\/2011<\/td><td>Portal Transparencia<\/td><td>No<\/td><td>No Aplica<\/td><td>Acta de sesi\u00f3n ordinaria N\u00b0 88 del Concejo Municipal y resumen de acuerdo.<\/td><td><a href=\"http:\/\/www.padrelascasas.cl\/transparencia_activa_plc\/07.%20Actos%20y%20resoluciones%20con%20efectos%20sobre%20terceras%20personas\/actas_concejo_municipal\/sesion_ordinaria_2011\/ACTA%20CONCEJO%2088%20DEL%2016.05.11.pdf\" target=\"_blank\" rel=\"noreferrer noopener\">Enlace<\/a><\/td><td>No aplica<\/td><\/tr><tr><td>2011<\/td><td>Actas Concejo Municipal<\/td><td>Acta<\/td><td>Acta de Sesi\u00f3n Ordinaria del Concejo Municipal<\/td><td>87<\/td><td>09\/05\/2011<\/td><td>09\/05\/2011<\/td><td>Portal Transparencia<\/td><td>No<\/td><td>No Aplica<\/td><td>Acta de sesi\u00f3n ordinaria N\u00b0 87 del Concejo Municipal y resumen de acuerdo.<\/td><td><a href=\"http:\/\/www.padrelascasas.cl\/transparencia_activa_plc\/07.%20Actos%20y%20resoluciones%20con%20efectos%20sobre%20terceras%20personas\/actas_concejo_municipal\/sesion_ordinaria_2011\/ACTA%20CONCEJO%2087%20del%2009.05.11.pdf\" target=\"_blank\" rel=\"noreferrer noopener\">Enlace<\/a><\/td><td>No aplica<\/td><\/tr><tr><td>2011<\/td><td>Actas Concejo Municipal<\/td><td>Acta<\/td><td>Acta de Sesi\u00f3n Ordinaria del Concejo Municipal<\/td><td>86<\/td><td>18\/04\/2011<\/td><td>18\/04\/2011<\/td><td>Portal Transparencia<\/td><td>No<\/td><td>No Aplica<\/td><td>Acta de sesi\u00f3n ordinaria N\u00b0 86 del Concejo Municipal y resumen de acuerdo.<\/td><td><a href=\"http:\/\/www.padrelascasas.cl\/transparencia_activa_plc\/07.%20Actos%20y%20resoluciones%20con%20efectos%20sobre%20terceras%20personas\/actas_concejo_municipal\/sesion_ordinaria_2011\/ACTA%20CONCEJO%2086%2018.04.11.pdf\" target=\"_blank\" rel=\"noreferrer noopener\">Enlace<\/a><\/td><td>No aplica<\/td><\/tr><tr><td>2011<\/td><td>Actas Concejo Municipal<\/td><td>Acta<\/td><td>Acta de Sesi\u00f3n Ordinaria del Concejo Municipal<\/td><td>85<\/td><td>11\/04\/2011<\/td><td>11\/04\/2011<\/td><td>Portal Transparencia<\/td><td>No<\/td><td>No Aplica<\/td><td>Acta de sesi\u00f3n ordinaria N\u00b0 85 del Concejo Municipal y resumen de acuerdo.<\/td><td><a href=\"http:\/\/www.padrelascasas.cl\/transparencia_activa_plc\/07.%20Actos%20y%20resoluciones%20con%20efectos%20sobre%20terceras%20personas\/actas_concejo_municipal\/sesion_ordinaria_2011\/ACTA%20CONCEJO%2085%2011.04.11.pdf\" target=\"_blank\" rel=\"noreferrer noopener\">Enlace<\/a><\/td><td>No aplica<\/td><\/tr><tr><td>2011<\/td><td>Actas Concejo Municipal<\/td><td>Acta<\/td><td>Acta de Sesi\u00f3n Ordinaria del Concejo Municipal<\/td><td>84<\/td><td>04\/04\/2011<\/td><td>04\/04\/2011<\/td><td>Portal Transparencia<\/td><td>No<\/td><td>No Aplica<\/td><td>Acta de sesi\u00f3n ordinaria N\u00b0 84 del Concejo Municipal y resumen de acuerdo.<\/td><td><a href=\"http:\/\/www.padrelascasas.cl\/transparencia_activa_plc\/07.%20Actos%20y%20resoluciones%20con%20efectos%20sobre%20terceras%20personas\/actas_concejo_municipal\/sesion_ordinaria_2011\/ACTA%20CONCEJO%2084%2004.04.11.pdf\" target=\"_blank\" rel=\"noreferrer noopener\">Enlace<\/a><\/td><td>No aplica<\/td><\/tr><tr><td>2011<\/td><td>Actas Concejo Municipal<\/td><td>Acta<\/td><td>Acta de Sesi\u00f3n Ordinaria del Concejo Municipal<\/td><td>83<\/td><td>28\/03\/2011<\/td><td>28\/03\/2011<\/td><td>Portal Transparencia<\/td><td>No<\/td><td>No Aplica<\/td><td>Acta de sesi\u00f3n ordinaria N\u00b0 83 del Concejo Municipal y resumen de acuerdo.<\/td><td><a href=\"http:\/\/www.padrelascasas.cl\/transparencia_activa_plc\/07.%20Actos%20y%20resoluciones%20con%20efectos%20sobre%20terceras%20personas\/actas_concejo_municipal\/sesion_ordinaria_2011\/ACTA%20CONCEJO%2083%2028.03.11.pdf\" target=\"_blank\" rel=\"noreferrer noopener\">Enlace<\/a><\/td><td>No aplica<\/td><\/tr><tr><td>2011<\/td><td>Actas Concejo Municipal<\/td><td>Acta<\/td><td>Acta de Sesi\u00f3n Ordinaria del Concejo Municipal<\/td><td>82<\/td><td>14\/03\/2011<\/td><td>14\/03\/2011<\/td><td>Portal Transparencia<\/td><td>No<\/td><td>No Aplica<\/td><td>Acta de sesi\u00f3n ordinaria N\u00b0 82 del Concejo Municipal y resumen de acuerdo.<\/td><td><a href=\"http:\/\/www.padrelascasas.cl\/transparencia_activa_plc\/07.%20Actos%20y%20resoluciones%20con%20efectos%20sobre%20terceras%20personas\/actas_concejo_municipal\/sesion_ordinaria_2011\/ACTA%20CONCEJO%2082%2014.03.11.pdf\" target=\"_blank\" rel=\"noreferrer noopener\">Enlace<\/a><\/td><td>No aplica<\/td><\/tr><tr><td>2011<\/td><td>Actas Concejo Municipal<\/td><td>Acta<\/td><td>Acta de Sesi\u00f3n Ordinaria del Concejo Municipal<\/td><td>81<\/td><td>07\/03\/2011<\/td><td>07\/03\/2011<\/td><td>Portal Transparencia<\/td><td>No<\/td><td>No Aplica<\/td><td>Acta de sesi\u00f3n ordinaria N\u00b0 81 del Concejo Municipal y resumen de acuerdo.<\/td><td><a href=\"http:\/\/www.padrelascasas.cl\/transparencia_activa_plc\/07.%20Actos%20y%20resoluciones%20con%20efectos%20sobre%20terceras%20personas\/actas_concejo_municipal\/sesion_ordinaria_2011\/ACTA%20CONCEJO%2081%2007.03.11.pdf\" target=\"_blank\" rel=\"noreferrer noopener\">Enlace<\/a><\/td><td>No aplica<\/td><\/tr><tr><td>2011<\/td><td>Actas Concejo Municipal<\/td><td>Acta<\/td><td>Acta de Sesi\u00f3n Ordinaria del Concejo Municipal<\/td><td>80<\/td><td>28\/02\/2011<\/td><td>28\/02\/2011<\/td><td>Portal Transparencia<\/td><td>No<\/td><td>No Aplica<\/td><td>Acta de sesi\u00f3n ordinaria N\u00b0 80 del Concejo Municipal y resumen de acuerdo.<\/td><td><a href=\"http:\/\/www.padrelascasas.cl\/transparencia_activa_plc\/07.%20Actos%20y%20resoluciones%20con%20efectos%20sobre%20terceras%20personas\/actas_concejo_municipal\/sesion_ordinaria_2011\/ACTA%20CONCEJO%2080%2028.02.11.pdf\" target=\"_blank\" rel=\"noreferrer noopener\">Enlace<\/a><\/td><td>No aplica<\/td><\/tr><tr><td>2011<\/td><td>Actas Concejo Municipal<\/td><td>Acta<\/td><td>Acta de Sesi\u00f3n Ordinaria del Concejo Municipal<\/td><td>79<\/td><td>04\/02\/2011<\/td><td>04\/02\/2011<\/td><td>Portal Transparencia<\/td><td>No<\/td><td>No Aplica<\/td><td>Acta de sesi\u00f3n ordinaria N\u00b0 79 del Concejo Municipal y resumen de acuerdo.<\/td><td><a href=\"http:\/\/www.padrelascasas.cl\/transparencia_activa_plc\/07.%20Actos%20y%20resoluciones%20con%20efectos%20sobre%20terceras%20personas\/actas_concejo_municipal\/sesion_ordinaria_2011\/ACTA%20CONCEJO%2079%2004.02.11.pdf\" target=\"_blank\" rel=\"noreferrer noopener\">Enlace<\/a><\/td><td>No aplica<\/td><\/tr><tr><td>2011<\/td><td>Actas Concejo Municipal<\/td><td>Acta<\/td><td>Acta de Sesi\u00f3n Ordinaria del Concejo Municipal<\/td><td>78<\/td><td>01\/02\/2011<\/td><td>01\/02\/2011<\/td><td>Portal Transparencia<\/td><td>No<\/td><td>No Aplica<\/td><td>Acta de sesi\u00f3n ordinaria N\u00b0 78 del Concejo Municipal y resumen de acuerdo.<\/td><td><a href=\"http:\/\/www.padrelascasas.cl\/transparencia_activa_plc\/07.%20Actos%20y%20resoluciones%20con%20efectos%20sobre%20terceras%20personas\/actas_concejo_municipal\/sesion_ordinaria_2011\/ACTA%20CONCEJO%2078%2001.02.11.pdf\" target=\"_blank\" rel=\"noreferrer noopener\">Enlace<\/a><\/td><td>No aplica<\/td><\/tr><tr><td>2011<\/td><td>Actas Concejo Municipal<\/td><td>Acta<\/td><td>Acta de Sesi\u00f3n Ordinaria del Concejo Municipal<\/td><td>77<\/td><td>17\/01\/2011<\/td><td>17\/01\/2011<\/td><td>Portal Transparencia<\/td><td>No<\/td><td>No Aplica<\/td><td>Acta de sesi\u00f3n ordinaria N\u00b0 77 del Concejo Municipal y resumen de acuerdo.<\/td><td><a href=\"http:\/\/www.padrelascasas.cl\/transparencia_activa_plc\/07.%20Actos%20y%20resoluciones%20con%20efectos%20sobre%20terceras%20personas\/actas_concejo_municipal\/sesion_ordinaria_2011\/ACTA%20CONCEJO%2077%2017.01.11.pdf\" target=\"_blank\" rel=\"noreferrer noopener\">Enlace<\/a><\/td><td>No aplica<\/td><\/tr><tr><td>2011<\/td><td>Actas Concejo Municipal<\/td><td>Acta<\/td><td>Acta de Sesi\u00f3n Ordinaria del Concejo Municipal<\/td><td>76<\/td><td>10\/01\/2011<\/td><td>10\/01\/2011<\/td><td>Portal Transparencia<\/td><td>No<\/td><td>No Aplica<\/td><td>Acta de sesi\u00f3n ordinaria N\u00b0 76 del Concejo Municipal y resumen de acuerdo.<\/td><td><a href=\"http:\/\/www.padrelascasas.cl\/transparencia_activa_plc\/07.%20Actos%20y%20resoluciones%20con%20efectos%20sobre%20terceras%20personas\/actas_concejo_municipal\/sesion_ordinaria_2011\/ACTA%20CONCEJO%2076%2010.01.11.pdf\" target=\"_blank\" rel=\"noreferrer noopener\">Enlace<\/a><\/td><td>No aplica<\/td><\/tr><tr><td>2011<\/td><td>Actas Concejo Municipal<\/td><td>Acta<\/td><td>Acta de Sesi\u00f3n Ordinaria del Concejo Municipal<\/td><td>75<\/td><td>03\/01\/2011<\/td><td>03\/01\/2011<\/td><td>Portal Transparencia<\/td><td>No<\/td><td>No Aplica<\/td><td>Acta de sesi\u00f3n ordinaria N\u00b0 75 del Concejo Municipal y resumen de acuerdo.<\/td><td><a href=\"http:\/\/www.padrelascasas.cl\/transparencia_activa_plc\/07.%20Actos%20y%20resoluciones%20con%20efectos%20sobre%20terceras%20personas\/actas_concejo_municipal\/sesion_ordinaria_2011\/ACTA%20CONCEJO%2075%2003.01.11.pdf\" target=\"_blank\" rel=\"noreferrer noopener\">Enlace<\/a><\/td><td>No aplica<\/td><\/tr><\/tbody><\/table><\/figure>\n","protected":false},"excerpt":{"rendered":"<p>A\u00f1o Tipolog\u00eda del Acto Tipo de acto Denominaci\u00f3n del acto N\u00famero del acto Fecha Fecha de publicaci\u00f3n en el DO o Fecha de Publicidad (seg\u00fan Art.45 y siguientes Ley 19.880) Indicaci\u00f3n del medio y forma de publicidad (seg\u00fan Art.45 y siguientes Ley 19.880) Tiene efectos generales Fecha \u00faltima actualizaci\u00f3n (dd\/mm\/aaaa), si corresponde a actos y [&hellip;]<\/p>\n","protected":false},"author":1,"featured_media":0,"parent":0,"menu_order":0,"comment_status":"closed","ping_status":"closed","template":"","meta":{"pgc_sgb_lightbox_settings":"","footnotes":""},"class_list":["post-7798","page","type-page","status-publish","hentry"],"_links":{"self":[{"href":"https:\/\/padrelascasas.cl\/newplc\/wp-json\/wp\/v2\/pages\/7798","targetHints":{"allow":["GET"]}}],"collection":[{"href":"https:\/\/padrelascasas.cl\/newplc\/wp-json\/wp\/v2\/pages"}],"about":[{"href":"https:\/\/padrelascasas.cl\/newplc\/wp-json\/wp\/v2\/types\/page"}],"author":[{"embeddable":true,"href":"https:\/\/padrelascasas.cl\/newplc\/wp-json\/wp\/v2\/users\/1"}],"replies":[{"embeddable":true,"href":"https:\/\/padrelascasas.cl\/newplc\/wp-json\/wp\/v2\/comments?post=7798"}],"version-history":[{"count":0,"href":"https:\/\/padrelascasas.cl\/newplc\/wp-json\/wp\/v2\/pages\/7798\/revisions"}],"wp:attachment":[{"href":"https:\/\/padrelascasas.cl\/newplc\/wp-json\/wp\/v2\/media?parent=7798"}],"curies":[{"name":"wp","href":"https:\/\/api.w.org\/{rel}","templated":true}]}}