{"id":7810,"date":"2023-05-05T17:09:57","date_gmt":"2023-05-05T20:09:57","guid":{"rendered":"https:\/\/www.padrelascasas.cl\/newplc\/?page_id=7810"},"modified":"2023-05-08T11:36:09","modified_gmt":"2023-05-08T14:36:09","slug":"actas-de-concejo-2008","status":"publish","type":"page","link":"https:\/\/padrelascasas.cl\/newplc\/actas-de-concejo-2008\/","title":{"rendered":"Acta de sesi\u00f3n ordinaria del Concejo Municipal &#8211; 2008"},"content":{"rendered":"\n<figure class=\"wp-block-table has-small-font-size\"><table><thead><tr><th>A\u00f1o<\/th><th>Tipolog\u00eda del Acto<\/th><th>Tipo de acto<\/th><th>Denominaci\u00f3n del acto<\/th><th>N\u00famero del acto<\/th><th>Fecha<\/th><th>Fecha de publicaci\u00f3n en el DO o Fecha de Publicidad (seg\u00fan Art.45 y siguientes Ley 19.880)<\/th><th>Indicaci\u00f3n del medio y forma de publicidad (seg\u00fan Art.45 y siguientes Ley 19.880)<\/th><th>Tiene efectos generales<\/th><th>Fecha \u00faltima actualizaci\u00f3n (dd\/mm\/aaaa), si corresponde a actos y resoluciones con efectos generales<\/th><th>Breve descripci\u00f3n del objeto del acto<\/th><th>Enlace a la publicaci\u00f3n o archivo correspondiente<\/th><th>Enlace a la modificaci\u00f3n o archivo correspondiente<\/th><\/tr><\/thead><tbody><tr><td>2008<\/td><td>Actas Concejo Municipal<\/td><td>Acta<\/td><td>Acta de Sesi\u00f3n Ordinaria del Concejo Municipal<\/td><td>2<\/td><td>22\/12\/2008<\/td><td>22\/12\/2008<\/td><td>Portal Transparencia<\/td><td>No<\/td><td>No Aplica<\/td><td>Acta Concejo 02 &#8211; 2008 y Resumen de Acuerdos a\u00f1o 2008<\/td><td><a href=\"http:\/\/www.padrelascasas.cl\/transparencia_activa_plc\/07.%20Actos%20y%20resoluciones%20con%20efectos%20sobre%20terceras%20personas\/actas_concejo_municipal\/sesion_ordinaria_2008\/SESION%20ORDINARIA%2002-08.pdf\" target=\"_blank\" rel=\"noreferrer noopener\">Enlace<\/a><\/td><td>No aplica<\/td><\/tr><tr><td>2008<\/td><td>Actas Concejo Municipal<\/td><td>Acta<\/td><td>Acta de Sesi\u00f3n Ordinaria del Concejo Municipal<\/td><td>1<\/td><td>15\/12\/2008<\/td><td>15\/12\/2008<\/td><td>Portal Transparencia<\/td><td>No<\/td><td>No Aplica<\/td><td>Acta Concejo 01 &#8211; 2008<\/td><td><a href=\"http:\/\/www.padrelascasas.cl\/transparencia_activa_plc\/07.%20Actos%20y%20resoluciones%20con%20efectos%20sobre%20terceras%20personas\/actas_concejo_municipal\/sesion_ordinaria_2008\/SESION%20ORDINARIA%2001-2008.pdf\" target=\"_blank\" rel=\"noreferrer noopener\">Enlace<\/a><\/td><td>No aplica<\/td><\/tr><tr><td>2008<\/td><td>Actas Concejo Municipal<\/td><td>Acta<\/td><td>Acta de Sesi\u00f3n Ordinaria del Concejo Municipal<\/td><td>137<\/td><td>05\/12\/2008<\/td><td>05\/12\/2008<\/td><td>Portal Transparencia<\/td><td>No<\/td><td>No Aplica<\/td><td>Acta Concejo 137 &#8211; 2008<\/td><td><a href=\"http:\/\/www.padrelascasas.cl\/transparencia_activa_plc\/07.%20Actos%20y%20resoluciones%20con%20efectos%20sobre%20terceras%20personas\/actas_concejo_municipal\/sesion_ordinaria_2008\/ACTA%20CONCEJO%20137.pdf\" target=\"_blank\" rel=\"noreferrer noopener\">Enlace<\/a><\/td><td>No aplica<\/td><\/tr><tr><td>2008<\/td><td>Actas Concejo Municipal<\/td><td>Acta<\/td><td>Acta de Sesi\u00f3n Ordinaria del Concejo Municipal<\/td><td>136<\/td><td>03\/12\/2008<\/td><td>03\/12\/2008<\/td><td>Portal Transparencia<\/td><td>No<\/td><td>No Aplica<\/td><td>Acta Concejo 136 &#8211; 2008<\/td><td><a href=\"http:\/\/www.padrelascasas.cl\/transparencia_activa_plc\/07.%20Actos%20y%20resoluciones%20con%20efectos%20sobre%20terceras%20personas\/actas_concejo_municipal\/sesion_ordinaria_2008\/ACTA%20CONCEJO%20136-2008.pdf\" target=\"_blank\" rel=\"noreferrer noopener\">Enlace<\/a><\/td><td>No aplica<\/td><\/tr><tr><td>2008<\/td><td>Actas Concejo Municipal<\/td><td>Acta<\/td><td>Acta de Sesi\u00f3n Ordinaria del Concejo Municipal<\/td><td>135<\/td><td>01\/12\/2008<\/td><td>01\/12\/2008<\/td><td>Portal Transparencia<\/td><td>No<\/td><td>No Aplica<\/td><td>Acta Concejo 135 &#8211; 2008<\/td><td><a href=\"http:\/\/www.padrelascasas.cl\/transparencia_activa_plc\/07.%20Actos%20y%20resoluciones%20con%20efectos%20sobre%20terceras%20personas\/actas_concejo_municipal\/sesion_ordinaria_2008\/ACTA%20CONCEJO%20135-2008.pdf\" target=\"_blank\" rel=\"noreferrer noopener\">Enlace<\/a><\/td><td>No aplica<\/td><\/tr><tr><td>2008<\/td><td>Actas Concejo Municipal<\/td><td>Acta<\/td><td>Acta de Sesi\u00f3n Ordinaria del Concejo Municipal<\/td><td>134<\/td><td>21\/11\/2008<\/td><td>21\/11\/2008<\/td><td>Portal Transparencia<\/td><td>No<\/td><td>No Aplica<\/td><td>Acta Concejo 134 &#8211; 2008<\/td><td><a href=\"http:\/\/www.padrelascasas.cl\/transparencia_activa_plc\/07.%20Actos%20y%20resoluciones%20con%20efectos%20sobre%20terceras%20personas\/actas_concejo_municipal\/sesion_ordinaria_2008\/ACTA%20CONCEJO%20134-2008.pdf\" target=\"_blank\" rel=\"noreferrer noopener\">Enlace<\/a><\/td><td>No aplica<\/td><\/tr><tr><td>2008<\/td><td>Actas Concejo Municipal<\/td><td>Acta<\/td><td>Acta de Sesi\u00f3n Ordinaria del Concejo Municipal<\/td><td>133<\/td><td>10\/11\/2008<\/td><td>10\/11\/2008<\/td><td>Portal Transparencia<\/td><td>No<\/td><td>No Aplica<\/td><td>Acta Concejo 133 &#8211; 2008<\/td><td><a href=\"http:\/\/www.padrelascasas.cl\/transparencia_activa_plc\/07.%20Actos%20y%20resoluciones%20con%20efectos%20sobre%20terceras%20personas\/actas_concejo_municipal\/sesion_ordinaria_2008\/ACTA%20CONCEJO%20133-2008.pdf\" target=\"_blank\" rel=\"noreferrer noopener\">Enlace<\/a><\/td><td>No aplica<\/td><\/tr><tr><td>2008<\/td><td>Actas Concejo Municipal<\/td><td>Acta<\/td><td>Acta de Sesi\u00f3n Ordinaria del Concejo Municipal<\/td><td>132<\/td><td>03\/11\/2008<\/td><td>03\/11\/2008<\/td><td>Portal Transparencia<\/td><td>No<\/td><td>No Aplica<\/td><td>Acta Concejo 132 &#8211; 2008<\/td><td><a href=\"http:\/\/www.padrelascasas.cl\/transparencia_activa_plc\/07.%20Actos%20y%20resoluciones%20con%20efectos%20sobre%20terceras%20personas\/actas_concejo_municipal\/sesion_ordinaria_2008\/ACTA%20CONCEJO%20132-2008.pdf\" target=\"_blank\" rel=\"noreferrer noopener\">Enlace<\/a><\/td><td>No aplica<\/td><\/tr><tr><td>2008<\/td><td>Actas Concejo Municipal<\/td><td>Acta<\/td><td>Acta de Sesi\u00f3n Ordinaria del Concejo Municipal<\/td><td>131<\/td><td>20\/10\/2008<\/td><td>20\/10\/2008<\/td><td>Portal Transparencia<\/td><td>No<\/td><td>No Aplica<\/td><td>Acta Concejo 131 &#8211; 2008<\/td><td><a href=\"http:\/\/www.padrelascasas.cl\/transparencia_activa_plc\/07.%20Actos%20y%20resoluciones%20con%20efectos%20sobre%20terceras%20personas\/actas_concejo_municipal\/sesion_ordinaria_2008\/ACTA%20CONCEJO%20131-2008.pdf\" target=\"_blank\" rel=\"noreferrer noopener\">Enlace<\/a><\/td><td>No aplica<\/td><\/tr><tr><td>2008<\/td><td>Actas Concejo Municipal<\/td><td>Acta<\/td><td>Acta de Sesi\u00f3n Ordinaria del Concejo Municipal<\/td><td>130<\/td><td>13\/10\/2008<\/td><td>13\/10\/2008<\/td><td>Portal Transparencia<\/td><td>No<\/td><td>No Aplica<\/td><td>Acta Concejo 130 &#8211; 2008<\/td><td><a href=\"http:\/\/www.padrelascasas.cl\/transparencia_activa_plc\/07.%20Actos%20y%20resoluciones%20con%20efectos%20sobre%20terceras%20personas\/actas_concejo_municipal\/sesion_ordinaria_2008\/ACTA%20CONCEJO%20130-2008.pdf\" target=\"_blank\" rel=\"noreferrer noopener\">Enlace<\/a><\/td><td>No aplica<\/td><\/tr><tr><td>2008<\/td><td>Actas Concejo Municipal<\/td><td>Acta<\/td><td>Acta de Sesi\u00f3n Ordinaria del Concejo Municipal<\/td><td>129<\/td><td>06\/10\/2008<\/td><td>06\/10\/2008<\/td><td>Portal Transparencia<\/td><td>No<\/td><td>No Aplica<\/td><td>Acta Concejo 129 &#8211; 2008<\/td><td><a href=\"http:\/\/www.padrelascasas.cl\/transparencia_activa_plc\/07.%20Actos%20y%20resoluciones%20con%20efectos%20sobre%20terceras%20personas\/actas_concejo_municipal\/sesion_ordinaria_2008\/ACTA%20CONCEJO%20129-2008.pdf\" target=\"_blank\" rel=\"noreferrer noopener\">Enlace<\/a><\/td><td>No aplica<\/td><\/tr><tr><td>2008<\/td><td>Actas Concejo Municipal<\/td><td>Acta<\/td><td>Acta de Sesi\u00f3n Ordinaria del Concejo Municipal<\/td><td>128<\/td><td>15\/09\/2008<\/td><td>15\/09\/2008<\/td><td>Portal Transparencia<\/td><td>No<\/td><td>No Aplica<\/td><td>Acta Concejo 128 &#8211; 2008<\/td><td><a href=\"http:\/\/www.padrelascasas.cl\/transparencia_activa_plc\/07.%20Actos%20y%20resoluciones%20con%20efectos%20sobre%20terceras%20personas\/actas_concejo_municipal\/sesion_ordinaria_2008\/ACTA%20CONCEJO%20128-2008.pdf\" target=\"_blank\" rel=\"noreferrer noopener\">Enlace<\/a><\/td><td>No aplica<\/td><\/tr><tr><td>2008<\/td><td>Actas Concejo Municipal<\/td><td>Acta<\/td><td>Acta de Sesi\u00f3n Ordinaria del Concejo Municipal<\/td><td>127<\/td><td>08\/09\/2008<\/td><td>08\/09\/2008<\/td><td>Portal Transparencia<\/td><td>No<\/td><td>No Aplica<\/td><td>Acta Concejo 127 &#8211; 2008<\/td><td><a href=\"http:\/\/www.padrelascasas.cl\/transparencia_activa_plc\/07.%20Actos%20y%20resoluciones%20con%20efectos%20sobre%20terceras%20personas\/actas_concejo_municipal\/sesion_ordinaria_2008\/ACTA%20CONCEJO%20127-2008.pdf\" target=\"_blank\" rel=\"noreferrer noopener\">Enlace<\/a><\/td><td>No aplica<\/td><\/tr><tr><td>2008<\/td><td>Actas Concejo Municipal<\/td><td>Acta<\/td><td>Acta de Sesi\u00f3n Ordinaria del Concejo Municipal<\/td><td>126<\/td><td>01\/09\/2008<\/td><td>01\/09\/2008<\/td><td>Portal Transparencia<\/td><td>No<\/td><td>No Aplica<\/td><td>Acta Concejo 126 &#8211; 2008<\/td><td><a href=\"http:\/\/www.padrelascasas.cl\/transparencia_activa_plc\/07.%20Actos%20y%20resoluciones%20con%20efectos%20sobre%20terceras%20personas\/actas_concejo_municipal\/sesion_ordinaria_2008\/ACTA%20CONCEJO%20126-2008.pdf\" target=\"_blank\" rel=\"noreferrer noopener\">Enlace<\/a><\/td><td>No aplica<\/td><\/tr><tr><td>2008<\/td><td>Actas Concejo Municipal<\/td><td>Acta<\/td><td>Acta de Sesi\u00f3n Ordinaria del Concejo Municipal<\/td><td>125<\/td><td>18\/08\/2008<\/td><td>18\/08\/2008<\/td><td>Portal Transparencia<\/td><td>No<\/td><td>No Aplica<\/td><td>Acta Concejo 125 &#8211; 2008<\/td><td><a href=\"http:\/\/www.padrelascasas.cl\/transparencia_activa_plc\/07.%20Actos%20y%20resoluciones%20con%20efectos%20sobre%20terceras%20personas\/actas_concejo_municipal\/sesion_ordinaria_2008\/ACTA%20CONCEJO%20125-2008.pdf\" target=\"_blank\" rel=\"noreferrer noopener\">Enlace<\/a><\/td><td>No aplica<\/td><\/tr><tr><td>2008<\/td><td>Actas Concejo Municipal<\/td><td>Acta<\/td><td>Acta de Sesi\u00f3n Ordinaria del Concejo Municipal<\/td><td>124<\/td><td>11\/08\/2008<\/td><td>11\/08\/2008<\/td><td>Portal Transparencia<\/td><td>No<\/td><td>No Aplica<\/td><td>Acta Concejo 124 &#8211; 2008<\/td><td><a href=\"http:\/\/www.padrelascasas.cl\/transparencia_activa_plc\/07.%20Actos%20y%20resoluciones%20con%20efectos%20sobre%20terceras%20personas\/actas_concejo_municipal\/sesion_ordinaria_2008\/ACTA%20CONCEJO%20124-2008.pdf\" target=\"_blank\" rel=\"noreferrer noopener\">Enlace<\/a><\/td><td>No aplica<\/td><\/tr><tr><td>2008<\/td><td>Actas Concejo Municipal<\/td><td>Acta<\/td><td>Acta de Sesi\u00f3n Ordinaria del Concejo Municipal<\/td><td>123<\/td><td>04\/08\/2008<\/td><td>04\/08\/2008<\/td><td>Portal Transparencia<\/td><td>No<\/td><td>No Aplica<\/td><td>Acta Concejo 123 &#8211; 2008<\/td><td><a href=\"http:\/\/www.padrelascasas.cl\/transparencia_activa_plc\/07.%20Actos%20y%20resoluciones%20con%20efectos%20sobre%20terceras%20personas\/actas_concejo_municipal\/sesion_ordinaria_2008\/ACTA%20CONCEJO%20123-2008.pdf\" target=\"_blank\" rel=\"noreferrer noopener\">Enlace<\/a><\/td><td>No aplica<\/td><\/tr><tr><td>2008<\/td><td>Actas Concejo Municipal<\/td><td>Acta<\/td><td>Acta de Sesi\u00f3n Ordinaria del Concejo Municipal<\/td><td>122<\/td><td>21\/07\/2008<\/td><td>21\/07\/2008<\/td><td>Portal Transparencia<\/td><td>No<\/td><td>No Aplica<\/td><td>Acta Concejo 122 &#8211; 2008<\/td><td><a href=\"http:\/\/www.padrelascasas.cl\/transparencia_activa_plc\/07.%20Actos%20y%20resoluciones%20con%20efectos%20sobre%20terceras%20personas\/actas_concejo_municipal\/sesion_ordinaria_2008\/ACTA%20CONCEJO%20122-2008.pdf\" target=\"_blank\" rel=\"noreferrer noopener\">Enlace<\/a><\/td><td>No aplica<\/td><\/tr><tr><td>2008<\/td><td>Actas Concejo Municipal<\/td><td>Acta<\/td><td>Acta de Sesi\u00f3n Ordinaria del Concejo Municipal<\/td><td>121<\/td><td>14\/07\/2008<\/td><td>14\/07\/2008<\/td><td>Portal Transparencia<\/td><td>No<\/td><td>No Aplica<\/td><td>Acta Concejo 121 &#8211; 2008<\/td><td><a href=\"http:\/\/www.padrelascasas.cl\/transparencia_activa_plc\/07.%20Actos%20y%20resoluciones%20con%20efectos%20sobre%20terceras%20personas\/actas_concejo_municipal\/sesion_ordinaria_2008\/ACTA%20CONCEJO%20121-2008.pdf\" target=\"_blank\" rel=\"noreferrer noopener\">Enlace<\/a><\/td><td>No aplica<\/td><\/tr><tr><td>2008<\/td><td>Actas Concejo Municipal<\/td><td>Acta<\/td><td>Acta de Sesi\u00f3n Ordinaria del Concejo Municipal<\/td><td>120<\/td><td>07\/07\/2008<\/td><td>07\/07\/2008<\/td><td>Portal Transparencia<\/td><td>No<\/td><td>No Aplica<\/td><td>Acta Concejo 120 &#8211; 2008<\/td><td><a href=\"http:\/\/www.padrelascasas.cl\/transparencia_activa_plc\/07.%20Actos%20y%20resoluciones%20con%20efectos%20sobre%20terceras%20personas\/actas_concejo_municipal\/sesion_ordinaria_2008\/ACTA%20CONCEJO%20120-2008.pdf\" target=\"_blank\" rel=\"noreferrer noopener\">Enlace<\/a><\/td><td>No aplica<\/td><\/tr><tr><td>2008<\/td><td>Actas Concejo Municipal<\/td><td>Acta<\/td><td>Acta de Sesi\u00f3n Ordinaria del Concejo Municipal<\/td><td>119<\/td><td>16\/06\/2008<\/td><td>16\/06\/2008<\/td><td>Portal Transparencia<\/td><td>No<\/td><td>No Aplica<\/td><td>Acta Concejo 119 &#8211; 2008<\/td><td><a href=\"http:\/\/www.padrelascasas.cl\/transparencia_activa_plc\/07.%20Actos%20y%20resoluciones%20con%20efectos%20sobre%20terceras%20personas\/actas_concejo_municipal\/sesion_ordinaria_2008\/ACTA%20CONCEJO%20119-2008.pdf\" target=\"_blank\" rel=\"noreferrer noopener\">Enlace<\/a><\/td><td>No aplica<\/td><\/tr><tr><td>2008<\/td><td>Actas Concejo Municipal<\/td><td>Acta<\/td><td>Acta de Sesi\u00f3n Ordinaria del Concejo Municipal<\/td><td>118<\/td><td>09\/06\/2008<\/td><td>09\/06\/2008<\/td><td>Portal Transparencia<\/td><td>No<\/td><td>No Aplica<\/td><td>Acta Concejo 118 &#8211; 2008<\/td><td><a href=\"http:\/\/www.padrelascasas.cl\/transparencia_activa_plc\/07.%20Actos%20y%20resoluciones%20con%20efectos%20sobre%20terceras%20personas\/actas_concejo_municipal\/sesion_ordinaria_2008\/ACTA%20CONCEJO%20118-2008.pdf\" target=\"_blank\" rel=\"noreferrer noopener\">Enlace<\/a><\/td><td>No aplica<\/td><\/tr><tr><td>2008<\/td><td>Actas Concejo Municipal<\/td><td>Acta<\/td><td>Acta de Sesi\u00f3n Ordinaria del Concejo Municipal<\/td><td>117<\/td><td>02\/06\/2008<\/td><td>02\/06\/2008<\/td><td>Portal Transparencia<\/td><td>No<\/td><td>No Aplica<\/td><td>Acta Concejo 117 &#8211; 2008<\/td><td><a href=\"http:\/\/www.padrelascasas.cl\/transparencia_activa_plc\/07.%20Actos%20y%20resoluciones%20con%20efectos%20sobre%20terceras%20personas\/actas_concejo_municipal\/sesion_ordinaria_2008\/ACTA%20CONCEJO%20117-2008.pdf\" target=\"_blank\" rel=\"noreferrer noopener\">Enlace<\/a><\/td><td>No aplica<\/td><\/tr><tr><td>2008<\/td><td>Actas Concejo Municipal<\/td><td>Acta<\/td><td>Acta de Sesi\u00f3n Ordinaria del Concejo Municipal<\/td><td>116<\/td><td>13\/05\/2008<\/td><td>13\/05\/2008<\/td><td>Portal Transparencia<\/td><td>No<\/td><td>No Aplica<\/td><td>Acta Concejo 116 &#8211; 2008<\/td><td><a href=\"http:\/\/www.padrelascasas.cl\/transparencia_activa_plc\/07.%20Actos%20y%20resoluciones%20con%20efectos%20sobre%20terceras%20personas\/actas_concejo_municipal\/sesion_ordinaria_2008\/ACTA%20CONCEJO%20116-2008.pdf\" target=\"_blank\" rel=\"noreferrer noopener\">Enlace<\/a><\/td><td>No aplica<\/td><\/tr><tr><td>2008<\/td><td>Actas Concejo Municipal<\/td><td>Acta<\/td><td>Acta de Sesi\u00f3n Ordinaria del Concejo Municipal<\/td><td>115<\/td><td>12\/05\/2008<\/td><td>12\/05\/2008<\/td><td>Portal Transparencia<\/td><td>No<\/td><td>No Aplica<\/td><td>Acta Concejo 115 &#8211; 2008<\/td><td><a href=\"http:\/\/www.padrelascasas.cl\/transparencia_activa_plc\/07.%20Actos%20y%20resoluciones%20con%20efectos%20sobre%20terceras%20personas\/actas_concejo_municipal\/sesion_ordinaria_2008\/ACTA%20CONCEJO%20115-2008.pdf\" target=\"_blank\" rel=\"noreferrer noopener\">Enlace<\/a><\/td><td>No aplica<\/td><\/tr><tr><td>2008<\/td><td>Actas Concejo Municipal<\/td><td>Acta<\/td><td>Acta de Sesi\u00f3n Ordinaria del Concejo Municipal<\/td><td>114<\/td><td>05\/05\/2008<\/td><td>05\/05\/2008<\/td><td>Portal Transparencia<\/td><td>No<\/td><td>No Aplica<\/td><td>Acta Concejo 114 &#8211; 2008<\/td><td><a href=\"http:\/\/www.padrelascasas.cl\/transparencia_activa_plc\/07.%20Actos%20y%20resoluciones%20con%20efectos%20sobre%20terceras%20personas\/actas_concejo_municipal\/sesion_ordinaria_2008\/ACTA%20CONCEJO%20114-2008.pdf\" target=\"_blank\" rel=\"noreferrer noopener\">Enlace<\/a><\/td><td>No aplica<\/td><\/tr><tr><td>2008<\/td><td>Actas Concejo Municipal<\/td><td>Acta<\/td><td>Acta de Sesi\u00f3n Ordinaria del Concejo Municipal<\/td><td>113<\/td><td>21\/04\/2008<\/td><td>21\/04\/2008<\/td><td>Portal Transparencia<\/td><td>No<\/td><td>No Aplica<\/td><td>Acta Concejo 113 &#8211; 2008<\/td><td><a href=\"http:\/\/www.padrelascasas.cl\/transparencia_activa_plc\/07.%20Actos%20y%20resoluciones%20con%20efectos%20sobre%20terceras%20personas\/actas_concejo_municipal\/sesion_ordinaria_2008\/ACTA%20CONCEJO%20113-2008.pdf\" target=\"_blank\" rel=\"noreferrer noopener\">Enlace<\/a><\/td><td>No aplica<\/td><\/tr><tr><td>2008<\/td><td>Actas Concejo Municipal<\/td><td>Acta<\/td><td>Acta de Sesi\u00f3n Ordinaria del Concejo Municipal<\/td><td>112<\/td><td>14\/04\/2008<\/td><td>14\/04\/2008<\/td><td>Portal Transparencia<\/td><td>No<\/td><td>No Aplica<\/td><td>Acta Concejo 112 &#8211; 2008<\/td><td><a href=\"http:\/\/www.padrelascasas.cl\/transparencia_activa_plc\/07.%20Actos%20y%20resoluciones%20con%20efectos%20sobre%20terceras%20personas\/actas_concejo_municipal\/sesion_ordinaria_2008\/ACTA%20CONCEJO%20112-2008.pdf\" target=\"_blank\" rel=\"noreferrer noopener\">Enlace<\/a><\/td><td>No aplica<\/td><\/tr><tr><td>2008<\/td><td>Actas Concejo Municipal<\/td><td>Acta<\/td><td>Acta de Sesi\u00f3n Ordinaria del Concejo Municipal<\/td><td>111<\/td><td>07\/04\/2008<\/td><td>07\/04\/2008<\/td><td>Portal Transparencia<\/td><td>No<\/td><td>No Aplica<\/td><td>Acta Concejo 111 &#8211; 2008<\/td><td><a href=\"http:\/\/www.padrelascasas.cl\/transparencia_activa_plc\/07.%20Actos%20y%20resoluciones%20con%20efectos%20sobre%20terceras%20personas\/actas_concejo_municipal\/sesion_ordinaria_2008\/ACTA%20CONCEJO%20111-2008.pdf\" target=\"_blank\" rel=\"noreferrer noopener\">Enlace<\/a><\/td><td>No aplica<\/td><\/tr><tr><td>2008<\/td><td>Actas Concejo Municipal<\/td><td>Acta<\/td><td>Acta de Sesi\u00f3n Ordinaria del Concejo Municipal<\/td><td>110<\/td><td>18\/03\/2008<\/td><td>18\/03\/2008<\/td><td>Portal Transparencia<\/td><td>No<\/td><td>No Aplica<\/td><td>Acta Concejo 110 &#8211; 2008<\/td><td><a href=\"http:\/\/www.padrelascasas.cl\/transparencia_activa_plc\/07.%20Actos%20y%20resoluciones%20con%20efectos%20sobre%20terceras%20personas\/actas_concejo_municipal\/sesion_ordinaria_2008\/ACTA%20CONCEJO%20110-2008.pdf\" target=\"_blank\" rel=\"noreferrer noopener\">Enlace<\/a><\/td><td>No aplica<\/td><\/tr><tr><td>2008<\/td><td>Actas Concejo Municipal<\/td><td>Acta<\/td><td>Acta de Sesi\u00f3n Ordinaria del Concejo Municipal<\/td><td>109<\/td><td>10\/03\/2008<\/td><td>10\/03\/2008<\/td><td>Portal Transparencia<\/td><td>No<\/td><td>No Aplica<\/td><td>Acta Concejo 109 &#8211; 2008<\/td><td><a href=\"http:\/\/www.padrelascasas.cl\/transparencia_activa_plc\/07.%20Actos%20y%20resoluciones%20con%20efectos%20sobre%20terceras%20personas\/actas_concejo_municipal\/sesion_ordinaria_2008\/ACTA%20CONCEJO%20109-2008.pdf\" target=\"_blank\" rel=\"noreferrer noopener\">Enlace<\/a><\/td><td>No aplica<\/td><\/tr><tr><td>2008<\/td><td>Actas Concejo Municipal<\/td><td>Acta<\/td><td>Acta de Sesi\u00f3n Ordinaria del Concejo Municipal<\/td><td>108<\/td><td>03\/03\/2008<\/td><td>03\/03\/2008<\/td><td>Portal Transparencia<\/td><td>No<\/td><td>No Aplica<\/td><td>Acta Concejo 108 &#8211; 2008<\/td><td><a href=\"http:\/\/www.padrelascasas.cl\/transparencia_activa_plc\/07.%20Actos%20y%20resoluciones%20con%20efectos%20sobre%20terceras%20personas\/actas_concejo_municipal\/sesion_ordinaria_2008\/ACTA%20CONCEJO%20108-2008.pdf\" target=\"_blank\" rel=\"noreferrer noopener\">Enlace<\/a><\/td><td>No aplica<\/td><\/tr><tr><td>2008<\/td><td>Actas Concejo Municipal<\/td><td>Acta<\/td><td>Acta de Sesi\u00f3n Ordinaria del Concejo Municipal<\/td><td>107<\/td><td>29\/02\/2008<\/td><td>29\/02\/2008<\/td><td>Portal Transparencia<\/td><td>No<\/td><td>No Aplica<\/td><td>Acta Concejo 107 &#8211; 2008<\/td><td><a href=\"http:\/\/www.padrelascasas.cl\/transparencia_activa_plc\/07.%20Actos%20y%20resoluciones%20con%20efectos%20sobre%20terceras%20personas\/actas_concejo_municipal\/sesion_ordinaria_2008\/ACTA%20CONCEJO%20107-2008.pdf\" target=\"_blank\" rel=\"noreferrer noopener\">Enlace<\/a><\/td><td>No aplica<\/td><\/tr><tr><td>2008<\/td><td>Actas Concejo Municipal<\/td><td>Acta<\/td><td>Acta de Sesi\u00f3n Ordinaria del Concejo Municipal<\/td><td>106<\/td><td>28\/02\/2008<\/td><td>28\/02\/2008<\/td><td>Portal Transparencia<\/td><td>No<\/td><td>No Aplica<\/td><td>Acta Concejo 106 &#8211; 2008<\/td><td><a href=\"http:\/\/www.padrelascasas.cl\/transparencia_activa_plc\/07.%20Actos%20y%20resoluciones%20con%20efectos%20sobre%20terceras%20personas\/actas_concejo_municipal\/sesion_ordinaria_2008\/ACTA%20CONCEJO%20106-2008.pdf\" target=\"_blank\" rel=\"noreferrer noopener\">Enlace<\/a><\/td><td>No aplica<\/td><\/tr><tr><td>2008<\/td><td>Actas Concejo Municipal<\/td><td>Acta<\/td><td>Acta de Sesi\u00f3n Ordinaria del Concejo Municipal<\/td><td>105<\/td><td>04\/02\/2008<\/td><td>04\/02\/2008<\/td><td>Portal Transparencia<\/td><td>No<\/td><td>No Aplica<\/td><td>Acta Concejo 105 &#8211; 2008<\/td><td><a href=\"http:\/\/www.padrelascasas.cl\/transparencia_activa_plc\/07.%20Actos%20y%20resoluciones%20con%20efectos%20sobre%20terceras%20personas\/actas_concejo_municipal\/sesion_ordinaria_2008\/ACTA%20CONCEJO%20105-2008.pdf\" target=\"_blank\" rel=\"noreferrer noopener\">Enlace<\/a><\/td><td>No aplica<\/td><\/tr><tr><td>2008<\/td><td>Actas Concejo Municipal<\/td><td>Acta<\/td><td>Acta de Sesi\u00f3n Ordinaria del Concejo Municipal<\/td><td>104<\/td><td>21\/01\/2008<\/td><td>21\/01\/2008<\/td><td>Portal Transparencia<\/td><td>No<\/td><td>No Aplica<\/td><td>Acta Concejo 104 &#8211; 2008<\/td><td><a href=\"http:\/\/www.padrelascasas.cl\/transparencia_activa_plc\/07.%20Actos%20y%20resoluciones%20con%20efectos%20sobre%20terceras%20personas\/actas_concejo_municipal\/sesion_ordinaria_2008\/ACTA%20CONCEJO%20104-2008.pdf\" target=\"_blank\" rel=\"noreferrer noopener\">Enlace<\/a><\/td><td>No aplica<\/td><\/tr><tr><td>2008<\/td><td>Actas Concejo Municipal<\/td><td>Acta<\/td><td>Acta de Sesi\u00f3n Ordinaria del Concejo Municipal<\/td><td>103<\/td><td>14\/01\/2008<\/td><td>14\/01\/2008<\/td><td>Portal Transparencia<\/td><td>No<\/td><td>No Aplica<\/td><td>Acta Concejo 103 &#8211; 2008<\/td><td><a href=\"http:\/\/www.padrelascasas.cl\/transparencia_activa_plc\/07.%20Actos%20y%20resoluciones%20con%20efectos%20sobre%20terceras%20personas\/actas_concejo_municipal\/sesion_ordinaria_2008\/ACTA%20CONCEJO%20103-2008.pdf\" target=\"_blank\" rel=\"noreferrer noopener\">Enlace<\/a><\/td><td>No aplica<\/td><\/tr><tr><td>2008<\/td><td>Actas Concejo Municipal<\/td><td>Acta<\/td><td>Acta de Sesi\u00f3n Ordinaria del Concejo Municipal<\/td><td>102<\/td><td>07\/01\/2008<\/td><td>07\/01\/2008<\/td><td>Portal Transparencia<\/td><td>No<\/td><td>No Aplica<\/td><td>Acta Concejo 102 &#8211; 2008<\/td><td><a href=\"http:\/\/www.padrelascasas.cl\/transparencia_activa_plc\/07.%20Actos%20y%20resoluciones%20con%20efectos%20sobre%20terceras%20personas\/actas_concejo_municipal\/sesion_ordinaria_2008\/ACTA%20CONCEJO%20102-2008.pdf\" target=\"_blank\" rel=\"noreferrer noopener\">Enlace<\/a><\/td><td>No aplica<\/td><\/tr><\/tbody><\/table><\/figure>\n","protected":false},"excerpt":{"rendered":"<p>A\u00f1o Tipolog\u00eda del Acto Tipo de acto Denominaci\u00f3n del acto N\u00famero del acto Fecha Fecha de publicaci\u00f3n en el DO o Fecha de Publicidad (seg\u00fan Art.45 y siguientes Ley 19.880) Indicaci\u00f3n del medio y forma de publicidad (seg\u00fan Art.45 y siguientes Ley 19.880) Tiene efectos generales Fecha \u00faltima actualizaci\u00f3n (dd\/mm\/aaaa), si corresponde a actos y [&hellip;]<\/p>\n","protected":false},"author":1,"featured_media":0,"parent":0,"menu_order":0,"comment_status":"closed","ping_status":"closed","template":"","meta":{"pgc_sgb_lightbox_settings":"","footnotes":""},"class_list":["post-7810","page","type-page","status-publish","hentry"],"_links":{"self":[{"href":"https:\/\/padrelascasas.cl\/newplc\/wp-json\/wp\/v2\/pages\/7810","targetHints":{"allow":["GET"]}}],"collection":[{"href":"https:\/\/padrelascasas.cl\/newplc\/wp-json\/wp\/v2\/pages"}],"about":[{"href":"https:\/\/padrelascasas.cl\/newplc\/wp-json\/wp\/v2\/types\/page"}],"author":[{"embeddable":true,"href":"https:\/\/padrelascasas.cl\/newplc\/wp-json\/wp\/v2\/users\/1"}],"replies":[{"embeddable":true,"href":"https:\/\/padrelascasas.cl\/newplc\/wp-json\/wp\/v2\/comments?post=7810"}],"version-history":[{"count":0,"href":"https:\/\/padrelascasas.cl\/newplc\/wp-json\/wp\/v2\/pages\/7810\/revisions"}],"wp:attachment":[{"href":"https:\/\/padrelascasas.cl\/newplc\/wp-json\/wp\/v2\/media?parent=7810"}],"curies":[{"name":"wp","href":"https:\/\/api.w.org\/{rel}","templated":true}]}}