{"id":7851,"date":"2023-05-08T11:55:40","date_gmt":"2023-05-08T14:55:40","guid":{"rendered":"https:\/\/www.padrelascasas.cl\/newplc\/?page_id=7851"},"modified":"2023-05-08T11:55:42","modified_gmt":"2023-05-08T14:55:42","slug":"acta-de-sesion-extraordinaria-del-concejo-municipal-2011","status":"publish","type":"page","link":"https:\/\/padrelascasas.cl\/newplc\/acta-de-sesion-extraordinaria-del-concejo-municipal-2011\/","title":{"rendered":"Acta de sesi\u00f3n extraordinaria del Concejo Municipal &#8211; 2011"},"content":{"rendered":"\n<figure class=\"wp-block-table has-small-font-size\"><table><thead><tr><th>A\u00f1o<\/th><th>Tipolog\u00eda del Acto<\/th><th>Tipo de acto<\/th><th>Denominaci\u00f3n del acto<\/th><th>N\u00famero del acto<\/th><th>Fecha<\/th><th>Fecha de publicaci\u00f3n en el DO o Fecha de Publicidad (seg\u00fan Art.45 y siguientes Ley 19.880)<\/th><th>Indicaci\u00f3n del medio y forma de publicidad (seg\u00fan Art.45 y siguientes Ley 19.880)<\/th><th>Tiene efectos generales<\/th><th>Fecha \u00faltima actualizaci\u00f3n (dd\/mm\/aaaa), si corresponde a actos y resoluciones con efectos generales<\/th><th>Breve descripci\u00f3n del objeto del acto<\/th><th>Enlace a la publicaci\u00f3n o archivo correspondiente<\/th><th>Enlace a la modificaci\u00f3n o archivo correspondiente<\/th><\/tr><\/thead><tbody><tr><td>2011<\/td><td>Actas Concejo Municipal<\/td><td>Acta<\/td><td>Acta de Sesi\u00f3n Extraordinaria del Concejo Municipal<\/td><td>59<\/td><td>27\/12\/2011<\/td><td>27\/12\/2011<\/td><td>Portal Transparencia<\/td><td>No<\/td><td>No Aplica<\/td><td>Acta de sesi\u00f3n extraordinaria N\u00b0 59 del Concejo Municipal y resumen de acuerdo.<\/td><td><a href=\"http:\/\/www.padrelascasas.cl\/transparencia_activa_plc\/07.%20Actos%20y%20resoluciones%20con%20efectos%20sobre%20terceras%20personas\/actas_concejo_municipal\/sesion_extraordinaria_2011\/EXTRAORDINARIA%2059%20DEL%2027.12.11.pdf\" target=\"_blank\" rel=\"noreferrer noopener\">Enlace<\/a><\/td><td>No aplica<\/td><\/tr><tr><td>2011<\/td><td>Actas Concejo Municipal<\/td><td>Acta<\/td><td>Acta de Sesi\u00f3n Extraordinaria del Concejo Municipal<\/td><td>58<\/td><td>22\/12\/2011<\/td><td>22\/12\/2011<\/td><td>Portal Transparencia<\/td><td>No<\/td><td>No Aplica<\/td><td>Acta de sesi\u00f3n extraordinaria N\u00b0 58 del Concejo Municipal y resumen de acuerdo.<\/td><td><a href=\"http:\/\/www.padrelascasas.cl\/transparencia_activa_plc\/07.%20Actos%20y%20resoluciones%20con%20efectos%20sobre%20terceras%20personas\/actas_concejo_municipal\/sesion_extraordinaria_2011\/EXTRAORDINARIA%2058%20DEL%2022.12.11.pdf\" target=\"_blank\" rel=\"noreferrer noopener\">Enlace<\/a><\/td><td>No aplica<\/td><\/tr><tr><td>2011<\/td><td>Actas Concejo Municipal<\/td><td>Acta<\/td><td>Acta de Sesi\u00f3n Extraordinaria del Concejo Municipal<\/td><td>57<\/td><td>14\/12\/2011<\/td><td>14\/12\/2011<\/td><td>Portal Transparencia<\/td><td>No<\/td><td>No Aplica<\/td><td>Acta de sesi\u00f3n extraordinaria N\u00b0 57 del Concejo Municipal y resumen de acuerdo.<\/td><td><a href=\"http:\/\/www.padrelascasas.cl\/transparencia_activa_plc\/07.%20Actos%20y%20resoluciones%20con%20efectos%20sobre%20terceras%20personas\/actas_concejo_municipal\/sesion_extraordinaria_2011\/EXTRAORDINARIA%2057%20DEL%2014.12.11.pdf\" target=\"_blank\" rel=\"noreferrer noopener\">Enlace<\/a><\/td><td>No aplica<\/td><\/tr><tr><td>2011<\/td><td>Actas Concejo Municipal<\/td><td>Acta<\/td><td>Acta de Sesi\u00f3n Extraordinaria del Concejo Municipal<\/td><td>56<\/td><td>07\/12\/2011<\/td><td>07\/12\/2011<\/td><td>Portal Transparencia<\/td><td>No<\/td><td>No Aplica<\/td><td>Acta de sesi\u00f3n extraordinaria N\u00b0 56 del Concejo Municipal y resumen de acuerdo.<\/td><td><a href=\"http:\/\/www.padrelascasas.cl\/transparencia_activa_plc\/07.%20Actos%20y%20resoluciones%20con%20efectos%20sobre%20terceras%20personas\/actas_concejo_municipal\/sesion_extraordinaria_2011\/EXTRAORDINARIA%2056%20DEL%2007.12.pdf\" target=\"_blank\" rel=\"noreferrer noopener\">Enlace<\/a><\/td><td>No aplica<\/td><\/tr><tr><td>2011<\/td><td>Actas Concejo Municipal<\/td><td>Acta<\/td><td>Acta de Sesi\u00f3n Extraordinaria del Concejo Municipal<\/td><td>55<\/td><td>24\/11\/2011<\/td><td>24\/11\/2011<\/td><td>Portal Transparencia<\/td><td>No<\/td><td>No Aplica<\/td><td>Acta de sesi\u00f3n extraordinaria N\u00b0 55 del Concejo Municipal y resumen de acuerdo.<\/td><td><a href=\"http:\/\/www.padrelascasas.cl\/transparencia_activa_plc\/07.%20Actos%20y%20resoluciones%20con%20efectos%20sobre%20terceras%20personas\/actas_concejo_municipal\/sesion_extraordinaria_2011\/EXTRAORDINARIA%2055%20DEL%2024.11.11.pdf\" target=\"_blank\" rel=\"noreferrer noopener\">Enlace<\/a><\/td><td>No aplica<\/td><\/tr><tr><td>2011<\/td><td>Actas Concejo Municipal<\/td><td>Acta<\/td><td>Acta de Sesi\u00f3n Extraordinaria del Concejo Municipal<\/td><td>54<\/td><td>24\/11\/2011<\/td><td>24\/11\/2011<\/td><td>Portal Transparencia<\/td><td>No<\/td><td>No Aplica<\/td><td>Acta de sesi\u00f3n extraordinaria N\u00b0 55 del Concejo Municipal y resumen de acuerdo.<\/td><td><a href=\"http:\/\/www.padrelascasas.cl\/transparencia_activa_plc\/07.%20Actos%20y%20resoluciones%20con%20efectos%20sobre%20terceras%20personas\/actas_concejo_municipal\/sesion_extraordinaria_2011\/EXTRAORDINARIA%2054%20DEL%2024.11.11.pdf\" target=\"_blank\" rel=\"noreferrer noopener\">Enlace<\/a><\/td><td>No aplica<\/td><\/tr><tr><td>2011<\/td><td>Actas Concejo Municipal<\/td><td>Acta<\/td><td>Acta de Sesi\u00f3n Extraordinaria del Concejo Municipal<\/td><td>53<\/td><td>09\/11\/2011<\/td><td>09\/11\/2011<\/td><td>Portal Transparencia<\/td><td>No<\/td><td>No Aplica<\/td><td>Acta de sesi\u00f3n extraordinaria N\u00b0 53 del Concejo Municipal y resumen de acuerdo.<\/td><td><a href=\"http:\/\/www.padrelascasas.cl\/transparencia_activa_plc\/07.%20Actos%20y%20resoluciones%20con%20efectos%20sobre%20terceras%20personas\/actas_concejo_municipal\/sesion_extraordinaria_2011\/EXTRAORDINARIA%2053%20DEL%2009%2011%2011.pdf\" target=\"_blank\" rel=\"noreferrer noopener\">Enlace<\/a><\/td><td>No aplica<\/td><\/tr><tr><td>2011<\/td><td>Actas Concejo Municipal<\/td><td>Acta<\/td><td>Acta de Sesi\u00f3n Extraordinaria del Concejo Municipal<\/td><td>52<\/td><td>28\/10\/2011<\/td><td>28\/10\/2011<\/td><td>Portal Transparencia<\/td><td>No<\/td><td>No Aplica<\/td><td>Acta de sesi\u00f3n extraordinaria N\u00b0 52 del Concejo Municipal y resumen de acuerdo.<\/td><td><a href=\"http:\/\/www.padrelascasas.cl\/transparencia_activa_plc\/07.%20Actos%20y%20resoluciones%20con%20efectos%20sobre%20terceras%20personas\/actas_concejo_municipal\/sesion_extraordinaria_2011\/EXTRAORDINARIA%2052%20DEL%2028.10.11.pdf\" target=\"_blank\" rel=\"noreferrer noopener\">Enlace<\/a><\/td><td>No aplica<\/td><\/tr><tr><td>2011<\/td><td>Actas Concejo Municipal<\/td><td>Acta<\/td><td>Acta de Sesi\u00f3n Extraordinaria del Concejo Municipal<\/td><td>51<\/td><td>13\/10\/2011<\/td><td>13\/10\/2011<\/td><td>Portal Transparencia<\/td><td>No<\/td><td>No Aplica<\/td><td>Acta de sesi\u00f3n extraordinaria N\u00b0 51 del Concejo Municipal y resumen de acuerdo.<\/td><td><a href=\"http:\/\/www.padrelascasas.cl\/transparencia_activa_plc\/07.%20Actos%20y%20resoluciones%20con%20efectos%20sobre%20terceras%20personas\/actas_concejo_municipal\/sesion_extraordinaria_2011\/EXTRAORDINARIA%2051%20DEL%2013.10.11.pdf\" target=\"_blank\" rel=\"noreferrer noopener\">Enlace<\/a><\/td><td>No aplica<\/td><\/tr><tr><td>2011<\/td><td>Actas Concejo Municipal<\/td><td>Acta<\/td><td>Acta de Sesi\u00f3n Extraordinaria del Concejo Municipal<\/td><td>50<\/td><td>07\/10\/2011<\/td><td>07\/10\/2011<\/td><td>Portal Transparencia<\/td><td>No<\/td><td>No Aplica<\/td><td>Acta de sesi\u00f3n extraordinaria N\u00b0 50 del Concejo Municipal y resumen de acuerdo.<\/td><td><a href=\"http:\/\/www.padrelascasas.cl\/transparencia_activa_plc\/07.%20Actos%20y%20resoluciones%20con%20efectos%20sobre%20terceras%20personas\/actas_concejo_municipal\/sesion_extraordinaria_2011\/EXTRAORDINARIA%2050%20DEL%2007.10.11.pdf\" target=\"_blank\" rel=\"noreferrer noopener\">Enlace<\/a><\/td><td>No aplica<\/td><\/tr><tr><td>2011<\/td><td>Actas Concejo Municipal<\/td><td>Acta<\/td><td>Acta de Sesi\u00f3n Extraordinaria del Concejo Municipal<\/td><td>49<\/td><td>30\/09\/2011<\/td><td>30\/09\/2011<\/td><td>Portal Transparencia<\/td><td>No<\/td><td>No Aplica<\/td><td>Acta de sesi\u00f3n extraordinaria N\u00b0 49 del Concejo Municipal y resumen de acuerdo.<\/td><td><a href=\"http:\/\/www.padrelascasas.cl\/transparencia_activa_plc\/07.%20Actos%20y%20resoluciones%20con%20efectos%20sobre%20terceras%20personas\/actas_concejo_municipal\/sesion_extraordinaria_2011\/EXTRAORDINARIA%2049%20DEL%2030.09.11.pdf\" target=\"_blank\" rel=\"noreferrer noopener\">Enlace<\/a><\/td><td>No aplica<\/td><\/tr><tr><td>2011<\/td><td>Actas Concejo Municipal<\/td><td>Acta<\/td><td>Acta de Sesi\u00f3n Extraordinaria del Concejo Municipal<\/td><td>48<\/td><td>07\/09\/2011<\/td><td>07\/09\/2011<\/td><td>Portal Transparencia<\/td><td>No<\/td><td>No Aplica<\/td><td>Acta de sesi\u00f3n extraordinaria N\u00b0 48 del Concejo Municipal y resumen de acuerdo.<\/td><td><a href=\"http:\/\/www.padrelascasas.cl\/transparencia_activa_plc\/07.%20Actos%20y%20resoluciones%20con%20efectos%20sobre%20terceras%20personas\/actas_concejo_municipal\/sesion_extraordinaria_2011\/EXTRAORDINARIA%2048%20DEL%2007.09.11.pdf\" target=\"_blank\" rel=\"noreferrer noopener\">Enlace<\/a><\/td><td>No aplica<\/td><\/tr><tr><td>2011<\/td><td>Actas Concejo Municipal<\/td><td>Acta<\/td><td>Acta de Sesi\u00f3n Extraordinaria del Concejo Municipal<\/td><td>47<\/td><td>29\/08\/2011<\/td><td>29\/08\/2011<\/td><td>Portal Transparencia<\/td><td>No<\/td><td>No Aplica<\/td><td>Acta de sesi\u00f3n extraordinaria N\u00b0 47 del Concejo Municipal y resumen de acuerdo.<\/td><td><a href=\"http:\/\/www.padrelascasas.cl\/transparencia_activa_plc\/07.%20Actos%20y%20resoluciones%20con%20efectos%20sobre%20terceras%20personas\/actas_concejo_municipal\/sesion_extraordinaria_2011\/EXTRAORDINARIA%2047%20DEL%2029.08.11.pdf\" target=\"_blank\" rel=\"noreferrer noopener\">Enlace<\/a><\/td><td>No aplica<\/td><\/tr><tr><td>2011<\/td><td>Actas Concejo Municipal<\/td><td>Acta<\/td><td>Acta de Sesi\u00f3n Extraordinaria del Concejo Municipal<\/td><td>46<\/td><td>27\/07\/2011<\/td><td>27\/07\/2011<\/td><td>Portal Transparencia<\/td><td>No<\/td><td>No Aplica<\/td><td>Acta de sesi\u00f3n extraordinaria N\u00b0 46 del Concejo Municipal y resumen de acuerdo.<\/td><td><a href=\"http:\/\/www.padrelascasas.cl\/transparencia_activa_plc\/07.%20Actos%20y%20resoluciones%20con%20efectos%20sobre%20terceras%20personas\/actas_concejo_municipal\/sesion_extraordinaria_2011\/EXTRAORDINARIA%2046%20DEL%2027.07.11.pdf\" target=\"_blank\" rel=\"noreferrer noopener\">Enlace<\/a><\/td><td>No aplica<\/td><\/tr><tr><td>2011<\/td><td>Actas Concejo Municipal<\/td><td>Acta<\/td><td>Acta de Sesi\u00f3n Extraordinaria del Concejo Municipal<\/td><td>45<\/td><td>19\/07\/2011<\/td><td>19\/07\/2011<\/td><td>Portal Transparencia<\/td><td>No<\/td><td>No Aplica<\/td><td>Acta de sesi\u00f3n extraordinaria N\u00b0 45 del Concejo Municipal y resumen de acuerdo.<\/td><td><a href=\"http:\/\/www.padrelascasas.cl\/transparencia_activa_plc\/07.%20Actos%20y%20resoluciones%20con%20efectos%20sobre%20terceras%20personas\/actas_concejo_municipal\/sesion_extraordinaria_2011\/EXTRAORDINARIA%2045%20DEL%2019.07.11.pdf\" target=\"_blank\" rel=\"noreferrer noopener\">Enlace<\/a><\/td><td>No aplica<\/td><\/tr><tr><td>2011<\/td><td>Actas Concejo Municipal<\/td><td>Acta<\/td><td>Acta de Sesi\u00f3n Extraordinaria del Concejo Municipal<\/td><td>44<\/td><td>27\/05\/2011<\/td><td>27\/05\/2011<\/td><td>Portal Transparencia<\/td><td>No<\/td><td>No Aplica<\/td><td>Acta de sesi\u00f3n extraordinaria N\u00b0 44 del Concejo Municipal y resumen de acuerdo.<\/td><td><a href=\"http:\/\/www.padrelascasas.cl\/transparencia_activa_plc\/07.%20Actos%20y%20resoluciones%20con%20efectos%20sobre%20terceras%20personas\/actas_concejo_municipal\/sesion_extraordinaria_2011\/EXTRAORDINARIA%2044%20DEL%2027.05.11.pdf\" target=\"_blank\" rel=\"noreferrer noopener\">Enlace<\/a><\/td><td>No aplica<\/td><\/tr><tr><td>2011<\/td><td>Actas Concejo Municipal<\/td><td>Acta<\/td><td>Acta de Sesi\u00f3n Extraordinaria del Concejo Municipal<\/td><td>43<\/td><td>25\/04\/2011<\/td><td>25\/04\/2011<\/td><td>Portal Transparencia<\/td><td>No<\/td><td>No Aplica<\/td><td>Acta de sesi\u00f3n extraordinaria N\u00b0 43 del Concejo Municipal y resumen de acuerdo.<\/td><td><a href=\"http:\/\/www.padrelascasas.cl\/transparencia_activa_plc\/07.%20Actos%20y%20resoluciones%20con%20efectos%20sobre%20terceras%20personas\/actas_concejo_municipal\/sesion_extraordinaria_2011\/EXTRAORDINARIA%2043%20DEL%2025.04.11.pdf\" target=\"_blank\" rel=\"noreferrer noopener\">Enlace<\/a><\/td><td>No aplica<\/td><\/tr><tr><td>2011<\/td><td>Actas Concejo Municipal<\/td><td>Acta<\/td><td>Acta de Sesi\u00f3n Extraordinaria del Concejo Municipal<\/td><td>42<\/td><td>21\/03\/2011<\/td><td>21\/03\/2011<\/td><td>Portal Transparencia<\/td><td>No<\/td><td>No Aplica<\/td><td>Acta de sesi\u00f3n extraordinaria N\u00b0 42 del Concejo Municipal y resumen de acuerdo.<\/td><td><a href=\"http:\/\/www.padrelascasas.cl\/transparencia_activa_plc\/07.%20Actos%20y%20resoluciones%20con%20efectos%20sobre%20terceras%20personas\/actas_concejo_municipal\/sesion_extraordinaria_2011\/EXTRAORDINARIA%2042%20DEL%2021.03.11.pdf\" target=\"_blank\" rel=\"noreferrer noopener\">Enlace<\/a><\/td><td>No aplica<\/td><\/tr><tr><td>2011<\/td><td>Actas Concejo Municipal<\/td><td>Acta<\/td><td>Acta de Sesi\u00f3n Extraordinaria del Concejo Municipal<\/td><td>41<\/td><td>24\/01\/2011<\/td><td>24\/01\/2011<\/td><td>Portal Transparencia<\/td><td>No<\/td><td>No Aplica<\/td><td>Acta de sesi\u00f3n extraordinaria N\u00b0 41 del Concejo Municipal y resumen de acuerdo.<\/td><td><a href=\"http:\/\/www.padrelascasas.cl\/transparencia_activa_plc\/07.%20Actos%20y%20resoluciones%20con%20efectos%20sobre%20terceras%20personas\/actas_concejo_municipal\/sesion_extraordinaria_2011\/EXTRAORDINARIA%2041%2024.01.11.pdf\" target=\"_blank\" rel=\"noreferrer noopener\">Enlace<\/a><\/td><td>No aplica<\/td><\/tr><\/tbody><\/table><\/figure>\n","protected":false},"excerpt":{"rendered":"<p>A\u00f1o Tipolog\u00eda del Acto Tipo de acto Denominaci\u00f3n del acto N\u00famero del acto Fecha Fecha de publicaci\u00f3n en el DO o Fecha de Publicidad (seg\u00fan Art.45 y siguientes Ley 19.880) Indicaci\u00f3n del medio y forma de publicidad (seg\u00fan Art.45 y siguientes Ley 19.880) Tiene efectos generales Fecha \u00faltima actualizaci\u00f3n (dd\/mm\/aaaa), si corresponde a actos y [&hellip;]<\/p>\n","protected":false},"author":1,"featured_media":0,"parent":0,"menu_order":0,"comment_status":"closed","ping_status":"closed","template":"","meta":{"pgc_sgb_lightbox_settings":"","footnotes":""},"class_list":["post-7851","page","type-page","status-publish","hentry"],"_links":{"self":[{"href":"https:\/\/padrelascasas.cl\/newplc\/wp-json\/wp\/v2\/pages\/7851","targetHints":{"allow":["GET"]}}],"collection":[{"href":"https:\/\/padrelascasas.cl\/newplc\/wp-json\/wp\/v2\/pages"}],"about":[{"href":"https:\/\/padrelascasas.cl\/newplc\/wp-json\/wp\/v2\/types\/page"}],"author":[{"embeddable":true,"href":"https:\/\/padrelascasas.cl\/newplc\/wp-json\/wp\/v2\/users\/1"}],"replies":[{"embeddable":true,"href":"https:\/\/padrelascasas.cl\/newplc\/wp-json\/wp\/v2\/comments?post=7851"}],"version-history":[{"count":0,"href":"https:\/\/padrelascasas.cl\/newplc\/wp-json\/wp\/v2\/pages\/7851\/revisions"}],"wp:attachment":[{"href":"https:\/\/padrelascasas.cl\/newplc\/wp-json\/wp\/v2\/media?parent=7851"}],"curies":[{"name":"wp","href":"https:\/\/api.w.org\/{rel}","templated":true}]}}