{"id":7867,"date":"2023-05-08T12:05:25","date_gmt":"2023-05-08T15:05:25","guid":{"rendered":"https:\/\/www.padrelascasas.cl\/newplc\/?page_id=7867"},"modified":"2023-05-08T12:05:27","modified_gmt":"2023-05-08T15:05:27","slug":"acta-de-sesion-extraordinaria-del-concejo-municipal-2018","status":"publish","type":"page","link":"https:\/\/padrelascasas.cl\/newplc\/acta-de-sesion-extraordinaria-del-concejo-municipal-2018\/","title":{"rendered":"Acta de sesi\u00f3n extraordinaria del Concejo Municipal &#8211; 2018"},"content":{"rendered":"\n<figure class=\"wp-block-table has-small-font-size\"><table><thead><tr><th>A\u00f1o<\/th><th>Tipolog\u00eda del Acto<\/th><th>Tipo de acto<\/th><th>Denominaci\u00f3n del acto<\/th><th>N\u00famero del acto<\/th><th>Fecha<\/th><th>Fecha de publicaci\u00f3n en el DO o Fecha de Publicidad (seg\u00fan Art.45 y siguientes Ley 19.880)<\/th><th>Indicaci\u00f3n del medio y forma de publicidad (seg\u00fan Art.45 y siguientes Ley 19.880)<\/th><th>Tiene efectos generales<\/th><th>Fecha \u00faltima actualizaci\u00f3n (dd\/mm\/aaaa), si corresponde a actos y resoluciones con efectos generales<\/th><th>Breve descripci\u00f3n del objeto del acto<\/th><th>Enlace a la publicaci\u00f3n o archivo correspondiente<\/th><th>Enlace a la modificaci\u00f3n o archivo correspondiente<\/th><\/tr><\/thead><tbody><tr><td>2018<\/td><td>Actas Concejo Municipal<\/td><td>Acta<\/td><td>Acta de Sesi\u00f3n Extraordinaria del Concejo Municipal<\/td><td>27<\/td><td>27\/12\/2018<\/td><td>27\/12\/2018<\/td><td>Portal Transparencia<\/td><td>No<\/td><td>No Aplica<\/td><td>Acta de sesi\u00f3n extraordinaria N\u00b0 27 del Concejo Municipal y resumen de acuerdo.<\/td><td><a href=\"http:\/\/www.padrelascasas.cl\/transparencia_activa_plc\/07.%20Actos%20y%20resoluciones%20con%20efectos%20sobre%20terceras%20personas\/actas_concejo_municipal\/sesion_extraordinaria_2018\/ACTA%20SESION%20EXTRAORD.%20N%2027%20DEL%2027.12.18.pdf\" target=\"_blank\" rel=\"noreferrer noopener\">Enlace<\/a><\/td><td>No aplica<\/td><\/tr><tr><td>2018<\/td><td>Actas Concejo Municipal<\/td><td>Acta<\/td><td>Acta de Sesi\u00f3n Extraordinaria del Concejo Municipal<\/td><td>26<\/td><td>27\/12\/2018<\/td><td>27\/12\/2018<\/td><td>Portal Transparencia<\/td><td>No<\/td><td>No Aplica<\/td><td>Acta de sesi\u00f3n extraordinaria N\u00b0 26 del Concejo Municipal y resumen de acuerdo.<\/td><td><a href=\"http:\/\/www.padrelascasas.cl\/transparencia_activa_plc\/07.%20Actos%20y%20resoluciones%20con%20efectos%20sobre%20terceras%20personas\/actas_concejo_municipal\/sesion_extraordinaria_2018\/ACTA%20SESION%20EXTRAORD.%20N%2026%20DEL%2027.12.18.pdf\" target=\"_blank\" rel=\"noreferrer noopener\">Enlace<\/a><\/td><td>No aplica<\/td><\/tr><tr><td>2018<\/td><td>Actas Concejo Municipal<\/td><td>Acta<\/td><td>Acta de Sesi\u00f3n Extraordinaria del Concejo Municipal<\/td><td>25<\/td><td>14\/12\/2018<\/td><td>14\/12\/2018<\/td><td>Portal Transparencia<\/td><td>No<\/td><td>No Aplica<\/td><td>Acta de sesi\u00f3n extraordinaria N\u00b0 25 del Concejo Municipal y resumen de acuerdo.<\/td><td><a href=\"http:\/\/www.padrelascasas.cl\/transparencia_activa_plc\/07.%20Actos%20y%20resoluciones%20con%20efectos%20sobre%20terceras%20personas\/actas_concejo_municipal\/sesion_extraordinaria_2018\/ACTA%20SESION%20EXTRAORD.%20N%2025%20DEL%2014.12.18.pdf\" target=\"_blank\" rel=\"noreferrer noopener\">Enlace<\/a><\/td><td>No aplica<\/td><\/tr><tr><td>2018<\/td><td>Actas Concejo Municipal<\/td><td>Acta<\/td><td>Acta de Sesi\u00f3n Extraordinaria del Concejo Municipal<\/td><td>24<\/td><td>29\/11\/2018<\/td><td>29\/11\/2018<\/td><td>Portal Transparencia<\/td><td>No<\/td><td>No Aplica<\/td><td>Acta de sesi\u00f3n extraordinaria N\u00b0 24 del Concejo Municipal y resumen de acuerdo.<\/td><td><a href=\"http:\/\/www.padrelascasas.cl\/transparencia_activa_plc\/07.%20Actos%20y%20resoluciones%20con%20efectos%20sobre%20terceras%20personas\/actas_concejo_municipal\/sesion_extraordinaria_2018\/ACTA%20SESION%20EXTRAORD.%20N%2024%20DEL%2029.11.18.pdf\" target=\"_blank\" rel=\"noreferrer noopener\">Enlace<\/a><\/td><td>No aplica<\/td><\/tr><tr><td>2018<\/td><td>Actas Concejo Municipal<\/td><td>Acta<\/td><td>Acta de Sesi\u00f3n Extraordinaria del Concejo Municipal<\/td><td>23<\/td><td>22\/11\/2018<\/td><td>22\/11\/2018<\/td><td>Portal Transparencia<\/td><td>No<\/td><td>No Aplica<\/td><td>Acta de sesi\u00f3n extraordinaria N\u00b0 23 del Concejo Municipal y resumen de acuerdo.<\/td><td><a href=\"http:\/\/www.padrelascasas.cl\/transparencia_activa_plc\/07.%20Actos%20y%20resoluciones%20con%20efectos%20sobre%20terceras%20personas\/actas_concejo_municipal\/sesion_extraordinaria_2018\/ACTA%20SESION%20EXTRAORD.%20N%2023%20DEL%2022.11.18.pdf\" target=\"_blank\" rel=\"noreferrer noopener\">Enlace<\/a><\/td><td>No aplica<\/td><\/tr><tr><td>2018<\/td><td>Actas Concejo Municipal<\/td><td>Acta<\/td><td>Acta de Sesi\u00f3n Extraordinaria del Concejo Municipal<\/td><td>22<\/td><td>28\/08\/2018<\/td><td>28\/08\/2018<\/td><td>Portal Transparencia<\/td><td>No<\/td><td>No Aplica<\/td><td>Acta de sesi\u00f3n extraordinaria N\u00b0 22 del Concejo Municipal y resumen de acuerdo.<\/td><td><a href=\"http:\/\/www.padrelascasas.cl\/transparencia_activa_plc\/07.%20Actos%20y%20resoluciones%20con%20efectos%20sobre%20terceras%20personas\/actas_concejo_municipal\/sesion_extraordinaria_2018\/ACTA%20SESION%20EXTRAORD.%20N%2022%20DEL%2005.10.18.pdf\" target=\"_blank\" rel=\"noreferrer noopener\">Enlace<\/a><\/td><td>No aplica<\/td><\/tr><tr><td>2018<\/td><td>Actas Concejo Municipal<\/td><td>Acta<\/td><td>Acta de Sesi\u00f3n Extraordinaria del Concejo Municipal<\/td><td>21<\/td><td>19\/07\/2018<\/td><td>19\/07\/2018<\/td><td>Portal Transparencia<\/td><td>No<\/td><td>No Aplica<\/td><td>Acta de sesi\u00f3n extraordinaria N\u00b0 21 del Concejo Municipal y resumen de acuerdo.<\/td><td><a href=\"http:\/\/www.padrelascasas.cl\/transparencia_activa_plc\/07.%20Actos%20y%20resoluciones%20con%20efectos%20sobre%20terceras%20personas\/actas_concejo_municipal\/sesion_extraordinaria_2018\/ACTA%20SESION%20EXTRAORD.%20N%2021%20DEL%2028.08.18.pdf\" target=\"_blank\" rel=\"noreferrer noopener\">Enlace<\/a><\/td><td>No aplica<\/td><\/tr><tr><td>2018<\/td><td>Actas Concejo Municipal<\/td><td>Acta<\/td><td>Acta de Sesi\u00f3n Extraordinaria del Concejo Municipal<\/td><td>20<\/td><td>19\/07\/2018<\/td><td>19\/07\/2018<\/td><td>Portal Transparencia<\/td><td>No<\/td><td>No Aplica<\/td><td>Acta de sesi\u00f3n extraordinaria N\u00b0 20 del Concejo Municipal y resumen de acuerdo.<\/td><td><a href=\"http:\/\/www.padrelascasas.cl\/transparencia_activa_plc\/07.%20Actos%20y%20resoluciones%20con%20efectos%20sobre%20terceras%20personas\/actas_concejo_municipal\/sesion_extraordinaria_2018\/ACTA%20SESION%20EXTRAORD.%20N%2020%20DEL%2019.07.18.pdf\" target=\"_blank\" rel=\"noreferrer noopener\">Enlace<\/a><\/td><td>No aplica<\/td><\/tr><tr><td>2018<\/td><td>Actas Concejo Municipal<\/td><td>Acta<\/td><td>Acta de Sesi\u00f3n Extraordinaria del Concejo Municipal<\/td><td>19<\/td><td>30\/05\/2018<\/td><td>30\/05\/2018<\/td><td>Portal Transparencia<\/td><td>No<\/td><td>No Aplica<\/td><td>Acta de sesi\u00f3n extraordinaria N\u00b0 19 del Concejo Municipal y resumen de acuerdo.<\/td><td><a href=\"http:\/\/www.padrelascasas.cl\/transparencia_activa_plc\/07.%20Actos%20y%20resoluciones%20con%20efectos%20sobre%20terceras%20personas\/actas_concejo_municipal\/sesion_extraordinaria_2018\/ACTA%20SESION%20EXTRAORD.%20N%2019%20DEL%2030.05.18.pdf\" target=\"_blank\" rel=\"noreferrer noopener\">Enlace<\/a><\/td><td>No aplica<\/td><\/tr><tr><td>2018<\/td><td>Actas Concejo Municipal<\/td><td>Acta<\/td><td>Acta de Sesi\u00f3n Extraordinaria del Concejo Municipal<\/td><td>18<\/td><td>03\/05\/2018<\/td><td>03\/05\/2018<\/td><td>Portal Transparencia<\/td><td>No<\/td><td>No Aplica<\/td><td>Acta de sesi\u00f3n extraordinaria N\u00b0 18 del Concejo Municipal y resumen de acuerdo.<\/td><td><a href=\"http:\/\/www.padrelascasas.cl\/transparencia_activa_plc\/07.%20Actos%20y%20resoluciones%20con%20efectos%20sobre%20terceras%20personas\/actas_concejo_municipal\/sesion_extraordinaria_2018\/ACTA%20SESION%20EXTRAORD.%20N%2018%20DEL%2003.05.18.pdf\" target=\"_blank\" rel=\"noreferrer noopener\">Enlace<\/a><\/td><td>No aplica<\/td><\/tr><tr><td>2018<\/td><td>Actas Concejo Municipal<\/td><td>Acta<\/td><td>Acta de Sesi\u00f3n Extraordinaria del Concejo Municipal<\/td><td>17<\/td><td>27\/04\/2018<\/td><td>27\/04\/2018<\/td><td>Portal Transparencia<\/td><td>No<\/td><td>No Aplica<\/td><td>Acta de sesi\u00f3n extraordinaria N\u00b0 17 del Concejo Municipal y resumen de acuerdo.<\/td><td><a href=\"http:\/\/www.padrelascasas.cl\/transparencia_activa_plc\/07.%20Actos%20y%20resoluciones%20con%20efectos%20sobre%20terceras%20personas\/actas_concejo_municipal\/sesion_extraordinaria_2018\/ACTA%20SESION%20EXTRAORD.%20N17%20DEL%2027.04.18.pdf\" target=\"_blank\" rel=\"noreferrer noopener\">Enlace<\/a><\/td><td>No aplica<\/td><\/tr><tr><td>2018<\/td><td>Actas Concejo Municipal<\/td><td>Acta<\/td><td>Acta de Sesi\u00f3n Extraordinaria del Concejo Municipal<\/td><td>16<\/td><td>09\/03\/2018<\/td><td>09\/03\/2018<\/td><td>Portal Transparencia<\/td><td>No<\/td><td>No Aplica<\/td><td>Acta de sesi\u00f3n extraordinaria N\u00b0 16 del Concejo Municipal y resumen de acuerdo.<\/td><td><a href=\"http:\/\/www.padrelascasas.cl\/transparencia_activa_plc\/07.%20Actos%20y%20resoluciones%20con%20efectos%20sobre%20terceras%20personas\/actas_concejo_municipal\/sesion_extraordinaria_2018\/ACTA%20SESIoN%20EXTRAORD.%20N%2016%20DEL%2009.03.18.pdf\" target=\"_blank\" rel=\"noreferrer noopener\">Enlace<\/a><\/td><td>No aplica<\/td><\/tr><\/tbody><\/table><\/figure>\n","protected":false},"excerpt":{"rendered":"<p>A\u00f1o Tipolog\u00eda del Acto Tipo de acto Denominaci\u00f3n del acto N\u00famero del acto Fecha Fecha de publicaci\u00f3n en el DO o Fecha de Publicidad (seg\u00fan Art.45 y siguientes Ley 19.880) Indicaci\u00f3n del medio y forma de publicidad (seg\u00fan Art.45 y siguientes Ley 19.880) Tiene efectos generales Fecha \u00faltima actualizaci\u00f3n (dd\/mm\/aaaa), si corresponde a actos y [&hellip;]<\/p>\n","protected":false},"author":1,"featured_media":0,"parent":0,"menu_order":0,"comment_status":"closed","ping_status":"closed","template":"","meta":{"pgc_sgb_lightbox_settings":"","footnotes":""},"class_list":["post-7867","page","type-page","status-publish","hentry"],"_links":{"self":[{"href":"https:\/\/padrelascasas.cl\/newplc\/wp-json\/wp\/v2\/pages\/7867","targetHints":{"allow":["GET"]}}],"collection":[{"href":"https:\/\/padrelascasas.cl\/newplc\/wp-json\/wp\/v2\/pages"}],"about":[{"href":"https:\/\/padrelascasas.cl\/newplc\/wp-json\/wp\/v2\/types\/page"}],"author":[{"embeddable":true,"href":"https:\/\/padrelascasas.cl\/newplc\/wp-json\/wp\/v2\/users\/1"}],"replies":[{"embeddable":true,"href":"https:\/\/padrelascasas.cl\/newplc\/wp-json\/wp\/v2\/comments?post=7867"}],"version-history":[{"count":0,"href":"https:\/\/padrelascasas.cl\/newplc\/wp-json\/wp\/v2\/pages\/7867\/revisions"}],"wp:attachment":[{"href":"https:\/\/padrelascasas.cl\/newplc\/wp-json\/wp\/v2\/media?parent=7867"}],"curies":[{"name":"wp","href":"https:\/\/api.w.org\/{rel}","templated":true}]}}