{"id":7877,"date":"2023-05-08T12:11:09","date_gmt":"2023-05-08T15:11:09","guid":{"rendered":"https:\/\/www.padrelascasas.cl\/newplc\/?page_id=7877"},"modified":"2024-02-20T10:11:13","modified_gmt":"2024-02-20T13:11:13","slug":"acta-de-sesion-extraordinaria-del-concejo-municipal-2023","status":"publish","type":"page","link":"https:\/\/padrelascasas.cl\/newplc\/acta-de-sesion-extraordinaria-del-concejo-municipal-2023\/","title":{"rendered":"Acta de sesi\u00f3n extraordinaria del Concejo Municipal &#8211; 2023"},"content":{"rendered":"\n<figure class=\"wp-block-table has-small-font-size\"><table><thead><tr><th>A\u00f1o<\/th><th>Mes<\/th><th>Tipolog\u00eda del Acto<\/th><th>Tipo de acto<\/th><th>Denominaci\u00f3n del acto<\/th><th>N\u00famero del acto<\/th><th>Fecha<\/th><th>Fecha de publicaci\u00f3n en el DO o Fecha de Publicidad (seg\u00fan Art.45 y siguientes Ley 19.880)<\/th><th>Indicaci\u00f3n del medio y forma de publicidad (seg\u00fan Art.45 y siguientes Ley 19.880)<\/th><th>Tiene efectos generales<\/th><th>Fecha \u00faltima actualizaci\u00f3n (dd\/mm\/aaaa), si corresponde a actos y resoluciones con efectos generales<\/th><th>Breve descripci\u00f3n del objeto del acto<\/th><th>V\u00ednculo al texto \u00edntegro y actualizado<\/th><\/tr><\/thead><tbody><tr><td>2023<\/td><td>Diciembre<\/td><td>Actas Concejo Municipal<\/td><td>Acta<\/td><td>Acta de Sesi\u00f3n Extraordinaria del Concejo Municipal<\/td><td>43<\/td><td>21\/12\/2023<\/td><td>21\/12\/2023<\/td><td>Portal Transparencia<\/td><td>No<\/td><td>No Aplica<\/td><td>Acta de sesi\u00f3n extraordinaria N\u00b043 del Concejo Municipal y resumen de acuerdo.<\/td><td><a href=\"http:\/\/www.padrelascasas.cl\/transparencia_activa_plc\/Otros%20Antecedentes\/Actas%20de%20Concejo%20Municipal\/actas_de_sesion\/2023\/ACTA%20SESION%20EXTRAORDINARIA%20N43%20DEL%2021.12.2023.pdf\" target=\"_blank\" rel=\"noreferrer noopener\">Enlace<\/a><\/td><\/tr><tr><td>2023<\/td><td>Diciembre<\/td><td>Actas Concejo Municipal<\/td><td>Acta<\/td><td>Acta de Sesi\u00f3n Extraordinaria del Concejo Municipal<\/td><td>42<\/td><td>14\/12\/2023<\/td><td>14\/12\/2023<\/td><td>Portal Transparencia<\/td><td>No<\/td><td>No Aplica<\/td><td>Acta de sesi\u00f3n extraordinaria N\u00b042 del Concejo Municipal y resumen de acuerdo.<\/td><td><a href=\"http:\/\/www.padrelascasas.cl\/transparencia_activa_plc\/Otros%20Antecedentes\/Actas%20de%20Concejo%20Municipal\/actas_de_sesion\/2023\/ACTA%20SESION%20EXTRAORDINARIA%20N42%20DEL%2014.12.2023.pdf\" target=\"_blank\" rel=\"noreferrer noopener\">Enlace<\/a><\/td><\/tr><tr><td>2023<\/td><td>Noviembre<\/td><td>Actas Concejo Municipal<\/td><td>Acta<\/td><td>Acta de Sesi\u00f3n Extraordinaria del Concejo Municipal<\/td><td>41<\/td><td>27\/11\/2023<\/td><td>27\/11\/2023<\/td><td>Portal Transparencia<\/td><td>No<\/td><td>No Aplica<\/td><td>Acta de sesi\u00f3n extraordinaria N\u00b041 del Concejo Municipal y resumen de acuerdo.<\/td><td><a href=\"http:\/\/www.padrelascasas.cl\/transparencia_activa_plc\/Otros%20Antecedentes\/Actas%20de%20Concejo%20Municipal\/actas_de_sesion\/2023\/ACTA%20SESION%20EXTRAORDINARIA%20N41%20DEL%2027.11.2023.pdf\" target=\"_blank\" rel=\"noreferrer noopener\">Enlace<\/a><\/td><\/tr><tr><td>2023<\/td><td>Octubre<\/td><td>Actas Concejo Municipal<\/td><td>Acta<\/td><td>Acta de Sesi\u00f3n Extraordinaria del Concejo Municipal<\/td><td>40<\/td><td>26\/10\/2023<\/td><td>26\/10\/2023<\/td><td>Portal Transparencia<\/td><td>No<\/td><td>No Aplica<\/td><td>Acta de sesi\u00f3n extraordinaria N\u00b040 del Concejo Municipal y resumen de acuerdo.<\/td><td><a href=\"http:\/\/www.padrelascasas.cl\/transparencia_activa_plc\/Otros%20Antecedentes\/Actas%20de%20Concejo%20Municipal\/actas_de_sesion\/2023\/ACTA%20SESION%20EXTRAORDINARIA%20N40%20DEL%2026.10.2023.pdf\" target=\"_blank\" rel=\"noreferrer noopener\">Enlace<\/a><\/td><\/tr><tr><td>2023<\/td><td>Octubre<\/td><td>Actas Concejo Municipal<\/td><td>Acta<\/td><td>Acta de Sesi\u00f3n Extraordinaria del Concejo Municipal<\/td><td>39<\/td><td>19\/10\/2023<\/td><td>19\/10\/2023<\/td><td>Portal Transparencia<\/td><td>No<\/td><td>No Aplica<\/td><td>Acta de sesi\u00f3n extraordinaria N\u00b039 del Concejo Municipal y resumen de acuerdo.<\/td><td><a href=\"http:\/\/www.padrelascasas.cl\/transparencia_activa_plc\/07.%20Actos%20y%20resoluciones%20con%20efectos%20sobre%20terceras%20personas\/actas_concejo_municipal\/sesion_extraordinaria_2023\/ACTA%20SESION%20EXTRAORDINARIA%20N39%20DEL%2019.10.2023.pdf\" target=\"_blank\" rel=\"noreferrer noopener\">Enlace<\/a><\/td><\/tr><tr><td>2023<\/td><td>Octubre<\/td><td>Actas Concejo Municipal<\/td><td>Acta<\/td><td>Acta de Sesi\u00f3n Extraordinaria del Concejo Municipal<\/td><td>38<\/td><td>06\/10\/2023<\/td><td>06\/10\/2023<\/td><td>Portal Transparencia<\/td><td>No<\/td><td>No Aplica<\/td><td>Acta de sesi\u00f3n extraordinaria N\u00b038 del Concejo Municipal y resumen de acuerdo.<\/td><td><a href=\"http:\/\/www.padrelascasas.cl\/transparencia_activa_plc\/07.%20Actos%20y%20resoluciones%20con%20efectos%20sobre%20terceras%20personas\/actas_concejo_municipal\/sesion_extraordinaria_2023\/ACTA%20SESION%20EXTRAORDINARIA%20N38%20DEL%2006.10.2023.pdf\" target=\"_blank\" rel=\"noreferrer noopener\">Enlace<\/a><\/td><\/tr><tr><td>2023<\/td><td>Septiembre<\/td><td>Actas Concejo Municipal<\/td><td>Acta<\/td><td>Acta de Sesi\u00f3n Extraordinaria del Concejo Municipal<\/td><td>37<\/td><td>25\/09\/2023<\/td><td>25\/09\/2023<\/td><td>Portal Transparencia<\/td><td>No<\/td><td>No Aplica<\/td><td>Acta de sesi\u00f3n extraordinaria N\u00b037 del Concejo Municipal y resumen de acuerdo.<\/td><td><a href=\"http:\/\/www.padrelascasas.cl\/transparencia_activa_plc\/07.%20Actos%20y%20resoluciones%20con%20efectos%20sobre%20terceras%20personas\/actas_concejo_municipal\/sesion_extraordinaria_2023\/ACTA%20SESION%20EXTRAORDINARIA%20N37%20DEL%2025.09.2023.pdf\" target=\"_blank\" rel=\"noreferrer noopener\">Enlace<\/a><\/td><\/tr><tr><td>2023<\/td><td>Julio<\/td><td>Actas Concejo Municipal<\/td><td>Acta<\/td><td>Acta de Sesi\u00f3n Extraordinaria del Concejo Municipal<\/td><td>36<\/td><td>25\/07\/2023<\/td><td>25\/07\/2023<\/td><td>Portal Transparencia<\/td><td>No<\/td><td>No Aplica<\/td><td>Acta de sesi\u00f3n extraordinaria N\u00b036 del Concejo Municipal y resumen de acuerdo.<\/td><td><a href=\"http:\/\/www.padrelascasas.cl\/transparencia_activa_plc\/2023\/Contenido%20Septiembre%202023\/actas\/Acta%20Sesion%20Extraordinaria%20N36%20CM%20de%20PLC.pdf\" target=\"_blank\" rel=\"noreferrer noopener\">Enlace<\/a><\/td><\/tr><tr><td>2023<\/td><td>Mayo<\/td><td>Actas Concejo Municipal<\/td><td>Acta<\/td><td>Acta de Sesi\u00f3n Extraordinaria del Concejo Municipal<\/td><td>35<\/td><td>30\/05\/2023<\/td><td>30\/05\/2023<\/td><td>Portal Transparencia<\/td><td>No<\/td><td>No Aplica<\/td><td>Acta de sesi\u00f3n extraordinaria N\u00b035 del Concejo Municipal y resumen de acuerdo.<\/td><td><a href=\"http:\/\/www.padrelascasas.cl\/transparencia_activa_plc\/07.%20Actos%20y%20resoluciones%20con%20efectos%20sobre%20terceras%20personas\/actas_concejo_municipal\/sesion_extraordinaria_2023\/ACTA%20SESION%20EXTRAORDINARIA%20N35%20DEL%2030.05.2023.pdf\" target=\"_blank\" rel=\"noreferrer noopener\">Enlace<\/a><\/td><\/tr><tr><td>2023<\/td><td>Mayo<\/td><td>Actas Concejo Municipal<\/td><td>Acta<\/td><td>Acta de Sesi\u00f3n Extraordinaria del Concejo Municipal<\/td><td>34<\/td><td>23\/05\/2023<\/td><td>23\/05\/2023<\/td><td>Portal Transparencia<\/td><td>No<\/td><td>No Aplica<\/td><td>Acta de sesi\u00f3n extraordinaria N\u00b034 del Concejo Municipal y resumen de acuerdo.<\/td><td><a href=\"http:\/\/www.padrelascasas.cl\/transparencia_activa_plc\/07.%20Actos%20y%20resoluciones%20con%20efectos%20sobre%20terceras%20personas\/actas_concejo_municipal\/sesion_extraordinaria_2023\/ACTA%20SESION%20EXTRAORDINARIA%20N34%20DEL%2023.05.2023.pdf\" target=\"_blank\" rel=\"noreferrer noopener\">Enlace<\/a><\/td><\/tr><tr><td>2023<\/td><td>Abril<\/td><td>Actas Concejo Municipal<\/td><td>Acta<\/td><td>Acta de Sesi\u00f3n Extraordinaria del Concejo Municipal<\/td><td>33<\/td><td>27\/04\/2023<\/td><td>27\/04\/2023<\/td><td>Portal Transparencia<\/td><td>No<\/td><td>No Aplica<\/td><td>Acta de sesi\u00f3n extraordinaria N\u00b033 del Concejo Municipal y resumen de acuerdo.<\/td><td><a href=\"http:\/\/www.padrelascasas.cl\/transparencia_activa_plc\/07.%20Actos%20y%20resoluciones%20con%20efectos%20sobre%20terceras%20personas\/actas_concejo_municipal\/sesion_extraordinaria_2023\/ACTA%20SESION%20EXTRAORDINARIA%20N33%20DEL%2027.04.2023.pdf\" target=\"_blank\" rel=\"noreferrer noopener\">Enlace<\/a><\/td><\/tr><tr><td>2023<\/td><td>Abril<\/td><td>Actas Concejo Municipal<\/td><td>Acta<\/td><td>Acta de Sesi\u00f3n Extraordinaria del Concejo Municipal<\/td><td>32<\/td><td>25\/04\/2023<\/td><td>25\/04\/2023<\/td><td>Portal Transparencia<\/td><td>No<\/td><td>No Aplica<\/td><td>Acta de sesi\u00f3n extraordinaria N\u00b032 del Concejo Municipal y resumen de acuerdo.<\/td><td><a href=\"http:\/\/www.padrelascasas.cl\/transparencia_activa_plc\/07.%20Actos%20y%20resoluciones%20con%20efectos%20sobre%20terceras%20personas\/actas_concejo_municipal\/sesion_extraordinaria_2023\/ACTA%20SESION%20EXTRAORDINARIA%20N32%20DEL%2025.04.2023.pdf\" target=\"_blank\" rel=\"noreferrer noopener\">Enlace<\/a><\/td><\/tr><tr><td>2023<\/td><td>Marzo<\/td><td>Actas Concejo Municipal<\/td><td>Acta<\/td><td>Acta de Sesi\u00f3n Extraordinaria del Concejo Municipal<\/td><td>31<\/td><td>28\/03\/2023<\/td><td>28\/03\/2023<\/td><td>Portal Transparencia<\/td><td>No<\/td><td>No Aplica<\/td><td>Acta de sesi\u00f3n extraordinaria N\u00b031 del Concejo Municipal y resumen de acuerdo.<\/td><td><a href=\"http:\/\/www.padrelascasas.cl\/transparencia_activa_plc\/07.%20Actos%20y%20resoluciones%20con%20efectos%20sobre%20terceras%20personas\/actas_concejo_municipal\/sesion_extraordinaria_2023\/ACTA%20SESION%20EXTRAORDINARIA%20N31%20DEL%2028.03.2023.pdf\" target=\"_blank\" rel=\"noreferrer noopener\">Enlace<\/a><\/td><\/tr><tr><td>2023<\/td><td>Febrero<\/td><td>Actas Concejo Municipal<\/td><td>Acta<\/td><td>Acta de Sesi\u00f3n Extraordinaria del Concejo Municipal<\/td><td>30<\/td><td>08\/02\/2023<\/td><td>08\/02\/2023<\/td><td>Portal Transparencia<\/td><td>No<\/td><td>No Aplica<\/td><td>Acta de sesi\u00f3n extraordinaria N\u00b030 del Concejo Municipal y resumen de acuerdo.<\/td><td><a href=\"http:\/\/www.padrelascasas.cl\/transparencia_activa_plc\/07.%20Actos%20y%20resoluciones%20con%20efectos%20sobre%20terceras%20personas\/actas_concejo_municipal\/sesion_extraordinaria_2023\/ACTA%20SESION%20EXTRAORDINARIA%20N30%20DEL%2008.02.2023.pdf\" target=\"_blank\" rel=\"noreferrer noopener\">Enlace<\/a><\/td><\/tr><tr><td>2023<\/td><td>Enero<\/td><td>Actas Concejo Municipal<\/td><td>Acta<\/td><td>Acta de Sesi\u00f3n Extraordinaria del Concejo Municipal<\/td><td>29<\/td><td>27\/01\/2023<\/td><td>27\/01\/2023<\/td><td>Portal Transparencia<\/td><td>No<\/td><td>No Aplica<\/td><td>Acta de sesi\u00f3n extraordinaria N\u00b029 del Concejo Municipal y resumen de acuerdo.<\/td><td><a href=\"http:\/\/www.padrelascasas.cl\/transparencia_activa_plc\/07.%20Actos%20y%20resoluciones%20con%20efectos%20sobre%20terceras%20personas\/actas_concejo_municipal\/sesion_extraordinaria_2023\/ACTA%20SESION%20EXTRAORDINARIA%20N29%20DEL%2027.01.2023.pdf\" target=\"_blank\" rel=\"noreferrer noopener\">Enlace<\/a><\/td><\/tr><tr><td>2023<\/td><td>Enero<\/td><td>Actas Concejo Municipal<\/td><td>Acta<\/td><td>Acta de Sesi\u00f3n Extraordinaria del Concejo Municipal<\/td><td>28<\/td><td>12\/01\/2023<\/td><td>12\/01\/2023<\/td><td>Portal Transparencia<\/td><td>No<\/td><td>No Aplica<\/td><td>Acta de sesi\u00f3n extraordinaria N\u00b028 del Concejo Municipal y resumen de acuerdo.<\/td><td><a href=\"http:\/\/www.padrelascasas.cl\/transparencia_activa_plc\/07.%20Actos%20y%20resoluciones%20con%20efectos%20sobre%20terceras%20personas\/actas_concejo_municipal\/sesion_extraordinaria_2023\/ACTA%20SESION%20EXTRAORDINARIA%20N28%20DEL%2012.01.23.pdf\" target=\"_blank\" rel=\"noreferrer noopener\">Enlace<\/a><\/td><\/tr><\/tbody><\/table><\/figure>\n","protected":false},"excerpt":{"rendered":"<p>A\u00f1o Mes Tipolog\u00eda del Acto Tipo de acto Denominaci\u00f3n del acto N\u00famero del acto Fecha Fecha de publicaci\u00f3n en el DO o Fecha de Publicidad (seg\u00fan Art.45 y siguientes Ley 19.880) Indicaci\u00f3n del medio y forma de publicidad (seg\u00fan Art.45 y siguientes Ley 19.880) Tiene efectos generales Fecha \u00faltima actualizaci\u00f3n (dd\/mm\/aaaa), si corresponde a actos [&hellip;]<\/p>\n","protected":false},"author":1,"featured_media":0,"parent":0,"menu_order":0,"comment_status":"closed","ping_status":"closed","template":"","meta":{"pgc_sgb_lightbox_settings":"","footnotes":""},"class_list":["post-7877","page","type-page","status-publish","hentry"],"_links":{"self":[{"href":"https:\/\/padrelascasas.cl\/newplc\/wp-json\/wp\/v2\/pages\/7877","targetHints":{"allow":["GET"]}}],"collection":[{"href":"https:\/\/padrelascasas.cl\/newplc\/wp-json\/wp\/v2\/pages"}],"about":[{"href":"https:\/\/padrelascasas.cl\/newplc\/wp-json\/wp\/v2\/types\/page"}],"author":[{"embeddable":true,"href":"https:\/\/padrelascasas.cl\/newplc\/wp-json\/wp\/v2\/users\/1"}],"replies":[{"embeddable":true,"href":"https:\/\/padrelascasas.cl\/newplc\/wp-json\/wp\/v2\/comments?post=7877"}],"version-history":[{"count":0,"href":"https:\/\/padrelascasas.cl\/newplc\/wp-json\/wp\/v2\/pages\/7877\/revisions"}],"wp:attachment":[{"href":"https:\/\/padrelascasas.cl\/newplc\/wp-json\/wp\/v2\/media?parent=7877"}],"curies":[{"name":"wp","href":"https:\/\/api.w.org\/{rel}","templated":true}]}}