{"id":826,"date":"2020-06-18T21:55:37","date_gmt":"2020-06-19T00:55:37","guid":{"rendered":"http:\/\/www.padrelascasas.cl\/newplc\/?page_id=826"},"modified":"2020-08-06T00:22:18","modified_gmt":"2020-08-06T03:22:18","slug":"alumbrado-publico","status":"publish","type":"page","link":"https:\/\/padrelascasas.cl\/newplc\/alumbrado-publico\/","title":{"rendered":"Alumbrado P\u00fablico"},"content":{"rendered":"\n<figure class=\"wp-block-image\"><img decoding=\"async\" src=\"http:\/\/www.padrelascasas.cl\/seguridad_publica\/alum_publico.png\" alt=\"\"\/><\/figure>\n\n\n\n<p>El alumbrado p\u00fablico es el servicio p\u00fablico consistente en la iluminaci\u00f3n de las v\u00edas p\u00fablicas, parques p\u00fablicos, y dem\u00e1s espacios de libre circulaci\u00f3n que no se encuentren a cargo de ninguna persona natural o jur\u00eddica de derecho privado o p\u00fablico, diferente del municipio, con el objetivo de proporcionar la visibilidad adecuada para el normal desarrollo de las actividades.<\/p>\n\n\n\n<p><strong>CANAL DE RECLAMOS 45 2 590 400<\/strong><\/p>\n\n\n\n<p><a href=\"https:\/\/docs.google.com\/forms\/d\/e\/1FAIpQLSc9eSbmlBaD308dA2UuD0W-TZJcrqkaTO_Jb28yj_X5llI-nw\/viewform?usp=sf_link\" target=\"_blank\" rel=\"noreferrer noopener\"><br><img loading=\"lazy\" decoding=\"async\" src=\"http:\/\/www.padrelascasas.cl\/organizaciones_comunitarias\/icono-formulario-de-contacto.png\" width=\"123\" height=\"106\"><\/a><\/p>\n\n\n\n<p><\/p>\n","protected":false},"excerpt":{"rendered":"<p>El alumbrado p\u00fablico es el servicio p\u00fablico consistente en la iluminaci\u00f3n de las v\u00edas p\u00fablicas, parques p\u00fablicos, y dem\u00e1s espacios de libre circulaci\u00f3n que no se encuentren a cargo de ninguna persona natural o jur\u00eddica de derecho privado o p\u00fablico, diferente del municipio, con el objetivo de proporcionar la visibilidad adecuada para el normal desarrollo [&hellip;]<\/p>\n","protected":false},"author":1,"featured_media":1175,"parent":0,"menu_order":0,"comment_status":"closed","ping_status":"closed","template":"page-direcciones.php","meta":{"pgc_sgb_lightbox_settings":"","footnotes":""},"class_list":["post-826","page","type-page","status-publish","has-post-thumbnail","hentry"],"_links":{"self":[{"href":"https:\/\/padrelascasas.cl\/newplc\/wp-json\/wp\/v2\/pages\/826","targetHints":{"allow":["GET"]}}],"collection":[{"href":"https:\/\/padrelascasas.cl\/newplc\/wp-json\/wp\/v2\/pages"}],"about":[{"href":"https:\/\/padrelascasas.cl\/newplc\/wp-json\/wp\/v2\/types\/page"}],"author":[{"embeddable":true,"href":"https:\/\/padrelascasas.cl\/newplc\/wp-json\/wp\/v2\/users\/1"}],"replies":[{"embeddable":true,"href":"https:\/\/padrelascasas.cl\/newplc\/wp-json\/wp\/v2\/comments?post=826"}],"version-history":[{"count":0,"href":"https:\/\/padrelascasas.cl\/newplc\/wp-json\/wp\/v2\/pages\/826\/revisions"}],"wp:featuredmedia":[{"embeddable":true,"href":"https:\/\/padrelascasas.cl\/newplc\/wp-json\/wp\/v2\/media\/1175"}],"wp:attachment":[{"href":"https:\/\/padrelascasas.cl\/newplc\/wp-json\/wp\/v2\/media?parent=826"}],"curies":[{"name":"wp","href":"https:\/\/api.w.org\/{rel}","templated":true}]}}