{"id":84,"date":"2020-06-03T03:25:53","date_gmt":"2020-06-03T06:25:53","guid":{"rendered":"http:\/\/www.padrelascasas.cl\/newplc\/?page_id=84"},"modified":"2020-08-06T12:26:47","modified_gmt":"2020-08-06T15:26:47","slug":"actividad-economica","status":"publish","type":"page","link":"https:\/\/padrelascasas.cl\/newplc\/actividad-economica\/","title":{"rendered":"Actividad Econ\u00f3mica"},"content":{"rendered":"\n<div class=\"su-accordion su-u-trim\"><\/div><div class=\"su-spoiler su-spoiler-style-default su-spoiler-icon-plus su-spoiler-closed\" data-scroll-offset=\"0\" data-anchor-in-url=\"no\"><div class=\"su-spoiler-title\" tabindex=\"0\" role=\"button\"><span class=\"su-spoiler-icon\"><\/span>Mundo Empresarial<\/div><div class=\"su-spoiler-content su-u-clearfix su-u-trim\"> <\/p>\n\n\n\n<p class=\"has-text-align-justify\">Uno de los aspectos m\u00e1s relevantes para el desarrollo econ\u00f3mico y social de las comunas considera la din\u00e1mica empresarial presente en el territorio, toda vez que es la generadora de puestos de trabajo para la ciudadan\u00eda, pagadora de impuestos para el Estado y una institucionalidad que permite el ingreso de tecnolog\u00eda a la sociedad.<\/p>\n\n\n\n<p class=\"has-text-align-justify\"><br>De acuerdo a la informaci\u00f3n registrada en el Servicio de Impuestos Internos, para el a\u00f1o tributario 2017 se registraban 2.752 empresas en la comuna, con ventas avaluadas en 15.173.767 UF y con 14.540 trabajadores dependientes declarados.<\/p>\n\n\n\n<p class=\"has-text-align-justify\"><br>En cuanto a n\u00famero de empresas, los sectores con mayor presencia corresponden a Comercio (29,5%), Transporte, almacenamiento y comunicaciones (14,5%), Construcci\u00f3n (11,4%), y Silvoagropecuario (10,1%). Lo anterior refleja que la comuna tiene una vocaci\u00f3n de servicios, ya<br>que, al considerar todas las ramas asociadas al sector terciario, el 63,8% de las empresas se encuentran ligadas a los servicios, el 24,3% est\u00e1 anclado al sector secundario y el 11,1% al sector primario.<\/p>\n\n\n\n<p class=\"has-text-align-justify\">Por su parte, en cuanto a las ventas generadas, los sectores con mayores ventas corresponden a Industria manufacturera no met\u00e1lica (36,6%), Comercio (22,7%) y Silvoagropecuario (11,2%). Finalmente, en relaci\u00f3n al n\u00famero de trabajadores dependientes contratados, las principales ramas<br>econ\u00f3micas corresponden a Ense\u00f1anza (30%), Construcci\u00f3n (15,6%) y Silvoagropecuario (14,1%). En s\u00edntesis, los principales sectores econ\u00f3micos de la comuna de acuerdo al n\u00famero de empresas, ventas generadas y trabajadores dependientes contratados corresponder\u00edan a Comercio,<br>Construcci\u00f3n, Industria y Silvoagropecuario.<\/p>\n\n\n\n<\/div><\/div>\n\n\n\n<div class=\"su-accordion su-u-trim\"><\/div><div class=\"su-spoiler su-spoiler-style-default su-spoiler-icon-plus su-spoiler-closed\" data-scroll-offset=\"0\" data-anchor-in-url=\"no\"><div class=\"su-spoiler-title\" tabindex=\"0\" role=\"button\"><span class=\"su-spoiler-icon\"><\/span>Mercado Laboral<\/div><div class=\"su-spoiler-content su-u-clearfix su-u-trim\"> <\/p>\n\n\n\n<p class=\"has-text-align-justify\">Durante abril de 2017, se encontraban 29.927 personas ocupadas en Padre Las Casas. Del total de ocupados, el 39,5% corresponde a mujeres. El 65,9% reside en zonas urbanas. El 43,2% se declaran adscritos al pueblo mapuche. El 44,3% cuenta con estudios medios completos y el 17,6% posee estudios superiores.<\/p>\n\n\n\n<p class=\"has-text-align-justify\"><br>Tabla. Caracter\u00edsticas sociodemogr\u00e1ficas de los trabajadores de Padre Las Casas, 2017.<\/p>\n\n\n\n<figure class=\"wp-block-image size-large\"><img loading=\"lazy\" decoding=\"async\" width=\"530\" height=\"610\" src=\"http:\/\/www.padrelascasas.cl\/newplc\/wp-content\/uploads\/2020\/06\/imagen-8.png\" alt=\"\" class=\"wp-image-372\" srcset=\"https:\/\/padrelascasas.cl\/newplc\/wp-content\/uploads\/2020\/06\/imagen-8.png 530w, https:\/\/padrelascasas.cl\/newplc\/wp-content\/uploads\/2020\/06\/imagen-8-261x300.png 261w\" sizes=\"auto, (max-width: 530px) 100vw, 530px\" \/><\/figure>\n\n\n\n<p> <\/div><\/div>\n\n\n\n<div class=\"su-accordion su-u-trim\"><\/div><div class=\"su-spoiler su-spoiler-style-default su-spoiler-icon-plus su-spoiler-closed\" data-scroll-offset=\"0\" data-anchor-in-url=\"no\"><div class=\"su-spoiler-title\" tabindex=\"0\" role=\"button\"><span class=\"su-spoiler-icon\"><\/span>Rama Econ\u00f3mica<\/div><div class=\"su-spoiler-content su-u-clearfix su-u-trim\"> <\/p>\n\n\n\n<p class=\"has-text-align-justify\">Del total de ocupados, el 17,1% trabaja en actividades del Comercio (mayorista y minorista), el 10,8% en el \u00e1rea de la Construcci\u00f3n y el 7,9% en el rubro de Silvoagropecuario y Pesca. Se aprecia as\u00ed la importancia que tiene el sector terciario (servicios) en los niveles de ocupaci\u00f3n de la ciudad.<\/p>\n\n\n\n<p class=\"has-text-align-justify\">Cabe se\u00f1alar que el 13,5% de los ocupados no se\u00f1ala la rama econ\u00f3mica en la que se desempe\u00f1a, dado que el censo corresponde a un instrumento de levantamiento de informaci\u00f3n autodeclarativa, sin embargo, en funci\u00f3n del an\u00e1lisis de otras fuentes de informaci\u00f3n secundaria entorno al empleo<br>(Encuesta Nacional de Empleo, CASEN), se reflejan distribuciones porcentuales similares a las expresadas en el censo.<\/p>\n\n\n\n<figure class=\"wp-block-image size-large\"><img loading=\"lazy\" decoding=\"async\" width=\"719\" height=\"389\" src=\"http:\/\/www.padrelascasas.cl\/newplc\/wp-content\/uploads\/2020\/06\/imagen-9.png\" alt=\"\" class=\"wp-image-373\" srcset=\"https:\/\/padrelascasas.cl\/newplc\/wp-content\/uploads\/2020\/06\/imagen-9.png 719w, https:\/\/padrelascasas.cl\/newplc\/wp-content\/uploads\/2020\/06\/imagen-9-300x162.png 300w\" sizes=\"auto, (max-width: 719px) 100vw, 719px\" \/><\/figure>\n\n\n\n<\/div><\/div>\n","protected":false},"excerpt":{"rendered":"","protected":false},"author":1,"featured_media":1007,"parent":0,"menu_order":0,"comment_status":"closed","ping_status":"closed","template":"page-direcciones.php","meta":{"pgc_sgb_lightbox_settings":"","footnotes":""},"class_list":["post-84","page","type-page","status-publish","has-post-thumbnail","hentry"],"_links":{"self":[{"href":"https:\/\/padrelascasas.cl\/newplc\/wp-json\/wp\/v2\/pages\/84","targetHints":{"allow":["GET"]}}],"collection":[{"href":"https:\/\/padrelascasas.cl\/newplc\/wp-json\/wp\/v2\/pages"}],"about":[{"href":"https:\/\/padrelascasas.cl\/newplc\/wp-json\/wp\/v2\/types\/page"}],"author":[{"embeddable":true,"href":"https:\/\/padrelascasas.cl\/newplc\/wp-json\/wp\/v2\/users\/1"}],"replies":[{"embeddable":true,"href":"https:\/\/padrelascasas.cl\/newplc\/wp-json\/wp\/v2\/comments?post=84"}],"version-history":[{"count":0,"href":"https:\/\/padrelascasas.cl\/newplc\/wp-json\/wp\/v2\/pages\/84\/revisions"}],"wp:featuredmedia":[{"embeddable":true,"href":"https:\/\/padrelascasas.cl\/newplc\/wp-json\/wp\/v2\/media\/1007"}],"wp:attachment":[{"href":"https:\/\/padrelascasas.cl\/newplc\/wp-json\/wp\/v2\/media?parent=84"}],"curies":[{"name":"wp","href":"https:\/\/api.w.org\/{rel}","templated":true}]}}