{"id":8940,"date":"2024-02-20T10:05:40","date_gmt":"2024-02-20T13:05:40","guid":{"rendered":"https:\/\/www.padrelascasas.cl\/newplc\/?page_id=8940"},"modified":"2026-03-16T12:05:11","modified_gmt":"2026-03-16T15:05:11","slug":"acta-de-sesion-ordinaria-del-concejo-municipal-2024","status":"publish","type":"page","link":"https:\/\/padrelascasas.cl\/newplc\/acta-de-sesion-ordinaria-del-concejo-municipal-2024\/","title":{"rendered":"ACTA DE SESI\u00d3N ORDINARIA DEL CONCEJO MUNICIPAL \u2013 2024"},"content":{"rendered":"\n<figure class=\"wp-block-table has-small-font-size\"><table class=\"has-fixed-layout\"><thead><tr><th>A\u00f1o<\/th><th>Mes<\/th><th>Tipolog\u00eda del Acto<\/th><th>Tipo de acto<\/th><th>Denominaci\u00f3n del acto<\/th><th>N\u00famero del acto<\/th><th>Fecha<\/th><th>Fecha de publicaci\u00f3n en el DO o Fecha de Publicidad (seg\u00fan Art.45 y siguientes Ley 19.880)<\/th><th>Indicaci\u00f3n del medio y forma de publicidad (seg\u00fan Art.45 y siguientes Ley 19.880)<\/th><th>Tiene efectos generales<\/th><th>Fecha \u00faltima actualizaci\u00f3n (dd\/mm\/aaaa), si corresponde a actos y resoluciones con efectos generales<\/th><th>Breve descripci\u00f3n del objeto del acto<\/th><th>V\u00ednculo al texto \u00edntegro y actualizado<\/th><\/tr><\/thead><tbody><tr><td>2024<\/td><td>Diciembre<\/td><td>Actas Concejo Municipal<\/td><td>Acta<\/td><td>Acta de Sesi\u00f3n Ordinaria del Concejo Municipal<\/td><td>03<\/td><td>31\/12\/2024<\/td><td>31\/12\/2024<\/td><td>Portal Transparencia<\/td><td>No<\/td><td>No Aplica<\/td><td>Acta de sesi\u00f3n ordinaria N\u00b003 del Concejo Municipal y resumen de acuerdo.<\/td><td><a href=\"http:\/\/www.padrelascasas.cl\/transparencia_activa_plc\/2025\/contenido_enero_2025\/actas_concejo\/ACTA%20SESION%20ORDINARIA%20N03%20DEL%2031.12.2024.pdf\" target=\"_blank\" rel=\"noreferrer noopener\">Enlace<\/a><\/td><\/tr><tr><td>2024<\/td><td>Diciembre<\/td><td>Actas Concejo Municipal<\/td><td>Acta<\/td><td>Acta de Sesi\u00f3n Ordinaria del Concejo Municipal<\/td><td>02<\/td><td>17\/12\/2024<\/td><td>17\/12\/2024<\/td><td>Portal Transparencia<\/td><td>No<\/td><td>No Aplica<\/td><td>Acta de sesi\u00f3n ordinaria N\u00b002 del Concejo Municipal y resumen de acuerdo.<\/td><td><a href=\"http:\/\/www.padrelascasas.cl\/transparencia_activa_plc\/2024\/contenido_diciembre24\/actas\/ACTA%20SESION%20ORDINARIA%20N02%20del%2017.12.2024.pdf\" target=\"_blank\" rel=\"noreferrer noopener\">Enlace<\/a><\/td><\/tr><tr><td>2024<\/td><td>Diciembre<\/td><td>Actas Concejo Municipal<\/td><td>Acta<\/td><td>Acta de Sesi\u00f3n Ordinaria del Concejo Municipal<\/td><td>01<\/td><td>10\/12\/2024<\/td><td>10\/12\/2024<\/td><td>Portal Transparencia<\/td><td>No<\/td><td>No Aplica<\/td><td>Acta de sesi\u00f3n ordinaria N\u00b001 del Concejo Municipal y resumen de acuerdo.<\/td><td><a href=\"http:\/\/www.padrelascasas.cl\/transparencia_activa_plc\/2024\/contenido_diciembre24\/actas\/ACTA%20SESION%20ORDINARIA%20N01%20DEL%2010.12.2024.pdf\" target=\"_blank\" rel=\"noreferrer noopener\">Enlace<\/a><\/td><\/tr><tr><td>2024<\/td><td>Noviembre<\/td><td>Actas Concejo Municipal<\/td><td>Acta<\/td><td>Acta de Sesi\u00f3n Ordinaria del Concejo Municipal<\/td><td>123<\/td><td>19\/11\/2024<\/td><td>19\/11\/2024<\/td><td>Portal Transparencia<\/td><td>No<\/td><td>No Aplica<\/td><td>Acta de sesi\u00f3n ordinaria N\u00b0123 del Concejo Municipal y resumen de acuerdo.<\/td><td><a href=\"http:\/\/www.padrelascasas.cl\/transparencia_activa_plc\/2026\/contenido_febrero_2026\/actas\/ACTA%20SESION%20ORDINARIA%20N123%20DEL%2019.11.24.pdf\" target=\"_blank\" rel=\"noreferrer noopener\">Enlace<\/a><\/td><\/tr><tr><td>2024<\/td><td>Noviembre<\/td><td>Actas Concejo Municipal<\/td><td>Acta<\/td><td>Acta de Sesi\u00f3n Ordinaria del Concejo Municipal<\/td><td>122<\/td><td>12\/11\/2024<\/td><td>12\/11\/2024<\/td><td>Portal Transparencia<\/td><td>No<\/td><td>No Aplica<\/td><td>Acta de sesi\u00f3n ordinaria N\u00b0122 del Concejo Municipal y resumen de acuerdo.<\/td><td><a href=\"http:\/\/www.padrelascasas.cl\/transparencia_activa_plc\/2025\/contenido_mayo_2025\/actas_concejo\/17_junio_2025\/ACTA_SESION_ORDINARIA_N_122_DEL_12_11_24.pdf\" target=\"_blank\" rel=\"noreferrer noopener\">Enlace<\/a><\/td><\/tr><tr><td>2024<\/td><td>Noviembre<\/td><td>Actas Concejo Municipal<\/td><td>Acta<\/td><td>Acta de Sesi\u00f3n Ordinaria del Concejo Municipal<\/td><td>121<\/td><td>05\/11\/2024<\/td><td>05\/11\/2024<\/td><td>Portal Transparencia<\/td><td>No<\/td><td>No Aplica<\/td><td>Acta de sesi\u00f3n ordinaria N\u00b0121 del Concejo Municipal y resumen de acuerdo.<\/td><td><a href=\"http:\/\/www.padrelascasas.cl\/transparencia_activa_plc\/07.%20Actos%20y%20resoluciones%20con%20efectos%20sobre%20terceras%20personas\/actas_concejo_municipal\/sesion_ordinaria_2024\/ACTA%20SESION%20ORDINARIA%20N121%20DEL%2005.11.2024.pdf\" target=\"_blank\" rel=\"noreferrer noopener\">Enlace<\/a><\/td><\/tr><tr><td>2024<\/td><td>Octubre<\/td><td>Actas Concejo Municipal<\/td><td>Acta<\/td><td>Acta de Sesi\u00f3n Ordinaria del Concejo Municipal<\/td><td>120<\/td><td>15\/10\/2024<\/td><td>15\/10\/2024<\/td><td>Portal Transparencia<\/td><td>No<\/td><td>No Aplica<\/td><td>Acta de sesi\u00f3n ordinaria N\u00b0120 del Concejo Municipal y resumen de acuerdo.<\/td><td><a href=\"http:\/\/www.padrelascasas.cl\/transparencia_activa_plc\/07.%20Actos%20y%20resoluciones%20con%20efectos%20sobre%20terceras%20personas\/actas_concejo_municipal\/sesion_ordinaria_2024\/ACTA%20SESION%20ORDINARIA%20N120%20DEL%2015.10.2024.pdf\" target=\"_blank\" rel=\"noreferrer noopener\">Enlace<\/a><\/td><\/tr><tr><td>2024<\/td><td>Octubre<\/td><td>Actas Concejo Municipal<\/td><td>Acta<\/td><td>Acta de Sesi\u00f3n Ordinaria del Concejo Municipal<\/td><td>119<\/td><td>08\/10\/2024<\/td><td>08\/10\/2024<\/td><td>Portal Transparencia<\/td><td>No<\/td><td>No Aplica<\/td><td>Acta de sesi\u00f3n ordinaria N\u00b0119 del Concejo Municipal y resumen de acuerdo.<\/td><td><a href=\"http:\/\/www.padrelascasas.cl\/transparencia_activa_plc\/07.%20Actos%20y%20resoluciones%20con%20efectos%20sobre%20terceras%20personas\/actas_concejo_municipal\/sesion_ordinaria_2024\/ACTA%20SESION%20ORDINARIA%20N119%20DEL%2008.10.2024.pdf\" target=\"_blank\" rel=\"noreferrer noopener\">Enlace<\/a><\/td><\/tr><tr><td>2024<\/td><td>Octubre<\/td><td>Actas Concejo Municipal<\/td><td>Acta<\/td><td>Acta de Sesi\u00f3n Ordinaria del Concejo Municipal<\/td><td>118<\/td><td>01\/10\/2024<\/td><td>01\/10\/2024<\/td><td>Portal Transparencia<\/td><td>No<\/td><td>No Aplica<\/td><td>Acta de sesi\u00f3n ordinaria N\u00b0118 del Concejo Municipal y resumen de acuerdo.<\/td><td><a href=\"http:\/\/www.padrelascasas.cl\/transparencia_activa_plc\/07.%20Actos%20y%20resoluciones%20con%20efectos%20sobre%20terceras%20personas\/actas_concejo_municipal\/sesion_ordinaria_2024\/ACTA%20SESION%20ORDINARIA%20N118%20DEL%2001.10.2024.pdf\" target=\"_blank\" rel=\"noreferrer noopener\">Enlace<\/a><\/td><\/tr><tr><td>2024<\/td><td>Septiembre<\/td><td>Actas Concejo Municipal<\/td><td>Acta<\/td><td>Acta de Sesi\u00f3n Ordinaria del Concejo Municipal<\/td><td>117<\/td><td>17\/09\/2024<\/td><td>17\/09\/2024<\/td><td>Portal Transparencia<\/td><td>No<\/td><td>No Aplica<\/td><td>Acta de sesi\u00f3n ordinaria N\u00b0117 del Concejo Municipal y resumen de acuerdo.<\/td><td><a href=\"http:\/\/www.padrelascasas.cl\/transparencia_activa_plc\/07.%20Actos%20y%20resoluciones%20con%20efectos%20sobre%20terceras%20personas\/actas_concejo_municipal\/sesion_ordinaria_2024\/ACTA%20SESION%20ORDINARIA%20N117%20DEL%2017.09.2024.pdf\" target=\"_blank\" rel=\"noreferrer noopener\">Enlace<\/a><\/td><\/tr><tr><td>2024<\/td><td>Septiembre<\/td><td>Actas Concejo Municipal<\/td><td>Acta<\/td><td>Acta de Sesi\u00f3n Ordinaria del Concejo Municipal<\/td><td>116<\/td><td>10\/09\/2024<\/td><td>10\/09\/2024<\/td><td>Portal Transparencia<\/td><td>No<\/td><td>No Aplica<\/td><td>Acta de sesi\u00f3n ordinaria N\u00b0116 del Concejo Municipal y resumen de acuerdo.<\/td><td><a href=\"http:\/\/www.padrelascasas.cl\/transparencia_activa_plc\/2024\/contenido_octubre24\/actas_sesiones\/ACTA%20SESION%20ORD.%20N116%20DEL%2010.09.24.pdf\" target=\"_blank\" rel=\"noreferrer noopener\">Enlace<\/a><\/td><\/tr><tr><td>2024<\/td><td>Septiembre<\/td><td>Actas Concejo Municipal<\/td><td>Acta<\/td><td>Acta de Sesi\u00f3n Ordinaria del Concejo Municipal<\/td><td>115<\/td><td>03\/09\/2024<\/td><td>03\/09\/2024<\/td><td>Portal Transparencia<\/td><td>No<\/td><td>No Aplica<\/td><td>Acta de sesi\u00f3n ordinaria N\u00b0115 del Concejo Municipal y resumen de acuerdo.<\/td><td><a href=\"http:\/\/www.padrelascasas.cl\/transparencia_activa_plc\/2024\/contenido_octubre24\/actas_sesiones\/ACTA%20SESION%20ORD.%20N115%20DEL%2003.09.24.pdf\" target=\"_blank\" rel=\"noreferrer noopener\">Enlace<\/a><\/td><\/tr><tr><td>2024<\/td><td>Agosto<\/td><td>Actas Concejo Municipal<\/td><td>Acta<\/td><td>Acta de Sesi\u00f3n Ordinaria del Concejo Municipal<\/td><td>114<\/td><td>20\/08\/2024<\/td><td>20\/08\/2024<\/td><td>Portal Transparencia<\/td><td>No<\/td><td>No Aplica<\/td><td>Acta de sesi\u00f3n ordinaria N\u00b0114 del Concejo Municipal y resumen de acuerdo.<\/td><td><a href=\"http:\/\/www.padrelascasas.cl\/transparencia_activa_plc\/2024\/contenido_octubre24\/actas_sesiones\/ACTA%20SESION%20ORD.%20N114%20DEL%2020.08.24.pdf\" target=\"_blank\" rel=\"noreferrer noopener\">Enlace<\/a><\/td><\/tr><tr><td>2024<\/td><td>Agosto<\/td><td>Actas Concejo Municipal<\/td><td>Acta<\/td><td>Acta de Sesi\u00f3n Ordinaria del Concejo Municipal<\/td><td>113<\/td><td>13\/08\/2024<\/td><td>13\/08\/2024<\/td><td>Portal Transparencia<\/td><td>No<\/td><td>No Aplica<\/td><td>Acta de sesi\u00f3n ordinaria N\u00b0113 del Concejo Municipal y resumen de acuerdo.<\/td><td><a href=\"http:\/\/www.padrelascasas.cl\/transparencia_activa_plc\/2024\/contenido_octubre24\/actas_sesiones\/ACTA%20SESION%20ORD.%20N113%20DEL%2013.08.24.pdf\" target=\"_blank\" rel=\"noreferrer noopener\">Enlace<\/a><\/td><\/tr><tr><td>2024<\/td><td>Agosto<\/td><td>Actas Concejo Municipal<\/td><td>Acta<\/td><td>Acta de Sesi\u00f3n Ordinaria del Concejo Municipal<\/td><td>112<\/td><td>06\/08\/2024<\/td><td>06\/08\/2024<\/td><td>Portal Transparencia<\/td><td>No<\/td><td>No Aplica<\/td><td>Acta de sesi\u00f3n ordinaria N\u00b0112 del Concejo Municipal y resumen de acuerdo.<\/td><td><a href=\"http:\/\/www.padrelascasas.cl\/transparencia_activa_plc\/2024\/contenido_octubre24\/actas_sesiones\/ACTA%20SESION%20ORD.%20N112%20DEL%2006.08.24.pdf\" target=\"_blank\" rel=\"noreferrer noopener\">Enlace<\/a><\/td><\/tr><tr><td>2024<\/td><td>Julio<\/td><td>Actas Concejo Municipal<\/td><td>Acta<\/td><td>Acta de Sesi\u00f3n Ordinaria del Concejo Municipal<\/td><td>111<\/td><td>23\/07\/2024<\/td><td>23\/07\/2024<\/td><td>Portal Transparencia<\/td><td>No<\/td><td>No Aplica<\/td><td>Acta de sesi\u00f3n ordinaria N\u00b0111 del Concejo Municipal y resumen de acuerdo.<\/td><td><a href=\"http:\/\/www.padrelascasas.cl\/transparencia_activa_plc\/2024\/contenido_octubre24\/actas_sesiones\/ACTA%20SESION%20ORD.%20N111%20DEL%2023.07.24.pdf\" target=\"_blank\" rel=\"noreferrer noopener\">Enlace<\/a><\/td><\/tr><tr><td>2024<\/td><td>Julio<\/td><td>Actas Concejo Municipal<\/td><td>Acta<\/td><td>Acta de Sesi\u00f3n Ordinaria del Concejo Municipal<\/td><td>110<\/td><td>09\/07\/2024<\/td><td>09\/07\/2024<\/td><td>Portal Transparencia<\/td><td>No<\/td><td>No Aplica<\/td><td>Acta de sesi\u00f3n ordinaria N\u00b0110 del Concejo Municipal y resumen de acuerdo.<\/td><td><a href=\"http:\/\/www.padrelascasas.cl\/transparencia_activa_plc\/07.%20Actos%20y%20resoluciones%20con%20efectos%20sobre%20terceras%20personas\/actas_concejo_municipal\/10_sep_24\/ACTA%20SESION%20ORDINARIA%20N110%20DEL%2009.07.2024.pdf\" target=\"_blank\" rel=\"noreferrer noopener\">Enlace<\/a><\/td><\/tr><tr><td>2024<\/td><td>Julio<\/td><td>Actas Concejo Municipal<\/td><td>Acta<\/td><td>Acta de Sesi\u00f3n Ordinaria del Concejo Municipal<\/td><td>109<\/td><td>02\/07\/2024<\/td><td>02\/07\/2024<\/td><td>Portal Transparencia<\/td><td>No<\/td><td>No Aplica<\/td><td>Acta de sesi\u00f3n ordinaria N\u00b0109 del Concejo Municipal y resumen de acuerdo.<\/td><td><a href=\"http:\/\/www.padrelascasas.cl\/transparencia_activa_plc\/07.%20Actos%20y%20resoluciones%20con%20efectos%20sobre%20terceras%20personas\/actas_concejo_municipal\/10_sep_24\/ACTA%20SESION%20ORDINARIA%20N109%20DEL%2002.07.2024.pdf\" target=\"_blank\" rel=\"noreferrer noopener\">Enlace<\/a><\/td><\/tr><tr><td>2024<\/td><td>Junio<\/td><td>Actas Concejo Municipal<\/td><td>Acta<\/td><td>Acta de Sesi\u00f3n Ordinaria del Concejo Municipal<\/td><td>108<\/td><td>18\/06\/2024<\/td><td>18\/06\/2024<\/td><td>Portal Transparencia<\/td><td>No<\/td><td>No Aplica<\/td><td>Acta de sesi\u00f3n ordinaria N\u00b0108 del Concejo Municipal y resumen de acuerdo.<\/td><td><a href=\"http:\/\/www.padrelascasas.cl\/transparencia_activa_plc\/Otros%20Antecedentes\/Actas%20de%20Concejo%20Municipal\/actas_sesiones\/ACTA%20SESION%20ORDINARIA%20N108%20DEL%2018.06.24.pdf\" target=\"_blank\" rel=\"noreferrer noopener\">Enlace<\/a><\/td><\/tr><tr><td>2024<\/td><td>Junio<\/td><td>Actas Concejo Municipal<\/td><td>Acta<\/td><td>Acta de Sesi\u00f3n Ordinaria del Concejo Municipal<\/td><td>107<\/td><td>11\/06\/2024<\/td><td>11\/06\/2024<\/td><td>Portal Transparencia<\/td><td>No<\/td><td>No Aplica<\/td><td>Acta de sesi\u00f3n ordinaria N\u00b0107 del Concejo Municipal y resumen de acuerdo.<\/td><td><a href=\"http:\/\/www.padrelascasas.cl\/transparencia_activa_plc\/Otros%20Antecedentes\/Actas%20de%20Concejo%20Municipal\/actas_sesiones\/ACTA%20SESION%20ORDINARIA%20N107%20DEL%2011.06.24.pdf\" target=\"_blank\" rel=\"noreferrer noopener\">Enlace<\/a><\/td><\/tr><tr><td>2024<\/td><td>Junio<\/td><td>Actas Concejo Municipal<\/td><td>Acta<\/td><td>Acta de Sesi\u00f3n Ordinaria del Concejo Municipal<\/td><td>106<\/td><td>04\/06\/2024<\/td><td>04\/06\/2024<\/td><td>Portal Transparencia<\/td><td>No<\/td><td>No Aplica<\/td><td>Acta de sesi\u00f3n ordinaria N\u00b0106 del Concejo Municipal y resumen de acuerdo.<\/td><td><a href=\"http:\/\/www.padrelascasas.cl\/transparencia_activa_plc\/Otros%20Antecedentes\/Actas%20de%20Concejo%20Municipal\/actas_sesiones\/ACTA%20SESION%20ORDINARIA%20N106%20DEL%2004.06.24.pdf\" target=\"_blank\" rel=\"noreferrer noopener\">Enlace<\/a><\/td><\/tr><tr><td>2024<\/td><td>Mayo<\/td><td>Actas Concejo Municipal<\/td><td>Acta<\/td><td>Acta de Sesi\u00f3n Ordinaria del Concejo Municipal<\/td><td>105<\/td><td>28\/05\/2024<\/td><td>28\/05\/2024<\/td><td>Portal Transparencia<\/td><td>No<\/td><td>No Aplica<\/td><td>Acta de sesi\u00f3n ordinaria N\u00b0105 del Concejo Municipal y resumen de acuerdo.<\/td><td><a href=\"http:\/\/www.padrelascasas.cl\/transparencia_activa_plc\/Otros%20Antecedentes\/Actas%20de%20Concejo%20Municipal\/actas_sesiones\/ACTA%20SESION%20ORDINARIA%20N105%20DEL%2028.05.24.pdf\" target=\"_blank\" rel=\"noreferrer noopener\">Enlace<\/a><\/td><\/tr><tr><td>2024<\/td><td>Mayo<\/td><td>Actas Concejo Municipal<\/td><td>Acta<\/td><td>Acta de Sesi\u00f3n Ordinaria del Concejo Municipal<\/td><td>104<\/td><td>16\/05\/2024<\/td><td>16\/05\/2024<\/td><td>Portal Transparencia<\/td><td>No<\/td><td>No Aplica<\/td><td>Acta de sesi\u00f3n ordinaria N\u00b0104 del Concejo Municipal y resumen de acuerdo.<\/td><td><a href=\"http:\/\/www.padrelascasas.cl\/transparencia_activa_plc\/Otros%20Antecedentes\/Actas%20de%20Concejo%20Municipal\/actas_sesiones\/ACTA%20SESION%20ORDINARIA%20N104%20DEL%2014.05.24.pdf\" target=\"_blank\" rel=\"noreferrer noopener\">Enlace<\/a><\/td><\/tr><tr><td>2024<\/td><td>Mayo<\/td><td>Actas Concejo Municipal<\/td><td>Acta<\/td><td>Acta de Sesi\u00f3n Ordinaria del Concejo Municipal<\/td><td>103<\/td><td>07\/05\/2024<\/td><td>07\/05\/2024<\/td><td>Portal Transparencia<\/td><td>No<\/td><td>No Aplica<\/td><td>Acta de sesi\u00f3n ordinaria N\u00b0103 del Concejo Municipal y resumen de acuerdo.<\/td><td><a href=\"http:\/\/www.padrelascasas.cl\/transparencia_activa_plc\/Otros%20Antecedentes\/Actas%20de%20Concejo%20Municipal\/actas_sesiones\/ACTA%20SESION%20ORDINARIA%20N103%20DEL%2007.05.24.pdf\" target=\"_blank\" rel=\"noreferrer noopener\">Enlace<\/a><\/td><\/tr><tr><td>2024<\/td><td>Abril<\/td><td>Actas Concejo Municipal<\/td><td>Acta<\/td><td>Acta de Sesi\u00f3n Ordinaria del Concejo Municipal<\/td><td>102<\/td><td>16\/04\/2024<\/td><td>16\/04\/2024<\/td><td>Portal Transparencia<\/td><td>No<\/td><td>No Aplica<\/td><td>Acta de sesi\u00f3n ordinaria N\u00b0102 del Concejo Municipal y resumen de acuerdo.<\/td><td><a href=\"http:\/\/www.padrelascasas.cl\/transparencia_activa_plc\/Otros%20Antecedentes\/Actas%20de%20Concejo%20Municipal\/actas_sesiones\/ACTA%20SESION%20ORDINARIA%20N102%20DEL%2016.04.24.pdf\" target=\"_blank\" rel=\"noreferrer noopener\">Enlace<\/a><\/td><\/tr><tr><td>2024<\/td><td>Abril<\/td><td>Actas Concejo Municipal<\/td><td>Acta<\/td><td>Acta de Sesi\u00f3n Ordinaria del Concejo Municipal<\/td><td>101<\/td><td>09\/04\/2024<\/td><td>09\/04\/2024<\/td><td>Portal Transparencia<\/td><td>No<\/td><td>No Aplica<\/td><td>Acta de sesi\u00f3n ordinaria N\u00b0101 del Concejo Municipal y resumen de acuerdo.<\/td><td><a href=\"http:\/\/www.padrelascasas.cl\/transparencia_activa_plc\/Otros%20Antecedentes\/Actas%20de%20Concejo%20Municipal\/actas_sesiones\/ACTA%20SESION%20ORDINARIA%20N101%20DEL%2009.04.24.pdf\" target=\"_blank\" rel=\"noreferrer noopener\">Enlace<\/a><\/td><\/tr><tr><td>2024<\/td><td>Abril<\/td><td>Actas Concejo Municipal<\/td><td>Acta<\/td><td>Acta de Sesi\u00f3n Ordinaria del Concejo Municipal<\/td><td>100<\/td><td>02\/04\/2024<\/td><td>02\/04\/2024<\/td><td>Portal Transparencia<\/td><td>No<\/td><td>No Aplica<\/td><td>Acta de sesi\u00f3n ordinaria N\u00b0100 del Concejo Municipal y resumen de acuerdo.<\/td><td><a href=\"http:\/\/www.padrelascasas.cl\/transparencia_activa_plc\/2024\/contenido_abril\/actas_concejo\/ACTA%20SESION%20ORDINARIA%20N100%20DEL%2002.04.2024.pdf\" target=\"_blank\" rel=\"noreferrer noopener\">Enlace<\/a><\/td><\/tr><tr><td>2024<\/td><td>Marzo<\/td><td>Actas Concejo Municipal<\/td><td>Acta<\/td><td>Acta de Sesi\u00f3n Ordinaria del Concejo Municipal<\/td><td>99<\/td><td>19\/03\/2024<\/td><td>19\/03\/2024<\/td><td>Portal Transparencia<\/td><td>No<\/td><td>No Aplica<\/td><td>Acta de sesi\u00f3n ordinaria N\u00b099 del Concejo Municipal y resumen de acuerdo.<\/td><td><a href=\"http:\/\/www.padrelascasas.cl\/transparencia_activa_plc\/2024\/contenido_abril\/actas_concejo\/ACTA%20SESION%20ORDINARIA%20N99%20DEL%2019.03.2024.pdf\" target=\"_blank\" rel=\"noreferrer noopener\">Enlace<\/a><\/td><\/tr><tr><td>2024<\/td><td>Marzo<\/td><td>Actas Concejo Municipal<\/td><td>Acta<\/td><td>Acta de Sesi\u00f3n Ordinaria del Concejo Municipal<\/td><td>98<\/td><td>12\/03\/2024<\/td><td>12\/03\/2024<\/td><td>Portal Transparencia<\/td><td>No<\/td><td>No Aplica<\/td><td>Acta de sesi\u00f3n ordinaria N\u00b098 del Concejo Municipal y resumen de acuerdo.<\/td><td><a href=\"http:\/\/www.padrelascasas.cl\/transparencia_activa_plc\/2024\/contenido_abril\/actas_concejo\/ACTA%20SESION%20ORDINARIA%20N98%20DEL%2012.03.2024.pdf\" target=\"_blank\" rel=\"noreferrer noopener\">Enlace<\/a><\/td><\/tr><tr><td>2024<\/td><td>Marzo<\/td><td>Actas Concejo Municipal<\/td><td>Acta<\/td><td>Acta de Sesi\u00f3n Ordinaria del Concejo Municipal<\/td><td>97<\/td><td>05\/03\/2024<\/td><td>05\/03\/2024<\/td><td>Portal Transparencia<\/td><td>No<\/td><td>No Aplica<\/td><td>Acta de sesi\u00f3n ordinaria N\u00b097 del Concejo Municipal y resumen de acuerdo.<\/td><td><a href=\"http:\/\/www.padrelascasas.cl\/transparencia_activa_plc\/2024\/contenido_abril\/actas_concejo\/ACTA%20SESION%20ORDINARIA%20N97%20DEL%2005.03.2024.pdf\" target=\"_blank\" rel=\"noreferrer noopener\">Enlace<\/a><\/td><\/tr><tr><td>2024<\/td><td>Febrero<\/td><td>Actas Concejo Municipal<\/td><td>Acta<\/td><td>Acta de Sesi\u00f3n Ordinaria del Concejo Municipal<\/td><td>96<\/td><td>27\/02\/2024<\/td><td>27\/02\/2024<\/td><td>Portal Transparencia<\/td><td>No<\/td><td>No Aplica<\/td><td>Acta de sesi\u00f3n ordinaria N\u00b096 del Concejo Municipal y resumen de acuerdo.<\/td><td><a href=\"http:\/\/www.padrelascasas.cl\/transparencia_activa_plc\/2024\/contenido_abril\/actas_concejo\/ACTA%20SESION%20ORDINARIA%20N96%20DEL%2027.02.2024.pdf\" target=\"_blank\" rel=\"noreferrer noopener\">Enlace<\/a><\/td><\/tr><tr><td>2024<\/td><td>Febrero<\/td><td>Actas Concejo Municipal<\/td><td>Acta<\/td><td>Acta de Sesi\u00f3n Ordinaria del Concejo Municipal<\/td><td>95<\/td><td>08\/02\/2024<\/td><td>08\/02\/2024<\/td><td>Portal Transparencia<\/td><td>No<\/td><td>No Aplica<\/td><td>Acta de sesi\u00f3n ordinaria N\u00b095 del Concejo Municipal y resumen de acuerdo.<\/td><td><a href=\"http:\/\/www.padrelascasas.cl\/transparencia_activa_plc\/2024\/contenido_abril\/actas_concejo\/ACTA%20SESION%20ORDINARIA%20N95%20DEL%2008.02.2024.pdf\" target=\"_blank\" rel=\"noreferrer noopener\">Enlace<\/a><\/td><\/tr><tr><td>2024<\/td><td>Febrero<\/td><td>Actas Concejo Municipal<\/td><td>Acta<\/td><td>Acta de Sesi\u00f3n Ordinaria del Concejo Municipal<\/td><td>94<\/td><td>06\/02\/2024<\/td><td>06\/02\/2024<\/td><td>Portal Transparencia<\/td><td>No<\/td><td>No Aplica<\/td><td>Acta de sesi\u00f3n ordinaria N\u00b094 del Concejo Municipal y resumen de acuerdo.<\/td><td><a href=\"http:\/\/www.padrelascasas.cl\/transparencia_activa_plc\/Otros%20Antecedentes\/Actas%20de%20Concejo%20Municipal\/actas_acuerdos_sesiones_ordinarias\/2024\/ACTA%20SESION%20ORDINARIA%20N94%20DEL%2006.02.2024.pdf\" target=\"_blank\" rel=\"noreferrer noopener\">Enlace<\/a><\/td><\/tr><tr><td>2024<\/td><td>Enero<\/td><td>Actas Concejo Municipal<\/td><td>Acta<\/td><td>Acta de Sesi\u00f3n Ordinaria del Concejo Municipal<\/td><td>93<\/td><td>16\/01\/2024<\/td><td>16\/01\/2024<\/td><td>Portal Transparencia<\/td><td>No<\/td><td>No Aplica<\/td><td>Acta de sesi\u00f3n ordinaria N\u00b093 del Concejo Municipal y resumen de acuerdo.<\/td><td><a href=\"http:\/\/www.padrelascasas.cl\/transparencia_activa_plc\/Otros%20Antecedentes\/Actas%20de%20Concejo%20Municipal\/actas_de_sesion\/2024\/ACTA%20SESION%20ORDINARIA%20N93%20DEL%2016.01.2024.pdf\" target=\"_blank\" rel=\"noreferrer noopener\">Enlace<\/a><\/td><\/tr><tr><td>2024<\/td><td>Enero<\/td><td>Actas Concejo Municipal<\/td><td>Acta<\/td><td>Acta de Sesi\u00f3n Ordinaria del Concejo Municipal<\/td><td>92<\/td><td>09\/01\/2024<\/td><td>09\/01\/2024<\/td><td>Portal Transparencia<\/td><td>No<\/td><td>No Aplica<\/td><td>Acta de sesi\u00f3n ordinaria N\u00b092 del Concejo Municipal y resumen de acuerdo.<\/td><td><a href=\"http:\/\/www.padrelascasas.cl\/transparencia_activa_plc\/Otros%20Antecedentes\/Actas%20de%20Concejo%20Municipal\/actas_de_sesion\/2024\/ACTA%20SESION%20ORDINARIA%20N92%20DEL%2009.01.2024.pdf\" target=\"_blank\" rel=\"noreferrer noopener\">Enlace<\/a><\/td><\/tr><tr><td>2024<\/td><td>Enero<\/td><td>Actas Concejo Municipal<\/td><td>Acta<\/td><td>Acta de Sesi\u00f3n Ordinaria del Concejo Municipal<\/td><td>91<\/td><td>02\/01\/2024<\/td><td>02\/01\/2024<\/td><td>Portal Transparencia<\/td><td>No<\/td><td>No Aplica<\/td><td>Acta de sesi\u00f3n ordinaria N\u00b091 del Concejo Municipal y resumen de acuerdo.<\/td><td><a href=\"http:\/\/www.padrelascasas.cl\/transparencia_activa_plc\/Otros%20Antecedentes\/Actas%20de%20Concejo%20Municipal\/actas_de_sesion\/2024\/ACTA%20SESION%20ORDINARIA%20N91%20DEL%2002.01.2024.pdf\" target=\"_blank\" rel=\"noreferrer noopener\">Enlace<\/a><\/td><\/tr><\/tbody><\/table><\/figure>\n","protected":false},"excerpt":{"rendered":"<p>A\u00f1o Mes Tipolog\u00eda del Acto Tipo de acto Denominaci\u00f3n del acto N\u00famero del acto Fecha Fecha de publicaci\u00f3n en el DO o Fecha de Publicidad (seg\u00fan Art.45 y siguientes Ley 19.880) Indicaci\u00f3n del medio y forma de publicidad (seg\u00fan Art.45 y siguientes Ley 19.880) Tiene efectos generales Fecha \u00faltima actualizaci\u00f3n (dd\/mm\/aaaa), si corresponde a actos [&hellip;]<\/p>\n","protected":false},"author":1,"featured_media":0,"parent":0,"menu_order":0,"comment_status":"closed","ping_status":"closed","template":"","meta":{"pgc_sgb_lightbox_settings":"","footnotes":""},"class_list":["post-8940","page","type-page","status-publish","hentry"],"_links":{"self":[{"href":"https:\/\/padrelascasas.cl\/newplc\/wp-json\/wp\/v2\/pages\/8940","targetHints":{"allow":["GET"]}}],"collection":[{"href":"https:\/\/padrelascasas.cl\/newplc\/wp-json\/wp\/v2\/pages"}],"about":[{"href":"https:\/\/padrelascasas.cl\/newplc\/wp-json\/wp\/v2\/types\/page"}],"author":[{"embeddable":true,"href":"https:\/\/padrelascasas.cl\/newplc\/wp-json\/wp\/v2\/users\/1"}],"replies":[{"embeddable":true,"href":"https:\/\/padrelascasas.cl\/newplc\/wp-json\/wp\/v2\/comments?post=8940"}],"version-history":[{"count":11,"href":"https:\/\/padrelascasas.cl\/newplc\/wp-json\/wp\/v2\/pages\/8940\/revisions"}],"predecessor-version":[{"id":12748,"href":"https:\/\/padrelascasas.cl\/newplc\/wp-json\/wp\/v2\/pages\/8940\/revisions\/12748"}],"wp:attachment":[{"href":"https:\/\/padrelascasas.cl\/newplc\/wp-json\/wp\/v2\/media?parent=8940"}],"curies":[{"name":"wp","href":"https:\/\/api.w.org\/{rel}","templated":true}]}}