{"id":90,"date":"2020-06-03T03:26:45","date_gmt":"2020-06-03T06:26:45","guid":{"rendered":"http:\/\/www.padrelascasas.cl\/newplc\/?page_id=90"},"modified":"2020-08-06T12:25:01","modified_gmt":"2020-08-06T15:25:01","slug":"hidrografia","status":"publish","type":"page","link":"https:\/\/padrelascasas.cl\/newplc\/hidrografia\/","title":{"rendered":"Caracter\u00edsticas Geogr\u00e1ficas"},"content":{"rendered":"\n<div class=\"su-accordion su-u-trim\"><\/div><div class=\"su-spoiler su-spoiler-style-default su-spoiler-icon-plus su-spoiler-closed\" data-scroll-offset=\"0\" data-anchor-in-url=\"no\"><div class=\"su-spoiler-title\" tabindex=\"0\" role=\"button\"><span class=\"su-spoiler-icon\"><\/span>Clima<\/div><div class=\"su-spoiler-content su-u-clearfix su-u-trim\"> <\/p>\n\n\n\n<p class=\"has-text-align-justify\">Corresponde a un clima oce\u00e1nico templado lluvioso con influencia mediterr\u00e1nea t\u00edpica de la depresi\u00f3n intermedia del pa\u00eds. A trav\u00e9s del a\u00f1o se alternan las influencias anticicl\u00f3nicas y cicl\u00f3nicas, zona donde se inicia la desaparici\u00f3n de la estaci\u00f3n de sequ\u00eda, teniendo lluvias todo el a\u00f1o, si se compara con la de Santiago u otras ciudades intermedias del valle central de Chile. Su temperatura media anual es de 11 \u00b0C, con m\u00e1ximas medias en el mes m\u00e1s c\u00e1lido de 22 \u00b0C y m\u00ednimas medias en el mes m\u00e1s fr\u00edo de 3 \u00b0C. De acuerdo con la clasificaci\u00f3n clim\u00e1tica de K\u00f6ppen, el clima de Temuco es Cfb (climadata.org).<\/p>\n\n\n\n<p><br>Imagen: Promedio de Temperaturas en Temuco y Padre las Casas<\/p>\n\n\n\n<figure class=\"wp-block-image size-large\"><img loading=\"lazy\" decoding=\"async\" width=\"682\" height=\"394\" src=\"http:\/\/www.padrelascasas.cl\/newplc\/wp-content\/uploads\/2020\/06\/imagen-1.png\" alt=\"\" class=\"wp-image-358\" srcset=\"https:\/\/padrelascasas.cl\/newplc\/wp-content\/uploads\/2020\/06\/imagen-1.png 682w, https:\/\/padrelascasas.cl\/newplc\/wp-content\/uploads\/2020\/06\/imagen-1-300x173.png 300w\" sizes=\"auto, (max-width: 682px) 100vw, 682px\" \/><\/figure>\n\n\n\n<p> <\/div><\/div>\n\n\n\n<div class=\"su-accordion su-u-trim\"><\/div><div class=\"su-spoiler su-spoiler-style-default su-spoiler-icon-plus su-spoiler-closed\" data-scroll-offset=\"0\" data-anchor-in-url=\"no\"><div class=\"su-spoiler-title\" tabindex=\"0\" role=\"button\"><span class=\"su-spoiler-icon\"><\/span>Geolog\u00eda<\/div><div class=\"su-spoiler-content su-u-clearfix su-u-trim\"> <\/p>\n\n\n\n<p class=\"has-text-align-justify\">Seg\u00fan lo indicado por el estudio de riesgos naturales del Plan Intercomunal Temuco Centro (LPT \u2013 UCT, 2007) en la Araucan\u00eda, los dep\u00f3sitos detr\u00edticos siguen a los grandes cursos de agua (r\u00edo Caut\u00edn, r\u00edo Tolt\u00e9n, por ejemplo), cortando a trav\u00e9s de las grandes masas rocosas del terciario o del basamento esquistoso paleozoico. Estas formaciones cuaternarias engloban a sedimentos detr\u00edticos fluviales, fluvioglaciales y glaciales indiferenciados. Todo el relleno de la depresi\u00f3n central consiste de formaciones cuaternarias aluviales con importantes aportes de materiales de origen volc\u00e1nico.<\/p>\n\n\n\n<p class=\"has-text-align-justify\"><br>Al Noroeste, NW y al Oeste, W de Temuco as\u00ed como en el interfluvio Caut\u00edn\/Tolt\u00e9n, se desarrolla ampliamente la formaci\u00f3n Cholchol (Mioceno), constituida por areniscas, limolitas, lutitas y arcillolitas con f\u00f3siles marinos y, localmente, con intercalaciones de carb\u00f3n. Esta formaci\u00f3n es la m\u00e1s ampliamente difundida en la zona de estudio.<br><\/p>\n\n\n\n<p class=\"has-text-align-justify\">En el \u00e1rea de estudio se pueden diferenciar las siguientes formaciones geol\u00f3gicas:<\/p>\n\n\n\n<figure class=\"wp-block-image size-large\"><img loading=\"lazy\" decoding=\"async\" width=\"696\" height=\"412\" src=\"http:\/\/www.padrelascasas.cl\/newplc\/wp-content\/uploads\/2020\/06\/imagen-2.png\" alt=\"\" class=\"wp-image-359\" srcset=\"https:\/\/padrelascasas.cl\/newplc\/wp-content\/uploads\/2020\/06\/imagen-2.png 696w, https:\/\/padrelascasas.cl\/newplc\/wp-content\/uploads\/2020\/06\/imagen-2-300x178.png 300w\" sizes=\"auto, (max-width: 696px) 100vw, 696px\" \/><\/figure>\n\n\n\n<p>La comuna se localiza sobre las \u00e1reas:<\/p>\n\n\n\n<p class=\"has-text-align-justify\">Qf (Pleistoceno-Holoceno): Dep\u00f3sitos fluviales: gravas, arenas y limos de curso actual de los r\u00edos mayores o de sus terrazas sub actuales y llanuras de inundaci\u00f3n. OM3b (Oligoceno \u2013 Mioceno):<br>Secuencias y centros volc\u00e1nicos b\u00e1sicos: lavas, brechas y rocas pirocl\u00e1sticas. En la Cordillera Principal, regi\u00f3n III: basaltos de Segerstrom; en la depresi\u00f3n Central, regi\u00f3n Metropolitana: cerro Huech\u00fan; en la Cordillera de la Costa, regiones IX y X; complejos volc\u00e1nicos de Ancud, Pargua y Capitanes.<\/p>\n\n\n\n<p class=\"has-text-align-justify\"><br>MP1m (Mioceno Superior-Plioceno): Secuencias sedimentarias marinas transgresivas: areniscas, limolitas, coquinas, conglomerados, calizas y fangolita. Q1 (Pleistoceno-Holoceno): Dep\u00f3sitos aluviales, coluviales y de remoci\u00f3n en masa, en menor proporci\u00f3n fluvioglaciales, deltaicos, litorales<br>o indiferenciados. OM1m (Oligoceno-Mioceno): Secuencias sedimentarias marinas: areniscas y coquinas.<\/p>\n\n\n\n<\/div><\/div>\n\n\n\n<div class=\"su-accordion su-u-trim\"><\/div><div class=\"su-spoiler su-spoiler-style-default su-spoiler-icon-plus su-spoiler-closed\" data-scroll-offset=\"0\" data-anchor-in-url=\"no\"><div class=\"su-spoiler-title\" tabindex=\"0\" role=\"button\"><span class=\"su-spoiler-icon\"><\/span>Geomorfolog\u00eda<\/div><div class=\"su-spoiler-content su-u-clearfix su-u-trim\"> <\/p>\n\n\n\n<p class=\"has-text-align-justify\">Relieves de Erosi\u00f3n. Cordones y plataformas en rocas volc\u00e1nicas y sedimentarias del Terciario. El cerro Conun Huenu, considerado separadamente del cord\u00f3n monta\u00f1oso que se extiende hacia el sureste, corresponde a un relieve relativamente bajo (345 m.s.n.m.) en el que predominan las laderas de perfil convexo somital, rectil\u00edneo intermedio y c\u00f3ncavo basal, siendo la secci\u00f3n rectil\u00ednea intermedia la m\u00e1s prolongada de las tres. Su morfolog\u00eda revela un relieve moderadamente maduro con pendientes moderadas a fuertes (Moreno, 1980), las que van desde los 3\u00b0 y superan los 15\u00b0, dominando el rango que var\u00eda entre 10\u00b0 y 14,9\u00b0.<\/p>\n\n\n\n<p>Imagen: Modelo Tridimensional Comuna de Padre Las Casas<\/p>\n\n\n\n<figure class=\"wp-block-image size-large\"><img loading=\"lazy\" decoding=\"async\" width=\"766\" height=\"396\" src=\"http:\/\/www.padrelascasas.cl\/newplc\/wp-content\/uploads\/2020\/06\/imagen-3.png\" alt=\"\" class=\"wp-image-362\" srcset=\"https:\/\/padrelascasas.cl\/newplc\/wp-content\/uploads\/2020\/06\/imagen-3.png 766w, https:\/\/padrelascasas.cl\/newplc\/wp-content\/uploads\/2020\/06\/imagen-3-300x155.png 300w\" sizes=\"auto, (max-width: 766px) 100vw, 766px\" \/><\/figure>\n\n\n\n<p class=\"has-text-align-justify\">Este relieve est\u00e1 constituido por rocas de la formaci\u00f3n Pilmahue, cuyos materiales superficiales se encuentran representados por dep\u00f3sitos coluviales y suelos granulares con importante proporci\u00f3n de arcillas, as\u00ed como por afloramientos del sustrato (Moreno op. cit.). El Cerro Conun Huenu, presenta una alta ocupaci\u00f3n por plantaci\u00f3n, sin embargo en su ladera Oeste, est\u00e1 siendo utilizado para el emplazamiento urbano de Padre Las Casas. Esta unidad presenta peque\u00f1os sectores con procesos, especialmente de erosi\u00f3n en manto. <\/p>\n\n\n\n<p class=\"has-text-align-justify\">No se observan evidencias de reptaci\u00f3n de suelos o fen\u00f3menos de remoci\u00f3n en masa significativos o que hayan modificado perceptiblemente el modelado, la evoluci\u00f3n del modelado parece concentrarse en micro procesos que no tienen una clara expresi\u00f3n geomorfol\u00f3gica, pudiendo movilizarse en sectores de pendiente relativamente elevada, especialmente cuando el perfil de la ladera es alterado por la acci\u00f3n antr\u00f3pica. La inestabilidad de estos sectores podr\u00eda expresarse a trav\u00e9s de deslizamientos peliculares de las alteritas y suelos arcillosos (Estudio de Riesgos Naturales del Plan Intercomunal Temuco Centro (LPT \u2013 UCT, 2007). Relieves de Acumulaci\u00f3n y Terrazas Fluviales.<\/p>\n\n\n\n<p class=\"has-text-align-justify\"><br>Son terrenos planos constituidos por dep\u00f3sitos aluviales integrados por ripios y gravas compactas a muy compactas, material en gran medida arcillosos. Corresponden a dep\u00f3sitos generados por sedimentaci\u00f3n del r\u00edo Caut\u00edn durante el cuaternario (Universidad de Chile, 2001). Pueden<br>encontrarse 3 estratos: terraza superior, terraza media y terraza inferior. Los tres estratos est\u00e1n siendo utilizados actualmente para uso urbano lo que provoca da\u00f1os causados por anegamientos.<\/p>\n\n\n\n<\/div><\/div>\n\n\n\n<div class=\"su-accordion su-u-trim\"><\/div><div class=\"su-spoiler su-spoiler-style-default su-spoiler-icon-plus su-spoiler-closed\" data-scroll-offset=\"0\" data-anchor-in-url=\"no\"><div class=\"su-spoiler-title\" tabindex=\"0\" role=\"button\"><span class=\"su-spoiler-icon\"><\/span>Pendiente<\/div><div class=\"su-spoiler-content su-u-clearfix su-u-trim\"> <\/p>\n\n\n\n<p class=\"has-text-align-justify\">Dado el relieve comunal, la mayor extensi\u00f3n del territorio de esta comuna presenta pendientes que fluct\u00faan entre los 0 \u2013 3o (83 %) y solo un 2% se encuentra &gt; 24o. Lo anterior, condiciona el territorio para un mayor desarrollo de actividades agroganaderas dada las potencialidades de este territorio.<\/p>\n\n\n\n<p><br>Imagen: Pendientes Comuna de Padre las Casas.<\/p>\n\n\n\n<figure class=\"wp-block-image size-large\"><img loading=\"lazy\" decoding=\"async\" width=\"748\" height=\"416\" src=\"http:\/\/www.padrelascasas.cl\/newplc\/wp-content\/uploads\/2020\/06\/imagen-4.png\" alt=\"\" class=\"wp-image-365\" srcset=\"https:\/\/padrelascasas.cl\/newplc\/wp-content\/uploads\/2020\/06\/imagen-4.png 748w, https:\/\/padrelascasas.cl\/newplc\/wp-content\/uploads\/2020\/06\/imagen-4-300x167.png 300w\" sizes=\"auto, (max-width: 748px) 100vw, 748px\" \/><\/figure>\n\n\n\n<\/div><\/div>\n\n\n\n<div class=\"su-accordion su-u-trim\"><\/div><div class=\"su-spoiler su-spoiler-style-default su-spoiler-icon-plus su-spoiler-closed\" data-scroll-offset=\"0\" data-anchor-in-url=\"no\"><div class=\"su-spoiler-title\" tabindex=\"0\" role=\"button\"><span class=\"su-spoiler-icon\"><\/span>Tipo de Suelo<\/div><div class=\"su-spoiler-content su-u-clearfix su-u-trim\"> <\/p>\n\n\n\n<p class=\"has-text-align-justify\">Desde el r\u00edo Malleco al sur dominan los materiales volc\u00e1nicos recientes (holoc\u00e9nicos) con buen o mal drenaje y los materiales volc\u00e1nicos antiguos (pleistoc\u00e9nicos), con mayor evoluci\u00f3n pedol\u00f3gica. La presencia de cenizas volc\u00e1nicas ha originado cuatro grandes tipos de suelos: los Trumaos, los \u00d1adis, los Rojo Arcillosos y los Pardo Arcillosos.<\/p>\n\n\n\n<p class=\"has-text-align-justify\"><br>Los suelos del \u00e1rea de estudio corresponden a la serie Metrenco, Pemehue, Temuco, Vilc\u00fan y suelos recientes, cuya caracterizaci\u00f3n se presenta a continuaci\u00f3n. S\u00f3lo Metrenco y Temuco corresponden al \u00e1rea urbana.<\/p>\n\n\n\n<p class=\"has-text-align-justify\"><br>Serie Metrenco: Ocupa una posici\u00f3n de terraza remanente con topograf\u00eda de lomajes suaves hasta cerros con pendientes de 2 a 30%. Forma parte de la familia fina, mixta, m\u00e9sica de los Tepic Paleudults (Ultisol). Son suelos profundos, formados por cenizas volc\u00e1nicas muy antiguas sobre planos remanentes, que se ubican principalmente en el llano central, a una altura de 100 a 300 msnm. De textura superficial franco arcillo limosa y color pardo oscuro en matices 7.5 YR; de textura arcillosa y color pardo rojizo oscuro en matices 5 YR en profundidad. La topograf\u00eda es moderadamente ondulada con pendiente de 8 a 15%, permeabilidad moderada y bien drenada.<\/p>\n\n\n\n<p class=\"has-text-align-justify\"><br>Serie Temuco: Ocupa una posici\u00f3n plana a ligeramente inclinada, en posici\u00f3n de terrazas aluviales recientes. Pertenece a la familia medial, m\u00e9sica de los Tepic Hapludands (Andisol). Estos son suelos ligeramente profundos, de origen aluvial, en posici\u00f3n de terraza reciente, que se ubican en el Llano Central a una altura de 100 a 150 m.s.n.m. De textura superficial franco limosa y color pardo muy oscuro en el matiz 10 YR; de textura franco limosa y color pardo amarillento oscuro en profundidad. Se presenta en forma de dep\u00f3sitos de cenizas volc\u00e1nicas sobre gravas y piedras en los diferentes niveles de terrazas aluviales. Suelo plano de permeabilidad moderada y bien drenada (Fuente: Estudio de Riesgos Naturales del Plan Intercomunal Temuco Centro, LPT \u2013 UCT, 2007).<\/p>\n\n\n\n<p><br>Imagen: Tipos de Suelo Comuna de Padre Las Casas.<\/p>\n\n\n\n<figure class=\"wp-block-image size-large\"><img loading=\"lazy\" decoding=\"async\" width=\"749\" height=\"442\" src=\"http:\/\/www.padrelascasas.cl\/newplc\/wp-content\/uploads\/2020\/06\/imagen-5.png\" alt=\"\" class=\"wp-image-366\" srcset=\"https:\/\/padrelascasas.cl\/newplc\/wp-content\/uploads\/2020\/06\/imagen-5.png 749w, https:\/\/padrelascasas.cl\/newplc\/wp-content\/uploads\/2020\/06\/imagen-5-300x177.png 300w\" sizes=\"auto, (max-width: 749px) 100vw, 749px\" \/><\/figure>\n\n\n\n<\/div><\/div>\n\n\n\n<div class=\"su-accordion su-u-trim\"><\/div><div class=\"su-spoiler su-spoiler-style-default su-spoiler-icon-plus su-spoiler-closed\" data-scroll-offset=\"0\" data-anchor-in-url=\"no\"><div class=\"su-spoiler-title\" tabindex=\"0\" role=\"button\"><span class=\"su-spoiler-icon\"><\/span>Sistema H\u00eddrico Comunal<\/div><div class=\"su-spoiler-content su-u-clearfix su-u-trim\"> <\/p>\n\n\n\n<p class=\"has-text-align-justify\">La comuna se ubica en cuenca del Imperial, cuyo sistema se prolonga desde las partes altas de la regi\u00f3n del Biob\u00edo hasta el sector de Saavedra donde desemboca en el mar. El afluente m\u00e1s importante es el rio Caut\u00edn, del cual secunda r\u00edo Quepe, ambos r\u00edos estructurantes de los sistemas naturales de la comuna de Padre las Casas. Otra parte de la estructura h\u00eddrica de la comuna se conforma por el r\u00edo Huichahue, adem\u00e1s de una serie de esteros de los cuales destacan: Huillinco, Cusaco, Licanco, Llahuallin, Pilpilco-Illaf y Metrenco, entre otros.<\/p>\n\n\n\n<p><br>Imagen: Red h\u00eddrica comuna Padre Las Casas<\/p>\n\n\n\n<figure class=\"wp-block-image size-large\"><img loading=\"lazy\" decoding=\"async\" width=\"749\" height=\"444\" src=\"http:\/\/www.padrelascasas.cl\/newplc\/wp-content\/uploads\/2020\/06\/imagen-6.png\" alt=\"\" class=\"wp-image-368\" srcset=\"https:\/\/padrelascasas.cl\/newplc\/wp-content\/uploads\/2020\/06\/imagen-6.png 749w, https:\/\/padrelascasas.cl\/newplc\/wp-content\/uploads\/2020\/06\/imagen-6-300x178.png 300w\" sizes=\"auto, (max-width: 749px) 100vw, 749px\" \/><\/figure>\n\n\n\n<p> <\/div><\/div>\n\n\n\n<div class=\"su-accordion su-u-trim\"><\/div><div class=\"su-spoiler su-spoiler-style-default su-spoiler-icon-plus su-spoiler-closed\" data-scroll-offset=\"0\" data-anchor-in-url=\"no\"><div class=\"su-spoiler-title\" tabindex=\"0\" role=\"button\"><span class=\"su-spoiler-icon\"><\/span>Red Vial Comunal<\/div><div class=\"su-spoiler-content su-u-clearfix su-u-trim\"> <\/p>\n\n\n\n<p class=\"has-text-align-justify\">En t\u00e9rminos de conectividad, la comuna se ubica en el eje central de La Araucan\u00eda, aleda\u00f1a a la capital regional compartiendo el rol de nodo de conexi\u00f3n a distintos puntos de la regi\u00f3n, principalmente hacia el Sur a trav\u00e9s de la ruta longitudinal Sur que atraviesa toda la comuna. Mientras que la comunicaci\u00f3n hacia el Este es mediante la ruta S-51 que la comunica hacia la comuna de Cunco, Melipeuco y Paso Icalma en la comuna de Lonquimay.<\/p>\n\n\n\n<p class=\"has-text-align-justify\"><br>Por otro lado destaca la presencia del By pass, v\u00eda que permite el paso expedito hacia el Norte y Sur de la regi\u00f3n. Otras rutas importantes es la conexi\u00f3n a trav\u00e9s del camino Ni\u00e1gara hacia Vilc\u00fan, tambi\u00e9n la conexi\u00f3n hacia la comuna de Nueva Imperial a trav\u00e9s de la ruta Caut\u00edn \u2013 Boroa. En lo<br>que respecta a la comunicaci\u00f3n interna comunal, se suman las rutas hacia Maquehue, adem\u00e1s de un sinn\u00famero de caminos de ripio y caminos vecinales que conectan las localidades rurales.<\/p>\n\n\n\n<p><br>Imagen: Red vial comunal<\/p>\n\n\n\n<figure class=\"wp-block-image size-large\"><img loading=\"lazy\" decoding=\"async\" width=\"749\" height=\"442\" src=\"http:\/\/www.padrelascasas.cl\/newplc\/wp-content\/uploads\/2020\/06\/imagen-7.png\" alt=\"\" class=\"wp-image-369\" srcset=\"https:\/\/padrelascasas.cl\/newplc\/wp-content\/uploads\/2020\/06\/imagen-7.png 749w, https:\/\/padrelascasas.cl\/newplc\/wp-content\/uploads\/2020\/06\/imagen-7-300x177.png 300w\" sizes=\"auto, (max-width: 749px) 100vw, 749px\" \/><\/figure>\n\n\n\n<p> <\/div><\/div>\n","protected":false},"excerpt":{"rendered":"","protected":false},"author":1,"featured_media":1005,"parent":0,"menu_order":0,"comment_status":"closed","ping_status":"closed","template":"page-direcciones.php","meta":{"pgc_sgb_lightbox_settings":"","footnotes":""},"class_list":["post-90","page","type-page","status-publish","has-post-thumbnail","hentry"],"_links":{"self":[{"href":"https:\/\/padrelascasas.cl\/newplc\/wp-json\/wp\/v2\/pages\/90","targetHints":{"allow":["GET"]}}],"collection":[{"href":"https:\/\/padrelascasas.cl\/newplc\/wp-json\/wp\/v2\/pages"}],"about":[{"href":"https:\/\/padrelascasas.cl\/newplc\/wp-json\/wp\/v2\/types\/page"}],"author":[{"embeddable":true,"href":"https:\/\/padrelascasas.cl\/newplc\/wp-json\/wp\/v2\/users\/1"}],"replies":[{"embeddable":true,"href":"https:\/\/padrelascasas.cl\/newplc\/wp-json\/wp\/v2\/comments?post=90"}],"version-history":[{"count":0,"href":"https:\/\/padrelascasas.cl\/newplc\/wp-json\/wp\/v2\/pages\/90\/revisions"}],"wp:featuredmedia":[{"embeddable":true,"href":"https:\/\/padrelascasas.cl\/newplc\/wp-json\/wp\/v2\/media\/1005"}],"wp:attachment":[{"href":"https:\/\/padrelascasas.cl\/newplc\/wp-json\/wp\/v2\/media?parent=90"}],"curies":[{"name":"wp","href":"https:\/\/api.w.org\/{rel}","templated":true}]}}