{"id":98,"date":"2020-06-03T03:27:25","date_gmt":"2020-06-03T06:27:25","guid":{"rendered":"http:\/\/www.padrelascasas.cl\/newplc\/?page_id=98"},"modified":"2021-11-03T11:49:55","modified_gmt":"2021-11-03T14:49:55","slug":"pladeco","status":"publish","type":"page","link":"https:\/\/padrelascasas.cl\/newplc\/pladeco\/","title":{"rendered":"Plan de Desarrollo Comunal &#8211; PLADECO"},"content":{"rendered":"\n<p class=\"has-text-align-justify\">Durante el a\u00f1o 2019 se culmin\u00f3 la actualizaci\u00f3n del Plan de Desarrollo Comunal, puesto que periodo de vigencia del Plan de Desarrollo Comunal anterior fue 2012 \u2013 2017, por ende, expiraba el a\u00f1o 2017.<\/p>\n\n\n\n<p class=\"has-text-align-justify\"><br>El objetivo de este documento, de car\u00e1cter participativo, es potenciar el desarrollo de nuestra comuna de forma integral, la que en estos \u00faltimos a\u00f1os se ha posicionado a nivel regional como crecimiento y por ende con grandes oportunidades y desaf\u00edos por delante.<\/p>\n\n\n\n<p class=\"has-text-align-justify\"><br>Durante el a\u00f1o 2019 se trabaj\u00f3 de manera conjunta entre la Municipalidad de Padre Las Casas y las diversas organizaciones comunitarias y ciudadan\u00eda en general de nuestra comuna, con el objetivo de conocer los sue\u00f1os, necesidades y propuestas que tienen nuestros habitantes, quienes fueron<br>pieza fundamental en la confecci\u00f3n de este documento.<\/p>\n\n\n\n<p class=\"has-text-align-justify\"><br>A trav\u00e9s de la alianza entre nuestra Municipalidad y el Instituto de Desarrollo Local y Regional (IDER) de la Universidad de La Frontera, se ha logrado elaborar este Plan de Desarrollo Comunal que contiene diversas l\u00edneas de acci\u00f3n que contribuyen a dar respuesta a aquellas necesidades,<br>demandas y propuestas levantadas de manera participativa en cada uno de los sectores de Padre Las Casas.<\/p>\n\n\n\n<p class=\"has-text-align-justify\"><br>El Pladeco ser\u00e1 nuestra carta de navegaci\u00f3n para los a\u00f1os 2020-2025, el cual cuenta con el respaldo de un gran trabajo comunitario, el que hemos desarrollado desde que asumimos esta administraci\u00f3n municipal. En estos \u00faltimos a\u00f1os nuestro foco han sido nuestros vecinos, con qui\u00e9nes hemos<br>trabajado de forma mancomunada, atendiendo sus reales problemas y generando condiciones para mejorar la calidad de vida de cada una de las personas que dan vida a nuestra gran comuna.<\/p>\n\n\n\n<p class=\"has-text-align-justify\"><br>El documento del Pladeco est\u00e1 disponible en este portal web de la Municipalidad, para que se pueda descargar y utilizarlo para los fines que se estimen pertinentes.<\/p>\n\n\n\n<div class=\"su-spoiler su-spoiler-style-default su-spoiler-icon-plus su-spoiler-closed\" data-scroll-offset=\"0\" data-anchor-in-url=\"no\"><div class=\"su-spoiler-title\" tabindex=\"0\" role=\"button\"><span class=\"su-spoiler-icon\"><\/span>INFORMACI\u00d3N HIST\u00d3RICA - PLADECO<\/div><div class=\"su-spoiler-content su-u-clearfix su-u-trim\">\n\n\n\n<ul class=\"wp-block-list\"><li><a href=\"http:\/\/www.padrelascasas.cl\/transparencia_activa_plc\/Otros%20Antecedentes\/Pladeco\/PLADECO_PADRE_LAS_CASAS_2020-2025.pdf\" target=\"_blank\" aria-label=\"PLADECO 2020 - 2025 (opens in a new tab)\" rel=\"noreferrer noopener\" class=\"ek-link\">PLADECO 2020 &#8211; 2025<\/a><\/li><li><a href=\"http:\/\/www.padrelascasas.cl\/TRANSPARENCIA_MUNICIPAL\/27_DICIEMBRE_2012\/pladeco%202012-email.pdf\" target=\"_blank\" aria-label=\"PLADECO 2012 - 2017 (opens in a new tab)\" rel=\"noreferrer noopener\" class=\"ek-link\">PLADECO 2012 &#8211; 2017<\/a><\/li><li><a href=\"http:\/\/www.padrelascasas.cl\/plc\/INFORME%20FINAL%20PLADECO%20PLC.pdf\" target=\"_blank\" aria-label=\"PLADECO 2006 - 2012 (opens in a new tab)\" rel=\"noreferrer noopener\" class=\"ek-link\">PLADECO 2006 &#8211; 2012<\/a><\/li><li><a href=\"http:\/\/www.padrelascasas.cl\/plc\/Resumen%20Ejecutivo_%20PLADECO%20PLC.pdf\" target=\"_blank\" aria-label=\"PLADECO RESUMIDO 2006 - 2012 (opens in a new tab)\" rel=\"noreferrer noopener\" class=\"ek-link\">PLADECO RESUMIDO 2006 &#8211; 2012<\/a><\/div><\/div><\/li><\/ul>\n\n\n\n<p><\/p>\n","protected":false},"excerpt":{"rendered":"<p>Durante el a\u00f1o 2019 se culmin\u00f3 la actualizaci\u00f3n del Plan de Desarrollo Comunal, puesto que periodo de vigencia del Plan de Desarrollo Comunal anterior fue 2012 \u2013 2017, por ende, expiraba el a\u00f1o 2017. El objetivo de este documento, de car\u00e1cter participativo, es potenciar el desarrollo de nuestra comuna de forma integral, la que en [&hellip;]<\/p>\n","protected":false},"author":1,"featured_media":1011,"parent":0,"menu_order":0,"comment_status":"closed","ping_status":"closed","template":"page-direcciones.php","meta":{"pgc_sgb_lightbox_settings":"","footnotes":""},"class_list":["post-98","page","type-page","status-publish","has-post-thumbnail","hentry"],"_links":{"self":[{"href":"https:\/\/padrelascasas.cl\/newplc\/wp-json\/wp\/v2\/pages\/98","targetHints":{"allow":["GET"]}}],"collection":[{"href":"https:\/\/padrelascasas.cl\/newplc\/wp-json\/wp\/v2\/pages"}],"about":[{"href":"https:\/\/padrelascasas.cl\/newplc\/wp-json\/wp\/v2\/types\/page"}],"author":[{"embeddable":true,"href":"https:\/\/padrelascasas.cl\/newplc\/wp-json\/wp\/v2\/users\/1"}],"replies":[{"embeddable":true,"href":"https:\/\/padrelascasas.cl\/newplc\/wp-json\/wp\/v2\/comments?post=98"}],"version-history":[{"count":0,"href":"https:\/\/padrelascasas.cl\/newplc\/wp-json\/wp\/v2\/pages\/98\/revisions"}],"wp:featuredmedia":[{"embeddable":true,"href":"https:\/\/padrelascasas.cl\/newplc\/wp-json\/wp\/v2\/media\/1011"}],"wp:attachment":[{"href":"https:\/\/padrelascasas.cl\/newplc\/wp-json\/wp\/v2\/media?parent=98"}],"curies":[{"name":"wp","href":"https:\/\/api.w.org\/{rel}","templated":true}]}}