{"id":1013,"date":"2025-09-08T18:26:16","date_gmt":"2025-09-08T18:26:16","guid":{"rendered":"https:\/\/padrelascasas.cl\/nuevositio\/?page_id=1013"},"modified":"2025-10-22T16:44:22","modified_gmt":"2025-10-22T16:44:22","slug":"noticias","status":"publish","type":"page","link":"https:\/\/padrelascasas.cl\/nuevositio\/noticias\/","title":{"rendered":"Noticias"},"content":{"rendered":"\t\t<div data-elementor-type=\"wp-page\" data-elementor-id=\"1013\" class=\"elementor elementor-1013\" data-elementor-settings=\"{&quot;ha_cmc_init_switcher&quot;:&quot;no&quot;}\">\n\t\t\t\t<div class=\"elementor-element elementor-element-4779317 e-flex e-con-boxed e-con e-parent\" data-id=\"4779317\" data-element_type=\"container\" data-settings=\"{&quot;background_background&quot;:&quot;classic&quot;,&quot;_ha_eqh_enable&quot;:false}\">\n\t\t\t\t\t<div class=\"e-con-inner\">\n\t\t\t\t<div class=\"elementor-element elementor-element-540a6f5 elementor-widget__width-inherit elementor-widget elementor-widget-heading\" data-id=\"540a6f5\" data-element_type=\"widget\" data-widget_type=\"heading.default\">\n\t\t\t\t\t<h2 class=\"elementor-heading-title elementor-size-default\">Noticias<\/h2>\t\t\t\t<\/div>\n\t\t\t\t\t<\/div>\n\t\t\t\t<\/div>\n\t\t<div class=\"elementor-element elementor-element-1dbc3ca e-con-full e-flex e-con e-parent\" data-id=\"1dbc3ca\" data-element_type=\"container\" data-settings=\"{&quot;_ha_eqh_enable&quot;:false}\">\n\t\t\t\t<div class=\"elementor-element elementor-element-1b21ae7 elementor-grid-eael-col-3 elementor-grid-tablet-eael-col-2 elementor-grid-mobile-eael-col-1 elementor-widget elementor-widget-eael-post-grid\" data-id=\"1b21ae7\" data-element_type=\"widget\" data-settings=\"{&quot;eael_post_grid_columns&quot;:&quot;eael-col-3&quot;,&quot;eael_post_grid_columns_tablet&quot;:&quot;eael-col-2&quot;,&quot;eael_post_grid_columns_mobile&quot;:&quot;eael-col-1&quot;}\" data-widget_type=\"eael-post-grid.default\">\n\t\t\t\t\t<div id=\"eael-post-grid-1b21ae7\" class=\"eael-post-grid-container\">\n            <div class=\"eael-post-grid eael-post-appender eael-post-appender-1b21ae7 eael-post-grid-style-three\" data-layout-mode=\"grid\"><article class=\"eael-grid-post eael-post-grid-column\" data-id=\"5963\">\n        <div class=\"eael-grid-post-holder\">\n            <div class=\"eael-grid-post-holder-inner\"><div class=\"eael-entry-media\"><div class=\"eael-entry-overlay fade-in\"><i class=\"fas fa-long-arrow-alt-right\" aria-hidden=\"true\"><\/i><a href=\"https:\/\/padrelascasas.cl\/nuevositio\/programa-de-apoyo-a-talleres-laborales-lanza-nuevas-lineas-de-trabajo-en-padre-las-casas-para-2026\/\"><\/a><\/div><div class=\"eael-entry-thumbnail eael-image-ratio\">\n                 <img fetchpriority=\"high\" decoding=\"async\" width=\"300\" height=\"186\" src=\"https:\/\/padrelascasas.cl\/nuevositio\/wp-content\/uploads\/2026\/03\/talleres-300x186.jpeg\" class=\"attachment-medium size-medium wp-image-6020\" alt=\"\" srcset=\"https:\/\/padrelascasas.cl\/nuevositio\/wp-content\/uploads\/2026\/03\/talleres-300x186.jpeg 300w, https:\/\/padrelascasas.cl\/nuevositio\/wp-content\/uploads\/2026\/03\/talleres-1024x635.jpeg 1024w, https:\/\/padrelascasas.cl\/nuevositio\/wp-content\/uploads\/2026\/03\/talleres-768x476.jpeg 768w, https:\/\/padrelascasas.cl\/nuevositio\/wp-content\/uploads\/2026\/03\/talleres-1536x953.jpeg 1536w, https:\/\/padrelascasas.cl\/nuevositio\/wp-content\/uploads\/2026\/03\/talleres.jpeg 1620w\" sizes=\"(max-width: 300px) 100vw, 300px\" \/>\n             <\/div>\n        <\/div><div class=\"eael-entry-wrapper\"><header class=\"eael-entry-header\"><h2 class=\"eael-entry-title\"><a class=\"eael-grid-post-link\" href=\"https:\/\/padrelascasas.cl\/nuevositio\/programa-de-apoyo-a-talleres-laborales-lanza-nuevas-lineas-de-trabajo-en-padre-las-casas-para-2026\/\" title=\"Programa de Apoyo a Talleres Laborales lanza nuevas l\u00edneas de trabajo en Padre Las Casas para 2026\">Programa de Apoyo a Talleres Laborales lanza nuevas l\u00edneas de trabajo en Padre Las Casas para 2026<\/a><\/h2><\/header><div class=\"eael-entry-meta\"><span class=\"eael-posted-on\"><time datetime=\"marzo 24, 2026\">marzo 24, 2026<\/time><\/span><\/div><div class=\"eael-entry-content\">\n                        <div class=\"eael-grid-post-excerpt\"><p>Con foco en el emprendimiento, el bienestar...<\/p><a href=\"https:\/\/padrelascasas.cl\/nuevositio\/programa-de-apoyo-a-talleres-laborales-lanza-nuevas-lineas-de-trabajo-en-padre-las-casas-para-2026\/\" class=\"eael-post-elements-readmore-btn\">Leer m\u00e1s<\/a><\/div>\n                    <\/div><\/div><\/div>\n        <\/div>\n    <\/article><article class=\"eael-grid-post eael-post-grid-column\" data-id=\"1171\">\n        <div class=\"eael-grid-post-holder\">\n            <div class=\"eael-grid-post-holder-inner\"><div class=\"eael-entry-media\"><div class=\"eael-entry-overlay fade-in\"><i class=\"fas fa-long-arrow-alt-right\" aria-hidden=\"true\"><\/i><a href=\"https:\/\/padrelascasas.cl\/nuevositio\/un-balde-para-hacer-compostaje-que-cambiara-habitos-en-vecinos-de-padre-las-casas\/\"><\/a><\/div><div class=\"eael-entry-thumbnail eael-image-ratio\">\n                 <img decoding=\"async\" width=\"300\" height=\"186\" src=\"https:\/\/padrelascasas.cl\/nuevositio\/wp-content\/uploads\/2026\/03\/balde-300x186.jpeg\" class=\"attachment-medium size-medium wp-image-6016\" alt=\"\" srcset=\"https:\/\/padrelascasas.cl\/nuevositio\/wp-content\/uploads\/2026\/03\/balde-300x186.jpeg 300w, https:\/\/padrelascasas.cl\/nuevositio\/wp-content\/uploads\/2026\/03\/balde-1024x635.jpeg 1024w, https:\/\/padrelascasas.cl\/nuevositio\/wp-content\/uploads\/2026\/03\/balde-768x476.jpeg 768w, https:\/\/padrelascasas.cl\/nuevositio\/wp-content\/uploads\/2026\/03\/balde-1536x953.jpeg 1536w, https:\/\/padrelascasas.cl\/nuevositio\/wp-content\/uploads\/2026\/03\/balde.jpeg 1620w\" sizes=\"(max-width: 300px) 100vw, 300px\" \/>\n             <\/div>\n        <\/div><div class=\"eael-entry-wrapper\"><header class=\"eael-entry-header\"><h2 class=\"eael-entry-title\"><a class=\"eael-grid-post-link\" href=\"https:\/\/padrelascasas.cl\/nuevositio\/un-balde-para-hacer-compostaje-que-cambiara-habitos-en-vecinos-de-padre-las-casas\/\" title=\"Un balde para hacer compostaje que cambiar\u00e1 h\u00e1bitos en vecinos de Padre Las Casas\">Un balde para hacer compostaje que cambiar\u00e1 h\u00e1bitos en vecinos de Padre Las Casas<\/a><\/h2><\/header><div class=\"eael-entry-meta\"><span class=\"eael-posted-on\"><time datetime=\"marzo 20, 2026\">marzo 20, 2026<\/time><\/span><\/div><div class=\"eael-entry-content\">\n                        <div class=\"eael-grid-post-excerpt\"><p>Padre Las Casas apuesta por el compostaje...<\/p><a href=\"https:\/\/padrelascasas.cl\/nuevositio\/un-balde-para-hacer-compostaje-que-cambiara-habitos-en-vecinos-de-padre-las-casas\/\" class=\"eael-post-elements-readmore-btn\">Leer m\u00e1s<\/a><\/div>\n                    <\/div><\/div><\/div>\n        <\/div>\n    <\/article><article class=\"eael-grid-post eael-post-grid-column\" data-id=\"1169\">\n        <div class=\"eael-grid-post-holder\">\n            <div class=\"eael-grid-post-holder-inner\"><div class=\"eael-entry-media\"><div class=\"eael-entry-overlay fade-in\"><i class=\"fas fa-long-arrow-alt-right\" aria-hidden=\"true\"><\/i><a href=\"https:\/\/padrelascasas.cl\/nuevositio\/4-lorem-ipsum\/\"><\/a><\/div><div class=\"eael-entry-thumbnail eael-image-ratio\">\n                 <img decoding=\"async\" width=\"300\" height=\"186\" src=\"https:\/\/padrelascasas.cl\/nuevositio\/wp-content\/uploads\/2026\/03\/camioneta-300x186.jpg\" class=\"attachment-medium size-medium wp-image-6017\" alt=\"\" srcset=\"https:\/\/padrelascasas.cl\/nuevositio\/wp-content\/uploads\/2026\/03\/camioneta-300x186.jpg 300w, https:\/\/padrelascasas.cl\/nuevositio\/wp-content\/uploads\/2026\/03\/camioneta-1024x635.jpg 1024w, https:\/\/padrelascasas.cl\/nuevositio\/wp-content\/uploads\/2026\/03\/camioneta-768x476.jpg 768w, https:\/\/padrelascasas.cl\/nuevositio\/wp-content\/uploads\/2026\/03\/camioneta-1536x953.jpg 1536w, https:\/\/padrelascasas.cl\/nuevositio\/wp-content\/uploads\/2026\/03\/camioneta.jpg 1620w\" sizes=\"(max-width: 300px) 100vw, 300px\" \/>\n             <\/div>\n        <\/div><div class=\"eael-entry-wrapper\"><header class=\"eael-entry-header\"><h2 class=\"eael-entry-title\"><a class=\"eael-grid-post-link\" href=\"https:\/\/padrelascasas.cl\/nuevositio\/4-lorem-ipsum\/\" title=\"Seguimos fortaleciendo la salud comunal con recursos municipales para llegar a m\u00e1s vecinos y vecinas\">Seguimos fortaleciendo la salud comunal con recursos municipales para llegar a m\u00e1s vecinos y vecinas<\/a><\/h2><\/header><div class=\"eael-entry-meta\"><span class=\"eael-posted-on\"><time datetime=\"marzo 19, 2026\">marzo 19, 2026<\/time><\/span><\/div><div class=\"eael-entry-content\">\n                        <div class=\"eael-grid-post-excerpt\"><p>\u201cSeguimos fortaleciendo la salud comunal con recursos...<\/p><a href=\"https:\/\/padrelascasas.cl\/nuevositio\/4-lorem-ipsum\/\" class=\"eael-post-elements-readmore-btn\">Leer m\u00e1s<\/a><\/div>\n                    <\/div><\/div><\/div>\n        <\/div>\n    <\/article><article class=\"eael-grid-post eael-post-grid-column\" data-id=\"1168\">\n        <div class=\"eael-grid-post-holder\">\n            <div class=\"eael-grid-post-holder-inner\"><div class=\"eael-entry-media\"><div class=\"eael-entry-overlay fade-in\"><i class=\"fas fa-long-arrow-alt-right\" aria-hidden=\"true\"><\/i><a href=\"https:\/\/padrelascasas.cl\/nuevositio\/3-lorem-ipsum\/\"><\/a><\/div><div class=\"eael-entry-thumbnail eael-image-ratio\">\n                 <img loading=\"lazy\" decoding=\"async\" width=\"300\" height=\"186\" src=\"https:\/\/padrelascasas.cl\/nuevositio\/wp-content\/uploads\/2026\/03\/reposicion-300x186.jpeg\" class=\"attachment-medium size-medium wp-image-6012\" alt=\"\" srcset=\"https:\/\/padrelascasas.cl\/nuevositio\/wp-content\/uploads\/2026\/03\/reposicion-300x186.jpeg 300w, https:\/\/padrelascasas.cl\/nuevositio\/wp-content\/uploads\/2026\/03\/reposicion-1024x635.jpeg 1024w, https:\/\/padrelascasas.cl\/nuevositio\/wp-content\/uploads\/2026\/03\/reposicion-768x476.jpeg 768w, https:\/\/padrelascasas.cl\/nuevositio\/wp-content\/uploads\/2026\/03\/reposicion-1536x953.jpeg 1536w, https:\/\/padrelascasas.cl\/nuevositio\/wp-content\/uploads\/2026\/03\/reposicion.jpeg 1620w\" sizes=\"(max-width: 300px) 100vw, 300px\" \/>\n             <\/div>\n        <\/div><div class=\"eael-entry-wrapper\"><header class=\"eael-entry-header\"><h2 class=\"eael-entry-title\"><a class=\"eael-grid-post-link\" href=\"https:\/\/padrelascasas.cl\/nuevositio\/3-lorem-ipsum\/\" title=\"La reposici\u00f3n de Escuela Municipal de Chom\u00edo fue la gran noticia de inauguraci\u00f3n del a\u00f1o escolar en Padre Las Casas\">La reposici\u00f3n de Escuela Municipal de Chom\u00edo fue la gran noticia de inauguraci\u00f3n del a\u00f1o escolar en Padre Las Casas<\/a><\/h2><\/header><div class=\"eael-entry-meta\"><span class=\"eael-posted-on\"><time datetime=\"marzo 18, 2026\">marzo 18, 2026<\/time><\/span><\/div><div class=\"eael-entry-content\">\n                        <div class=\"eael-grid-post-excerpt\"><p>Relevando la aprobaci\u00f3n del proyecto de reposici\u00f3n...<\/p><a href=\"https:\/\/padrelascasas.cl\/nuevositio\/3-lorem-ipsum\/\" class=\"eael-post-elements-readmore-btn\">Leer m\u00e1s<\/a><\/div>\n                    <\/div><\/div><\/div>\n        <\/div>\n    <\/article><article class=\"eael-grid-post eael-post-grid-column\" data-id=\"1167\">\n        <div class=\"eael-grid-post-holder\">\n            <div class=\"eael-grid-post-holder-inner\"><div class=\"eael-entry-media\"><div class=\"eael-entry-overlay fade-in\"><i class=\"fas fa-long-arrow-alt-right\" aria-hidden=\"true\"><\/i><a href=\"https:\/\/padrelascasas.cl\/nuevositio\/2-lorem-ipsum\/\"><\/a><\/div><div class=\"eael-entry-thumbnail eael-image-ratio\">\n                 <img loading=\"lazy\" decoding=\"async\" width=\"300\" height=\"188\" src=\"https:\/\/padrelascasas.cl\/nuevositio\/wp-content\/uploads\/2026\/03\/arriendo-300x188.jpg\" class=\"attachment-medium size-medium wp-image-6010\" alt=\"\" srcset=\"https:\/\/padrelascasas.cl\/nuevositio\/wp-content\/uploads\/2026\/03\/arriendo-300x188.jpg 300w, https:\/\/padrelascasas.cl\/nuevositio\/wp-content\/uploads\/2026\/03\/arriendo-1024x643.jpg 1024w, https:\/\/padrelascasas.cl\/nuevositio\/wp-content\/uploads\/2026\/03\/arriendo-768x482.jpg 768w, https:\/\/padrelascasas.cl\/nuevositio\/wp-content\/uploads\/2026\/03\/arriendo-1536x965.jpg 1536w, https:\/\/padrelascasas.cl\/nuevositio\/wp-content\/uploads\/2026\/03\/arriendo.jpg 1600w\" sizes=\"(max-width: 300px) 100vw, 300px\" \/>\n             <\/div>\n        <\/div><div class=\"eael-entry-wrapper\"><header class=\"eael-entry-header\"><h2 class=\"eael-entry-title\"><a class=\"eael-grid-post-link\" href=\"https:\/\/padrelascasas.cl\/nuevositio\/2-lorem-ipsum\/\" title=\"Padre Las Casas hace historia con construcci\u00f3n de departamentos de arriendo a precio justo\">Padre Las Casas hace historia con construcci\u00f3n de departamentos de arriendo a precio justo<\/a><\/h2><\/header><div class=\"eael-entry-meta\"><span class=\"eael-posted-on\"><time datetime=\"marzo 17, 2026\">marzo 17, 2026<\/time><\/span><\/div><div class=\"eael-entry-content\">\n                        <div class=\"eael-grid-post-excerpt\"><p>\u201cEstamos haciendo historia con respecto a las...<\/p><a href=\"https:\/\/padrelascasas.cl\/nuevositio\/2-lorem-ipsum\/\" class=\"eael-post-elements-readmore-btn\">Leer m\u00e1s<\/a><\/div>\n                    <\/div><\/div><\/div>\n        <\/div>\n    <\/article><article class=\"eael-grid-post eael-post-grid-column\" data-id=\"1165\">\n        <div class=\"eael-grid-post-holder\">\n            <div class=\"eael-grid-post-holder-inner\"><div class=\"eael-entry-media\"><div class=\"eael-entry-overlay fade-in\"><i class=\"fas fa-long-arrow-alt-right\" aria-hidden=\"true\"><\/i><a href=\"https:\/\/padrelascasas.cl\/nuevositio\/lorem-ipsum\/\"><\/a><\/div><div class=\"eael-entry-thumbnail eael-image-ratio\">\n                 <img loading=\"lazy\" decoding=\"async\" width=\"300\" height=\"186\" src=\"https:\/\/padrelascasas.cl\/nuevositio\/wp-content\/uploads\/2026\/03\/8m-300x186.jpeg\" class=\"attachment-medium size-medium wp-image-6021\" alt=\"\" srcset=\"https:\/\/padrelascasas.cl\/nuevositio\/wp-content\/uploads\/2026\/03\/8m-300x186.jpeg 300w, https:\/\/padrelascasas.cl\/nuevositio\/wp-content\/uploads\/2026\/03\/8m-1024x635.jpeg 1024w, https:\/\/padrelascasas.cl\/nuevositio\/wp-content\/uploads\/2026\/03\/8m-768x476.jpeg 768w, https:\/\/padrelascasas.cl\/nuevositio\/wp-content\/uploads\/2026\/03\/8m-1536x953.jpeg 1536w, https:\/\/padrelascasas.cl\/nuevositio\/wp-content\/uploads\/2026\/03\/8m.jpeg 1620w\" sizes=\"(max-width: 300px) 100vw, 300px\" \/>\n             <\/div>\n        <\/div><div class=\"eael-entry-wrapper\"><header class=\"eael-entry-header\"><h2 class=\"eael-entry-title\"><a class=\"eael-grid-post-link\" href=\"https:\/\/padrelascasas.cl\/nuevositio\/lorem-ipsum\/\" title=\"300 mujeres de la regi\u00f3n conmemoraron el 8M en Padre Las Casas\">300 mujeres de la regi\u00f3n conmemoraron el 8M en Padre Las Casas<\/a><\/h2><\/header><div class=\"eael-entry-meta\"><span class=\"eael-posted-on\"><time datetime=\"marzo 16, 2026\">marzo 16, 2026<\/time><\/span><\/div><div class=\"eael-entry-content\">\n                        <div class=\"eael-grid-post-excerpt\"><p>En Padre Las Casas se realiz\u00f3 la...<\/p><a href=\"https:\/\/padrelascasas.cl\/nuevositio\/lorem-ipsum\/\" class=\"eael-post-elements-readmore-btn\">Leer m\u00e1s<\/a><\/div>\n                    <\/div><\/div><\/div>\n        <\/div>\n    <\/article><\/div>\n            <div class=\"clearfix\"><\/div>\n        <\/div>\t\t\t\t<\/div>\n\t\t\t\t<\/div>\n\t\t\t\t<\/div>\n\t\t","protected":false},"excerpt":{"rendered":"<p>Noticias La mejor empanada de Padre Las Casas est\u00e1 en la Amasander\u00eda Huichahue! septiembre 17, 2025 \u201cLa Mejor Empanada de Padre Las Casas.\u201d Leer m\u00e1s Alcalde rinde cuenta p\u00fablica con \u00e9nfasis en inversiones en desarrollo social, vivienda y medioambiente. septiembre 17, 2025 Apalancamientos de inversiones para la comuna en&#8230; Leer m\u00e1s El alcalde Mario Gonz\u00e1lez&#8230;<\/p>\n","protected":false},"author":2,"featured_media":0,"parent":0,"menu_order":0,"comment_status":"closed","ping_status":"closed","template":"","meta":{"_acf_changed":false,"_eb_attr":"","om_disable_all_campaigns":false,"_monsterinsights_skip_tracking":false,"_monsterinsights_sitenote_active":false,"_monsterinsights_sitenote_note":"","_monsterinsights_sitenote_category":0,"_kad_post_transparent":"","_kad_post_title":"hide","_kad_post_layout":"fullwidth","_kad_post_sidebar_id":"","_kad_post_content_style":"unboxed","_kad_post_vertical_padding":"hide","_kad_post_feature":"hide","_kad_post_feature_position":"","_kad_post_header":false,"_kad_post_footer":false,"footnotes":""},"class_list":["post-1013","page","type-page","status-publish","hentry"],"acf":[],"yoast_head":"<!-- This site is optimized with the Yoast SEO plugin v26.3 - https:\/\/yoast.com\/wordpress\/plugins\/seo\/ -->\n<title>Noticias - Sitio Padre Las Casas<\/title>\n<meta name=\"robots\" content=\"index, follow, max-snippet:-1, max-image-preview:large, max-video-preview:-1\" \/>\n<link rel=\"canonical\" href=\"https:\/\/padrelascasas.cl\/nuevositio\/noticias\/\" \/>\n<meta property=\"og:locale\" content=\"es_ES\" \/>\n<meta property=\"og:type\" content=\"article\" \/>\n<meta property=\"og:title\" content=\"Noticias - Sitio Padre Las Casas\" \/>\n<meta property=\"og:description\" content=\"Noticias La mejor empanada de Padre Las Casas est\u00e1 en la Amasander\u00eda Huichahue! septiembre 17, 2025 \u201cLa Mejor Empanada de Padre Las Casas.\u201d Leer m\u00e1s Alcalde rinde cuenta p\u00fablica con \u00e9nfasis en inversiones en desarrollo social, vivienda y medioambiente. septiembre 17, 2025 Apalancamientos de inversiones para la comuna en&#8230; Leer m\u00e1s El alcalde Mario Gonz\u00e1lez...\" \/>\n<meta property=\"og:url\" content=\"https:\/\/padrelascasas.cl\/nuevositio\/noticias\/\" \/>\n<meta property=\"og:site_name\" content=\"Sitio Padre Las Casas\" \/>\n<meta property=\"article:modified_time\" content=\"2025-10-22T16:44:22+00:00\" \/>\n<meta property=\"og:image\" content=\"https:\/\/padrelascasas.cl\/nuevositio\/wp-content\/uploads\/2025\/09\/noticia-1.jpeg\" \/>\n\t<meta property=\"og:image:width\" content=\"1280\" \/>\n\t<meta property=\"og:image:height\" content=\"720\" \/>\n\t<meta property=\"og:image:type\" content=\"image\/jpeg\" \/>\n<meta name=\"twitter:card\" content=\"summary_large_image\" \/>\n<meta name=\"twitter:label1\" content=\"Tiempo de lectura\" \/>\n\t<meta name=\"twitter:data1\" content=\"2 minutos\" \/>\n<script type=\"application\/ld+json\" class=\"yoast-schema-graph\">{\"@context\":\"https:\/\/schema.org\",\"@graph\":[{\"@type\":\"WebPage\",\"@id\":\"https:\/\/padrelascasas.cl\/nuevositio\/noticias\/\",\"url\":\"https:\/\/padrelascasas.cl\/nuevositio\/noticias\/\",\"name\":\"Noticias - Sitio Padre Las Casas\",\"isPartOf\":{\"@id\":\"https:\/\/padrelascasas.cl\/nuevositio\/#website\"},\"primaryImageOfPage\":{\"@id\":\"https:\/\/padrelascasas.cl\/nuevositio\/noticias\/#primaryimage\"},\"image\":{\"@id\":\"https:\/\/padrelascasas.cl\/nuevositio\/noticias\/#primaryimage\"},\"thumbnailUrl\":\"https:\/\/padrelascasas.cl\/nuevositio\/wp-content\/uploads\/2025\/09\/noticia-1-300x169.jpeg\",\"datePublished\":\"2025-09-08T18:26:16+00:00\",\"dateModified\":\"2025-10-22T16:44:22+00:00\",\"breadcrumb\":{\"@id\":\"https:\/\/padrelascasas.cl\/nuevositio\/noticias\/#breadcrumb\"},\"inLanguage\":\"es\",\"potentialAction\":[{\"@type\":\"ReadAction\",\"target\":[\"https:\/\/padrelascasas.cl\/nuevositio\/noticias\/\"]}]},{\"@type\":\"ImageObject\",\"inLanguage\":\"es\",\"@id\":\"https:\/\/padrelascasas.cl\/nuevositio\/noticias\/#primaryimage\",\"url\":\"https:\/\/padrelascasas.cl\/nuevositio\/wp-content\/uploads\/2025\/09\/noticia-1.jpeg\",\"contentUrl\":\"https:\/\/padrelascasas.cl\/nuevositio\/wp-content\/uploads\/2025\/09\/noticia-1.jpeg\",\"width\":1280,\"height\":720},{\"@type\":\"BreadcrumbList\",\"@id\":\"https:\/\/padrelascasas.cl\/nuevositio\/noticias\/#breadcrumb\",\"itemListElement\":[{\"@type\":\"ListItem\",\"position\":1,\"name\":\"Portada\",\"item\":\"https:\/\/padrelascasas.cl\/nuevositio\/\"},{\"@type\":\"ListItem\",\"position\":2,\"name\":\"Noticias\"}]},{\"@type\":\"WebSite\",\"@id\":\"https:\/\/padrelascasas.cl\/nuevositio\/#website\",\"url\":\"https:\/\/padrelascasas.cl\/nuevositio\/\",\"name\":\"Sitio Padre Las Casas\",\"description\":\"Padre Las Casas\",\"publisher\":{\"@id\":\"https:\/\/padrelascasas.cl\/nuevositio\/#organization\"},\"potentialAction\":[{\"@type\":\"SearchAction\",\"target\":{\"@type\":\"EntryPoint\",\"urlTemplate\":\"https:\/\/padrelascasas.cl\/nuevositio\/?s={search_term_string}\"},\"query-input\":{\"@type\":\"PropertyValueSpecification\",\"valueRequired\":true,\"valueName\":\"search_term_string\"}}],\"inLanguage\":\"es\"},{\"@type\":\"Organization\",\"@id\":\"https:\/\/padrelascasas.cl\/nuevositio\/#organization\",\"name\":\"Sitio Padre Las Casas\",\"url\":\"https:\/\/padrelascasas.cl\/nuevositio\/\",\"logo\":{\"@type\":\"ImageObject\",\"inLanguage\":\"es\",\"@id\":\"https:\/\/padrelascasas.cl\/nuevositio\/#\/schema\/logo\/image\/\",\"url\":\"https:\/\/padrelascasas.cl\/nuevositio\/wp-content\/uploads\/2025\/09\/cropped-Logo-color-horizontal.png\",\"contentUrl\":\"https:\/\/padrelascasas.cl\/nuevositio\/wp-content\/uploads\/2025\/09\/cropped-Logo-color-horizontal.png\",\"width\":1063,\"height\":775,\"caption\":\"Sitio Padre Las Casas\"},\"image\":{\"@id\":\"https:\/\/padrelascasas.cl\/nuevositio\/#\/schema\/logo\/image\/\"}}]}<\/script>\n<!-- \/ Yoast SEO plugin. -->","yoast_head_json":{"title":"Noticias - Sitio Padre Las Casas","robots":{"index":"index","follow":"follow","max-snippet":"max-snippet:-1","max-image-preview":"max-image-preview:large","max-video-preview":"max-video-preview:-1"},"canonical":"https:\/\/padrelascasas.cl\/nuevositio\/noticias\/","og_locale":"es_ES","og_type":"article","og_title":"Noticias - Sitio Padre Las Casas","og_description":"Noticias La mejor empanada de Padre Las Casas est\u00e1 en la Amasander\u00eda Huichahue! septiembre 17, 2025 \u201cLa Mejor Empanada de Padre Las Casas.\u201d Leer m\u00e1s Alcalde rinde cuenta p\u00fablica con \u00e9nfasis en inversiones en desarrollo social, vivienda y medioambiente. septiembre 17, 2025 Apalancamientos de inversiones para la comuna en&#8230; Leer m\u00e1s El alcalde Mario Gonz\u00e1lez...","og_url":"https:\/\/padrelascasas.cl\/nuevositio\/noticias\/","og_site_name":"Sitio Padre Las Casas","article_modified_time":"2025-10-22T16:44:22+00:00","og_image":[{"width":1280,"height":720,"url":"https:\/\/padrelascasas.cl\/nuevositio\/wp-content\/uploads\/2025\/09\/noticia-1.jpeg","type":"image\/jpeg"}],"twitter_card":"summary_large_image","twitter_misc":{"Tiempo de lectura":"2 minutos"},"schema":{"@context":"https:\/\/schema.org","@graph":[{"@type":"WebPage","@id":"https:\/\/padrelascasas.cl\/nuevositio\/noticias\/","url":"https:\/\/padrelascasas.cl\/nuevositio\/noticias\/","name":"Noticias - Sitio Padre Las Casas","isPartOf":{"@id":"https:\/\/padrelascasas.cl\/nuevositio\/#website"},"primaryImageOfPage":{"@id":"https:\/\/padrelascasas.cl\/nuevositio\/noticias\/#primaryimage"},"image":{"@id":"https:\/\/padrelascasas.cl\/nuevositio\/noticias\/#primaryimage"},"thumbnailUrl":"https:\/\/padrelascasas.cl\/nuevositio\/wp-content\/uploads\/2025\/09\/noticia-1-300x169.jpeg","datePublished":"2025-09-08T18:26:16+00:00","dateModified":"2025-10-22T16:44:22+00:00","breadcrumb":{"@id":"https:\/\/padrelascasas.cl\/nuevositio\/noticias\/#breadcrumb"},"inLanguage":"es","potentialAction":[{"@type":"ReadAction","target":["https:\/\/padrelascasas.cl\/nuevositio\/noticias\/"]}]},{"@type":"ImageObject","inLanguage":"es","@id":"https:\/\/padrelascasas.cl\/nuevositio\/noticias\/#primaryimage","url":"https:\/\/padrelascasas.cl\/nuevositio\/wp-content\/uploads\/2025\/09\/noticia-1.jpeg","contentUrl":"https:\/\/padrelascasas.cl\/nuevositio\/wp-content\/uploads\/2025\/09\/noticia-1.jpeg","width":1280,"height":720},{"@type":"BreadcrumbList","@id":"https:\/\/padrelascasas.cl\/nuevositio\/noticias\/#breadcrumb","itemListElement":[{"@type":"ListItem","position":1,"name":"Portada","item":"https:\/\/padrelascasas.cl\/nuevositio\/"},{"@type":"ListItem","position":2,"name":"Noticias"}]},{"@type":"WebSite","@id":"https:\/\/padrelascasas.cl\/nuevositio\/#website","url":"https:\/\/padrelascasas.cl\/nuevositio\/","name":"Sitio Padre Las Casas","description":"Padre Las Casas","publisher":{"@id":"https:\/\/padrelascasas.cl\/nuevositio\/#organization"},"potentialAction":[{"@type":"SearchAction","target":{"@type":"EntryPoint","urlTemplate":"https:\/\/padrelascasas.cl\/nuevositio\/?s={search_term_string}"},"query-input":{"@type":"PropertyValueSpecification","valueRequired":true,"valueName":"search_term_string"}}],"inLanguage":"es"},{"@type":"Organization","@id":"https:\/\/padrelascasas.cl\/nuevositio\/#organization","name":"Sitio Padre Las Casas","url":"https:\/\/padrelascasas.cl\/nuevositio\/","logo":{"@type":"ImageObject","inLanguage":"es","@id":"https:\/\/padrelascasas.cl\/nuevositio\/#\/schema\/logo\/image\/","url":"https:\/\/padrelascasas.cl\/nuevositio\/wp-content\/uploads\/2025\/09\/cropped-Logo-color-horizontal.png","contentUrl":"https:\/\/padrelascasas.cl\/nuevositio\/wp-content\/uploads\/2025\/09\/cropped-Logo-color-horizontal.png","width":1063,"height":775,"caption":"Sitio Padre Las Casas"},"image":{"@id":"https:\/\/padrelascasas.cl\/nuevositio\/#\/schema\/logo\/image\/"}}]}},"_links":{"self":[{"href":"https:\/\/padrelascasas.cl\/nuevositio\/wp-json\/wp\/v2\/pages\/1013","targetHints":{"allow":["GET"]}}],"collection":[{"href":"https:\/\/padrelascasas.cl\/nuevositio\/wp-json\/wp\/v2\/pages"}],"about":[{"href":"https:\/\/padrelascasas.cl\/nuevositio\/wp-json\/wp\/v2\/types\/page"}],"author":[{"embeddable":true,"href":"https:\/\/padrelascasas.cl\/nuevositio\/wp-json\/wp\/v2\/users\/2"}],"replies":[{"embeddable":true,"href":"https:\/\/padrelascasas.cl\/nuevositio\/wp-json\/wp\/v2\/comments?post=1013"}],"version-history":[{"count":40,"href":"https:\/\/padrelascasas.cl\/nuevositio\/wp-json\/wp\/v2\/pages\/1013\/revisions"}],"predecessor-version":[{"id":5170,"href":"https:\/\/padrelascasas.cl\/nuevositio\/wp-json\/wp\/v2\/pages\/1013\/revisions\/5170"}],"wp:attachment":[{"href":"https:\/\/padrelascasas.cl\/nuevositio\/wp-json\/wp\/v2\/media?parent=1013"}],"curies":[{"name":"wp","href":"https:\/\/api.w.org\/{rel}","templated":true}]}}