{"id":204,"date":"2025-08-22T02:14:00","date_gmt":"2025-08-22T02:14:00","guid":{"rendered":"https:\/\/padrelascasas.cl\/nuevositio\/?page_id=204"},"modified":"2025-10-24T15:51:23","modified_gmt":"2025-10-24T15:51:23","slug":"antecedentes","status":"publish","type":"page","link":"https:\/\/padrelascasas.cl\/nuevositio\/antecedentes\/","title":{"rendered":"\u00bfQui\u00e9nes Somos?"},"content":{"rendered":"\t\t<div data-elementor-type=\"wp-page\" data-elementor-id=\"204\" class=\"elementor elementor-204\" data-elementor-settings=\"{&quot;ha_cmc_init_switcher&quot;:&quot;no&quot;}\">\n\t\t\t\t<div class=\"elementor-element elementor-element-cfdb5f4 e-flex e-con-boxed e-con e-parent\" data-id=\"cfdb5f4\" data-element_type=\"container\" data-settings=\"{&quot;_ha_eqh_enable&quot;:false}\">\n\t\t\t\t\t<div class=\"e-con-inner\">\n\t\t\t\t<div class=\"elementor-element elementor-element-15c429c elementor-widget elementor-widget-html\" data-id=\"15c429c\" data-element_type=\"widget\" data-widget_type=\"html.default\">\n\t\t\t\t\t<style>\r\n  \/* === ESTILOS GENERALES === *\/\r\n  body {\r\n    box-sizing: border-box;\r\n  }\r\n\r\n  main {\r\n    margin: 15px 50px 50px 50px;\r\n  }\r\n\r\n  \/* Justificar todo el texto *\/\r\n  body, p, li, h2, h3, h4 {\r\n    text-align: justify;\r\n    line-height: 1.6;\r\n  }\r\n\r\n  \/* Excepciones: t\u00edtulos centrados *\/\r\n  .titulo-direccion,\r\n  .nombre-cargo p {\r\n    text-align: center !important;\r\n  }\r\n\r\n  .bloque-direccion {\r\n    display: flex;\r\n    align-items: flex-start;\r\n    gap: 20px;\r\n    margin-bottom: 30px;\r\n  }\r\n\r\n  \/* Contenido a la izquierda *\/\r\n  .bloque-contenido {\r\n    flex: 2;\r\n  }\r\n\r\n  .titulo-direccion {\r\n    text-align: center;\r\n  }\r\n\r\n  \/* Imagen + texto a la derecha *\/\r\n  .bloque-imagen-texto {\r\n    flex: 1;\r\n    display: flex;\r\n    flex-direction: column;\r\n    align-items: center; \/* centrado horizontal *\/\r\n  }\r\n\r\n  .bloque-imagen-texto img {\r\n    max-width: 80%;\r\n    border-radius: 12px;\r\n    object-fit: cover;\r\n    margin-top: 50px; \/* separa la imagen desde arriba *\/\r\n    margin-bottom: 15px;\r\n  }\r\n\r\n  .nombre-cargo {\r\n    text-align: center;\r\n  }\r\n\r\n  .nombre-cargo p {\r\n    margin: 2px 0;\r\n    color: #333;\r\n  }\r\n\r\n  .nombre-cargo p strong {\r\n    font-size: 18px;\r\n  }\r\n\r\n  \/* Responsive *\/\r\n  @media (max-width: 991px) {\r\n    .bloque-direccion {\r\n      flex-direction: column;\r\n      text-align: center;\r\n    }\r\n    .bloque-imagen-texto {\r\n      flex-direction: column;\r\n      align-items: center;\r\n    }\r\n  }\r\n\r\n  \/* === BARRA MULTICOLOR === *\/\r\n  .barra-multicolor {\r\n    display: flex;\r\n    width: 100%;\r\n    height: 4px;\r\n    margin-bottom: 20px;\r\n  }\r\n\r\n  .barra-multicolor div {\r\n    height: 100%;\r\n  }\r\n\r\n  .barra-verde { background: #359A30; flex: 1; }\r\n  .barra-azul { background: #3068A5; flex: 1; }\r\n  .barra-rojo { background: #D32F2F; flex: 1; }\r\n\r\n  \/* === RESPONSIVO PARA BLOQUE DIRECCI\u00d3N === *\/\r\n  @media (max-width: 991px) {\r\n    .bloque-direccion {\r\n      flex-direction: column;\r\n      text-align: center;\r\n    }\r\n\r\n    .titulo-direccion {\r\n      border-left: none;\r\n      border-bottom: 4px solid #2c3e50;\r\n      display: inline-block;\r\n      padding: 0 0 8px 0;\r\n    }\r\n  }\r\n\r\n  \/* === BLOQUE DE CONTACTOS === *\/\r\n  .contactos {\r\n    display: flex;\r\n    flex-wrap: nowrap; \/* Mantener en una l\u00ednea si cabe *\/\r\n    justify-content: space-between;\r\n    align-items: center;\r\n    gap: 20px;\r\n    margin: 20px auto 0 auto;\r\n    padding: 20px;\r\n    border: 1px solid #ddd;\r\n    border-radius: 8px;\r\n    background-color: #fff;\r\n    box-shadow: 0 2px 8px rgba(0,0,0,0.1);\r\n    max-width: 100%;\r\n    overflow-x: auto; \/* Permite scrollear si no cabe *\/\r\n  }\r\n\r\n  .contacto-item {\r\n    display: flex;\r\n    align-items: center;\r\n    gap: 20px;\r\n    flex: 1 1 auto;\r\n    min-width: 150px;\r\n    padding: 10px 15px;\r\n    background-color: #f9f9f9;\r\n    border-radius: 8px;\r\n    box-sizing: border-box;\r\n    transition: transform 0.2s;\r\n  }\r\n\r\n  .contacto-item:hover {\r\n    transform: translateY(-3px);\r\n  }\r\n\r\n  .icono_redondo {\r\n    width: 40px;\r\n    height: 40px;\r\n    border-radius: 50%;\r\n    display: flex;\r\n    justify-content: center;\r\n    align-items: center;\r\n    flex-shrink: 0;\r\n  }\r\n\r\n  .contacto-item i {\r\n    font-size: 20px;\r\n    color: #fff;\r\n  }\r\n\r\n  \/* Colores distintos por tipo de contacto *\/\r\n  .contacto-item:nth-child(1) .icono_redondo { background: #3ea1d4; } \/* Correo *\/\r\n  .contacto-item:nth-child(2) .icono_redondo { background: #34c759; } \/* Tel\u00e9fono *\/\r\n  .contacto-item:nth-child(3) .icono_redondo { background: #ff9500; } \/* Reloj \/ Horario *\/\r\n  .contacto-item:nth-child(4) .icono_redondo { background: #ff3b30; } \/* Ubicaci\u00f3n *\/\r\n\r\n  .contacto-texto {\r\n    display: flex;\r\n    flex-direction: column;\r\n    justify-content: center;\r\n  }\r\n\r\n  .contacto-texto h4 {\r\n    font-size: 1rem;\r\n    font-weight: 700;\r\n    margin-bottom: 2px;\r\n    color: #333;\r\n  }\r\n\r\n  .contacto-texto p {\r\n    font-size: 0.9rem;\r\n    margin: 2px 0;\r\n    color: #555;\r\n  }\r\n\r\n  \/* --- ESCRITORIO grande (>1366px) --- *\/\r\n  @media (min-width: 1367px) {\r\n    .contactos { flex-wrap: nowrap; }\r\n    .contacto-item { min-width: 200px; }\r\n  }\r\n\r\n  \/* --- PORT\u00c1TIL 1366px --- *\/\r\n  @media (max-width: 1366px) {\r\n    .contactos { flex-wrap: nowrap; }\r\n    .contacto-item { min-width: 180px; }\r\n  }\r\n\r\n  \/* --- TABLETA HORIZONTAL 1200px --- *\/\r\n  @media (max-width: 1200px) {\r\n    .contactos { flex-wrap: wrap; justify-content: space-around; }\r\n    .contacto-item { flex: 0 0 45%; margin-bottom: 15px; }\r\n  }\r\n\r\n  \/* --- TABLETA VERTICAL 1024px --- *\/\r\n  @media (max-width: 1024px) {\r\n    .contactos { flex-wrap: wrap; justify-content: center; }\r\n    .contacto-item { flex: 0 0 48%; margin-bottom: 15px; }\r\n  }\r\n\r\n  \/* --- CELULAR 767px y menor --- *\/\r\n  @media (max-width: 767px) {\r\n    .contactos { flex-direction: column; align-items: center; }\r\n    .contacto-item { flex: 0 0 90%; margin-bottom: 12px; gap: 15px; }\r\n    .icono_redondo { width: 35px; height: 35px; }\r\n    .contacto-item i { font-size: 18px; }\r\n    .contacto-texto h4 { font-size: 0.95rem; }\r\n    .contacto-texto p { font-size: 0.85rem; }\r\n  }\r\n<\/style>\r\n\r\n<div class=\"bloque-direccion\">\r\n  <!-- Bloque de contenido a la izquierda -->\r\n  <div class=\"bloque-contenido\">\r\n    <h2 class=\"titulo-direccion\"> \u00bfQuienes somos?<\/h2>\r\n    <div class=\"barra-multicolor\">\r\n      <div class=\"barra-verde\"><\/div>\r\n      <div class=\"barra-azul\"><\/div>\r\n      <div class=\"barra-rojo\"><\/div>\r\n    <\/div>\r\n    <p>\r\n      La Municipalidad de Padre Las Casas es un municipio joven con 29 a\u00f1os al servicio de la comunidad. Somos una corporaci\u00f3n aut\u00f3noma de derecho p\u00fablico, la entidad encargada de la administraci\u00f3n de la comuna de Padre Las Casas, la segunda m\u00e1s grande de la regi\u00f3n de La Araucan\u00eda, y constituida administrativamente, en 1996.\r\n    <\/p>\r\n    <p>\r\n      A trav\u00e9s de nuestra Administraci\u00f3n, gestionamos las pol\u00edticas comunales para promover el bienestar integral de los m\u00e1s de 80 mil habitantes del mundo urbano y rural, resguardando su caracterizaci\u00f3n cultural, social, econ\u00f3mica, inclusiva, participativa y educacional para la adecuada implementaci\u00f3n, proyecci\u00f3n y ejecuci\u00f3n de programas y servicios en beneficio de las y los padrelascasinos.\r\n    <\/p>\r\n    \r\n        <p>\r\n     Desde que asumimos el liderazgo de esta Administraci\u00f3n hemos rescatado los fuertes cimientos ancestrales de las 407 comunidades mapuche de la comuna, valorando el acervo cultural que posee el territorio y que nos sit\u00faa como la <strong>\u201cCapital Intercultural de Chile\u201d<\/strong>.\r\n    <\/p>\r\n    <h3>Objetivos clave de la administraci\u00f3n actual<\/h3>\r\n    <p>La administraci\u00f3n del Alcalde Mario Gonz\u00e1lez se enfoca en la participaci\u00f3n ciudadana y en destacar la identidad local, en particular la cultura mapuche: <\/p>\r\n    <ul>\r\n        \r\n    \r\n      <li>Involucrar a los vecinos en proyectos participativos.<\/li>\r\n      <li>Potenciar la identidad local y la cultura mapuche.<\/li>\r\n      <li>Convertir la comuna en un centro hortalicero del sur de Chile.<\/li>\r\n      <li>Mejorar la atenci\u00f3n primaria en salud.<\/li>\r\n      <li>Facilitar el acceso a la vivienda.<\/li>\r\n      <li>Optimizar la conectividad. <\/li>\r\n      \r\n    <\/ul>\r\n  <\/div>\r\n\r\n  <!-- Bloque de imagen + nombre y cargo -->\r\n <div class=\"bloque-imagen-texto\">\r\n    <img decoding=\"async\" src=\"https:\/\/padrelascasas.cl\/nuevositio\/wp-content\/uploads\/2025\/10\/Diseno-sin-titulo-scaled-1.webp\" alt=\"Imagen de la comuna\">\r\n  <\/div><\/div>\t\t\t\t<\/div>\n\t\t\t\t\t<\/div>\n\t\t\t\t<\/div>\n\t\t\t\t<\/div>\n\t\t","protected":false},"excerpt":{"rendered":"<p>\u00bfQuienes somos? La Municipalidad de Padre Las Casas es un municipio joven con 29 a\u00f1os al servicio de la comunidad. Somos una corporaci\u00f3n aut\u00f3noma de derecho p\u00fablico, la entidad encargada de la administraci\u00f3n de la comuna de Padre Las Casas, la segunda m\u00e1s grande de la regi\u00f3n de La Araucan\u00eda, y constituida administrativamente, en 1996&#8230;.<\/p>\n","protected":false},"author":3,"featured_media":0,"parent":0,"menu_order":0,"comment_status":"closed","ping_status":"closed","template":"","meta":{"_acf_changed":false,"_eb_attr":"","om_disable_all_campaigns":false,"_monsterinsights_skip_tracking":false,"_monsterinsights_sitenote_active":false,"_monsterinsights_sitenote_note":"","_monsterinsights_sitenote_category":0,"_kad_post_transparent":"","_kad_post_title":"hide","_kad_post_layout":"fullwidth","_kad_post_sidebar_id":"","_kad_post_content_style":"unboxed","_kad_post_vertical_padding":"hide","_kad_post_feature":"hide","_kad_post_feature_position":"","_kad_post_header":false,"_kad_post_footer":false,"footnotes":""},"class_list":["post-204","page","type-page","status-publish","hentry"],"acf":[],"yoast_head":"<!-- This site is optimized with the Yoast SEO plugin v26.3 - https:\/\/yoast.com\/wordpress\/plugins\/seo\/ -->\n<title>\u00bfQui\u00e9nes Somos? - Sitio Padre Las Casas<\/title>\n<meta name=\"robots\" content=\"index, follow, max-snippet:-1, max-image-preview:large, max-video-preview:-1\" \/>\n<link rel=\"canonical\" href=\"https:\/\/padrelascasas.cl\/nuevositio\/antecedentes\/\" \/>\n<meta property=\"og:locale\" content=\"es_ES\" \/>\n<meta property=\"og:type\" content=\"article\" \/>\n<meta property=\"og:title\" content=\"\u00bfQui\u00e9nes Somos? - Sitio Padre Las Casas\" \/>\n<meta property=\"og:description\" content=\"\u00bfQuienes somos? La Municipalidad de Padre Las Casas es un municipio joven con 29 a\u00f1os al servicio de la comunidad. Somos una corporaci\u00f3n aut\u00f3noma de derecho p\u00fablico, la entidad encargada de la administraci\u00f3n de la comuna de Padre Las Casas, la segunda m\u00e1s grande de la regi\u00f3n de La Araucan\u00eda, y constituida administrativamente, en 1996....\" \/>\n<meta property=\"og:url\" content=\"https:\/\/padrelascasas.cl\/nuevositio\/antecedentes\/\" \/>\n<meta property=\"og:site_name\" content=\"Sitio Padre Las Casas\" \/>\n<meta property=\"article:modified_time\" content=\"2025-10-24T15:51:23+00:00\" \/>\n<meta property=\"og:image\" content=\"https:\/\/padrelascasas.cl\/nuevositio\/wp-content\/uploads\/2025\/10\/Diseno-sin-titulo-scaled-1.webp\" \/>\n<meta name=\"twitter:card\" content=\"summary_large_image\" \/>\n<meta name=\"twitter:label1\" content=\"Tiempo de lectura\" \/>\n\t<meta name=\"twitter:data1\" content=\"4 minutos\" \/>\n<script type=\"application\/ld+json\" class=\"yoast-schema-graph\">{\"@context\":\"https:\/\/schema.org\",\"@graph\":[{\"@type\":\"WebPage\",\"@id\":\"https:\/\/padrelascasas.cl\/nuevositio\/antecedentes\/\",\"url\":\"https:\/\/padrelascasas.cl\/nuevositio\/antecedentes\/\",\"name\":\"\u00bfQui\u00e9nes Somos? - Sitio Padre Las Casas\",\"isPartOf\":{\"@id\":\"https:\/\/padrelascasas.cl\/nuevositio\/#website\"},\"primaryImageOfPage\":{\"@id\":\"https:\/\/padrelascasas.cl\/nuevositio\/antecedentes\/#primaryimage\"},\"image\":{\"@id\":\"https:\/\/padrelascasas.cl\/nuevositio\/antecedentes\/#primaryimage\"},\"thumbnailUrl\":\"https:\/\/padrelascasas.cl\/nuevositio\/wp-content\/uploads\/2025\/10\/Diseno-sin-titulo-scaled-1.webp\",\"datePublished\":\"2025-08-22T02:14:00+00:00\",\"dateModified\":\"2025-10-24T15:51:23+00:00\",\"breadcrumb\":{\"@id\":\"https:\/\/padrelascasas.cl\/nuevositio\/antecedentes\/#breadcrumb\"},\"inLanguage\":\"es\",\"potentialAction\":[{\"@type\":\"ReadAction\",\"target\":[\"https:\/\/padrelascasas.cl\/nuevositio\/antecedentes\/\"]}]},{\"@type\":\"ImageObject\",\"inLanguage\":\"es\",\"@id\":\"https:\/\/padrelascasas.cl\/nuevositio\/antecedentes\/#primaryimage\",\"url\":\"https:\/\/padrelascasas.cl\/nuevositio\/wp-content\/uploads\/2025\/10\/Diseno-sin-titulo-scaled-1.webp\",\"contentUrl\":\"https:\/\/padrelascasas.cl\/nuevositio\/wp-content\/uploads\/2025\/10\/Diseno-sin-titulo-scaled-1.webp\",\"width\":768,\"height\":2560},{\"@type\":\"BreadcrumbList\",\"@id\":\"https:\/\/padrelascasas.cl\/nuevositio\/antecedentes\/#breadcrumb\",\"itemListElement\":[{\"@type\":\"ListItem\",\"position\":1,\"name\":\"Portada\",\"item\":\"https:\/\/padrelascasas.cl\/nuevositio\/\"},{\"@type\":\"ListItem\",\"position\":2,\"name\":\"\u00bfQui\u00e9nes Somos?\"}]},{\"@type\":\"WebSite\",\"@id\":\"https:\/\/padrelascasas.cl\/nuevositio\/#website\",\"url\":\"https:\/\/padrelascasas.cl\/nuevositio\/\",\"name\":\"Sitio Padre Las Casas\",\"description\":\"Padre Las Casas\",\"publisher\":{\"@id\":\"https:\/\/padrelascasas.cl\/nuevositio\/#organization\"},\"potentialAction\":[{\"@type\":\"SearchAction\",\"target\":{\"@type\":\"EntryPoint\",\"urlTemplate\":\"https:\/\/padrelascasas.cl\/nuevositio\/?s={search_term_string}\"},\"query-input\":{\"@type\":\"PropertyValueSpecification\",\"valueRequired\":true,\"valueName\":\"search_term_string\"}}],\"inLanguage\":\"es\"},{\"@type\":\"Organization\",\"@id\":\"https:\/\/padrelascasas.cl\/nuevositio\/#organization\",\"name\":\"Sitio Padre Las Casas\",\"url\":\"https:\/\/padrelascasas.cl\/nuevositio\/\",\"logo\":{\"@type\":\"ImageObject\",\"inLanguage\":\"es\",\"@id\":\"https:\/\/padrelascasas.cl\/nuevositio\/#\/schema\/logo\/image\/\",\"url\":\"https:\/\/padrelascasas.cl\/nuevositio\/wp-content\/uploads\/2025\/09\/cropped-Logo-color-horizontal.png\",\"contentUrl\":\"https:\/\/padrelascasas.cl\/nuevositio\/wp-content\/uploads\/2025\/09\/cropped-Logo-color-horizontal.png\",\"width\":1063,\"height\":775,\"caption\":\"Sitio Padre Las Casas\"},\"image\":{\"@id\":\"https:\/\/padrelascasas.cl\/nuevositio\/#\/schema\/logo\/image\/\"}}]}<\/script>\n<!-- \/ Yoast SEO plugin. -->","yoast_head_json":{"title":"\u00bfQui\u00e9nes Somos? - Sitio Padre Las Casas","robots":{"index":"index","follow":"follow","max-snippet":"max-snippet:-1","max-image-preview":"max-image-preview:large","max-video-preview":"max-video-preview:-1"},"canonical":"https:\/\/padrelascasas.cl\/nuevositio\/antecedentes\/","og_locale":"es_ES","og_type":"article","og_title":"\u00bfQui\u00e9nes Somos? - Sitio Padre Las Casas","og_description":"\u00bfQuienes somos? La Municipalidad de Padre Las Casas es un municipio joven con 29 a\u00f1os al servicio de la comunidad. Somos una corporaci\u00f3n aut\u00f3noma de derecho p\u00fablico, la entidad encargada de la administraci\u00f3n de la comuna de Padre Las Casas, la segunda m\u00e1s grande de la regi\u00f3n de La Araucan\u00eda, y constituida administrativamente, en 1996....","og_url":"https:\/\/padrelascasas.cl\/nuevositio\/antecedentes\/","og_site_name":"Sitio Padre Las Casas","article_modified_time":"2025-10-24T15:51:23+00:00","og_image":[{"url":"https:\/\/padrelascasas.cl\/nuevositio\/wp-content\/uploads\/2025\/10\/Diseno-sin-titulo-scaled-1.webp","type":"","width":"","height":""}],"twitter_card":"summary_large_image","twitter_misc":{"Tiempo de lectura":"4 minutos"},"schema":{"@context":"https:\/\/schema.org","@graph":[{"@type":"WebPage","@id":"https:\/\/padrelascasas.cl\/nuevositio\/antecedentes\/","url":"https:\/\/padrelascasas.cl\/nuevositio\/antecedentes\/","name":"\u00bfQui\u00e9nes Somos? - Sitio Padre Las Casas","isPartOf":{"@id":"https:\/\/padrelascasas.cl\/nuevositio\/#website"},"primaryImageOfPage":{"@id":"https:\/\/padrelascasas.cl\/nuevositio\/antecedentes\/#primaryimage"},"image":{"@id":"https:\/\/padrelascasas.cl\/nuevositio\/antecedentes\/#primaryimage"},"thumbnailUrl":"https:\/\/padrelascasas.cl\/nuevositio\/wp-content\/uploads\/2025\/10\/Diseno-sin-titulo-scaled-1.webp","datePublished":"2025-08-22T02:14:00+00:00","dateModified":"2025-10-24T15:51:23+00:00","breadcrumb":{"@id":"https:\/\/padrelascasas.cl\/nuevositio\/antecedentes\/#breadcrumb"},"inLanguage":"es","potentialAction":[{"@type":"ReadAction","target":["https:\/\/padrelascasas.cl\/nuevositio\/antecedentes\/"]}]},{"@type":"ImageObject","inLanguage":"es","@id":"https:\/\/padrelascasas.cl\/nuevositio\/antecedentes\/#primaryimage","url":"https:\/\/padrelascasas.cl\/nuevositio\/wp-content\/uploads\/2025\/10\/Diseno-sin-titulo-scaled-1.webp","contentUrl":"https:\/\/padrelascasas.cl\/nuevositio\/wp-content\/uploads\/2025\/10\/Diseno-sin-titulo-scaled-1.webp","width":768,"height":2560},{"@type":"BreadcrumbList","@id":"https:\/\/padrelascasas.cl\/nuevositio\/antecedentes\/#breadcrumb","itemListElement":[{"@type":"ListItem","position":1,"name":"Portada","item":"https:\/\/padrelascasas.cl\/nuevositio\/"},{"@type":"ListItem","position":2,"name":"\u00bfQui\u00e9nes Somos?"}]},{"@type":"WebSite","@id":"https:\/\/padrelascasas.cl\/nuevositio\/#website","url":"https:\/\/padrelascasas.cl\/nuevositio\/","name":"Sitio Padre Las Casas","description":"Padre Las Casas","publisher":{"@id":"https:\/\/padrelascasas.cl\/nuevositio\/#organization"},"potentialAction":[{"@type":"SearchAction","target":{"@type":"EntryPoint","urlTemplate":"https:\/\/padrelascasas.cl\/nuevositio\/?s={search_term_string}"},"query-input":{"@type":"PropertyValueSpecification","valueRequired":true,"valueName":"search_term_string"}}],"inLanguage":"es"},{"@type":"Organization","@id":"https:\/\/padrelascasas.cl\/nuevositio\/#organization","name":"Sitio Padre Las Casas","url":"https:\/\/padrelascasas.cl\/nuevositio\/","logo":{"@type":"ImageObject","inLanguage":"es","@id":"https:\/\/padrelascasas.cl\/nuevositio\/#\/schema\/logo\/image\/","url":"https:\/\/padrelascasas.cl\/nuevositio\/wp-content\/uploads\/2025\/09\/cropped-Logo-color-horizontal.png","contentUrl":"https:\/\/padrelascasas.cl\/nuevositio\/wp-content\/uploads\/2025\/09\/cropped-Logo-color-horizontal.png","width":1063,"height":775,"caption":"Sitio Padre Las Casas"},"image":{"@id":"https:\/\/padrelascasas.cl\/nuevositio\/#\/schema\/logo\/image\/"}}]}},"_links":{"self":[{"href":"https:\/\/padrelascasas.cl\/nuevositio\/wp-json\/wp\/v2\/pages\/204","targetHints":{"allow":["GET"]}}],"collection":[{"href":"https:\/\/padrelascasas.cl\/nuevositio\/wp-json\/wp\/v2\/pages"}],"about":[{"href":"https:\/\/padrelascasas.cl\/nuevositio\/wp-json\/wp\/v2\/types\/page"}],"author":[{"embeddable":true,"href":"https:\/\/padrelascasas.cl\/nuevositio\/wp-json\/wp\/v2\/users\/3"}],"replies":[{"embeddable":true,"href":"https:\/\/padrelascasas.cl\/nuevositio\/wp-json\/wp\/v2\/comments?post=204"}],"version-history":[{"count":35,"href":"https:\/\/padrelascasas.cl\/nuevositio\/wp-json\/wp\/v2\/pages\/204\/revisions"}],"predecessor-version":[{"id":5200,"href":"https:\/\/padrelascasas.cl\/nuevositio\/wp-json\/wp\/v2\/pages\/204\/revisions\/5200"}],"wp:attachment":[{"href":"https:\/\/padrelascasas.cl\/nuevositio\/wp-json\/wp\/v2\/media?parent=204"}],"curies":[{"name":"wp","href":"https:\/\/api.w.org\/{rel}","templated":true}]}}