{"id":2495,"date":"2025-09-26T16:58:57","date_gmt":"2025-09-26T16:58:57","guid":{"rendered":"https:\/\/padrelascasas.cl\/nuevositio\/?page_id=2495"},"modified":"2025-10-16T01:36:19","modified_gmt":"2025-10-16T01:36:19","slug":"elementor-2495","status":"publish","type":"page","link":"https:\/\/padrelascasas.cl\/nuevositio\/elementor-2495\/","title":{"rendered":"Historia"},"content":{"rendered":"\t\t<div data-elementor-type=\"wp-page\" data-elementor-id=\"2495\" class=\"elementor elementor-2495\" data-elementor-settings=\"{&quot;ha_cmc_init_switcher&quot;:&quot;no&quot;}\">\n\t\t\t\t<div class=\"elementor-element elementor-element-a60801c e-flex e-con-boxed e-con e-parent\" data-id=\"a60801c\" data-element_type=\"container\" data-settings=\"{&quot;_ha_eqh_enable&quot;:false}\">\n\t\t\t\t\t<div class=\"e-con-inner\">\n\t\t\t\t<div class=\"elementor-element elementor-element-e573405 elementor-widget elementor-widget-html\" data-id=\"e573405\" data-element_type=\"widget\" data-widget_type=\"html.default\">\n\t\t\t\t\t<style>\n        body {\n            box-sizing: border-box;\n\n        }\n\n        .multicolor_bar {\n            display: flex;\n            align-items: center;\n            width: 100%;             \/* Ancho de toda la ventana *\/\n            height: 4px;\n            margin-bottom: 20px;\n            \n        }\n         .multicolor_bar div {\n         height: 100%;        \/* Ocupa toda la altura del contenedor *\/\n        }\n        \n\n        main {\n            margin: 50px;\n            margin-top: 15px;\n        }\n\n      \n        .green_bar {\n            background: #359A30;\n            flex: 2;\n        }\n\n        .blue_bar {\n            background: #3068A5;\n            flex: 1;\n        }\n\n        .red_bar {\n            background: #D32F2F;\n            flex: 1;\n        }\n\n        .historia {\n            display: flex;\n            align-items: center;\n            justify-content: center;\n            flex-direction: column;\n            margin: 20px;\n        }\n\n\n        .historia_title {\n        text-align: center;\n        font-size: 36px;\n}\n    <\/style>\n    \n    <div class=\"content\">\n            <div class=\"content_header\">\n                <h2 class=\"historia_title\">Historia<\/h2>\n                <div class=\"multicolor_bar\">\n                    <div class=\"green_bar\"><\/div>\n                    <div class=\"blue_bar\"><\/div>\n                    <div class=\"red_bar\"><\/div>\n                <\/div>\n            <\/div>\n            <div class=\"img_container\">\n             <img decoding=\"async\" class=\"principal_img\" src=\"https:\/\/padrelascasas.cl\/nuevositio\/wp-content\/uploads\/2025\/10\/1.png\" alt=\"\">\n            <\/div>\n            <p> <\/p>\n            <p class=\"justificado\">\nPadre Las Casas es declarada comuna bajo el mandato del Presidente de la Rep\u00fablica Eduardo Frei Ru\u00edz- Tagle, tras la publicaci\u00f3n en el Diario Oficial, el 2 de junio de 1995, en Decreto Ley N\u00b019.391 del Ministerio del Interior que da origen a la unidad administrativa independiente, que marca la autonom\u00eda y el reconocimiento oficial como una comuna con identidad propia y al a\u00f1o siguiente, en 1996 se instala el municipio. <\/P>\n\n<p class=\"justificado\">La comuna lleva este nombre en homenaje al predicador espa\u00f1ol fray Bartolom\u00e9 de Las Casas. Su fundaci\u00f3n oficial se debe a la gesti\u00f3n del padre Anselmo de Kaming, entonces misionero de Boroa, qui\u00e9n consigue con el Presidente de la Rep\u00fablica, Federico Err\u00e1zuriz Echaurren la dictaci\u00f3n del Decreto Supremo N\u00b0 1.316 que ordenaba \u201cfundar una poblaci\u00f3n en el lugar denominado Villa Alegre, al sur del r\u00edo Caut\u00edn\u201d, para su creaci\u00f3n oficial como localidad urbana (PADEM, 2018). <\/p>\n<p class=\"justificado\">El primer nombre de denominaci\u00f3n de este sector del lado sur del r\u00edo Caut\u00edn, fue \u201cVilla Alegre\u201d, en los albores del 1890, debido a la proliferaci\u00f3n de \u201ccasas de tolerancia\u201d o prost\u00edbulos o burdeles, hasta donde llegaban en bote cruzando el r\u00edo, hacendados, comerciantes, campesinos y bandidos. \u201cSe sabe por antiguos relatos que este sector al sur del r\u00edo caut\u00edn y a los pies del cerro Ku em wenu (Con\u00fan Huenu), aparecieron los primeros habitantes chilenos, los que vivi\u00e1n en fiestas atendidos por hermosas damas, era un paraje muy visitado por los bandidos de esa \u00e9poca, en que solo exist\u00edan dos calles, Pleiteado y Villa Alegre (Historia de los Capuchinos en Padre Las Casas, recopilaci\u00f3n e investigaci\u00f3n de la obra misionera y educacional de la congregaci\u00f3n capuchina en Padre Las Casas, proyecto financiado por el Gobierno regional de La Araucan\u00eda y aprobado por el Consejo Regional de La Araucan\u00eda, 2018). <\/p>\n<p class=\"justificado\">La fecha de fundaci\u00f3n original data del 1 de septiembre de 1899 y como referencia, el puente ferroviario que uni\u00f3 Temuco y Padre Las Casas hab\u00eda sido inaugurado el 13 de noviembre de 1898 por el Presidente Err\u00e1zuriz. <\/p>\n<p class=\"justificado\">En 1902 construyen la primera casa, el Centro Misional de los Frailes Capuchinos y en torno al convento nace la comunidad de Padre Las Casas. En agosto de 1905 se termina la construcci\u00f3n del templo de San Antonio de Padua bajo la administraci\u00f3n del padre Leonardo de Ramberga. Destacamos adem\u00e1s la fundaci\u00f3n del hospital rural Maquehue en 1926 y dos a\u00f1os m\u00e1s tarde la instalaci\u00f3n de la Base A\u00e9rea Maquehue con el grupo de Aviaci\u00f3n N\u00b0 10.\n\n         <\/p>\n            \n      \n   <\/div>\n        \n\n\t\t\t\t<\/div>\n\t\t\t\t\t<\/div>\n\t\t\t\t<\/div>\n\t\t\t\t<\/div>\n\t\t","protected":false},"excerpt":{"rendered":"<p>Historia Padre Las Casas es declarada comuna bajo el mandato del Presidente de la Rep\u00fablica Eduardo Frei Ru\u00edz- Tagle, tras la publicaci\u00f3n en el Diario Oficial, el 2 de junio de 1995, en Decreto Ley N\u00b019.391 del Ministerio del Interior que da origen a la unidad administrativa independiente, que marca la autonom\u00eda y el reconocimiento&#8230;<\/p>\n","protected":false},"author":2,"featured_media":0,"parent":0,"menu_order":0,"comment_status":"closed","ping_status":"closed","template":"","meta":{"_acf_changed":false,"_eb_attr":"","om_disable_all_campaigns":false,"_monsterinsights_skip_tracking":false,"_monsterinsights_sitenote_active":false,"_monsterinsights_sitenote_note":"","_monsterinsights_sitenote_category":0,"_kad_post_transparent":"","_kad_post_title":"hide","_kad_post_layout":"fullwidth","_kad_post_sidebar_id":"","_kad_post_content_style":"unboxed","_kad_post_vertical_padding":"hide","_kad_post_feature":"hide","_kad_post_feature_position":"","_kad_post_header":false,"_kad_post_footer":false,"footnotes":""},"class_list":["post-2495","page","type-page","status-publish","hentry"],"acf":[],"yoast_head":"<!-- This site is optimized with the Yoast SEO plugin v26.3 - https:\/\/yoast.com\/wordpress\/plugins\/seo\/ -->\n<title>Historia - Sitio Padre Las Casas<\/title>\n<meta name=\"robots\" content=\"index, follow, max-snippet:-1, max-image-preview:large, max-video-preview:-1\" \/>\n<link rel=\"canonical\" href=\"https:\/\/padrelascasas.cl\/nuevositio\/elementor-2495\/\" \/>\n<meta property=\"og:locale\" content=\"es_ES\" \/>\n<meta property=\"og:type\" content=\"article\" \/>\n<meta property=\"og:title\" content=\"Historia - Sitio Padre Las Casas\" \/>\n<meta property=\"og:description\" content=\"Historia Padre Las Casas es declarada comuna bajo el mandato del Presidente de la Rep\u00fablica Eduardo Frei Ru\u00edz- Tagle, tras la publicaci\u00f3n en el Diario Oficial, el 2 de junio de 1995, en Decreto Ley N\u00b019.391 del Ministerio del Interior que da origen a la unidad administrativa independiente, que marca la autonom\u00eda y el reconocimiento...\" \/>\n<meta property=\"og:url\" content=\"https:\/\/padrelascasas.cl\/nuevositio\/elementor-2495\/\" \/>\n<meta property=\"og:site_name\" content=\"Sitio Padre Las Casas\" \/>\n<meta property=\"article:modified_time\" content=\"2025-10-16T01:36:19+00:00\" \/>\n<meta property=\"og:image\" content=\"https:\/\/padrelascasas.cl\/nuevositio\/wp-content\/uploads\/2025\/10\/1.png\" \/>\n<meta name=\"twitter:card\" content=\"summary_large_image\" \/>\n<meta name=\"twitter:label1\" content=\"Tiempo de lectura\" \/>\n\t<meta name=\"twitter:data1\" content=\"3 minutos\" \/>\n<script type=\"application\/ld+json\" class=\"yoast-schema-graph\">{\"@context\":\"https:\/\/schema.org\",\"@graph\":[{\"@type\":\"WebPage\",\"@id\":\"https:\/\/padrelascasas.cl\/nuevositio\/elementor-2495\/\",\"url\":\"https:\/\/padrelascasas.cl\/nuevositio\/elementor-2495\/\",\"name\":\"Historia - Sitio Padre Las Casas\",\"isPartOf\":{\"@id\":\"https:\/\/padrelascasas.cl\/nuevositio\/#website\"},\"primaryImageOfPage\":{\"@id\":\"https:\/\/padrelascasas.cl\/nuevositio\/elementor-2495\/#primaryimage\"},\"image\":{\"@id\":\"https:\/\/padrelascasas.cl\/nuevositio\/elementor-2495\/#primaryimage\"},\"thumbnailUrl\":\"https:\/\/padrelascasas.cl\/nuevositio\/wp-content\/uploads\/2025\/10\/1.png\",\"datePublished\":\"2025-09-26T16:58:57+00:00\",\"dateModified\":\"2025-10-16T01:36:19+00:00\",\"breadcrumb\":{\"@id\":\"https:\/\/padrelascasas.cl\/nuevositio\/elementor-2495\/#breadcrumb\"},\"inLanguage\":\"es\",\"potentialAction\":[{\"@type\":\"ReadAction\",\"target\":[\"https:\/\/padrelascasas.cl\/nuevositio\/elementor-2495\/\"]}]},{\"@type\":\"ImageObject\",\"inLanguage\":\"es\",\"@id\":\"https:\/\/padrelascasas.cl\/nuevositio\/elementor-2495\/#primaryimage\",\"url\":\"https:\/\/padrelascasas.cl\/nuevositio\/wp-content\/uploads\/2025\/10\/1.png\",\"contentUrl\":\"https:\/\/padrelascasas.cl\/nuevositio\/wp-content\/uploads\/2025\/10\/1.png\",\"width\":1563,\"height\":219},{\"@type\":\"BreadcrumbList\",\"@id\":\"https:\/\/padrelascasas.cl\/nuevositio\/elementor-2495\/#breadcrumb\",\"itemListElement\":[{\"@type\":\"ListItem\",\"position\":1,\"name\":\"Portada\",\"item\":\"https:\/\/padrelascasas.cl\/nuevositio\/\"},{\"@type\":\"ListItem\",\"position\":2,\"name\":\"Historia\"}]},{\"@type\":\"WebSite\",\"@id\":\"https:\/\/padrelascasas.cl\/nuevositio\/#website\",\"url\":\"https:\/\/padrelascasas.cl\/nuevositio\/\",\"name\":\"Sitio Padre Las Casas\",\"description\":\"Padre Las Casas\",\"publisher\":{\"@id\":\"https:\/\/padrelascasas.cl\/nuevositio\/#organization\"},\"potentialAction\":[{\"@type\":\"SearchAction\",\"target\":{\"@type\":\"EntryPoint\",\"urlTemplate\":\"https:\/\/padrelascasas.cl\/nuevositio\/?s={search_term_string}\"},\"query-input\":{\"@type\":\"PropertyValueSpecification\",\"valueRequired\":true,\"valueName\":\"search_term_string\"}}],\"inLanguage\":\"es\"},{\"@type\":\"Organization\",\"@id\":\"https:\/\/padrelascasas.cl\/nuevositio\/#organization\",\"name\":\"Sitio Padre Las Casas\",\"url\":\"https:\/\/padrelascasas.cl\/nuevositio\/\",\"logo\":{\"@type\":\"ImageObject\",\"inLanguage\":\"es\",\"@id\":\"https:\/\/padrelascasas.cl\/nuevositio\/#\/schema\/logo\/image\/\",\"url\":\"https:\/\/padrelascasas.cl\/nuevositio\/wp-content\/uploads\/2025\/09\/cropped-Logo-color-horizontal.png\",\"contentUrl\":\"https:\/\/padrelascasas.cl\/nuevositio\/wp-content\/uploads\/2025\/09\/cropped-Logo-color-horizontal.png\",\"width\":1063,\"height\":775,\"caption\":\"Sitio Padre Las Casas\"},\"image\":{\"@id\":\"https:\/\/padrelascasas.cl\/nuevositio\/#\/schema\/logo\/image\/\"}}]}<\/script>\n<!-- \/ Yoast SEO plugin. -->","yoast_head_json":{"title":"Historia - Sitio Padre Las Casas","robots":{"index":"index","follow":"follow","max-snippet":"max-snippet:-1","max-image-preview":"max-image-preview:large","max-video-preview":"max-video-preview:-1"},"canonical":"https:\/\/padrelascasas.cl\/nuevositio\/elementor-2495\/","og_locale":"es_ES","og_type":"article","og_title":"Historia - Sitio Padre Las Casas","og_description":"Historia Padre Las Casas es declarada comuna bajo el mandato del Presidente de la Rep\u00fablica Eduardo Frei Ru\u00edz- Tagle, tras la publicaci\u00f3n en el Diario Oficial, el 2 de junio de 1995, en Decreto Ley N\u00b019.391 del Ministerio del Interior que da origen a la unidad administrativa independiente, que marca la autonom\u00eda y el reconocimiento...","og_url":"https:\/\/padrelascasas.cl\/nuevositio\/elementor-2495\/","og_site_name":"Sitio Padre Las Casas","article_modified_time":"2025-10-16T01:36:19+00:00","og_image":[{"url":"https:\/\/padrelascasas.cl\/nuevositio\/wp-content\/uploads\/2025\/10\/1.png","type":"","width":"","height":""}],"twitter_card":"summary_large_image","twitter_misc":{"Tiempo de lectura":"3 minutos"},"schema":{"@context":"https:\/\/schema.org","@graph":[{"@type":"WebPage","@id":"https:\/\/padrelascasas.cl\/nuevositio\/elementor-2495\/","url":"https:\/\/padrelascasas.cl\/nuevositio\/elementor-2495\/","name":"Historia - Sitio Padre Las Casas","isPartOf":{"@id":"https:\/\/padrelascasas.cl\/nuevositio\/#website"},"primaryImageOfPage":{"@id":"https:\/\/padrelascasas.cl\/nuevositio\/elementor-2495\/#primaryimage"},"image":{"@id":"https:\/\/padrelascasas.cl\/nuevositio\/elementor-2495\/#primaryimage"},"thumbnailUrl":"https:\/\/padrelascasas.cl\/nuevositio\/wp-content\/uploads\/2025\/10\/1.png","datePublished":"2025-09-26T16:58:57+00:00","dateModified":"2025-10-16T01:36:19+00:00","breadcrumb":{"@id":"https:\/\/padrelascasas.cl\/nuevositio\/elementor-2495\/#breadcrumb"},"inLanguage":"es","potentialAction":[{"@type":"ReadAction","target":["https:\/\/padrelascasas.cl\/nuevositio\/elementor-2495\/"]}]},{"@type":"ImageObject","inLanguage":"es","@id":"https:\/\/padrelascasas.cl\/nuevositio\/elementor-2495\/#primaryimage","url":"https:\/\/padrelascasas.cl\/nuevositio\/wp-content\/uploads\/2025\/10\/1.png","contentUrl":"https:\/\/padrelascasas.cl\/nuevositio\/wp-content\/uploads\/2025\/10\/1.png","width":1563,"height":219},{"@type":"BreadcrumbList","@id":"https:\/\/padrelascasas.cl\/nuevositio\/elementor-2495\/#breadcrumb","itemListElement":[{"@type":"ListItem","position":1,"name":"Portada","item":"https:\/\/padrelascasas.cl\/nuevositio\/"},{"@type":"ListItem","position":2,"name":"Historia"}]},{"@type":"WebSite","@id":"https:\/\/padrelascasas.cl\/nuevositio\/#website","url":"https:\/\/padrelascasas.cl\/nuevositio\/","name":"Sitio Padre Las Casas","description":"Padre Las Casas","publisher":{"@id":"https:\/\/padrelascasas.cl\/nuevositio\/#organization"},"potentialAction":[{"@type":"SearchAction","target":{"@type":"EntryPoint","urlTemplate":"https:\/\/padrelascasas.cl\/nuevositio\/?s={search_term_string}"},"query-input":{"@type":"PropertyValueSpecification","valueRequired":true,"valueName":"search_term_string"}}],"inLanguage":"es"},{"@type":"Organization","@id":"https:\/\/padrelascasas.cl\/nuevositio\/#organization","name":"Sitio Padre Las Casas","url":"https:\/\/padrelascasas.cl\/nuevositio\/","logo":{"@type":"ImageObject","inLanguage":"es","@id":"https:\/\/padrelascasas.cl\/nuevositio\/#\/schema\/logo\/image\/","url":"https:\/\/padrelascasas.cl\/nuevositio\/wp-content\/uploads\/2025\/09\/cropped-Logo-color-horizontal.png","contentUrl":"https:\/\/padrelascasas.cl\/nuevositio\/wp-content\/uploads\/2025\/09\/cropped-Logo-color-horizontal.png","width":1063,"height":775,"caption":"Sitio Padre Las Casas"},"image":{"@id":"https:\/\/padrelascasas.cl\/nuevositio\/#\/schema\/logo\/image\/"}}]}},"_links":{"self":[{"href":"https:\/\/padrelascasas.cl\/nuevositio\/wp-json\/wp\/v2\/pages\/2495","targetHints":{"allow":["GET"]}}],"collection":[{"href":"https:\/\/padrelascasas.cl\/nuevositio\/wp-json\/wp\/v2\/pages"}],"about":[{"href":"https:\/\/padrelascasas.cl\/nuevositio\/wp-json\/wp\/v2\/types\/page"}],"author":[{"embeddable":true,"href":"https:\/\/padrelascasas.cl\/nuevositio\/wp-json\/wp\/v2\/users\/2"}],"replies":[{"embeddable":true,"href":"https:\/\/padrelascasas.cl\/nuevositio\/wp-json\/wp\/v2\/comments?post=2495"}],"version-history":[{"count":53,"href":"https:\/\/padrelascasas.cl\/nuevositio\/wp-json\/wp\/v2\/pages\/2495\/revisions"}],"predecessor-version":[{"id":4809,"href":"https:\/\/padrelascasas.cl\/nuevositio\/wp-json\/wp\/v2\/pages\/2495\/revisions\/4809"}],"wp:attachment":[{"href":"https:\/\/padrelascasas.cl\/nuevositio\/wp-json\/wp\/v2\/media?parent=2495"}],"curies":[{"name":"wp","href":"https:\/\/api.w.org\/{rel}","templated":true}]}}