{"id":2525,"date":"2025-09-26T19:31:36","date_gmt":"2025-09-26T19:31:36","guid":{"rendered":"https:\/\/padrelascasas.cl\/nuevositio\/?page_id=2525"},"modified":"2025-10-16T01:34:11","modified_gmt":"2025-10-16T01:34:11","slug":"alcaldia","status":"publish","type":"page","link":"https:\/\/padrelascasas.cl\/nuevositio\/alcaldia\/","title":{"rendered":"Alcald\u00eda"},"content":{"rendered":"\t\t<div data-elementor-type=\"wp-page\" data-elementor-id=\"2525\" class=\"elementor elementor-2525\" data-elementor-settings=\"{&quot;ha_cmc_init_switcher&quot;:&quot;no&quot;}\">\n\t\t\t\t<div class=\"elementor-element elementor-element-238ab74 e-flex e-con-boxed e-con e-parent\" data-id=\"238ab74\" data-element_type=\"container\" data-settings=\"{&quot;_ha_eqh_enable&quot;:false}\">\n\t\t\t\t\t<div class=\"e-con-inner\">\n\t\t\t\t<div class=\"elementor-element elementor-element-50ab7e3 elementor-widget elementor-widget-html\" data-id=\"50ab7e3\" data-element_type=\"widget\" data-widget_type=\"html.default\">\n\t\t\t\t\t<style>\r\n  \/* === ESTILOS GENERALES === *\/\r\n  body {\r\n    box-sizing: border-box;\r\n  }\r\n\r\n  main {\r\n    margin: 15px 50px 50px 50px;\r\n  }\r\n\r\n  \/* Justificar todo el texto *\/\r\n  body, p, li, h2, h3, h4 {\r\n    text-align: justify;\r\n    line-height: 1.6;\r\n  }\r\n\r\n  \/* Excepciones: t\u00edtulos centrados *\/\r\n  .titulo-direccion,\r\n  .nombre-cargo p {\r\n    text-align: center !important;\r\n  }\r\n\r\n  .bloque-direccion {\r\n    display: flex;\r\n    align-items: flex-start;\r\n    gap: 20px;\r\n    margin-bottom: 30px;\r\n  }\r\n\r\n  \/* Contenido a la izquierda *\/\r\n  .bloque-contenido {\r\n    flex: 2;\r\n  }\r\n\r\n  .titulo-direccion {\r\n    text-align: center;\r\n  }\r\n\r\n  \/* Imagen + texto a la derecha *\/\r\n  .bloque-imagen-texto {\r\n    flex: 1;\r\n    display: flex;\r\n    flex-direction: column;\r\n    align-items: center; \/* centrado horizontal *\/\r\n  }\r\n\r\n  .bloque-imagen-texto img {\r\n    max-width: 80%;\r\n    border-radius: 12px;\r\n    object-fit: cover;\r\n    margin-top: 50px; \/* separa la imagen desde arriba *\/\r\n    margin-bottom: 15px;\r\n  }\r\n\r\n  .nombre-cargo {\r\n    text-align: center;\r\n  }\r\n\r\n  .nombre-cargo p {\r\n    margin: 2px 0;\r\n    color: #333;\r\n  }\r\n\r\n  .nombre-cargo p strong {\r\n    font-size: 18px;\r\n  }\r\n\r\n  \/* Responsive *\/\r\n  @media (max-width: 991px) {\r\n    .bloque-direccion {\r\n      flex-direction: column;\r\n      text-align: center;\r\n    }\r\n    .bloque-imagen-texto {\r\n      flex-direction: column;\r\n      align-items: center;\r\n    }\r\n  }\r\n\r\n  \/* === BARRA MULTICOLOR === *\/\r\n  .barra-multicolor {\r\n    display: flex;\r\n    width: 100%;\r\n    height: 4px;\r\n    margin-bottom: 20px;\r\n  }\r\n\r\n  .barra-multicolor div {\r\n    height: 100%;\r\n  }\r\n\r\n  .barra-verde { background: #359A30; flex: 1; }\r\n  .barra-azul { background: #3068A5; flex: 1; }\r\n  .barra-rojo { background: #D32F2F; flex: 1; }\r\n\r\n  \/* === RESPONSIVO PARA BLOQUE DIRECCI\u00d3N === *\/\r\n  @media (max-width: 991px) {\r\n    .bloque-direccion {\r\n      flex-direction: column;\r\n      text-align: center;\r\n    }\r\n\r\n    .titulo-direccion {\r\n      border-left: none;\r\n      border-bottom: 4px solid #2c3e50;\r\n      display: inline-block;\r\n      padding: 0 0 8px 0;\r\n    }\r\n  }\r\n\r\n  \/* === BLOQUE DE CONTACTOS === *\/\r\n  .contactos {\r\n    display: flex;\r\n    flex-wrap: nowrap; \/* Mantener en una l\u00ednea si cabe *\/\r\n    justify-content: space-between;\r\n    align-items: center;\r\n    gap: 20px;\r\n    margin: 20px auto 0 auto;\r\n    padding: 20px;\r\n    border: 1px solid #ddd;\r\n    border-radius: 8px;\r\n    background-color: #fff;\r\n    box-shadow: 0 2px 8px rgba(0,0,0,0.1);\r\n    max-width: 100%;\r\n    overflow-x: auto; \/* Permite scrollear si no cabe *\/\r\n  }\r\n\r\n  .contacto-item {\r\n    display: flex;\r\n    align-items: center;\r\n    gap: 20px;\r\n    flex: 1 1 auto;\r\n    min-width: 150px;\r\n    padding: 10px 15px;\r\n    background-color: #f9f9f9;\r\n    border-radius: 8px;\r\n    box-sizing: border-box;\r\n    transition: transform 0.2s;\r\n  }\r\n\r\n  .contacto-item:hover {\r\n    transform: translateY(-3px);\r\n  }\r\n\r\n  .icono_redondo {\r\n    width: 40px;\r\n    height: 40px;\r\n    border-radius: 50%;\r\n    display: flex;\r\n    justify-content: center;\r\n    align-items: center;\r\n    flex-shrink: 0;\r\n  }\r\n\r\n  .contacto-item i {\r\n    font-size: 20px;\r\n    color: #fff;\r\n  }\r\n\r\n  \/* Colores distintos por tipo de contacto *\/\r\n  .contacto-item:nth-child(1) .icono_redondo { background: #3ea1d4; } \/* Correo *\/\r\n  .contacto-item:nth-child(2) .icono_redondo { background: #34c759; } \/* Tel\u00e9fono *\/\r\n  .contacto-item:nth-child(3) .icono_redondo { background: #ff9500; } \/* Reloj \/ Horario *\/\r\n  .contacto-item:nth-child(4) .icono_redondo { background: #ff3b30; } \/* Ubicaci\u00f3n *\/\r\n\r\n  .contacto-texto {\r\n    display: flex;\r\n    flex-direction: column;\r\n    justify-content: center;\r\n  }\r\n\r\n  .contacto-texto h4 {\r\n    font-size: 1rem;\r\n    font-weight: 700;\r\n    margin-bottom: 2px;\r\n    color: #333;\r\n  }\r\n\r\n  .contacto-texto p {\r\n    font-size: 0.9rem;\r\n    margin: 2px 0;\r\n    color: #555;\r\n  }\r\n\r\n  \/* --- ESCRITORIO grande (>1366px) --- *\/\r\n  @media (min-width: 1367px) {\r\n    .contactos { flex-wrap: nowrap; }\r\n    .contacto-item { min-width: 200px; }\r\n  }\r\n\r\n  \/* --- PORT\u00c1TIL 1366px --- *\/\r\n  @media (max-width: 1366px) {\r\n    .contactos { flex-wrap: nowrap; }\r\n    .contacto-item { min-width: 180px; }\r\n  }\r\n\r\n  \/* --- TABLETA HORIZONTAL 1200px --- *\/\r\n  @media (max-width: 1200px) {\r\n    .contactos { flex-wrap: wrap; justify-content: space-around; }\r\n    .contacto-item { flex: 0 0 45%; margin-bottom: 15px; }\r\n  }\r\n\r\n  \/* --- TABLETA VERTICAL 1024px --- *\/\r\n  @media (max-width: 1024px) {\r\n    .contactos { flex-wrap: wrap; justify-content: center; }\r\n    .contacto-item { flex: 0 0 48%; margin-bottom: 15px; }\r\n  }\r\n\r\n  \/* --- CELULAR 767px y menor --- *\/\r\n  @media (max-width: 767px) {\r\n    .contactos { flex-direction: column; align-items: center; }\r\n    .contacto-item { flex: 0 0 90%; margin-bottom: 12px; gap: 15px; }\r\n    .icono_redondo { width: 35px; height: 35px; }\r\n    .contacto-item i { font-size: 18px; }\r\n    .contacto-texto h4 { font-size: 0.95rem; }\r\n    .contacto-texto p { font-size: 0.85rem; }\r\n  }\r\n<\/style>\r\n\r\n<div class=\"bloque-direccion\">\r\n  <!-- Bloque de contenido a la izquierda -->\r\n  <div class=\"bloque-contenido\">\r\n    <h2 class=\"titulo-direccion\">Alcald\u00eda<\/h2>\r\n    <div class=\"barra-multicolor\">\r\n      <div class=\"barra-verde\"><\/div>\r\n      <div class=\"barra-azul\"><\/div>\r\n      <div class=\"barra-rojo\"><\/div>\r\n    <\/div>\r\n    <p style=\"text-align: right;\">\r\n  Saludo <strong>Mario Gonz\u00e1lez Rebolledo,<\/strong> Alcalde de Padre Las Casas\r\n<\/p>\r\n    <p >\r\n  En Padre Las Casas creemos en las personas, en el poder de una buena conversaci\u00f3n, de escucharnos; apostamos por la colaboraci\u00f3n, en el trabajo con sentido y en la fuerza de una comunidad que no se rinde.\r\n<\/p>\r\n    <p >\r\n  Desde la educaci\u00f3n hasta la salud, desde el desarrollo rural hasta la infraestructura, hemos seguido construyendo una comuna m\u00e1s justa, inclusiva y con mirada de futuro.\r\n<\/p>\r\n    <p >\r\n Seguimos trabajando, gestionando y ejecutando obras con convicci\u00f3n, porque sabemos que el desarrollo de Padre Las Casas lo hacemos entre todos, comunidad y municipio para hacer de esta comuna, un lugar seguro para vivir.\r\n<\/p>\r\n    <p >\r\n <strong>\u00a1En Padre Las Casas pasan cosas buenas!<\/strong>\r\n<\/p>\r\n  <\/div>\r\n\r\n  <!-- Bloque de imagen + nombre y cargo -->\r\n  <div class=\"bloque-imagen-texto\">\r\n    <img decoding=\"async\" src=\"https:\/\/padrelascasas.cl\/nuevositio\/wp-content\/uploads\/2025\/10\/Alcalde.jpeg\" alt=\"Imagen de la comuna\">\r\n    <div class=\"nombre-cargo\">\r\n      <p><strong>Mario Gonz\u00e1lez Rebolledo<\/strong><\/p>\r\n      <p>Alcalde Comuna de Padre las Casas<\/p>\r\n    <\/div>\r\n  <\/div>\r\n<\/div>\r\n<BR>\r\n\r\n<!-- === BLOQUE DE CONTACTOS === -->\r\n<div class=\"contactos\">\r\n  <div class=\"contacto-item\">\r\n    <div class=\"icono_redondo\"><i class=\"ri-user-3-line\"><\/i><\/div>\r\n    <div class=\"contacto-texto\">\r\n      <h4><strong>SECRETARIA<\/strong><\/h4>\r\n      <p>Marina Sep\u00falveda Bustamante<\/p>\r\n    <\/div>\r\n  <\/div>\r\n\r\n  <div class=\"contacto-item\">\r\n    <div class=\"icono_redondo\"><i class=\"ri-mail-line\"><\/i><\/div>\r\n    <div class=\"contacto-texto\">\r\n      <h4>CORREO<\/h4>\r\n      <p>alcaldia@padrelascasas.cl<\/p>\r\n    <\/div>\r\n  <\/div>\r\n\r\n  <div class=\"contacto-item\">\r\n    <div class=\"icono_redondo\"><i class=\"ri-phone-line\"><\/i><\/div>\r\n    <div class=\"contacto-texto\">\r\n      <h4>TEL\u00c9FONO<\/h4>\r\n      <p>452590031<\/p>\r\n    <\/div>\r\n  <\/div>\r\n\r\n  <div class=\"contacto-item\">\r\n    <div class=\"icono_redondo\"><i class=\"ri-map-pin-line\"><\/i><\/div>\r\n    <div class=\"contacto-texto\">\r\n      <h4>UBICACI\u00d3N<\/h4>\r\n      <p>Av. Maquehue N\u00b0 1441<\/p>\r\n    <\/div>\r\n  <\/div>\r\n<\/div>\r\n\r\n\t\t\t\t<\/div>\n\t\t\t\t\t<\/div>\n\t\t\t\t<\/div>\n\t\t\t\t<\/div>\n\t\t","protected":false},"excerpt":{"rendered":"<p>Alcald\u00eda Saludo Mario Gonz\u00e1lez Rebolledo, Alcalde de Padre Las Casas En Padre Las Casas creemos en las personas, en el poder de una buena conversaci\u00f3n, de escucharnos; apostamos por la colaboraci\u00f3n, en el trabajo con sentido y en la fuerza de una comunidad que no se rinde. Desde la educaci\u00f3n hasta la salud, desde el&#8230;<\/p>\n","protected":false},"author":3,"featured_media":0,"parent":0,"menu_order":0,"comment_status":"closed","ping_status":"closed","template":"","meta":{"_acf_changed":false,"_eb_attr":"","om_disable_all_campaigns":false,"_monsterinsights_skip_tracking":false,"_monsterinsights_sitenote_active":false,"_monsterinsights_sitenote_note":"","_monsterinsights_sitenote_category":0,"_kad_post_transparent":"","_kad_post_title":"hide","_kad_post_layout":"fullwidth","_kad_post_sidebar_id":"","_kad_post_content_style":"unboxed","_kad_post_vertical_padding":"hide","_kad_post_feature":"hide","_kad_post_feature_position":"","_kad_post_header":false,"_kad_post_footer":false,"footnotes":""},"class_list":["post-2525","page","type-page","status-publish","hentry"],"acf":[],"yoast_head":"<!-- This site is optimized with the Yoast SEO plugin v26.3 - https:\/\/yoast.com\/wordpress\/plugins\/seo\/ -->\n<title>Alcald\u00eda - Sitio Padre Las Casas<\/title>\n<meta name=\"robots\" content=\"index, follow, max-snippet:-1, max-image-preview:large, max-video-preview:-1\" \/>\n<link rel=\"canonical\" href=\"https:\/\/padrelascasas.cl\/nuevositio\/alcaldia\/\" \/>\n<meta property=\"og:locale\" content=\"es_ES\" \/>\n<meta property=\"og:type\" content=\"article\" \/>\n<meta property=\"og:title\" content=\"Alcald\u00eda - Sitio Padre Las Casas\" \/>\n<meta property=\"og:description\" content=\"Alcald\u00eda Saludo Mario Gonz\u00e1lez Rebolledo, Alcalde de Padre Las Casas En Padre Las Casas creemos en las personas, en el poder de una buena conversaci\u00f3n, de escucharnos; apostamos por la colaboraci\u00f3n, en el trabajo con sentido y en la fuerza de una comunidad que no se rinde. Desde la educaci\u00f3n hasta la salud, desde el...\" \/>\n<meta property=\"og:url\" content=\"https:\/\/padrelascasas.cl\/nuevositio\/alcaldia\/\" \/>\n<meta property=\"og:site_name\" content=\"Sitio Padre Las Casas\" \/>\n<meta property=\"article:modified_time\" content=\"2025-10-16T01:34:11+00:00\" \/>\n<meta property=\"og:image\" content=\"https:\/\/padrelascasas.cl\/nuevositio\/wp-content\/uploads\/2025\/10\/Alcalde.jpeg\" \/>\n<meta name=\"twitter:card\" content=\"summary_large_image\" \/>\n<meta name=\"twitter:label1\" content=\"Tiempo de lectura\" \/>\n\t<meta name=\"twitter:data1\" content=\"4 minutos\" \/>\n<script type=\"application\/ld+json\" class=\"yoast-schema-graph\">{\"@context\":\"https:\/\/schema.org\",\"@graph\":[{\"@type\":\"WebPage\",\"@id\":\"https:\/\/padrelascasas.cl\/nuevositio\/alcaldia\/\",\"url\":\"https:\/\/padrelascasas.cl\/nuevositio\/alcaldia\/\",\"name\":\"Alcald\u00eda - Sitio Padre Las Casas\",\"isPartOf\":{\"@id\":\"https:\/\/padrelascasas.cl\/nuevositio\/#website\"},\"primaryImageOfPage\":{\"@id\":\"https:\/\/padrelascasas.cl\/nuevositio\/alcaldia\/#primaryimage\"},\"image\":{\"@id\":\"https:\/\/padrelascasas.cl\/nuevositio\/alcaldia\/#primaryimage\"},\"thumbnailUrl\":\"https:\/\/padrelascasas.cl\/nuevositio\/wp-content\/uploads\/2025\/10\/Alcalde.jpeg\",\"datePublished\":\"2025-09-26T19:31:36+00:00\",\"dateModified\":\"2025-10-16T01:34:11+00:00\",\"breadcrumb\":{\"@id\":\"https:\/\/padrelascasas.cl\/nuevositio\/alcaldia\/#breadcrumb\"},\"inLanguage\":\"es\",\"potentialAction\":[{\"@type\":\"ReadAction\",\"target\":[\"https:\/\/padrelascasas.cl\/nuevositio\/alcaldia\/\"]}]},{\"@type\":\"ImageObject\",\"inLanguage\":\"es\",\"@id\":\"https:\/\/padrelascasas.cl\/nuevositio\/alcaldia\/#primaryimage\",\"url\":\"https:\/\/padrelascasas.cl\/nuevositio\/wp-content\/uploads\/2025\/10\/Alcalde.jpeg\",\"contentUrl\":\"https:\/\/padrelascasas.cl\/nuevositio\/wp-content\/uploads\/2025\/10\/Alcalde.jpeg\",\"width\":1500,\"height\":2250},{\"@type\":\"BreadcrumbList\",\"@id\":\"https:\/\/padrelascasas.cl\/nuevositio\/alcaldia\/#breadcrumb\",\"itemListElement\":[{\"@type\":\"ListItem\",\"position\":1,\"name\":\"Portada\",\"item\":\"https:\/\/padrelascasas.cl\/nuevositio\/\"},{\"@type\":\"ListItem\",\"position\":2,\"name\":\"Alcald\u00eda\"}]},{\"@type\":\"WebSite\",\"@id\":\"https:\/\/padrelascasas.cl\/nuevositio\/#website\",\"url\":\"https:\/\/padrelascasas.cl\/nuevositio\/\",\"name\":\"Sitio Padre Las Casas\",\"description\":\"Padre Las Casas\",\"publisher\":{\"@id\":\"https:\/\/padrelascasas.cl\/nuevositio\/#organization\"},\"potentialAction\":[{\"@type\":\"SearchAction\",\"target\":{\"@type\":\"EntryPoint\",\"urlTemplate\":\"https:\/\/padrelascasas.cl\/nuevositio\/?s={search_term_string}\"},\"query-input\":{\"@type\":\"PropertyValueSpecification\",\"valueRequired\":true,\"valueName\":\"search_term_string\"}}],\"inLanguage\":\"es\"},{\"@type\":\"Organization\",\"@id\":\"https:\/\/padrelascasas.cl\/nuevositio\/#organization\",\"name\":\"Sitio Padre Las Casas\",\"url\":\"https:\/\/padrelascasas.cl\/nuevositio\/\",\"logo\":{\"@type\":\"ImageObject\",\"inLanguage\":\"es\",\"@id\":\"https:\/\/padrelascasas.cl\/nuevositio\/#\/schema\/logo\/image\/\",\"url\":\"https:\/\/padrelascasas.cl\/nuevositio\/wp-content\/uploads\/2025\/09\/cropped-Logo-color-horizontal.png\",\"contentUrl\":\"https:\/\/padrelascasas.cl\/nuevositio\/wp-content\/uploads\/2025\/09\/cropped-Logo-color-horizontal.png\",\"width\":1063,\"height\":775,\"caption\":\"Sitio Padre Las Casas\"},\"image\":{\"@id\":\"https:\/\/padrelascasas.cl\/nuevositio\/#\/schema\/logo\/image\/\"}}]}<\/script>\n<!-- \/ Yoast SEO plugin. -->","yoast_head_json":{"title":"Alcald\u00eda - Sitio Padre Las Casas","robots":{"index":"index","follow":"follow","max-snippet":"max-snippet:-1","max-image-preview":"max-image-preview:large","max-video-preview":"max-video-preview:-1"},"canonical":"https:\/\/padrelascasas.cl\/nuevositio\/alcaldia\/","og_locale":"es_ES","og_type":"article","og_title":"Alcald\u00eda - Sitio Padre Las Casas","og_description":"Alcald\u00eda Saludo Mario Gonz\u00e1lez Rebolledo, Alcalde de Padre Las Casas En Padre Las Casas creemos en las personas, en el poder de una buena conversaci\u00f3n, de escucharnos; apostamos por la colaboraci\u00f3n, en el trabajo con sentido y en la fuerza de una comunidad que no se rinde. Desde la educaci\u00f3n hasta la salud, desde el...","og_url":"https:\/\/padrelascasas.cl\/nuevositio\/alcaldia\/","og_site_name":"Sitio Padre Las Casas","article_modified_time":"2025-10-16T01:34:11+00:00","og_image":[{"url":"https:\/\/padrelascasas.cl\/nuevositio\/wp-content\/uploads\/2025\/10\/Alcalde.jpeg","type":"","width":"","height":""}],"twitter_card":"summary_large_image","twitter_misc":{"Tiempo de lectura":"4 minutos"},"schema":{"@context":"https:\/\/schema.org","@graph":[{"@type":"WebPage","@id":"https:\/\/padrelascasas.cl\/nuevositio\/alcaldia\/","url":"https:\/\/padrelascasas.cl\/nuevositio\/alcaldia\/","name":"Alcald\u00eda - Sitio Padre Las Casas","isPartOf":{"@id":"https:\/\/padrelascasas.cl\/nuevositio\/#website"},"primaryImageOfPage":{"@id":"https:\/\/padrelascasas.cl\/nuevositio\/alcaldia\/#primaryimage"},"image":{"@id":"https:\/\/padrelascasas.cl\/nuevositio\/alcaldia\/#primaryimage"},"thumbnailUrl":"https:\/\/padrelascasas.cl\/nuevositio\/wp-content\/uploads\/2025\/10\/Alcalde.jpeg","datePublished":"2025-09-26T19:31:36+00:00","dateModified":"2025-10-16T01:34:11+00:00","breadcrumb":{"@id":"https:\/\/padrelascasas.cl\/nuevositio\/alcaldia\/#breadcrumb"},"inLanguage":"es","potentialAction":[{"@type":"ReadAction","target":["https:\/\/padrelascasas.cl\/nuevositio\/alcaldia\/"]}]},{"@type":"ImageObject","inLanguage":"es","@id":"https:\/\/padrelascasas.cl\/nuevositio\/alcaldia\/#primaryimage","url":"https:\/\/padrelascasas.cl\/nuevositio\/wp-content\/uploads\/2025\/10\/Alcalde.jpeg","contentUrl":"https:\/\/padrelascasas.cl\/nuevositio\/wp-content\/uploads\/2025\/10\/Alcalde.jpeg","width":1500,"height":2250},{"@type":"BreadcrumbList","@id":"https:\/\/padrelascasas.cl\/nuevositio\/alcaldia\/#breadcrumb","itemListElement":[{"@type":"ListItem","position":1,"name":"Portada","item":"https:\/\/padrelascasas.cl\/nuevositio\/"},{"@type":"ListItem","position":2,"name":"Alcald\u00eda"}]},{"@type":"WebSite","@id":"https:\/\/padrelascasas.cl\/nuevositio\/#website","url":"https:\/\/padrelascasas.cl\/nuevositio\/","name":"Sitio Padre Las Casas","description":"Padre Las Casas","publisher":{"@id":"https:\/\/padrelascasas.cl\/nuevositio\/#organization"},"potentialAction":[{"@type":"SearchAction","target":{"@type":"EntryPoint","urlTemplate":"https:\/\/padrelascasas.cl\/nuevositio\/?s={search_term_string}"},"query-input":{"@type":"PropertyValueSpecification","valueRequired":true,"valueName":"search_term_string"}}],"inLanguage":"es"},{"@type":"Organization","@id":"https:\/\/padrelascasas.cl\/nuevositio\/#organization","name":"Sitio Padre Las Casas","url":"https:\/\/padrelascasas.cl\/nuevositio\/","logo":{"@type":"ImageObject","inLanguage":"es","@id":"https:\/\/padrelascasas.cl\/nuevositio\/#\/schema\/logo\/image\/","url":"https:\/\/padrelascasas.cl\/nuevositio\/wp-content\/uploads\/2025\/09\/cropped-Logo-color-horizontal.png","contentUrl":"https:\/\/padrelascasas.cl\/nuevositio\/wp-content\/uploads\/2025\/09\/cropped-Logo-color-horizontal.png","width":1063,"height":775,"caption":"Sitio Padre Las Casas"},"image":{"@id":"https:\/\/padrelascasas.cl\/nuevositio\/#\/schema\/logo\/image\/"}}]}},"_links":{"self":[{"href":"https:\/\/padrelascasas.cl\/nuevositio\/wp-json\/wp\/v2\/pages\/2525","targetHints":{"allow":["GET"]}}],"collection":[{"href":"https:\/\/padrelascasas.cl\/nuevositio\/wp-json\/wp\/v2\/pages"}],"about":[{"href":"https:\/\/padrelascasas.cl\/nuevositio\/wp-json\/wp\/v2\/types\/page"}],"author":[{"embeddable":true,"href":"https:\/\/padrelascasas.cl\/nuevositio\/wp-json\/wp\/v2\/users\/3"}],"replies":[{"embeddable":true,"href":"https:\/\/padrelascasas.cl\/nuevositio\/wp-json\/wp\/v2\/comments?post=2525"}],"version-history":[{"count":55,"href":"https:\/\/padrelascasas.cl\/nuevositio\/wp-json\/wp\/v2\/pages\/2525\/revisions"}],"predecessor-version":[{"id":4806,"href":"https:\/\/padrelascasas.cl\/nuevositio\/wp-json\/wp\/v2\/pages\/2525\/revisions\/4806"}],"wp:attachment":[{"href":"https:\/\/padrelascasas.cl\/nuevositio\/wp-json\/wp\/v2\/media?parent=2525"}],"curies":[{"name":"wp","href":"https:\/\/api.w.org\/{rel}","templated":true}]}}