{"id":3284,"date":"2025-10-06T20:30:25","date_gmt":"2025-10-06T20:30:25","guid":{"rendered":"https:\/\/padrelascasas.cl\/nuevositio\/?page_id=3284"},"modified":"2025-10-07T18:12:51","modified_gmt":"2025-10-07T18:12:51","slug":"eventos-municipales","status":"publish","type":"page","link":"https:\/\/padrelascasas.cl\/nuevositio\/eventos-municipales\/","title":{"rendered":"Eventos Municipales"},"content":{"rendered":"\t\t<div data-elementor-type=\"wp-page\" data-elementor-id=\"3284\" class=\"elementor elementor-3284\" data-elementor-settings=\"{&quot;ha_cmc_init_switcher&quot;:&quot;no&quot;}\">\n\t\t\t\t<div class=\"elementor-element elementor-element-616764d e-flex e-con-boxed e-con e-parent\" data-id=\"616764d\" data-element_type=\"container\" data-settings=\"{&quot;_ha_eqh_enable&quot;:false}\">\n\t\t\t\t\t<div class=\"e-con-inner\">\n\t\t\t\t<div class=\"elementor-element elementor-element-689dc9d elementor-widget elementor-widget-heading\" data-id=\"689dc9d\" data-element_type=\"widget\" data-widget_type=\"heading.default\">\n\t\t\t\t\t<h2 class=\"elementor-heading-title elementor-size-default\">Eventos<\/h2>\t\t\t\t<\/div>\n\t\t\t\t\t<\/div>\n\t\t\t\t<\/div>\n\t\t<div class=\"elementor-element elementor-element-6168923 e-flex e-con-boxed e-con e-parent\" data-id=\"6168923\" data-element_type=\"container\" data-settings=\"{&quot;_ha_eqh_enable&quot;:false}\">\n\t\t\t\t\t<div class=\"e-con-inner\">\n\t\t\t\t<div class=\"elementor-element elementor-element-9c447fe elementor-grid-eael-col-4 elementor-grid-tablet-eael-col-2 elementor-grid-mobile-eael-col-1 elementor-widget elementor-widget-eael-post-grid\" data-id=\"9c447fe\" data-element_type=\"widget\" data-settings=\"{&quot;eael_post_grid_columns&quot;:&quot;eael-col-4&quot;,&quot;eael_post_grid_columns_tablet&quot;:&quot;eael-col-2&quot;,&quot;eael_post_grid_columns_mobile&quot;:&quot;eael-col-1&quot;}\" data-widget_type=\"eael-post-grid.default\">\n\t\t\t\t\t<div id=\"eael-post-grid-9c447fe\" class=\"eael-post-grid-container\">\n            <div class=\"eael-post-grid eael-post-appender eael-post-appender-9c447fe eael-post-grid-style-three\" data-layout-mode=\"masonry\"><article class=\"eael-grid-post eael-post-grid-column\" data-id=\"3522\">\n        <div class=\"eael-grid-post-holder\">\n            <div class=\"eael-grid-post-holder-inner\"><div class=\"eael-entry-media\"><div class=\"eael-entry-overlay fade-in\"><i class=\"fas fa-long-arrow-alt-right\" aria-hidden=\"true\"><\/i><a href=\"https:\/\/padrelascasas.cl\/nuevositio\/evento-5\/\"><\/a><\/div><div class=\"eael-entry-thumbnail \">\n                 <img fetchpriority=\"high\" decoding=\"async\" width=\"240\" height=\"300\" src=\"https:\/\/padrelascasas.cl\/nuevositio\/wp-content\/uploads\/2025\/10\/561087019_18094600819761237_6345793064285077773_n-240x300.jpg\" class=\"attachment-medium size-medium wp-image-3523\" alt=\"\" srcset=\"https:\/\/padrelascasas.cl\/nuevositio\/wp-content\/uploads\/2025\/10\/561087019_18094600819761237_6345793064285077773_n-240x300.jpg 240w, https:\/\/padrelascasas.cl\/nuevositio\/wp-content\/uploads\/2025\/10\/561087019_18094600819761237_6345793064285077773_n-819x1024.jpg 819w, https:\/\/padrelascasas.cl\/nuevositio\/wp-content\/uploads\/2025\/10\/561087019_18094600819761237_6345793064285077773_n-768x960.jpg 768w, https:\/\/padrelascasas.cl\/nuevositio\/wp-content\/uploads\/2025\/10\/561087019_18094600819761237_6345793064285077773_n.jpg 1080w\" sizes=\"(max-width: 240px) 100vw, 240px\" \/>\n             <\/div>\n        <\/div><div class=\"eael-entry-wrapper\"><header class=\"eael-entry-header\"><h2 class=\"eael-entry-title\"><a class=\"eael-grid-post-link\" href=\"https:\/\/padrelascasas.cl\/nuevositio\/evento-5\/\" title=\"Evento 5\">Evento 5<\/a><\/h2><\/header><div class=\"eael-entry-meta\"><span class=\"eael-posted-on\"><time datetime=\"octubre 7, 2025\">octubre 7, 2025<\/time><\/span><\/div><div class=\"eael-entry-content\">\n                        <div class=\"eael-grid-post-excerpt\"><p><\/p><a href=\"https:\/\/padrelascasas.cl\/nuevositio\/evento-5\/\" class=\"eael-post-elements-readmore-btn\">Leer m\u00e1s<\/a><\/div>\n                    <\/div><\/div><\/div>\n        <\/div>\n    <\/article><article class=\"eael-grid-post eael-post-grid-column\" data-id=\"3460\">\n        <div class=\"eael-grid-post-holder\">\n            <div class=\"eael-grid-post-holder-inner\"><div class=\"eael-entry-media\"><div class=\"eael-entry-overlay fade-in\"><i class=\"fas fa-long-arrow-alt-right\" aria-hidden=\"true\"><\/i><a href=\"https:\/\/padrelascasas.cl\/nuevositio\/evento-2\/\"><\/a><\/div><div class=\"eael-entry-thumbnail \">\n                 <img decoding=\"async\" width=\"240\" height=\"300\" src=\"https:\/\/padrelascasas.cl\/nuevositio\/wp-content\/uploads\/2025\/10\/558083088_18284107363272522_5064204059278763528_n-240x300.jpg\" class=\"attachment-medium size-medium wp-image-3472\" alt=\"\" srcset=\"https:\/\/padrelascasas.cl\/nuevositio\/wp-content\/uploads\/2025\/10\/558083088_18284107363272522_5064204059278763528_n-240x300.jpg 240w, https:\/\/padrelascasas.cl\/nuevositio\/wp-content\/uploads\/2025\/10\/558083088_18284107363272522_5064204059278763528_n-818x1024.jpg 818w, https:\/\/padrelascasas.cl\/nuevositio\/wp-content\/uploads\/2025\/10\/558083088_18284107363272522_5064204059278763528_n-768x961.jpg 768w, https:\/\/padrelascasas.cl\/nuevositio\/wp-content\/uploads\/2025\/10\/558083088_18284107363272522_5064204059278763528_n.jpg 1023w\" sizes=\"(max-width: 240px) 100vw, 240px\" \/>\n             <\/div>\n        <\/div><div class=\"eael-entry-wrapper\"><header class=\"eael-entry-header\"><h2 class=\"eael-entry-title\"><a class=\"eael-grid-post-link\" href=\"https:\/\/padrelascasas.cl\/nuevositio\/evento-2\/\" title=\"Evento 2\">Evento 2<\/a><\/h2><\/header><div class=\"eael-entry-meta\"><span class=\"eael-posted-on\"><time datetime=\"octubre 7, 2025\">octubre 7, 2025<\/time><\/span><\/div><div class=\"eael-entry-content\">\n                        <div class=\"eael-grid-post-excerpt\"><p><\/p><a href=\"https:\/\/padrelascasas.cl\/nuevositio\/evento-2\/\" class=\"eael-post-elements-readmore-btn\">Leer m\u00e1s<\/a><\/div>\n                    <\/div><\/div><\/div>\n        <\/div>\n    <\/article><article class=\"eael-grid-post eael-post-grid-column\" data-id=\"3273\">\n        <div class=\"eael-grid-post-holder\">\n            <div class=\"eael-grid-post-holder-inner\"><div class=\"eael-entry-media\"><div class=\"eael-entry-overlay fade-in\"><i class=\"fas fa-long-arrow-alt-right\" aria-hidden=\"true\"><\/i><a href=\"https:\/\/padrelascasas.cl\/nuevositio\/evento1\/\"><\/a><\/div><div class=\"eael-entry-thumbnail \">\n                 <img decoding=\"async\" width=\"225\" height=\"300\" src=\"https:\/\/padrelascasas.cl\/nuevositio\/wp-content\/uploads\/2025\/10\/559214750_18284739850272522_6991731462202605053_n-225x300.jpg\" class=\"attachment-medium size-medium wp-image-3475\" alt=\"\" srcset=\"https:\/\/padrelascasas.cl\/nuevositio\/wp-content\/uploads\/2025\/10\/559214750_18284739850272522_6991731462202605053_n-225x300.jpg 225w, https:\/\/padrelascasas.cl\/nuevositio\/wp-content\/uploads\/2025\/10\/559214750_18284739850272522_6991731462202605053_n-768x1024.jpg 768w, https:\/\/padrelascasas.cl\/nuevositio\/wp-content\/uploads\/2025\/10\/559214750_18284739850272522_6991731462202605053_n-1152x1536.jpg 1152w, https:\/\/padrelascasas.cl\/nuevositio\/wp-content\/uploads\/2025\/10\/559214750_18284739850272522_6991731462202605053_n.jpg 1264w\" sizes=\"(max-width: 225px) 100vw, 225px\" \/>\n             <\/div>\n        <\/div><div class=\"eael-entry-wrapper\"><header class=\"eael-entry-header\"><h2 class=\"eael-entry-title\"><a class=\"eael-grid-post-link\" href=\"https:\/\/padrelascasas.cl\/nuevositio\/evento1\/\" title=\"Evento 1\">Evento 1<\/a><\/h2><\/header><div class=\"eael-entry-meta\"><span class=\"eael-posted-on\"><time datetime=\"octubre 6, 2025\">octubre 6, 2025<\/time><\/span><\/div><div class=\"eael-entry-content\">\n                        <div class=\"eael-grid-post-excerpt\"><p>What is Lorem Ipsum? Lorem Ipsum&nbsp;is simply dummy text of...<\/p><a href=\"https:\/\/padrelascasas.cl\/nuevositio\/evento1\/\" class=\"eael-post-elements-readmore-btn\">Leer m\u00e1s<\/a><\/div>\n                    <\/div><\/div><\/div>\n        <\/div>\n    <\/article><\/div>\n            <div class=\"clearfix\"><\/div>\n        <\/div>\t\t\t\t<\/div>\n\t\t\t\t\t<\/div>\n\t\t\t\t<\/div>\n\t\t\t\t<\/div>\n\t\t","protected":false},"excerpt":{"rendered":"<p>Eventos Evento 3 octubre 7, 2025 Leer m\u00e1s Evento 2 octubre 7, 2025 Leer m\u00e1s Evento 1 octubre 6, 2025 What is Lorem Ipsum? Lorem Ipsum&nbsp;is simply dummy text of&#8230; Leer m\u00e1s<\/p>\n","protected":false},"author":3,"featured_media":0,"parent":0,"menu_order":0,"comment_status":"closed","ping_status":"closed","template":"","meta":{"_acf_changed":false,"_eb_attr":"","om_disable_all_campaigns":false,"_monsterinsights_skip_tracking":false,"_monsterinsights_sitenote_active":false,"_monsterinsights_sitenote_note":"","_monsterinsights_sitenote_category":0,"_kad_post_transparent":"","_kad_post_title":"hide","_kad_post_layout":"fullwidth","_kad_post_sidebar_id":"","_kad_post_content_style":"unboxed","_kad_post_vertical_padding":"hide","_kad_post_feature":"hide","_kad_post_feature_position":"","_kad_post_header":false,"_kad_post_footer":false,"footnotes":""},"class_list":["post-3284","page","type-page","status-publish","hentry"],"acf":[],"yoast_head":"<!-- This site is optimized with the Yoast SEO plugin v26.3 - https:\/\/yoast.com\/wordpress\/plugins\/seo\/ -->\n<title>Eventos Municipales - Sitio Padre Las Casas<\/title>\n<meta name=\"robots\" content=\"index, follow, max-snippet:-1, max-image-preview:large, max-video-preview:-1\" \/>\n<link rel=\"canonical\" href=\"https:\/\/padrelascasas.cl\/nuevositio\/eventos-municipales\/\" \/>\n<meta property=\"og:locale\" content=\"es_ES\" \/>\n<meta property=\"og:type\" content=\"article\" \/>\n<meta property=\"og:title\" content=\"Eventos Municipales - Sitio Padre Las Casas\" \/>\n<meta property=\"og:description\" content=\"Eventos Evento 3 octubre 7, 2025 Leer m\u00e1s Evento 2 octubre 7, 2025 Leer m\u00e1s Evento 1 octubre 6, 2025 What is Lorem Ipsum? Lorem Ipsum&nbsp;is simply dummy text of&#8230; Leer m\u00e1s\" \/>\n<meta property=\"og:url\" content=\"https:\/\/padrelascasas.cl\/nuevositio\/eventos-municipales\/\" \/>\n<meta property=\"og:site_name\" content=\"Sitio Padre Las Casas\" \/>\n<meta property=\"article:modified_time\" content=\"2025-10-07T18:12:51+00:00\" \/>\n<meta property=\"og:image\" content=\"https:\/\/padrelascasas.cl\/nuevositio\/wp-content\/uploads\/2025\/10\/551277461_18282698326272522_4998143253571499065_n-232x300.jpg\" \/>\n<meta name=\"twitter:card\" content=\"summary_large_image\" \/>\n<script type=\"application\/ld+json\" class=\"yoast-schema-graph\">{\"@context\":\"https:\/\/schema.org\",\"@graph\":[{\"@type\":\"WebPage\",\"@id\":\"https:\/\/padrelascasas.cl\/nuevositio\/eventos-municipales\/\",\"url\":\"https:\/\/padrelascasas.cl\/nuevositio\/eventos-municipales\/\",\"name\":\"Eventos Municipales - Sitio Padre Las Casas\",\"isPartOf\":{\"@id\":\"https:\/\/padrelascasas.cl\/nuevositio\/#website\"},\"primaryImageOfPage\":{\"@id\":\"https:\/\/padrelascasas.cl\/nuevositio\/eventos-municipales\/#primaryimage\"},\"image\":{\"@id\":\"https:\/\/padrelascasas.cl\/nuevositio\/eventos-municipales\/#primaryimage\"},\"thumbnailUrl\":\"https:\/\/padrelascasas.cl\/nuevositio\/wp-content\/uploads\/2025\/10\/551277461_18282698326272522_4998143253571499065_n-232x300.jpg\",\"datePublished\":\"2025-10-06T20:30:25+00:00\",\"dateModified\":\"2025-10-07T18:12:51+00:00\",\"breadcrumb\":{\"@id\":\"https:\/\/padrelascasas.cl\/nuevositio\/eventos-municipales\/#breadcrumb\"},\"inLanguage\":\"es\",\"potentialAction\":[{\"@type\":\"ReadAction\",\"target\":[\"https:\/\/padrelascasas.cl\/nuevositio\/eventos-municipales\/\"]}]},{\"@type\":\"ImageObject\",\"inLanguage\":\"es\",\"@id\":\"https:\/\/padrelascasas.cl\/nuevositio\/eventos-municipales\/#primaryimage\",\"url\":\"https:\/\/padrelascasas.cl\/nuevositio\/wp-content\/uploads\/2025\/10\/551277461_18282698326272522_4998143253571499065_n.jpg\",\"contentUrl\":\"https:\/\/padrelascasas.cl\/nuevositio\/wp-content\/uploads\/2025\/10\/551277461_18282698326272522_4998143253571499065_n.jpg\",\"width\":816,\"height\":1056},{\"@type\":\"BreadcrumbList\",\"@id\":\"https:\/\/padrelascasas.cl\/nuevositio\/eventos-municipales\/#breadcrumb\",\"itemListElement\":[{\"@type\":\"ListItem\",\"position\":1,\"name\":\"Portada\",\"item\":\"https:\/\/padrelascasas.cl\/nuevositio\/\"},{\"@type\":\"ListItem\",\"position\":2,\"name\":\"Eventos Municipales\"}]},{\"@type\":\"WebSite\",\"@id\":\"https:\/\/padrelascasas.cl\/nuevositio\/#website\",\"url\":\"https:\/\/padrelascasas.cl\/nuevositio\/\",\"name\":\"Sitio Padre Las Casas\",\"description\":\"Padre Las Casas\",\"publisher\":{\"@id\":\"https:\/\/padrelascasas.cl\/nuevositio\/#organization\"},\"potentialAction\":[{\"@type\":\"SearchAction\",\"target\":{\"@type\":\"EntryPoint\",\"urlTemplate\":\"https:\/\/padrelascasas.cl\/nuevositio\/?s={search_term_string}\"},\"query-input\":{\"@type\":\"PropertyValueSpecification\",\"valueRequired\":true,\"valueName\":\"search_term_string\"}}],\"inLanguage\":\"es\"},{\"@type\":\"Organization\",\"@id\":\"https:\/\/padrelascasas.cl\/nuevositio\/#organization\",\"name\":\"Sitio Padre Las Casas\",\"url\":\"https:\/\/padrelascasas.cl\/nuevositio\/\",\"logo\":{\"@type\":\"ImageObject\",\"inLanguage\":\"es\",\"@id\":\"https:\/\/padrelascasas.cl\/nuevositio\/#\/schema\/logo\/image\/\",\"url\":\"https:\/\/padrelascasas.cl\/nuevositio\/wp-content\/uploads\/2025\/09\/cropped-Logo-color-horizontal.png\",\"contentUrl\":\"https:\/\/padrelascasas.cl\/nuevositio\/wp-content\/uploads\/2025\/09\/cropped-Logo-color-horizontal.png\",\"width\":1063,\"height\":775,\"caption\":\"Sitio Padre Las Casas\"},\"image\":{\"@id\":\"https:\/\/padrelascasas.cl\/nuevositio\/#\/schema\/logo\/image\/\"}}]}<\/script>\n<!-- \/ Yoast SEO plugin. -->","yoast_head_json":{"title":"Eventos Municipales - Sitio Padre Las Casas","robots":{"index":"index","follow":"follow","max-snippet":"max-snippet:-1","max-image-preview":"max-image-preview:large","max-video-preview":"max-video-preview:-1"},"canonical":"https:\/\/padrelascasas.cl\/nuevositio\/eventos-municipales\/","og_locale":"es_ES","og_type":"article","og_title":"Eventos Municipales - Sitio Padre Las Casas","og_description":"Eventos Evento 3 octubre 7, 2025 Leer m\u00e1s Evento 2 octubre 7, 2025 Leer m\u00e1s Evento 1 octubre 6, 2025 What is Lorem Ipsum? Lorem Ipsum&nbsp;is simply dummy text of&#8230; Leer m\u00e1s","og_url":"https:\/\/padrelascasas.cl\/nuevositio\/eventos-municipales\/","og_site_name":"Sitio Padre Las Casas","article_modified_time":"2025-10-07T18:12:51+00:00","og_image":[{"url":"https:\/\/padrelascasas.cl\/nuevositio\/wp-content\/uploads\/2025\/10\/551277461_18282698326272522_4998143253571499065_n-232x300.jpg","type":"","width":"","height":""}],"twitter_card":"summary_large_image","schema":{"@context":"https:\/\/schema.org","@graph":[{"@type":"WebPage","@id":"https:\/\/padrelascasas.cl\/nuevositio\/eventos-municipales\/","url":"https:\/\/padrelascasas.cl\/nuevositio\/eventos-municipales\/","name":"Eventos Municipales - Sitio Padre Las Casas","isPartOf":{"@id":"https:\/\/padrelascasas.cl\/nuevositio\/#website"},"primaryImageOfPage":{"@id":"https:\/\/padrelascasas.cl\/nuevositio\/eventos-municipales\/#primaryimage"},"image":{"@id":"https:\/\/padrelascasas.cl\/nuevositio\/eventos-municipales\/#primaryimage"},"thumbnailUrl":"https:\/\/padrelascasas.cl\/nuevositio\/wp-content\/uploads\/2025\/10\/551277461_18282698326272522_4998143253571499065_n-232x300.jpg","datePublished":"2025-10-06T20:30:25+00:00","dateModified":"2025-10-07T18:12:51+00:00","breadcrumb":{"@id":"https:\/\/padrelascasas.cl\/nuevositio\/eventos-municipales\/#breadcrumb"},"inLanguage":"es","potentialAction":[{"@type":"ReadAction","target":["https:\/\/padrelascasas.cl\/nuevositio\/eventos-municipales\/"]}]},{"@type":"ImageObject","inLanguage":"es","@id":"https:\/\/padrelascasas.cl\/nuevositio\/eventos-municipales\/#primaryimage","url":"https:\/\/padrelascasas.cl\/nuevositio\/wp-content\/uploads\/2025\/10\/551277461_18282698326272522_4998143253571499065_n.jpg","contentUrl":"https:\/\/padrelascasas.cl\/nuevositio\/wp-content\/uploads\/2025\/10\/551277461_18282698326272522_4998143253571499065_n.jpg","width":816,"height":1056},{"@type":"BreadcrumbList","@id":"https:\/\/padrelascasas.cl\/nuevositio\/eventos-municipales\/#breadcrumb","itemListElement":[{"@type":"ListItem","position":1,"name":"Portada","item":"https:\/\/padrelascasas.cl\/nuevositio\/"},{"@type":"ListItem","position":2,"name":"Eventos Municipales"}]},{"@type":"WebSite","@id":"https:\/\/padrelascasas.cl\/nuevositio\/#website","url":"https:\/\/padrelascasas.cl\/nuevositio\/","name":"Sitio Padre Las Casas","description":"Padre Las Casas","publisher":{"@id":"https:\/\/padrelascasas.cl\/nuevositio\/#organization"},"potentialAction":[{"@type":"SearchAction","target":{"@type":"EntryPoint","urlTemplate":"https:\/\/padrelascasas.cl\/nuevositio\/?s={search_term_string}"},"query-input":{"@type":"PropertyValueSpecification","valueRequired":true,"valueName":"search_term_string"}}],"inLanguage":"es"},{"@type":"Organization","@id":"https:\/\/padrelascasas.cl\/nuevositio\/#organization","name":"Sitio Padre Las Casas","url":"https:\/\/padrelascasas.cl\/nuevositio\/","logo":{"@type":"ImageObject","inLanguage":"es","@id":"https:\/\/padrelascasas.cl\/nuevositio\/#\/schema\/logo\/image\/","url":"https:\/\/padrelascasas.cl\/nuevositio\/wp-content\/uploads\/2025\/09\/cropped-Logo-color-horizontal.png","contentUrl":"https:\/\/padrelascasas.cl\/nuevositio\/wp-content\/uploads\/2025\/09\/cropped-Logo-color-horizontal.png","width":1063,"height":775,"caption":"Sitio Padre Las Casas"},"image":{"@id":"https:\/\/padrelascasas.cl\/nuevositio\/#\/schema\/logo\/image\/"}}]}},"_links":{"self":[{"href":"https:\/\/padrelascasas.cl\/nuevositio\/wp-json\/wp\/v2\/pages\/3284","targetHints":{"allow":["GET"]}}],"collection":[{"href":"https:\/\/padrelascasas.cl\/nuevositio\/wp-json\/wp\/v2\/pages"}],"about":[{"href":"https:\/\/padrelascasas.cl\/nuevositio\/wp-json\/wp\/v2\/types\/page"}],"author":[{"embeddable":true,"href":"https:\/\/padrelascasas.cl\/nuevositio\/wp-json\/wp\/v2\/users\/3"}],"replies":[{"embeddable":true,"href":"https:\/\/padrelascasas.cl\/nuevositio\/wp-json\/wp\/v2\/comments?post=3284"}],"version-history":[{"count":7,"href":"https:\/\/padrelascasas.cl\/nuevositio\/wp-json\/wp\/v2\/pages\/3284\/revisions"}],"predecessor-version":[{"id":3491,"href":"https:\/\/padrelascasas.cl\/nuevositio\/wp-json\/wp\/v2\/pages\/3284\/revisions\/3491"}],"wp:attachment":[{"href":"https:\/\/padrelascasas.cl\/nuevositio\/wp-json\/wp\/v2\/media?parent=3284"}],"curies":[{"name":"wp","href":"https:\/\/api.w.org\/{rel}","templated":true}]}}