{"id":5157,"date":"2025-10-20T21:02:04","date_gmt":"2025-10-20T21:02:04","guid":{"rendered":"https:\/\/padrelascasas.cl\/nuevositio\/?page_id=5157"},"modified":"2026-03-24T15:51:57","modified_gmt":"2026-03-24T15:51:57","slug":"concursos-publicos","status":"publish","type":"page","link":"https:\/\/padrelascasas.cl\/nuevositio\/concursos-publicos\/","title":{"rendered":"Concursos P\u00fablicos"},"content":{"rendered":"\n<p><strong>LL\u00c1MESE<\/strong>, a Concurso P\u00fablico de Antecedentes y Apru\u00e9base las bases, para proveer los cargos de la Planta Municipal que a continuaci\u00f3n se indica y que se regir\u00e1n por las presentes bases:<\/p>\n\n\n\n<figure class=\"wp-block-table is-style-stripes\" style=\"font-size:18px\"><table class=\"has-fixed-layout\"><tbody><tr><td><strong>Decreto Alcaldicio N\u00b0583 de fecha 12 de marzo de 2026, que llama a concurso p\u00fablico de antecedentes<\/strong><\/td><td class=\"has-text-align-right\" data-align=\"right\"><a href=\"http:\/\/www.padrelascasas.cl\/con_publicos\/2026\/concurso_publico_DGM_583\/DGM-583%20-%20llama%20a%20concurso%20y%20aprueba%20bases.pdf\" target=\"_blank\" rel=\"noreferrer noopener\"><img decoding=\"async\" src=\"https:\/\/padrelascasas.cl\/newplc\/wp-content\/uploads\/2026\/03\/boton3-3.png\" alt=\"\"><\/a><\/td><\/tr><tr><td><strong>Bases<\/strong><\/td><td class=\"has-text-align-right\" data-align=\"right\"><a href=\"http:\/\/www.padrelascasas.cl\/con_publicos\/2026\/concurso_publico_DGM_583\/BASES%20C26-J12.pdf\" target=\"_blank\" rel=\"noreferrer noopener\"><img decoding=\"async\" src=\"https:\/\/padrelascasas.cl\/newplc\/wp-content\/uploads\/2026\/03\/boton3-3.png\" alt=\"\"><\/a><\/td><\/tr><tr><td><strong>Ficha de postulaci\u00f3n<\/strong><\/td><td class=\"has-text-align-right\" data-align=\"right\"><a href=\"http:\/\/www.padrelascasas.cl\/con_publicos\/2026\/concurso_publico_DGM_583\/Ficha%20de%20Postulacion.pdf\" target=\"_blank\" rel=\"noreferrer noopener\"><img decoding=\"async\" src=\"https:\/\/padrelascasas.cl\/newplc\/wp-content\/uploads\/2026\/03\/boton3-3.png\" alt=\"\"><\/a><\/td><\/tr><tr><td><strong>Declaraci\u00f3n Jurada<\/strong><\/td><td class=\"has-text-align-right\" data-align=\"right\"><a href=\"http:\/\/www.padrelascasas.cl\/con_publicos\/2026\/concurso_publico_DGM_583\/Declaracion%20Jurada.pdf\" target=\"_blank\" rel=\"noreferrer noopener\"><img decoding=\"async\" src=\"https:\/\/padrelascasas.cl\/newplc\/wp-content\/uploads\/2026\/03\/boton3-3.png\" alt=\"\"><\/a><\/td><\/tr><\/tbody><\/table><\/figure>\n\n\n\n<p><br><strong>T\u00c9NGASE PRESENTE<\/strong>, que para postular a los cargos se\u00f1alados, deber\u00e1n cumplirse los requisitos establecidos en las Bases del Concurso, las cuales son parte integrante del presente decreto alcaldicio.<\/p>\n\n\n\n<p><\/p>\n","protected":false},"excerpt":{"rendered":"<p>LL\u00c1MESE, a Concurso P\u00fablico de Antecedentes y Apru\u00e9base las bases, para proveer los cargos de la Planta Municipal que a continuaci\u00f3n se indica y que se regir\u00e1n por las presentes bases: Decreto Alcaldicio N\u00b0583 de fecha 12 de marzo de 2026, que llama a concurso p\u00fablico de antecedentes Bases Ficha de postulaci\u00f3n Declaraci\u00f3n Jurada T\u00c9NGASE&#8230;<\/p>\n","protected":false},"author":3,"featured_media":0,"parent":0,"menu_order":0,"comment_status":"closed","ping_status":"closed","template":"","meta":{"_acf_changed":false,"_eb_attr":"","om_disable_all_campaigns":false,"_monsterinsights_skip_tracking":false,"_monsterinsights_sitenote_active":false,"_monsterinsights_sitenote_note":"","_monsterinsights_sitenote_category":0,"_kad_post_transparent":"","_kad_post_title":"","_kad_post_layout":"","_kad_post_sidebar_id":"","_kad_post_content_style":"","_kad_post_vertical_padding":"","_kad_post_feature":"","_kad_post_feature_position":"","_kad_post_header":false,"_kad_post_footer":false,"footnotes":""},"class_list":["post-5157","page","type-page","status-publish","hentry"],"acf":[],"yoast_head":"<!-- This site is optimized with the Yoast SEO plugin v26.3 - https:\/\/yoast.com\/wordpress\/plugins\/seo\/ -->\n<title>Concursos P\u00fablicos - Sitio Padre Las Casas<\/title>\n<meta name=\"robots\" content=\"index, follow, max-snippet:-1, max-image-preview:large, max-video-preview:-1\" \/>\n<link rel=\"canonical\" href=\"https:\/\/padrelascasas.cl\/nuevositio\/concursos-publicos\/\" \/>\n<meta property=\"og:locale\" content=\"es_ES\" \/>\n<meta property=\"og:type\" content=\"article\" \/>\n<meta property=\"og:title\" content=\"Concursos P\u00fablicos - Sitio Padre Las Casas\" \/>\n<meta property=\"og:description\" content=\"LL\u00c1MESE, a Concurso P\u00fablico de Antecedentes y Apru\u00e9base las bases, para proveer los cargos de la Planta Municipal que a continuaci\u00f3n se indica y que se regir\u00e1n por las presentes bases: Decreto Alcaldicio N\u00b0583 de fecha 12 de marzo de 2026, que llama a concurso p\u00fablico de antecedentes Bases Ficha de postulaci\u00f3n Declaraci\u00f3n Jurada T\u00c9NGASE...\" \/>\n<meta property=\"og:url\" content=\"https:\/\/padrelascasas.cl\/nuevositio\/concursos-publicos\/\" \/>\n<meta property=\"og:site_name\" content=\"Sitio Padre Las Casas\" \/>\n<meta property=\"article:modified_time\" content=\"2026-03-24T15:51:57+00:00\" \/>\n<meta property=\"og:image\" content=\"https:\/\/padrelascasas.cl\/newplc\/wp-content\/uploads\/2026\/03\/boton3-3.png\" \/>\n<meta name=\"twitter:card\" content=\"summary_large_image\" \/>\n<meta name=\"twitter:label1\" content=\"Tiempo de lectura\" \/>\n\t<meta name=\"twitter:data1\" content=\"2 minutos\" \/>\n<script type=\"application\/ld+json\" class=\"yoast-schema-graph\">{\"@context\":\"https:\/\/schema.org\",\"@graph\":[{\"@type\":\"WebPage\",\"@id\":\"https:\/\/padrelascasas.cl\/nuevositio\/concursos-publicos\/\",\"url\":\"https:\/\/padrelascasas.cl\/nuevositio\/concursos-publicos\/\",\"name\":\"Concursos P\u00fablicos - Sitio Padre Las Casas\",\"isPartOf\":{\"@id\":\"https:\/\/padrelascasas.cl\/nuevositio\/#website\"},\"primaryImageOfPage\":{\"@id\":\"https:\/\/padrelascasas.cl\/nuevositio\/concursos-publicos\/#primaryimage\"},\"image\":{\"@id\":\"https:\/\/padrelascasas.cl\/nuevositio\/concursos-publicos\/#primaryimage\"},\"thumbnailUrl\":\"https:\/\/padrelascasas.cl\/newplc\/wp-content\/uploads\/2026\/03\/boton3-3.png\",\"datePublished\":\"2025-10-20T21:02:04+00:00\",\"dateModified\":\"2026-03-24T15:51:57+00:00\",\"breadcrumb\":{\"@id\":\"https:\/\/padrelascasas.cl\/nuevositio\/concursos-publicos\/#breadcrumb\"},\"inLanguage\":\"es\",\"potentialAction\":[{\"@type\":\"ReadAction\",\"target\":[\"https:\/\/padrelascasas.cl\/nuevositio\/concursos-publicos\/\"]}]},{\"@type\":\"ImageObject\",\"inLanguage\":\"es\",\"@id\":\"https:\/\/padrelascasas.cl\/nuevositio\/concursos-publicos\/#primaryimage\",\"url\":\"https:\/\/padrelascasas.cl\/newplc\/wp-content\/uploads\/2026\/03\/boton3-3.png\",\"contentUrl\":\"https:\/\/padrelascasas.cl\/newplc\/wp-content\/uploads\/2026\/03\/boton3-3.png\"},{\"@type\":\"BreadcrumbList\",\"@id\":\"https:\/\/padrelascasas.cl\/nuevositio\/concursos-publicos\/#breadcrumb\",\"itemListElement\":[{\"@type\":\"ListItem\",\"position\":1,\"name\":\"Portada\",\"item\":\"https:\/\/padrelascasas.cl\/nuevositio\/\"},{\"@type\":\"ListItem\",\"position\":2,\"name\":\"Concursos P\u00fablicos\"}]},{\"@type\":\"WebSite\",\"@id\":\"https:\/\/padrelascasas.cl\/nuevositio\/#website\",\"url\":\"https:\/\/padrelascasas.cl\/nuevositio\/\",\"name\":\"Sitio Padre Las Casas\",\"description\":\"Padre Las Casas\",\"publisher\":{\"@id\":\"https:\/\/padrelascasas.cl\/nuevositio\/#organization\"},\"potentialAction\":[{\"@type\":\"SearchAction\",\"target\":{\"@type\":\"EntryPoint\",\"urlTemplate\":\"https:\/\/padrelascasas.cl\/nuevositio\/?s={search_term_string}\"},\"query-input\":{\"@type\":\"PropertyValueSpecification\",\"valueRequired\":true,\"valueName\":\"search_term_string\"}}],\"inLanguage\":\"es\"},{\"@type\":\"Organization\",\"@id\":\"https:\/\/padrelascasas.cl\/nuevositio\/#organization\",\"name\":\"Sitio Padre Las Casas\",\"url\":\"https:\/\/padrelascasas.cl\/nuevositio\/\",\"logo\":{\"@type\":\"ImageObject\",\"inLanguage\":\"es\",\"@id\":\"https:\/\/padrelascasas.cl\/nuevositio\/#\/schema\/logo\/image\/\",\"url\":\"https:\/\/padrelascasas.cl\/nuevositio\/wp-content\/uploads\/2025\/09\/cropped-Logo-color-horizontal.png\",\"contentUrl\":\"https:\/\/padrelascasas.cl\/nuevositio\/wp-content\/uploads\/2025\/09\/cropped-Logo-color-horizontal.png\",\"width\":1063,\"height\":775,\"caption\":\"Sitio Padre Las Casas\"},\"image\":{\"@id\":\"https:\/\/padrelascasas.cl\/nuevositio\/#\/schema\/logo\/image\/\"}}]}<\/script>\n<!-- \/ Yoast SEO plugin. -->","yoast_head_json":{"title":"Concursos P\u00fablicos - Sitio Padre Las Casas","robots":{"index":"index","follow":"follow","max-snippet":"max-snippet:-1","max-image-preview":"max-image-preview:large","max-video-preview":"max-video-preview:-1"},"canonical":"https:\/\/padrelascasas.cl\/nuevositio\/concursos-publicos\/","og_locale":"es_ES","og_type":"article","og_title":"Concursos P\u00fablicos - Sitio Padre Las Casas","og_description":"LL\u00c1MESE, a Concurso P\u00fablico de Antecedentes y Apru\u00e9base las bases, para proveer los cargos de la Planta Municipal que a continuaci\u00f3n se indica y que se regir\u00e1n por las presentes bases: Decreto Alcaldicio N\u00b0583 de fecha 12 de marzo de 2026, que llama a concurso p\u00fablico de antecedentes Bases Ficha de postulaci\u00f3n Declaraci\u00f3n Jurada T\u00c9NGASE...","og_url":"https:\/\/padrelascasas.cl\/nuevositio\/concursos-publicos\/","og_site_name":"Sitio Padre Las Casas","article_modified_time":"2026-03-24T15:51:57+00:00","og_image":[{"url":"https:\/\/padrelascasas.cl\/newplc\/wp-content\/uploads\/2026\/03\/boton3-3.png","type":"","width":"","height":""}],"twitter_card":"summary_large_image","twitter_misc":{"Tiempo de lectura":"2 minutos"},"schema":{"@context":"https:\/\/schema.org","@graph":[{"@type":"WebPage","@id":"https:\/\/padrelascasas.cl\/nuevositio\/concursos-publicos\/","url":"https:\/\/padrelascasas.cl\/nuevositio\/concursos-publicos\/","name":"Concursos P\u00fablicos - Sitio Padre Las Casas","isPartOf":{"@id":"https:\/\/padrelascasas.cl\/nuevositio\/#website"},"primaryImageOfPage":{"@id":"https:\/\/padrelascasas.cl\/nuevositio\/concursos-publicos\/#primaryimage"},"image":{"@id":"https:\/\/padrelascasas.cl\/nuevositio\/concursos-publicos\/#primaryimage"},"thumbnailUrl":"https:\/\/padrelascasas.cl\/newplc\/wp-content\/uploads\/2026\/03\/boton3-3.png","datePublished":"2025-10-20T21:02:04+00:00","dateModified":"2026-03-24T15:51:57+00:00","breadcrumb":{"@id":"https:\/\/padrelascasas.cl\/nuevositio\/concursos-publicos\/#breadcrumb"},"inLanguage":"es","potentialAction":[{"@type":"ReadAction","target":["https:\/\/padrelascasas.cl\/nuevositio\/concursos-publicos\/"]}]},{"@type":"ImageObject","inLanguage":"es","@id":"https:\/\/padrelascasas.cl\/nuevositio\/concursos-publicos\/#primaryimage","url":"https:\/\/padrelascasas.cl\/newplc\/wp-content\/uploads\/2026\/03\/boton3-3.png","contentUrl":"https:\/\/padrelascasas.cl\/newplc\/wp-content\/uploads\/2026\/03\/boton3-3.png"},{"@type":"BreadcrumbList","@id":"https:\/\/padrelascasas.cl\/nuevositio\/concursos-publicos\/#breadcrumb","itemListElement":[{"@type":"ListItem","position":1,"name":"Portada","item":"https:\/\/padrelascasas.cl\/nuevositio\/"},{"@type":"ListItem","position":2,"name":"Concursos P\u00fablicos"}]},{"@type":"WebSite","@id":"https:\/\/padrelascasas.cl\/nuevositio\/#website","url":"https:\/\/padrelascasas.cl\/nuevositio\/","name":"Sitio Padre Las Casas","description":"Padre Las Casas","publisher":{"@id":"https:\/\/padrelascasas.cl\/nuevositio\/#organization"},"potentialAction":[{"@type":"SearchAction","target":{"@type":"EntryPoint","urlTemplate":"https:\/\/padrelascasas.cl\/nuevositio\/?s={search_term_string}"},"query-input":{"@type":"PropertyValueSpecification","valueRequired":true,"valueName":"search_term_string"}}],"inLanguage":"es"},{"@type":"Organization","@id":"https:\/\/padrelascasas.cl\/nuevositio\/#organization","name":"Sitio Padre Las Casas","url":"https:\/\/padrelascasas.cl\/nuevositio\/","logo":{"@type":"ImageObject","inLanguage":"es","@id":"https:\/\/padrelascasas.cl\/nuevositio\/#\/schema\/logo\/image\/","url":"https:\/\/padrelascasas.cl\/nuevositio\/wp-content\/uploads\/2025\/09\/cropped-Logo-color-horizontal.png","contentUrl":"https:\/\/padrelascasas.cl\/nuevositio\/wp-content\/uploads\/2025\/09\/cropped-Logo-color-horizontal.png","width":1063,"height":775,"caption":"Sitio Padre Las Casas"},"image":{"@id":"https:\/\/padrelascasas.cl\/nuevositio\/#\/schema\/logo\/image\/"}}]}},"_links":{"self":[{"href":"https:\/\/padrelascasas.cl\/nuevositio\/wp-json\/wp\/v2\/pages\/5157","targetHints":{"allow":["GET"]}}],"collection":[{"href":"https:\/\/padrelascasas.cl\/nuevositio\/wp-json\/wp\/v2\/pages"}],"about":[{"href":"https:\/\/padrelascasas.cl\/nuevositio\/wp-json\/wp\/v2\/types\/page"}],"author":[{"embeddable":true,"href":"https:\/\/padrelascasas.cl\/nuevositio\/wp-json\/wp\/v2\/users\/3"}],"replies":[{"embeddable":true,"href":"https:\/\/padrelascasas.cl\/nuevositio\/wp-json\/wp\/v2\/comments?post=5157"}],"version-history":[{"count":3,"href":"https:\/\/padrelascasas.cl\/nuevositio\/wp-json\/wp\/v2\/pages\/5157\/revisions"}],"predecessor-version":[{"id":5996,"href":"https:\/\/padrelascasas.cl\/nuevositio\/wp-json\/wp\/v2\/pages\/5157\/revisions\/5996"}],"wp:attachment":[{"href":"https:\/\/padrelascasas.cl\/nuevositio\/wp-json\/wp\/v2\/media?parent=5157"}],"curies":[{"name":"wp","href":"https:\/\/api.w.org\/{rel}","templated":true}]}}